{"id":3888,"date":"2022-11-28T19:12:59","date_gmt":"2022-11-28T22:12:59","guid":{"rendered":"https:\/\/portal.unisepe.com.br\/fpbe\/?page_id=3888"},"modified":"2022-11-28T20:04:30","modified_gmt":"2022-11-28T23:04:30","slug":"repositorio-do-curso-de-educacao-fisica-2022","status":"publish","type":"page","link":"https:\/\/portal.unisepe.com.br\/fpbe\/repositorio-do-curso-de-educacao-fisica-2022\/","title":{"rendered":"Reposit\u00f3rio do curso de Educa\u00e7\u00e3o F\u00edsica 2022"},"content":{"rendered":"<ul>\n<li><a href=\"https:\/\/portal.unisepe.com.br\/fpbe\/wp-content\/uploads\/sites\/10008\/2022\/11\/EFEITO-DO-TREINAMENTO-RESISTIDO-EM-IDOSOS-HIPERTENSOS.pdf\">EFEITO DO TREINAMENTO RESISTIDO EM IDOSOS HIPERTENSOS<\/a><\/li>\n<li><a href=\"https:\/\/portal.unisepe.com.br\/fpbe\/wp-content\/uploads\/sites\/10008\/2022\/11\/AVALIA\u00c7\u00c3O-DO-IMC-DE-ESTUDANTES-DE-6-\u00c0-12-ANOS.pdf\">AVALIA\u00c7\u00c3O DO IMC DE ESTUDANTES DE 6 \u00c0 12 ANOS<\/a><\/li>\n<li><a href=\"https:\/\/portal.unisepe.com.br\/fpbe\/wp-content\/uploads\/sites\/10008\/2022\/11\/SURFE-COMO-PROPOSTA-PEDAG\u00d3GICA-TCC-8\u00b0-SEM.pdf\">SURFE COMO PROPOSTA PEDAG\u00d3GICA (TCC- 8\u00b0 SEM)<\/a><\/li>\n<li><a href=\"https:\/\/portal.unisepe.com.br\/fpbe\/wp-content\/uploads\/sites\/10008\/2022\/11\/EFEITOS-DO-EXERC\u00cdCIO-F\u00cdSICO-NO-SISTEMA-IMUNOL\u00d3GICO-EM-PACIENTES-RECUPERADOS-DO-SARS-COV.pdf\">EFEITOS DO EXERC\u00cdCIO F\u00cdSICO NO SISTEMA IMUNOL\u00d3GICO EM PACIENTES RECUPERADOS DO SARS-COV<\/a><\/li>\n<li><a href=\"https:\/\/portal.unisepe.com.br\/fpbe\/wp-content\/uploads\/sites\/10008\/2022\/11\/ASPECTOS-NUTRICIONAIS-E-ERGOG\u00caNICOS-DE-ATLETAS-FISICULTURISTAS.pdf\">ASPECTOS NUTRICIONAIS E ERGOG\u00caNICOS DE ATLETAS FISICULTURISTAS<\/a><\/li>\n<li><a href=\"https:\/\/portal.unisepe.com.br\/fpbe\/wp-content\/uploads\/sites\/10008\/2022\/11\/TREINAMENTO-DE-PILATES-PARA-LOMBALGIA-CR\u00d4NICA-INESPEC\u00cdFICA.pdf\">TREINAMENTO DE PILATES PARA LOMBALGIA CR\u00d4NICA INESPEC\u00cdFICA<\/a><\/li>\n<li><a href=\"https:\/\/portal.unisepe.com.br\/fpbe\/wp-content\/uploads\/sites\/10008\/2022\/11\/EFEITOS-DO-TREINAMENTO-RESISTIDO-EM-IDOSOS-HIPERTENSOS.docx\">EFEITOS DO TREINAMENTO RESISTIDO EM IDOSOS HIPERTENSOS<\/a><\/li>\n<\/ul>\n","protected":false},"excerpt":{"rendered":"<p>EFEITO DO TREINAMENTO RESISTIDO EM IDOSOS HIPERTENSOS AVALIA\u00c7\u00c3O DO IMC DE ESTUDANTES DE 6 \u00c0 12 ANOS SURFE COMO PROPOSTA PEDAG\u00d3GICA (TCC- 8\u00b0 SEM) EFEITOS DO EXERC\u00cdCIO F\u00cdSICO NO SISTEMA IMUNOL\u00d3GICO EM PACIENTES RECUPERADOS DO SARS-COV ASPECTOS NUTRICIONAIS E ERGOG\u00caNICOS DE ATLETAS FISICULTURISTAS TREINAMENTO DE PILATES PARA LOMBALGIA CR\u00d4NICA INESPEC\u00cdFICA<\/p>\n","protected":false},"author":6,"featured_media":0,"parent":0,"menu_order":0,"comment_status":"closed","ping_status":"closed","template":"","meta":{"footnotes":""},"categories":[],"tags":[],"class_list":["post-3888","page","type-page","status-publish","hentry"],"_links":{"self":[{"href":"https:\/\/portal.unisepe.com.br\/fpbe\/wp-json\/wp\/v2\/pages\/3888","targetHints":{"allow":["GET"]}}],"collection":[{"href":"https:\/\/portal.unisepe.com.br\/fpbe\/wp-json\/wp\/v2\/pages"}],"about":[{"href":"https:\/\/portal.unisepe.com.br\/fpbe\/wp-json\/wp\/v2\/types\/page"}],"author":[{"embeddable":true,"href":"https:\/\/portal.unisepe.com.br\/fpbe\/wp-json\/wp\/v2\/users\/6"}],"replies":[{"embeddable":true,"href":"https:\/\/portal.unisepe.com.br\/fpbe\/wp-json\/wp\/v2\/comments?post=3888"}],"version-history":[{"count":4,"href":"https:\/\/portal.unisepe.com.br\/fpbe\/wp-json\/wp\/v2\/pages\/3888\/revisions"}],"predecessor-version":[{"id":3903,"href":"https:\/\/portal.unisepe.com.br\/fpbe\/wp-json\/wp\/v2\/pages\/3888\/revisions\/3903"}],"wp:attachment":[{"href":"https:\/\/portal.unisepe.com.br\/fpbe\/wp-json\/wp\/v2\/media?parent=3888"}],"wp:term":[{"taxonomy":"category","embeddable":true,"href":"https:\/\/portal.unisepe.com.br\/fpbe\/wp-json\/wp\/v2\/categories?post=3888"},{"taxonomy":"post_tag","embeddable":true,"href":"https:\/\/portal.unisepe.com.br\/fpbe\/wp-json\/wp\/v2\/tags?post=3888"}],"curies":[{"name":"wp","href":"https:\/\/api.w.org\/{rel}","templated":true}]}}