{"id":3917,"date":"2023-01-04T16:01:32","date_gmt":"2023-01-04T19:01:32","guid":{"rendered":"https:\/\/portal.unisepe.com.br\/fpbe\/?page_id=3917"},"modified":"2023-01-04T16:21:50","modified_gmt":"2023-01-04T19:21:50","slug":"recursos-de-acessibilidade-web","status":"publish","type":"page","link":"https:\/\/portal.unisepe.com.br\/fpbe\/a-instituicao\/recursos-de-acessibilidade-web\/","title":{"rendered":"Recursos de acessibilidade WEB"},"content":{"rendered":"<h4 style=\"text-align: left\"><span>Acessibilidade UNISEPE Educacional<\/span><\/h4>\n<p style=\"text-align: left\"><strong>Acessibilidade por meio de legendas<\/strong><\/p>\n<p style=\"text-align: justify\"><span>Como forma de inclus\u00e3o digital para sujeitos surdos, a UNISEPE Educacional atrav\u00e9s de sua \u00e1rea de tecnologia desenvolve uma extens\u00e3o para o navegador Google Chrome. A ferramenta utiliza o site Webcaptioner que disponibiliza legendas atrav\u00e9s da escuta do \u00e1udio do computador permitindo seu uso de forma livre em v\u00eddeos, palestras entre outros. Nesse sentido, a UNISEPE Educacional prop\u00f5em maior acessibilidade a sua comunidade acad\u00eamica.<\/span><\/p>\n<p style=\"padding-left: 40px;text-align: center\"><img loading=\"lazy\" decoding=\"async\" src=\"https:\/\/portal.unisepe.com.br\/fpbe\/wp-content\/uploads\/sites\/10008\/2023\/01\/video-com-legenda.png\" width=\"389\" height=\"219\" class=\"aligncenter\" alt=\"\" \/><\/p>\n<p style=\"text-align: center\"><strong><em>Figura 1<\/em><\/strong><\/p>\n<p style=\"text-align: center\"><strong><em>Uso da extens\u00e3o Unisepe Educacional (Google Chrome)<\/em><\/strong><\/p>\n<p style=\"text-align: justify\"><span>Ressaltamos que legendas podem, devem e s\u00e3o implementadas como ferramenta oportunizando a acessibilidade de pessoas com surdez, usu\u00e1rias da linguagem em v\u00e1rios locais e ambientes, como em webaulas, campanhas de marketing e especialmente no meio digital. Grandes empresas como o Google, o Youtube, a Microsoft e o Skype de tecnologia t\u00eam contribu\u00eddo para essa comunidade. H\u00e1 uma demanda bastante significativa de pessoas interessadas em informa\u00e7\u00f5es acess\u00edveis e cada vez mais h\u00e1 disponibiliza\u00e7\u00f5es de recursos como legendas autom\u00e1ticas em v\u00eddeos.<\/span><\/p>\n<p style=\"text-align: justify\"><span>Link extens\u00e3o:\u00a0<a href=\"https:\/\/chrome.google.com\/webstore\/detail\/legendas-unisepe-educacio\/jifibkkklbapaebphnbbfoblidkimhlo?hl=pt-BR&amp;authuser=0\">https:\/\/chrome.google.com\/webstore\/detail\/legendas-unisepe-educacio\/<\/a>\u00a0<a href=\"https:\/\/chrome.google.com\/webstore\/detail\/legendas-unisepe-educacio\/jifibkkklbapaebphnbbfoblidkimhlo?hl=pt-BR&amp;authuser=0\">jifibkkklbapaebphnbbfoblidkimhlo?hl=pt-BR&amp;authuser=0<\/a><\/span><\/p>\n<p>&nbsp;<\/p>\n<p style=\"text-align: left\"><strong>Acessibilidade por meio da L\u00edngua Brasileira de Sinais (Libras)<\/strong><\/p>\n<p style=\"text-align: justify\"><span>A UNISEPE Educacional utiliza em seu SITE e AVA a su\u00edte VLibras para inclus\u00e3o da linguagem de sinais em seus conte\u00fados para leitura de textos digitais. Essa su\u00edte n\u00e3o substitui a figura do professor int\u00e9rprete. A UNISEPE Educacional disponibiliza professores int\u00e9rpretes oportunizando a acessibilidade de alunos com surdez identificados em sua comunidade acad\u00eamica.<\/span><\/p>\n<p style=\"text-align: justify\"><span>O VLibras \u00e9 uma ferramenta gratuita (de c\u00f3digo aberto e distribui\u00e7\u00e3o livre) que faz a tradu\u00e7\u00e3o autom\u00e1tica da L\u00edngua Portuguesa para a L\u00edngua Brasileira de Sinais (Libras). Pode ser instalado em qualquer site ou no computador e tamb\u00e9m em tablets e smartphones. Essa a\u00e7\u00e3o \u00e9 resultado de uma parceria entre a Secretaria de Governo Digital do Minist\u00e9rio da Economia e a Universidade Federal da Para\u00edba (UFPB), lembrando que o VLibras foi desenvolvido para melhorar o acesso das pessoas surdas usu\u00e1rias de Libras \u00e0 informa\u00e7\u00e3o e \u00e0 comunica\u00e7\u00e3o.<\/span><\/p>\n<p style=\"text-align: center\"><img loading=\"lazy\" decoding=\"async\" src=\"https:\/\/portal.unisepe.com.br\/fpbe\/wp-content\/uploads\/sites\/10008\/2023\/01\/vlibras.png\" class=\"aligncenter\" width=\"141\" height=\"41\" alt=\"\" \/><\/p>\n<p style=\"text-align: center\"><strong>Figura 2<\/strong><\/p>\n<p style=\"text-align: center\"><strong>\u00cdcone<\/strong><span>\u00a0<\/span><strong>do<\/strong><span>\u00a0<\/span><strong>VLibras em nossos Sites e AVA<\/strong><\/p>\n<p style=\"text-align: center\"><img loading=\"lazy\" decoding=\"async\" src=\"https:\/\/portal.unisepe.com.br\/fpbe\/wp-content\/uploads\/sites\/10008\/2023\/01\/uso-vlibras-no-ava.png\" class=\"aligncenter\" width=\"459\" height=\"199\" \/><\/p>\n<p style=\"text-align: center\"><strong><em>Figura 3<\/em><\/strong><\/p>\n<p style=\"text-align: center\"><strong><em>Interprete<\/em><\/strong><span>\u00a0<\/span><strong><em>Virtual<\/em><\/strong><span>\u00a0<\/span><strong><em>do<\/em><\/strong><span>\u00a0<\/span><strong><em>VLibras acionado no AVA<\/em><\/strong><\/p>\n<p style=\"text-align: left\"><strong>Acessibilidade por meio de \u00e1udio<\/strong><\/p>\n<p style=\"text-align: justify\"><span>Com o objetivo de incluir pessoas cegas ou com defici\u00eancia visual, a UNISEPE Educacional orienta seus discentes e docentes sobre a necessidade do uso de extens\u00f5es do Google Chrome para leitura, o Leitor Selec\u00e7\u00e3o (Texto-para-Voz) \u2013 \u00e9 uma extens\u00e3o para o Google Chrome, permitindo leitura de SITES da WEB, al\u00e9m de permitir leituras de PDF utilizando o Google Chrome.<\/span><\/p>\n<p style=\"text-align: justify\"><span>O Leitor Selec\u00e7\u00e3o \u00e9 uma extens\u00e3o para Google Chrome, que utiliza recursos do Google para leitura de textos dentro do navegador que permite tamb\u00e9m a leitura de arquivos de textos em PDF. A extens\u00e3o foi desenvolvida por David Heaney.<\/span><\/p>\n<p style=\"text-align: center\"><img loading=\"lazy\" decoding=\"async\" src=\"https:\/\/portal.unisepe.com.br\/fpbe\/wp-content\/uploads\/sites\/10008\/2023\/01\/print-acessibilidade-audio.png\" class=\"aligncenter\" width=\"557\" height=\"284\" alt=\"\" \/><\/p>\n<p style=\"text-align: left\"><strong><em>Acessibilidade tamanhos de fontes e contrate<\/em><\/strong><\/p>\n<p style=\"text-align: justify\"><span>Para aumentar a acessibilidade para pessoas com defici\u00eancia visual com baixa vis\u00e3o e sensibilidades, a Unisepe educacional disponibiliza em sua p\u00e1gina o bot\u00e3o de acessibilidade no canto superior direito permitindo aumentar e reduzir o tamanho da fonte al\u00e9m e mudan\u00e7as no contraste.<\/span><\/p>\n<p style=\"text-align: center\"><img decoding=\"async\" src=\"https:\/\/portal.unisepe.com.br\/fpbe\/wp-content\/uploads\/sites\/10008\/2023\/01\/print-acessibilidade.png\" class=\"aligncenter\" \/><\/p>\n","protected":false},"excerpt":{"rendered":"<p>Acessibilidade UNISEPE Educacional Acessibilidade por meio de legendas Como forma de inclus\u00e3o digital para sujeitos surdos, a UNISEPE Educacional atrav\u00e9s de sua \u00e1rea de tecnologia desenvolve uma extens\u00e3o para o navegador Google Chrome. A ferramenta utiliza o site Webcaptioner que disponibiliza legendas atrav\u00e9s da escuta do \u00e1udio do computador permitindo<\/p>\n","protected":false},"author":6,"featured_media":0,"parent":81,"menu_order":0,"comment_status":"closed","ping_status":"closed","template":"templates\/template-pagina_menu_vertical.php","meta":{"footnotes":""},"categories":[],"tags":[],"class_list":["post-3917","page","type-page","status-publish","hentry"],"_links":{"self":[{"href":"https:\/\/portal.unisepe.com.br\/fpbe\/wp-json\/wp\/v2\/pages\/3917","targetHints":{"allow":["GET"]}}],"collection":[{"href":"https:\/\/portal.unisepe.com.br\/fpbe\/wp-json\/wp\/v2\/pages"}],"about":[{"href":"https:\/\/portal.unisepe.com.br\/fpbe\/wp-json\/wp\/v2\/types\/page"}],"author":[{"embeddable":true,"href":"https:\/\/portal.unisepe.com.br\/fpbe\/wp-json\/wp\/v2\/users\/6"}],"replies":[{"embeddable":true,"href":"https:\/\/portal.unisepe.com.br\/fpbe\/wp-json\/wp\/v2\/comments?post=3917"}],"version-history":[{"count":25,"href":"https:\/\/portal.unisepe.com.br\/fpbe\/wp-json\/wp\/v2\/pages\/3917\/revisions"}],"predecessor-version":[{"id":3947,"href":"https:\/\/portal.unisepe.com.br\/fpbe\/wp-json\/wp\/v2\/pages\/3917\/revisions\/3947"}],"up":[{"embeddable":true,"href":"https:\/\/portal.unisepe.com.br\/fpbe\/wp-json\/wp\/v2\/pages\/81"}],"wp:attachment":[{"href":"https:\/\/portal.unisepe.com.br\/fpbe\/wp-json\/wp\/v2\/media?parent=3917"}],"wp:term":[{"taxonomy":"category","embeddable":true,"href":"https:\/\/portal.unisepe.com.br\/fpbe\/wp-json\/wp\/v2\/categories?post=3917"},{"taxonomy":"post_tag","embeddable":true,"href":"https:\/\/portal.unisepe.com.br\/fpbe\/wp-json\/wp\/v2\/tags?post=3917"}],"curies":[{"name":"wp","href":"https:\/\/api.w.org\/{rel}","templated":true}]}}