{"id":3948,"date":"2023-01-04T16:25:18","date_gmt":"2023-01-04T19:25:18","guid":{"rendered":"https:\/\/portal.unisepe.com.br\/fpbe\/?page_id=3948"},"modified":"2023-01-04T16:30:50","modified_gmt":"2023-01-04T19:30:50","slug":"cte","status":"publish","type":"page","link":"https:\/\/portal.unisepe.com.br\/fpbe\/cte\/","title":{"rendered":"CTE"},"content":{"rendered":"<p>O <strong>Centro de Tecnologia Educacional<\/strong> \u00e9 o setor respons\u00e1vel pela manuten\u00e7\u00e3o e suporte t\u00e9cnico para discentes e docentes do Portal Acad\u00eamico da IES.<\/p>\n<p>Contato<\/p>\n<p>Tel: (13) 3828-2840 (ramal 2871)<\/p>\n<p>e-mail: cte@scelisul.com.br<\/p>\n","protected":false},"excerpt":{"rendered":"<p>O Centro de Tecnologia Educacional \u00e9 o setor respons\u00e1vel pela manuten\u00e7\u00e3o e suporte t\u00e9cnico para discentes e docentes do Portal Acad\u00eamico da IES. Contato Tel: (13) 3828-2840 (ramal 2871) e-mail: cte@scelisul.com.br<\/p>\n","protected":false},"author":6,"featured_media":0,"parent":0,"menu_order":0,"comment_status":"closed","ping_status":"closed","template":"templates\/template-pagina_menu_vertical.php","meta":{"footnotes":""},"categories":[],"tags":[],"class_list":["post-3948","page","type-page","status-publish","hentry"],"_links":{"self":[{"href":"https:\/\/portal.unisepe.com.br\/fpbe\/wp-json\/wp\/v2\/pages\/3948","targetHints":{"allow":["GET"]}}],"collection":[{"href":"https:\/\/portal.unisepe.com.br\/fpbe\/wp-json\/wp\/v2\/pages"}],"about":[{"href":"https:\/\/portal.unisepe.com.br\/fpbe\/wp-json\/wp\/v2\/types\/page"}],"author":[{"embeddable":true,"href":"https:\/\/portal.unisepe.com.br\/fpbe\/wp-json\/wp\/v2\/users\/6"}],"replies":[{"embeddable":true,"href":"https:\/\/portal.unisepe.com.br\/fpbe\/wp-json\/wp\/v2\/comments?post=3948"}],"version-history":[{"count":2,"href":"https:\/\/portal.unisepe.com.br\/fpbe\/wp-json\/wp\/v2\/pages\/3948\/revisions"}],"predecessor-version":[{"id":3951,"href":"https:\/\/portal.unisepe.com.br\/fpbe\/wp-json\/wp\/v2\/pages\/3948\/revisions\/3951"}],"wp:attachment":[{"href":"https:\/\/portal.unisepe.com.br\/fpbe\/wp-json\/wp\/v2\/media?parent=3948"}],"wp:term":[{"taxonomy":"category","embeddable":true,"href":"https:\/\/portal.unisepe.com.br\/fpbe\/wp-json\/wp\/v2\/categories?post=3948"},{"taxonomy":"post_tag","embeddable":true,"href":"https:\/\/portal.unisepe.com.br\/fpbe\/wp-json\/wp\/v2\/tags?post=3948"}],"curies":[{"name":"wp","href":"https:\/\/api.w.org\/{rel}","templated":true}]}}