{"id":3990,"date":"2023-01-13T17:39:52","date_gmt":"2023-01-13T20:39:52","guid":{"rendered":"https:\/\/portal.unisepe.com.br\/fpbe\/?page_id=3990"},"modified":"2023-01-13T17:39:52","modified_gmt":"2023-01-13T20:39:52","slug":"formularios","status":"publish","type":"page","link":"https:\/\/portal.unisepe.com.br\/fpbe\/coordenadoria-de-producao-de-extensao\/formularios\/","title":{"rendered":"Formul\u00e1rios"},"content":{"rendered":"<p><strong>Extens\u00e3o<\/strong><\/p>\n<hr \/>\n<ul>\n<li><a href=\"https:\/\/portal.unisepe.com.br\/fpbe\/wp-content\/uploads\/sites\/10008\/2023\/01\/Formulario-de-Extensao-Projeto-e-Programa.pdf\">Formulario de Extensao &#8211; Projeto e Programa<\/a><\/li>\n<li><a href=\"https:\/\/portal.unisepe.com.br\/fpbe\/wp-content\/uploads\/sites\/10008\/2023\/01\/Formulario-de-Extensao-Eventos-e-Outros.pdf\">Formulario de Extensao &#8211; Eventos e Outros<\/a><\/li>\n<li><a href=\"https:\/\/portal.unisepe.com.br\/fpbe\/wp-content\/uploads\/sites\/10008\/2023\/01\/Formulario-de-Extensao-Cursos.pdf\">Formulario de Extensao &#8211; Cursos<\/a><\/li>\n<li><a href=\"https:\/\/portal.unisepe.com.br\/fpbe\/wp-content\/uploads\/sites\/10008\/2023\/01\/Formulario-de-atividade-Comunitarias-e-parcerias.pdf\">Formulario de atividade Comunitarias e parcerias<\/a><\/li>\n<li><a href=\"https:\/\/portal.unisepe.com.br\/fpbe\/wp-content\/uploads\/sites\/10008\/2023\/01\/Lista-de-Presenca-Eventos.pdf\">Lista de Presenca &#8211; Eventos<\/a><\/li>\n<li><a href=\"https:\/\/portal.unisepe.com.br\/fpbe\/wp-content\/uploads\/sites\/10008\/2023\/01\/Lista-de-Presenca-Atividades-de-Extensao.pdf\">Lista de Presenca &#8211; Atividades de Extensao<\/a><\/li>\n<li><a href=\"https:\/\/portal.unisepe.com.br\/fpbe\/wp-content\/uploads\/sites\/10008\/2023\/01\/Formulario-de-Extensao-Visita-tecnica.pdf\">Formulario de Extensao &#8211; Visita tecnica<\/a><\/li>\n<\/ul>\n<p>&nbsp;<\/p>\n<p><strong>Grupo de Estudos<\/strong><\/p>\n<hr \/>\n<ul>\n<li><a href=\"https:\/\/portal.unisepe.com.br\/fpbe\/wp-content\/uploads\/sites\/10008\/2023\/01\/Lista-de-presen\u00e7a-Grupos-de-Estudos-1.pdf\">Lista de presen\u00e7a &#8211; Grupos de Estudos<\/a><\/li>\n<li><a href=\"https:\/\/portal.unisepe.com.br\/fpbe\/wp-content\/uploads\/sites\/10008\/2023\/01\/Relatorio-de-Atividades-Grupos-de-Estudos-1.pdf\">Relatorio de Atividades &#8211; Grupos de Estudos<\/a><\/li>\n<li><a href=\"https:\/\/portal.unisepe.com.br\/fpbe\/wp-content\/uploads\/sites\/10008\/2023\/01\/Formulario-de-Grupos-de-Estudos-1.pdf\">Formulario de Grupos de Estudos<\/a><\/li>\n<\/ul>\n<p>&nbsp;<\/p>\n<p><strong>Grupo de Pesquisa<\/strong><\/p>\n<hr \/>\n<ul>\n<li><a href=\"https:\/\/portal.unisepe.com.br\/fpbe\/wp-content\/uploads\/sites\/10008\/2023\/01\/Relatorio-de-Grupo-de-Pesquisa.pdf\">Relatorio de Grupo de Pesquisa<\/a><\/li>\n<li><a href=\"https:\/\/portal.unisepe.com.br\/fpbe\/wp-content\/uploads\/sites\/10008\/2023\/01\/Formulario-de-Grupo-de-Pesquisa.pdf\">Formulario de Grupo de Pesquisa<\/a><\/li>\n<\/ul>\n<p>&nbsp;<\/p>\n<p><strong>Inicia\u00e7\u00e3o Cient\u00edfica<\/strong><\/p>\n<hr \/>\n<ul>\n<li><a href=\"https:\/\/portal.unisepe.com.br\/fpbe\/wp-content\/uploads\/sites\/10008\/2023\/01\/Projeto-de-inicia\u00e7\u00e3o-cient\u00edfica.pdf\">Projeto de inicia\u00e7\u00e3o cient\u00edfica<\/a><\/li>\n<li><a href=\"https:\/\/portal.unisepe.com.br\/fpbe\/wp-content\/uploads\/sites\/10008\/2023\/01\/Relat\u00f3rio-de-inicia\u00e7\u00e3o-cient\u00edfica.pdf\">Relat\u00f3rio de inicia\u00e7\u00e3o cient\u00edfica<\/a><\/li>\n<li><a href=\"https:\/\/portal.unisepe.com.br\/fpbe\/wp-content\/uploads\/sites\/10008\/2023\/01\/Formul\u00e1rio-Acompanhamento-de-Orientacao.pdf\">Formul\u00e1rio &#8211; Acompanhamento de Orientacao<\/a><\/li>\n<li><a href=\"https:\/\/portal.unisepe.com.br\/fpbe\/wp-content\/uploads\/sites\/10008\/2023\/01\/Formul\u00e1rio-Cancelamento-de-Monitoria-e-IC.pdf\">Formul\u00e1rio &#8211; Cancelamento de Monitoria e IC<\/a><\/li>\n<\/ul>\n<p>&nbsp;<\/p>\n<p><strong>Monitoria<\/strong><\/p>\n<hr \/>\n<ul>\n<li>Formulario para alunos\n<ul>\n<li><a href=\"https:\/\/portal.unisepe.com.br\/fpbe\/wp-content\/uploads\/sites\/10008\/2023\/01\/Plano-de-trabalho-monitoria.pdf\">Plano de trabalho &#8211; monitoria<\/a><\/li>\n<li><a href=\"https:\/\/portal.unisepe.com.br\/fpbe\/wp-content\/uploads\/sites\/10008\/2023\/01\/Relat\u00f3rio-de-atividades-monitoria.pdf\">Relat\u00f3rio de atividades &#8211; monitoria<\/a><\/li>\n<li><a href=\"https:\/\/portal.unisepe.com.br\/fpbe\/wp-content\/uploads\/sites\/10008\/2023\/01\/Formul\u00e1rio-Cancelamento-de-Monitoria-e-IC-1.pdf\">Formul\u00e1rio &#8211; Cancelamento de Monitoria e IC<\/a><\/li>\n<li><a href=\"https:\/\/portal.unisepe.com.br\/fpbe\/wp-content\/uploads\/sites\/10008\/2023\/01\/Formul\u00e1rio-de-atendimento-monitoria.pdf\">Formul\u00e1rio de atendimento &#8211; monitoria<\/a><\/li>\n<\/ul>\n<\/li>\n<li>Formulario para Orientadores\n<ul>\n<li><a href=\"https:\/\/portal.unisepe.com.br\/fpbe\/wp-content\/uploads\/sites\/10008\/2023\/01\/Formul\u00e1rio-de-acompanhameto-monitoria.pdf\">Formul\u00e1rio de acompanhameto-monitoria<\/a><\/li>\n<li><a href=\"https:\/\/portal.unisepe.com.br\/fpbe\/wp-content\/uploads\/sites\/10008\/2023\/01\/Relat\u00f3rio-de-atividades-monitoria-1.pdf\">Relat\u00f3rio de atividades &#8211; monitoria<\/a><\/li>\n<li><a href=\"https:\/\/portal.unisepe.com.br\/fpbe\/wp-content\/uploads\/sites\/10008\/2023\/01\/Avalia\u00e7\u00e3o-de-relat\u00f3rio-monitoria.pdf\">Avalia\u00e7\u00e3o de relat\u00f3rio &#8211; monitoria<\/a><\/li>\n<\/ul>\n<\/li>\n<\/ul>\n<p>&nbsp;<\/p>\n<p><strong>Pesquisa<\/strong><\/p>\n<hr \/>\n<ul>\n<li><a href=\"https:\/\/portal.unisepe.com.br\/fpbe\/wp-content\/uploads\/sites\/10008\/2023\/01\/Modelo-de-projeto-de-pesquisa-1.pdf\">Modelo de projeto de pesquisa<\/a><\/li>\n<\/ul>\n<p>&nbsp;<\/p>\n<p><strong>Qualifica\u00e7\u00e3o Docente<\/strong><\/p>\n<hr \/>\n<ul>\n<li><a href=\"https:\/\/portal.unisepe.com.br\/fpbe\/wp-content\/uploads\/sites\/10008\/2023\/01\/formul\u00e1rio-de-solicita\u00e7\u00e3o-de-apoio.pdf\">formul\u00e1rio de solicita\u00e7\u00e3o de apoio<\/a><\/li>\n<\/ul>\n","protected":false},"excerpt":{"rendered":"<p>Extens\u00e3o Formulario de Extensao &#8211; Projeto e Programa Formulario de Extensao &#8211; Eventos e Outros Formulario de Extensao &#8211; Cursos Formulario de atividade Comunitarias e parcerias Lista de Presenca &#8211; Eventos Lista de Presenca &#8211; Atividades de Extensao Formulario de Extensao &#8211; Visita tecnica &nbsp; Grupo de Estudos Lista de<\/p>\n","protected":false},"author":6,"featured_media":0,"parent":934,"menu_order":0,"comment_status":"closed","ping_status":"closed","template":"templates\/template-pagina_menu_vertical.php","meta":{"footnotes":""},"categories":[],"tags":[],"class_list":["post-3990","page","type-page","status-publish","hentry"],"_links":{"self":[{"href":"https:\/\/portal.unisepe.com.br\/fpbe\/wp-json\/wp\/v2\/pages\/3990","targetHints":{"allow":["GET"]}}],"collection":[{"href":"https:\/\/portal.unisepe.com.br\/fpbe\/wp-json\/wp\/v2\/pages"}],"about":[{"href":"https:\/\/portal.unisepe.com.br\/fpbe\/wp-json\/wp\/v2\/types\/page"}],"author":[{"embeddable":true,"href":"https:\/\/portal.unisepe.com.br\/fpbe\/wp-json\/wp\/v2\/users\/6"}],"replies":[{"embeddable":true,"href":"https:\/\/portal.unisepe.com.br\/fpbe\/wp-json\/wp\/v2\/comments?post=3990"}],"version-history":[{"count":1,"href":"https:\/\/portal.unisepe.com.br\/fpbe\/wp-json\/wp\/v2\/pages\/3990\/revisions"}],"predecessor-version":[{"id":4019,"href":"https:\/\/portal.unisepe.com.br\/fpbe\/wp-json\/wp\/v2\/pages\/3990\/revisions\/4019"}],"up":[{"embeddable":true,"href":"https:\/\/portal.unisepe.com.br\/fpbe\/wp-json\/wp\/v2\/pages\/934"}],"wp:attachment":[{"href":"https:\/\/portal.unisepe.com.br\/fpbe\/wp-json\/wp\/v2\/media?parent=3990"}],"wp:term":[{"taxonomy":"category","embeddable":true,"href":"https:\/\/portal.unisepe.com.br\/fpbe\/wp-json\/wp\/v2\/categories?post=3990"},{"taxonomy":"post_tag","embeddable":true,"href":"https:\/\/portal.unisepe.com.br\/fpbe\/wp-json\/wp\/v2\/tags?post=3990"}],"curies":[{"name":"wp","href":"https:\/\/api.w.org\/{rel}","templated":true}]}}