{"id":4043,"date":"2023-01-17T17:24:20","date_gmt":"2023-01-17T20:24:20","guid":{"rendered":"https:\/\/portal.unisepe.com.br\/fpbe\/?page_id=4043"},"modified":"2024-06-20T13:08:16","modified_gmt":"2024-06-20T16:08:16","slug":"policlinica-iesep","status":"publish","type":"page","link":"https:\/\/portal.unisepe.com.br\/fpbe\/policlinica-iesep\/","title":{"rendered":"Policl\u00ednica IESEP"},"content":{"rendered":"<p>A Policl\u00ednica IESEP \u00e9 uma institui\u00e7\u00e3o sem fins lucrativos localizada no munic\u00edpio de Peru\u00edbe-SP e mantida pelo Instituto Educacional de Servi\u00e7o, Ensino e Pesquisa (IESEP). Sua rotina de atividades envolve atendimento gratuito e por meio de Atendimento Social, com pagamento para custeio do servi\u00e7o e manuten\u00e7\u00e3o local.<\/p>\n<p>Concebida em 2023, a Policl\u00ednica IESEP contempla os servi\u00e7os de enfermagem, educa\u00e7\u00e3o f\u00edsica e fisioterapia. Os servi\u00e7os s\u00e3o realizados por acad\u00eamicos durante as pr\u00e1ticas de est\u00e1gio curricular, sendo todas as atividades supervisionadas por um profissional qualificado na \u00e1rea.<\/p>\n<p>Todos os atendimentos s\u00e3o oferecidos de forma interdisciplinar e com foco na abordagem humanizada. Al\u00e9m do servi\u00e7o assistencial, tamb\u00e9m s\u00e3o desenvolvidas atividades de educa\u00e7\u00e3o continuada e pesquisa cient\u00edfica, com objetivo em promover o desenvolvimento profissional e a qualidade na assist\u00eancia oferecida.<\/p>\n<p>e-mail: <a class=\"x_moz-txt-link-abbreviated\" href=\"mailto:clinica.pe@iesep.com.br\" rel=\"noreferrer\">clinica.pe@iesep.com.br<\/a><\/p>\n","protected":false},"excerpt":{"rendered":"<p>A Policl\u00ednica IESEP \u00e9 uma institui\u00e7\u00e3o sem fins lucrativos localizada no munic\u00edpio de Peru\u00edbe-SP e mantida pelo Instituto Educacional de Servi\u00e7o, Ensino e Pesquisa (IESEP). Sua rotina de atividades envolve atendimento gratuito e por meio de Atendimento Social, com pagamento para custeio do servi\u00e7o e manuten\u00e7\u00e3o local. Concebida em 2023,<\/p>\n","protected":false},"author":6,"featured_media":0,"parent":0,"menu_order":0,"comment_status":"closed","ping_status":"closed","template":"templates\/template-pagina_menu_vertical.php","meta":{"footnotes":""},"categories":[],"tags":[],"class_list":["post-4043","page","type-page","status-publish","hentry"],"_links":{"self":[{"href":"https:\/\/portal.unisepe.com.br\/fpbe\/wp-json\/wp\/v2\/pages\/4043","targetHints":{"allow":["GET"]}}],"collection":[{"href":"https:\/\/portal.unisepe.com.br\/fpbe\/wp-json\/wp\/v2\/pages"}],"about":[{"href":"https:\/\/portal.unisepe.com.br\/fpbe\/wp-json\/wp\/v2\/types\/page"}],"author":[{"embeddable":true,"href":"https:\/\/portal.unisepe.com.br\/fpbe\/wp-json\/wp\/v2\/users\/6"}],"replies":[{"embeddable":true,"href":"https:\/\/portal.unisepe.com.br\/fpbe\/wp-json\/wp\/v2\/comments?post=4043"}],"version-history":[{"count":8,"href":"https:\/\/portal.unisepe.com.br\/fpbe\/wp-json\/wp\/v2\/pages\/4043\/revisions"}],"predecessor-version":[{"id":4872,"href":"https:\/\/portal.unisepe.com.br\/fpbe\/wp-json\/wp\/v2\/pages\/4043\/revisions\/4872"}],"wp:attachment":[{"href":"https:\/\/portal.unisepe.com.br\/fpbe\/wp-json\/wp\/v2\/media?parent=4043"}],"wp:term":[{"taxonomy":"category","embeddable":true,"href":"https:\/\/portal.unisepe.com.br\/fpbe\/wp-json\/wp\/v2\/categories?post=4043"},{"taxonomy":"post_tag","embeddable":true,"href":"https:\/\/portal.unisepe.com.br\/fpbe\/wp-json\/wp\/v2\/tags?post=4043"}],"curies":[{"name":"wp","href":"https:\/\/api.w.org\/{rel}","templated":true}]}}