{"id":4046,"date":"2023-01-17T17:38:10","date_gmt":"2023-01-17T20:38:10","guid":{"rendered":"https:\/\/portal.unisepe.com.br\/fpbe\/?page_id=4046"},"modified":"2023-01-17T18:47:06","modified_gmt":"2023-01-17T21:47:06","slug":"estagio-na-policlinica-iesep","status":"publish","type":"page","link":"https:\/\/portal.unisepe.com.br\/fpbe\/policlinica-iesep\/estagio-na-policlinica-iesep\/","title":{"rendered":"Est\u00e1gio na Policl\u00ednica IESEP"},"content":{"rendered":"<p><strong>O est\u00e1gio<\/strong><\/p>\n<p>A Policl\u00ednica IESEP \u00e9 uma cl\u00ednica escola com atua\u00e7\u00e3o interprofissional que oferece est\u00e1gio para alunos da Faculdade Peru\u00edbe &#8211; FPBE. Com foco no desenvolvimento das habilidades e compet\u00eancias previstas nas Diretrizes Curriculares Nacionais, sua rotina de atendimentos envolve assist\u00eancia em sa\u00fade, atividades de educa\u00e7\u00e3o continuada e pesquisa.<\/p>\n<p>Os est\u00e1gios na Policl\u00ednica IESEP s\u00e3o oferecidos em conformidade com a Lei N\u00b0 11.788 de 25 de setembro de 2008, que disp\u00f5e sobre o est\u00e1gio de estudantes e d\u00e1 outras provid\u00eancias. Al\u00e9m disso, tamb\u00e9m s\u00e3o adotados normas e regulamentos internos para nortear os est\u00e1gios.<\/p>\n<p>Os est\u00e1gios s\u00e3o realizados de segunda a sexta-feira, de acordo com o calend\u00e1rio acad\u00eamico da FPBE e da Policl\u00ednica IESEP limitando-se a jornada di\u00e1ria de 6 horas e semanal de no m\u00e1ximo 30 horas. Durante o est\u00e1gio os alunos atuam sob supervis\u00e3o de um profissional qualificado na \u00e1rea de atua\u00e7\u00e3o e oferecem assist\u00eancia para os mun\u00edcipes de Peru\u00edbe-SP e regi\u00e3o.<\/p>\n<p><strong>Tipos de est\u00e1gio<\/strong><\/p>\n<p>A Policl\u00ednica IESEP oferece est\u00e1gio nas seguintes modalidades:<\/p>\n<ol>\n<li>Est\u00e1gio Curricular Obrigat\u00f3rio: modalidade de est\u00e1gio oferecida de acordo com as exig\u00eancias de cada \u00e1rea de forma\u00e7\u00e3o profissional. Como parte da carga hor\u00e1ria do curso, a realiza\u00e7\u00e3o dessa modalidade de est\u00e1gio \u00e9 um dos requisitos para conclus\u00e3o do curso e obten\u00e7\u00e3o do diploma.<\/li>\n<li>Est\u00e1gio Extracurricular N\u00e3o Remunerado: modalidade de est\u00e1gio n\u00e3o obrigat\u00f3rio oferecido para complementa\u00e7\u00e3o educacional. Caracteriza-se como uma atividade opcional e n\u00e3o se enquadra como requisito para obten\u00e7\u00e3o de diploma.<\/li>\n<\/ol>\n<p><strong>Formas de ingresso aos est\u00e1gios<\/strong><\/p>\n<p>Para o Est\u00e1gio Curricular Obrigat\u00f3rio os estudantes devem acompanhar a Matriz Curricular do curso e\/ou entrar em contato com o coordenador do curso, a fim de conhecer o calend\u00e1rio de est\u00e1gio e demais requisitos para realiza\u00e7\u00e3o.<\/p>\n<p>O Est\u00e1gio Extracurricular N\u00e3o Remunerado \u00e9 oferecido por meio de processo seletivo divulgado atrav\u00e9s de edital. Essa modalidade de est\u00e1gio \u00e9 oferecida duas vezes no ano, com divulga\u00e7\u00e3o das inscri\u00e7\u00f5es na p\u00e1gina institucional da FPBE, assim como nas redes sociais da FPBE e da Policl\u00ednica IESEP (Facebook e Instagram).<\/p>\n<p>Para realiza\u00e7\u00e3o do est\u00e1gio, em ambas as modalidades s\u00e3o obrigat\u00f3rias \u00e0 entrega na Policl\u00ednica IESEP dos documentos descritos a seguir.<\/p>\n<ul>\n<li>Formul\u00e1rio de Identifica\u00e7\u00e3o (modelo dispon\u00edvel em manuais e formul\u00e1rios)<\/li>\n<li>Termo de Compromisso de Est\u00e1gio (modelo dispon\u00edvel em manuais e formul\u00e1rios)<\/li>\n<li>Declara\u00e7\u00e3o de Ci\u00eancia do Est\u00e1gio (modelo dispon\u00edvel em manuais e formul\u00e1rios)<\/li>\n<li>C\u00f3pia da C\u00e9dula de Identidade (RG)<\/li>\n<li>C\u00f3pia do Cadastro de Pessoa F\u00edsica (CPF)<\/li>\n<li>C\u00f3pia da Carteira de Vacina\u00e7\u00e3o<\/li>\n<li>Foto 3 x 4<\/li>\n<\/ul>\n<p><strong>Contato<\/strong><br \/>\nCaso tenha d\u00favidas sobre as modalidades de est\u00e1gio na Policl\u00ednica IESEP, entre em contato atrav\u00e9s do e-mail:<span>\u00a0<\/span><a href=\"mailto:policl%C3%ADnica@iesep.com.br\">policl\u00ednica@iesep.com.br<\/a><span>\u00a0<\/span>ou pelo telefone: (13) 3456-3055.<\/p>\n","protected":false},"excerpt":{"rendered":"<p>O est\u00e1gio A Policl\u00ednica IESEP \u00e9 uma cl\u00ednica escola com atua\u00e7\u00e3o interprofissional que oferece est\u00e1gio para alunos da Faculdade Peru\u00edbe &#8211; FPBE. Com foco no desenvolvimento das habilidades e compet\u00eancias previstas nas Diretrizes Curriculares Nacionais, sua rotina de atendimentos envolve assist\u00eancia em sa\u00fade, atividades de educa\u00e7\u00e3o continuada e pesquisa. Os<\/p>\n","protected":false},"author":6,"featured_media":0,"parent":4043,"menu_order":0,"comment_status":"closed","ping_status":"closed","template":"templates\/template-pagina_menu_vertical.php","meta":{"footnotes":""},"categories":[],"tags":[],"class_list":["post-4046","page","type-page","status-publish","hentry"],"_links":{"self":[{"href":"https:\/\/portal.unisepe.com.br\/fpbe\/wp-json\/wp\/v2\/pages\/4046","targetHints":{"allow":["GET"]}}],"collection":[{"href":"https:\/\/portal.unisepe.com.br\/fpbe\/wp-json\/wp\/v2\/pages"}],"about":[{"href":"https:\/\/portal.unisepe.com.br\/fpbe\/wp-json\/wp\/v2\/types\/page"}],"author":[{"embeddable":true,"href":"https:\/\/portal.unisepe.com.br\/fpbe\/wp-json\/wp\/v2\/users\/6"}],"replies":[{"embeddable":true,"href":"https:\/\/portal.unisepe.com.br\/fpbe\/wp-json\/wp\/v2\/comments?post=4046"}],"version-history":[{"count":2,"href":"https:\/\/portal.unisepe.com.br\/fpbe\/wp-json\/wp\/v2\/pages\/4046\/revisions"}],"predecessor-version":[{"id":4060,"href":"https:\/\/portal.unisepe.com.br\/fpbe\/wp-json\/wp\/v2\/pages\/4046\/revisions\/4060"}],"up":[{"embeddable":true,"href":"https:\/\/portal.unisepe.com.br\/fpbe\/wp-json\/wp\/v2\/pages\/4043"}],"wp:attachment":[{"href":"https:\/\/portal.unisepe.com.br\/fpbe\/wp-json\/wp\/v2\/media?parent=4046"}],"wp:term":[{"taxonomy":"category","embeddable":true,"href":"https:\/\/portal.unisepe.com.br\/fpbe\/wp-json\/wp\/v2\/categories?post=4046"},{"taxonomy":"post_tag","embeddable":true,"href":"https:\/\/portal.unisepe.com.br\/fpbe\/wp-json\/wp\/v2\/tags?post=4046"}],"curies":[{"name":"wp","href":"https:\/\/api.w.org\/{rel}","templated":true}]}}