{"id":4145,"date":"2023-02-24T18:20:01","date_gmt":"2023-02-24T21:20:01","guid":{"rendered":"https:\/\/portal.unisepe.com.br\/fpbe\/?page_id=4145"},"modified":"2025-02-19T20:42:15","modified_gmt":"2025-02-19T23:42:15","slug":"monitoria","status":"publish","type":"page","link":"https:\/\/portal.unisepe.com.br\/fpbe\/fisioterapia\/monitoria\/","title":{"rendered":"Monitoria"},"content":{"rendered":"<p>O Programa de Monitoria representa mais uma possibilidade de aprendizagem para os alunos do curso de Fisioterapia da FPBE e contribui para sua forma\u00e7\u00e3o integrada. Tem como principal finalidade o aperfei\u00e7oamento acad\u00eamico e profissional. Al\u00e9m disso, s\u00e3o objetivos deste programa: promover a coopera\u00e7\u00e3o entre alunos e professores, gerar possibilidades para o desenvolvimento da educa\u00e7\u00e3o permanente, despertar o interesse do aluno pelas atividades no eixo Ensino, Pesquisa e Extens\u00e3o Universit\u00e1ria.<\/p>\n<p>O exerc\u00edcio da monitoria \u00e9 volunt\u00e1rio e as atividades s\u00e3o desenvolvidas em hor\u00e1rios que n\u00e3o coincidam com as atividades acad\u00eamicas do aluno monitor. Para participar no Programa de Monitoria do curso de Fisioterapia da FPBE, o aluno deve consultar a coordena\u00e7\u00e3o do curso e acompanhar a divulga\u00e7\u00e3o semestral do edital de sele\u00e7\u00e3o.<\/p>\n<p>&nbsp;<\/p>\n<ul>\n<li><a href=\"https:\/\/portal.unisepe.com.br\/fpbe\/wp-content\/uploads\/sites\/10008\/2023\/02\/modelo-Ficha-de-inscri\u00e7\u00e3o-Monitoria.pdf\">Modelo Ficha de inscri\u00e7\u00e3o Monitoria<\/a><\/li>\n<li><a href=\"https:\/\/portal.unisepe.com.br\/fpbe\/wp-content\/uploads\/sites\/10008\/2023\/02\/Regulamento-de-monitoria.pdf\">Regulamento de Monitoria<\/a><\/li>\n<li><a href=\"https:\/\/portal.unisepe.com.br\/fpbe\/wp-content\/uploads\/sites\/10008\/2023\/02\/Edital-de-Sele\u00e7\u00e3o-monitoria-2022.pdf\">Edital de Sele\u00e7\u00e3o Monitoria 2022<\/a><\/li>\n<li><a href=\"https:\/\/portal.unisepe.com.br\/fpbe\/wp-content\/uploads\/sites\/10008\/2023\/02\/Edital-de-Sele\u00e7\u00e3o-monitoria-2021.pdf\">Edital de Sele\u00e7\u00e3o Monitoria 2021<\/a><\/li>\n<li><a href=\"https:\/\/portal.unisepe.com.br\/fpbe\/wp-content\/uploads\/sites\/10008\/2023\/02\/Edital-de-Sele\u00e7\u00e3o-monitoria-2023.pdf\">Edital de Sele\u00e7\u00e3o Monitoria 2023<\/a><\/li>\n<li><a href=\"https:\/\/portal.unisepe.com.br\/fpbe\/wp-content\/uploads\/sites\/10008\/2024\/03\/Edital-de-Sele\u00e7\u00e3o-monitoria-2024-fisio.pdf\">Edital de Sele\u00e7\u00e3o Monitoria 2024<\/a><\/li>\n<li><a href=\"https:\/\/portal.unisepe.com.br\/fpbe\/wp-content\/uploads\/sites\/10008\/2025\/02\/Edital-de-Selecao-monitoria-2025-FISIO.pdf\">Edital de Sele\u00e7\u00e3o Monitoria-2025<\/a><\/li>\n<\/ul>\n","protected":false},"excerpt":{"rendered":"<p>O Programa de Monitoria representa mais uma possibilidade de aprendizagem para os alunos do curso de Fisioterapia da FPBE e contribui para sua forma\u00e7\u00e3o integrada. Tem como principal finalidade o aperfei\u00e7oamento acad\u00eamico e profissional. Al\u00e9m disso, s\u00e3o objetivos deste programa: promover a coopera\u00e7\u00e3o entre alunos e professores, gerar possibilidades para<\/p>\n","protected":false},"author":6,"featured_media":0,"parent":417,"menu_order":0,"comment_status":"closed","ping_status":"closed","template":"templates\/template-curso_menu_vertical.php","meta":{"footnotes":""},"categories":[],"tags":[],"class_list":["post-4145","page","type-page","status-publish","hentry"],"_links":{"self":[{"href":"https:\/\/portal.unisepe.com.br\/fpbe\/wp-json\/wp\/v2\/pages\/4145","targetHints":{"allow":["GET"]}}],"collection":[{"href":"https:\/\/portal.unisepe.com.br\/fpbe\/wp-json\/wp\/v2\/pages"}],"about":[{"href":"https:\/\/portal.unisepe.com.br\/fpbe\/wp-json\/wp\/v2\/types\/page"}],"author":[{"embeddable":true,"href":"https:\/\/portal.unisepe.com.br\/fpbe\/wp-json\/wp\/v2\/users\/6"}],"replies":[{"embeddable":true,"href":"https:\/\/portal.unisepe.com.br\/fpbe\/wp-json\/wp\/v2\/comments?post=4145"}],"version-history":[{"count":7,"href":"https:\/\/portal.unisepe.com.br\/fpbe\/wp-json\/wp\/v2\/pages\/4145\/revisions"}],"predecessor-version":[{"id":5013,"href":"https:\/\/portal.unisepe.com.br\/fpbe\/wp-json\/wp\/v2\/pages\/4145\/revisions\/5013"}],"up":[{"embeddable":true,"href":"https:\/\/portal.unisepe.com.br\/fpbe\/wp-json\/wp\/v2\/pages\/417"}],"wp:attachment":[{"href":"https:\/\/portal.unisepe.com.br\/fpbe\/wp-json\/wp\/v2\/media?parent=4145"}],"wp:term":[{"taxonomy":"category","embeddable":true,"href":"https:\/\/portal.unisepe.com.br\/fpbe\/wp-json\/wp\/v2\/categories?post=4145"},{"taxonomy":"post_tag","embeddable":true,"href":"https:\/\/portal.unisepe.com.br\/fpbe\/wp-json\/wp\/v2\/tags?post=4145"}],"curies":[{"name":"wp","href":"https:\/\/api.w.org\/{rel}","templated":true}]}}