{"id":4155,"date":"2023-02-24T19:59:54","date_gmt":"2023-02-24T22:59:54","guid":{"rendered":"https:\/\/portal.unisepe.com.br\/fpbe\/?page_id=4155"},"modified":"2024-08-21T18:55:06","modified_gmt":"2024-08-21T21:55:06","slug":"producao-academica-e-cientifica","status":"publish","type":"page","link":"https:\/\/portal.unisepe.com.br\/fpbe\/educacao-fisica\/producao-academica-e-cientifica\/","title":{"rendered":"Produ\u00e7\u00e3o acad\u00eamica e Cient\u00edfica"},"content":{"rendered":"<p><strong>Inicia\u00e7\u00e3o Cient\u00edfica<\/strong><\/p>\n<ul>\n<li><a href=\"https:\/\/portal.unisepe.com.br\/fpbe\/wp-content\/uploads\/sites\/10008\/2023\/02\/Jornada-Cient\u00edfica-2019.pdf\">Jornada Cient\u00edfica 2019<\/a><\/li>\n<li><a href=\"https:\/\/portal.unisepe.com.br\/fpbe\/wp-content\/uploads\/sites\/10008\/2023\/02\/Jornada-Cient\u00edfica-2020.docx.pdf\">Jornada Cient\u00edfica 2020<\/a><\/li>\n<li><a href=\"https:\/\/portal.unisepe.com.br\/fpbe\/wp-content\/uploads\/sites\/10008\/2023\/02\/Jornada-Cientifica-2021.pdf\">Jornada Cientifica 2021<\/a><\/li>\n<li><a href=\"https:\/\/portal.unisepe.com.br\/fpbe\/wp-content\/uploads\/sites\/10008\/2024\/08\/Programa\u00e7\u00e3o-Jornada.pdf\">Jornada Cientifica 2022<\/a><\/li>\n<li><a href=\"https:\/\/portal.unisepe.com.br\/fpbe\/wp-content\/uploads\/sites\/10008\/2024\/08\/Programa\u00e7\u00e3o-da-jornada-1.pdf\">jornada Cientifica 2023<\/a><\/li>\n<\/ul>\n<p>&nbsp;<\/p>\n<p><strong>Congressos externos<\/strong><\/p>\n<ul>\n<li><a href=\"https:\/\/portal.unisepe.com.br\/fpbe\/wp-content\/uploads\/sites\/10008\/2023\/02\/Conic-2022.pdf\">Conic 2022<\/a><\/li>\n<li><a href=\"https:\/\/portal.unisepe.com.br\/fpbe\/wp-content\/uploads\/sites\/10008\/2023\/02\/CONIC-2022-TODOS-TRABALHOS-APRESENTADOS-DA-SA\u00daDE.pdf\">Conic 2022 Todos trabalhos apresentados da sa\u00fade<\/a><\/li>\n<li><a href=\"https:\/\/portal.unisepe.com.br\/fpbe\/wp-content\/uploads\/sites\/10008\/2023\/02\/Alunos-contemplados-2019-2022.pdf\">Alunos contemplados 2019 &#8211; 2022<\/a><\/li>\n<\/ul>\n<p>&nbsp;<\/p>\n<p><strong>Eventos e Atividades Externas<\/strong><\/p>\n<ul>\n<li><a href=\"https:\/\/portal.unisepe.com.br\/fpbe\/wp-content\/uploads\/sites\/10008\/2023\/02\/RELATORIO_GERAL_Dia-mundial-da-atividade-f\u00edsica.pdf\">Relat\u00f3rio Geral Dia mundial da atividade f\u00edsica<\/a><\/li>\n<li><a href=\"https:\/\/portal.unisepe.com.br\/fpbe\/wp-content\/uploads\/sites\/10008\/2023\/02\/RELATORIO_GERAL_Importancia-saude-musc.pdf\">Relat\u00f3rio Geral Importancia sa\u00fade do sistema locomotor<\/a><\/li>\n<li><a href=\"https:\/\/portal.unisepe.com.br\/fpbe\/wp-content\/uploads\/sites\/10008\/2023\/02\/RELATORIO_GERAL_Museu-de-anatomia.pdf\">Relat\u00f3rio Geral Museu de anatomia<\/a><\/li>\n<li><a href=\"https:\/\/portal.unisepe.com.br\/fpbe\/wp-content\/uploads\/sites\/10008\/2023\/02\/RELATORIO_GERAL_Acolhimento.pdf\">Relat\u00f3rio Geral Acolhimento<\/a><\/li>\n<li><a href=\"https:\/\/portal.unisepe.com.br\/fpbe\/wp-content\/uploads\/sites\/10008\/2023\/02\/RELATORIO-GERAL-Instituto-Neymar.pdf\">Relat\u00f3rio Geral Instituto Neymar<\/a><\/li>\n<li><a href=\"https:\/\/portal.unisepe.com.br\/fpbe\/wp-content\/uploads\/sites\/10008\/2023\/02\/RELATORIO_GERAL_Biotecnologia.pdf\">Relat\u00f3rio Geral Biotecnologia<\/a><\/li>\n<li><a href=\"https:\/\/portal.unisepe.com.br\/fpbe\/wp-content\/uploads\/sites\/10008\/2023\/02\/RELATORIO_GERAL_dia-da-mulher.pdf\">Relat\u00f3rio Geral dia da mulher<\/a><\/li>\n<li><a href=\"https:\/\/portal.unisepe.com.br\/fpbe\/wp-content\/uploads\/sites\/10008\/2023\/02\/RELATORIO_GERAL_dia-da-obsidade.pdf\">Relat\u00f3rio Geral dia da obsidade<\/a><\/li>\n<li><a href=\"https:\/\/portal.unisepe.com.br\/fpbe\/wp-content\/uploads\/sites\/10008\/2023\/02\/EVENTOS-AGITA-2019-2022.pdf\">Eventos Agita &#8211; 2019 &#8211; 2022<\/a><\/li>\n<li><a href=\"https:\/\/portal.unisepe.com.br\/fpbe\/wp-content\/uploads\/sites\/10008\/2023\/02\/Extens\u00e3o-exposi\u00e7\u00e3o-de-anatomia.pdf\">Extens\u00e3o exposi\u00e7\u00e3o de anatomia<\/a><\/li>\n<li><a href=\"https:\/\/portal.unisepe.com.br\/fpbe\/wp-content\/uploads\/sites\/10008\/2023\/02\/Palestra-alimenta\u00e7\u00e3o-para-aumento-da-imunidade.pdf\">Palestra alimenta\u00e7\u00e3o para aumento da imunidade<\/a><\/li>\n<li><a href=\"https:\/\/portal.unisepe.com.br\/fpbe\/wp-content\/uploads\/sites\/10008\/2023\/02\/Palestra-Isolamento-sim-Sedentarismo-n\u00e3o.pdf\">Palestra Isolamento sim, Sedentarismo n\u00e3o<\/a><\/li>\n<li><a href=\"https:\/\/portal.unisepe.com.br\/fpbe\/wp-content\/uploads\/sites\/10008\/2023\/02\/Uso-da-redes-sociais-para-qualidade-de-vida-2020.pdf\">Uso da redes sociais para qualidade de vida &#8211; 2020<\/a><\/li>\n<li><a href=\"https:\/\/portal.unisepe.com.br\/fpbe\/wp-content\/uploads\/sites\/10008\/2023\/02\/Palestra-alimenta\u00e7\u00e3o-consciente-e-natural-2021.pdf\">Palestra alimenta\u00e7\u00e3o consciente e natural 2021<\/a><\/li>\n<li><a href=\"https:\/\/portal.unisepe.com.br\/fpbe\/wp-content\/uploads\/sites\/10008\/2023\/02\/Live-alimenta\u00e7\u00e3o-consciente.pdf\">Live alimenta\u00e7\u00e3o consciente<\/a><\/li>\n<li><a href=\"https:\/\/portal.unisepe.com.br\/fpbe\/wp-content\/uploads\/sites\/10008\/2023\/02\/Semana-Integrada-da-Sa\u00fade-2021.1.pdf\">Semana Integrada da Sa\u00fade 2021.1<\/a><\/li>\n<\/ul>\n<p>&nbsp;<\/p>\n<p><strong>Anais da Jornada Cientifica FPbe<\/strong><\/p>\n<ul>\n<li><a href=\"https:\/\/portal.unisepe.com.br\/fpbe\/wp-content\/uploads\/sites\/10008\/2023\/02\/ANAIS_FPBE-2022.pdf\">ANAIS FPBE 2022<\/a><\/li>\n<li><a href=\"https:\/\/portal.unisepe.com.br\/fpbe\/wp-content\/uploads\/sites\/10008\/2023\/02\/ANAIS_FPBE-2020.pdf\">ANAIS FPBE 2020<\/a><\/li>\n<li><a href=\"https:\/\/portal.unisepe.com.br\/fpbe\/wp-content\/uploads\/sites\/10008\/2024\/05\/ANAIS_FPBE_2023-2-1.pdf\">ANAIS FPBE 2023<\/a><\/li>\n<\/ul>\n","protected":false},"excerpt":{"rendered":"<p>Inicia\u00e7\u00e3o Cient\u00edfica Jornada Cient\u00edfica 2019 Jornada Cient\u00edfica 2020 Jornada Cientifica 2021 Jornada Cientifica 2022 jornada Cientifica 2023 &nbsp; Congressos externos Conic 2022 Conic 2022 Todos trabalhos apresentados da sa\u00fade Alunos contemplados 2019 &#8211; 2022 &nbsp; Eventos e Atividades Externas Relat\u00f3rio Geral Dia mundial da atividade f\u00edsica Relat\u00f3rio Geral Importancia sa\u00fade<\/p>\n","protected":false},"author":6,"featured_media":0,"parent":360,"menu_order":0,"comment_status":"closed","ping_status":"closed","template":"templates\/template-pagina_menu_vertical.php","meta":{"footnotes":""},"categories":[],"tags":[],"class_list":["post-4155","page","type-page","status-publish","hentry"],"_links":{"self":[{"href":"https:\/\/portal.unisepe.com.br\/fpbe\/wp-json\/wp\/v2\/pages\/4155","targetHints":{"allow":["GET"]}}],"collection":[{"href":"https:\/\/portal.unisepe.com.br\/fpbe\/wp-json\/wp\/v2\/pages"}],"about":[{"href":"https:\/\/portal.unisepe.com.br\/fpbe\/wp-json\/wp\/v2\/types\/page"}],"author":[{"embeddable":true,"href":"https:\/\/portal.unisepe.com.br\/fpbe\/wp-json\/wp\/v2\/users\/6"}],"replies":[{"embeddable":true,"href":"https:\/\/portal.unisepe.com.br\/fpbe\/wp-json\/wp\/v2\/comments?post=4155"}],"version-history":[{"count":6,"href":"https:\/\/portal.unisepe.com.br\/fpbe\/wp-json\/wp\/v2\/pages\/4155\/revisions"}],"predecessor-version":[{"id":4939,"href":"https:\/\/portal.unisepe.com.br\/fpbe\/wp-json\/wp\/v2\/pages\/4155\/revisions\/4939"}],"up":[{"embeddable":true,"href":"https:\/\/portal.unisepe.com.br\/fpbe\/wp-json\/wp\/v2\/pages\/360"}],"wp:attachment":[{"href":"https:\/\/portal.unisepe.com.br\/fpbe\/wp-json\/wp\/v2\/media?parent=4155"}],"wp:term":[{"taxonomy":"category","embeddable":true,"href":"https:\/\/portal.unisepe.com.br\/fpbe\/wp-json\/wp\/v2\/categories?post=4155"},{"taxonomy":"post_tag","embeddable":true,"href":"https:\/\/portal.unisepe.com.br\/fpbe\/wp-json\/wp\/v2\/tags?post=4155"}],"curies":[{"name":"wp","href":"https:\/\/api.w.org\/{rel}","templated":true}]}}