{"id":417,"date":"2016-07-12T16:50:39","date_gmt":"2016-07-12T16:50:39","guid":{"rendered":"http:\/\/www.fvr.edu.br\/fvr\/site\/?page_id=417"},"modified":"2024-10-28T16:18:19","modified_gmt":"2024-10-28T19:18:19","slug":"fisioterapia","status":"publish","type":"page","link":"https:\/\/portal.unisepe.com.br\/fpbe\/fisioterapia\/","title":{"rendered":"Fisioterapia"},"content":{"rendered":"<p style=\"text-align: right\"><a href=\"https:\/\/api.whatsapp.com\/send?phone=551334563055&amp;text=Ol\u00e1!\" class=\"btn btn-success\">Fazer inscri\u00e7\u00e3o!<\/a><\/p>\n<p><strong><img decoding=\"async\" class=\"size-full wp-image-264 alignleft\" src=\"http:\/\/portal.unisepe.com.br\/wp-content\/themes\/unisepe\/assets\/images\/cursos\/fisioterapia.png\" \/> <strong>Miss\u00e3o:<\/strong><\/strong><\/p>\n<p>Considerando sua inser\u00e7\u00e3o regional e \u00e0s diretrizes da FPBE, o curso de Fisioterapia, tem como miss\u00e3o:<br \/>\n<strong><em>Educar pessoas para participar do processo de constru\u00e7\u00e3o do bem-estar integral do ser humano e de suas rela\u00e7\u00f5es, inclusive em sua dimens\u00e3o ecol\u00f3gica, com aten\u00e7\u00e3o ao sujeito individual, \u00e0s exig\u00eancias profissionais e \u00e0 responsabilidade cidad\u00e3 no contexto das transforma\u00e7\u00f5es culturais em curso.<\/em><\/strong><\/p>\n<p><strong>\u00a0<\/strong><strong>Perfil do Egresso:<\/strong><\/p>\n<p>O Curso de Fisioterapia da Faculdade Peru\u00edbe \u2013 FPBE busca um profissional capaz de reconhecer a import\u00e2ncia do homem como agente modificador e promotor de sa\u00fade. O graduado dever\u00e1 ser um educador na forma\u00e7\u00e3o de h\u00e1bitos e de um conjunto de atitudes que facilitem a promo\u00e7\u00e3o da sa\u00fade e n\u00e3o apenas se ocupar com a terapia das doen\u00e7as.<br \/>\nDever\u00e1 o Fisioterapeuta formado por esta Institui\u00e7\u00e3o estar habilitado para ser um profissional de sa\u00fade por excel\u00eancia, atuando na preven\u00e7\u00e3o, manuten\u00e7\u00e3o, restabelecimento e reabilita\u00e7\u00e3o da sa\u00fade e no tratamento e recupera\u00e7\u00e3o das disfun\u00e7\u00f5es de \u00f3rg\u00e3os e sistemas sens\u00edveis \u00e0s pr\u00e1ticas assistenciais da Fisioterapia, colaborando de maneira significativa nos procedimentos que conferem qualidade de vida \u00e0s pessoas, interagindo com a equipe de sa\u00fade no processo de reintegra\u00e7\u00e3o do indiv\u00edduo, nos aspectos bio-psico-socio-existenciais.<br \/>\nO Fisioterapeuta \u00e9 profissional que atua na \u00e1rea da sa\u00fade, e \u00e9 membro importante da equipe interdisciplinar, tendo atua\u00e7\u00e3o significativa e concreta nos mais diversos locais de atendimento. Tem forma\u00e7\u00e3o espec\u00edfica e \u00fanica para fazer uso de recursos f\u00edsicos ou naturais nas tr\u00eas fases (prevenir, tratar e reabilitar) de aten\u00e7\u00e3o \u00e0 sa\u00fade.<br \/>\nO Fisioterapeuta, por meio de um diagn\u00f3stico pr\u00e9vio, avalia, estabelece as disfun\u00e7\u00f5es em coer\u00eancia com o progn\u00f3stico fisioterap\u00eautico, planeja, programa, executa, reavalia e concede alta fisioterap\u00eautica.<\/p>\n<p><strong>Compet\u00eancias e Habilidades<\/strong><\/p>\n<p>O profissional fisioterapeuta formado pela Faculdade Peru\u00edbe \u2013 FPBE dever\u00e1 possuir os conhecimentos requeridos para o exerc\u00edcio das seguintes compet\u00eancias e habilidades gerais: <strong><em>Aten\u00e7\u00e3o \u00e0 sa\u00fade<\/em><\/strong>, <strong><em>Tomada de decis\u00f5es<\/em><\/strong>,<strong><em>Comunica\u00e7\u00e3o<\/em><\/strong>; <strong><em>Lideran\u00e7a<\/em><\/strong>; <strong><em>Administra\u00e7\u00e3o e gerenciamento e Educa\u00e7\u00e3o permanente<\/em><\/strong>:<\/p>\n<p><strong>Concep\u00e7\u00e3o do curso<\/strong><\/p>\n<p>O projeto institucional da UNISEPE inclui, permanentemente, a busca efetiva do desenvolvimento e aperfei\u00e7oamento da educa\u00e7\u00e3o superior como resposta \u00e0s necessidades sociais da regi\u00e3o na qual a institui\u00e7\u00e3o est\u00e1 inserida.<br \/>\nA Faculdads Peru\u00edbe, como institui\u00e7\u00e3o de educa\u00e7\u00e3o superior, t\u00eam por objetivo:<\/p>\n<ol start=\"1\" type=\"I\">\n<li>formar de profissionais e especialistas de n\u00edvel superior;<\/li>\n<li>realizar de pesquisas e o est\u00edmulo de atividades criadoras;<\/li>\n<li>promover a extens\u00e3o do ensino e da pesquisa \u00e0 comunidade mediante cursos e servi\u00e7os especiais.<\/li>\n<\/ol>\n","protected":false},"excerpt":{"rendered":"<p>Fazer inscri\u00e7\u00e3o! Miss\u00e3o: Considerando sua inser\u00e7\u00e3o regional e \u00e0s diretrizes da FPBE, o curso de Fisioterapia, tem como miss\u00e3o: Educar pessoas para participar do processo de constru\u00e7\u00e3o do bem-estar integral do ser humano e de suas rela\u00e7\u00f5es, inclusive em sua dimens\u00e3o ecol\u00f3gica, com aten\u00e7\u00e3o ao sujeito individual, \u00e0s exig\u00eancias profissionais<\/p>\n","protected":false},"author":1,"featured_media":4976,"parent":0,"menu_order":0,"comment_status":"closed","ping_status":"closed","template":"templates\/template-curso_menu_vertical.php","meta":{"footnotes":""},"categories":[26],"tags":[34],"class_list":["post-417","page","type-page","status-publish","has-post-thumbnail","hentry","category-graduacao-presencial","tag-bacharelado"],"_links":{"self":[{"href":"https:\/\/portal.unisepe.com.br\/fpbe\/wp-json\/wp\/v2\/pages\/417","targetHints":{"allow":["GET"]}}],"collection":[{"href":"https:\/\/portal.unisepe.com.br\/fpbe\/wp-json\/wp\/v2\/pages"}],"about":[{"href":"https:\/\/portal.unisepe.com.br\/fpbe\/wp-json\/wp\/v2\/types\/page"}],"author":[{"embeddable":true,"href":"https:\/\/portal.unisepe.com.br\/fpbe\/wp-json\/wp\/v2\/users\/1"}],"replies":[{"embeddable":true,"href":"https:\/\/portal.unisepe.com.br\/fpbe\/wp-json\/wp\/v2\/comments?post=417"}],"version-history":[{"count":9,"href":"https:\/\/portal.unisepe.com.br\/fpbe\/wp-json\/wp\/v2\/pages\/417\/revisions"}],"predecessor-version":[{"id":4640,"href":"https:\/\/portal.unisepe.com.br\/fpbe\/wp-json\/wp\/v2\/pages\/417\/revisions\/4640"}],"wp:featuredmedia":[{"embeddable":true,"href":"https:\/\/portal.unisepe.com.br\/fpbe\/wp-json\/wp\/v2\/media\/4976"}],"wp:attachment":[{"href":"https:\/\/portal.unisepe.com.br\/fpbe\/wp-json\/wp\/v2\/media?parent=417"}],"wp:term":[{"taxonomy":"category","embeddable":true,"href":"https:\/\/portal.unisepe.com.br\/fpbe\/wp-json\/wp\/v2\/categories?post=417"},{"taxonomy":"post_tag","embeddable":true,"href":"https:\/\/portal.unisepe.com.br\/fpbe\/wp-json\/wp\/v2\/tags?post=417"}],"curies":[{"name":"wp","href":"https:\/\/api.w.org\/{rel}","templated":true}]}}