{"id":4190,"date":"2023-02-27T13:28:49","date_gmt":"2023-02-27T16:28:49","guid":{"rendered":"https:\/\/portal.unisepe.com.br\/fpbe\/?page_id=4190"},"modified":"2023-04-12T17:30:39","modified_gmt":"2023-04-12T20:30:39","slug":"pesquisa","status":"publish","type":"page","link":"https:\/\/portal.unisepe.com.br\/fpbe\/fisioterapia\/pesquisa\/","title":{"rendered":"Pesquisa"},"content":{"rendered":"<p style=\"text-align: justify\"><span>A pesquisa cient\u00edfica representa o alicerce para a evolu\u00e7\u00e3o da sociedade e da educa\u00e7\u00e3o. Por meio dela \u00e9 poss\u00edvel transformar a realidade na qual o indiv\u00edduo est\u00e1 inserido. Neste contexto, o Curso de\u00a0Fisioterapia\u00a0da\u00a0<\/span><span>Faculdade Peru\u00edbe &#8211; FPBE<\/span><span>\u00a0tem como meta formar profissionais pautados no rigor cient\u00edfico e na Pr\u00e1tica Fundamentada em Evid\u00eancias. Os alunos t\u00eam a oportunidade na participa\u00e7\u00e3o de projetos de inicia\u00e7\u00e3o cient\u00edfica em temas vinculados as \u00e1reas de pesquisa dos docentes do curso. A participa\u00e7\u00e3o \u00e9 volunt\u00e1ria e o produto final das pesquisas desenvolvidas \u00e9 divulgado por meio da publica\u00e7\u00e3o cient\u00edfica em peri\u00f3dicos nacionais, internacionais e em anais de eventos.<\/span><\/p>\n<p>&nbsp;<\/p>\n<ul>\n<li><a href=\"https:\/\/portal.unisepe.com.br\/fpbe\/wp-content\/uploads\/sites\/10008\/2023\/02\/Termo-de-Compromisso-de-Orienta\u00e7\u00e3o.doc\">Termo de Compromisso de Orienta\u00e7\u00e3o<\/a><\/li>\n<li><a href=\"https:\/\/portal.unisepe.com.br\/fpbe\/wp-content\/uploads\/sites\/10008\/2023\/02\/Modelo-de-Relat\u00f3rio-Final.doc\">Modelo de Relat\u00f3rio Final<\/a><\/li>\n<li><a href=\"https:\/\/portal.unisepe.com.br\/fpbe\/wp-content\/uploads\/sites\/10008\/2023\/02\/Cadastro-Projeto-de-Inicia\u00e7\u00e3o-Cient\u00edfica.pdf\">Cadastro Projeto de Inicia\u00e7\u00e3o Cient\u00edfica<\/a><\/li>\n<li><a href=\"https:\/\/portal.unisepe.com.br\/fpbe\/wp-content\/uploads\/sites\/10008\/2023\/02\/Declara\u00e7\u00e3o-do-Aluno-de-Inicia\u00e7\u00e3o-Cient\u00edfica-Volunt\u00e1ria.pdf\">Declara\u00e7\u00e3o do Aluno de Inicia\u00e7\u00e3o Cient\u00edfica Volunt\u00e1ria<\/a><\/li>\n<li><a href=\"https:\/\/portal.unisepe.com.br\/fpbe\/wp-content\/uploads\/sites\/10008\/2023\/04\/Modelo-de-Relat\u00f3rio-Final.pdf\">Modelo de Relat\u00f3rio Final<\/a><\/li>\n<li><a href=\"https:\/\/portal.unisepe.com.br\/fpbe\/wp-content\/uploads\/sites\/10008\/2023\/04\/Ficha-de-Inscri\u00e7\u00e3o-Inicia\u00e7\u00e3o-Cient\u00edfica.pdf\">Ficha de Inscri\u00e7\u00e3o Inicia\u00e7\u00e3o Cient\u00edfica<\/a><\/li>\n<li><a href=\"https:\/\/portal.unisepe.com.br\/fpbe\/wp-content\/uploads\/sites\/10008\/2023\/04\/Declara\u00e7\u00e3o-do-Aluno-de-Inicia\u00e7\u00e3o-Cient\u00edfica-Volunt\u00e1ria.pdf\">Declara\u00e7\u00e3o do Aluno de Inicia\u00e7\u00e3o Cient\u00edfica Volunt\u00e1ria<\/a><\/li>\n<li><a href=\"https:\/\/portal.unisepe.com.br\/fpbe\/wp-content\/uploads\/sites\/10008\/2023\/04\/Cadastro-Projeto-de-Inicia\u00e7\u00e3o-Cient\u00edfica.pdf\">Cadastro Projeto de Inicia\u00e7\u00e3o Cient\u00edfica<\/a><br \/>\n<a href=\"https:\/\/portal.unisepe.com.br\/fpbe\/wp-content\/uploads\/sites\/10008\/2023\/04\/2023-CPA-Avalia\u00e7\u00e3o-das-a\u00e7\u00f5es-eventos-e-atividades-internas-e-externas.doc\"><\/a><\/li>\n<li><a href=\"https:\/\/portal.unisepe.com.br\/fpbe\/wp-content\/uploads\/sites\/10008\/2023\/04\/Termo-de-Compromisso-para-Aluno-Bolsista-de-Inicia\u00e7\u00e3o-Cient\u00edfica.pdf\">Termo de Compromisso para Aluno Bolsista de Inicia\u00e7\u00e3o Cient\u00edfica<\/a><\/li>\n<li><a href=\"https:\/\/portal.unisepe.com.br\/fpbe\/wp-content\/uploads\/sites\/10008\/2023\/04\/Termo-de-Compromisso-de-Orienta\u00e7\u00e3o.pdf\">Termo de<\/a> <a href=\"https:\/\/portal.unisepe.com.br\/fpbe\/wp-content\/uploads\/sites\/10008\/2023\/04\/Termo-de-Compromisso-de-Orienta\u00e7\u00e3o.pdf\">Compromisso de Orienta\u00e7\u00e3o<\/a><\/li>\n<li><a href=\"https:\/\/portal.unisepe.com.br\/fpbe\/wp-content\/uploads\/sites\/10008\/2023\/04\/Plano-de-Trabalho-de-Projeto-de-Inicia\u00e7\u00e3o-Cient\u00edfica.doc\">Plano de Trabalho de Projeto de Inicia\u00e7\u00e3o Cient\u00edfica<\/a><\/li>\n<\/ul>\n<p>&nbsp;<\/p>\n<ul>\n<li><strong> <a href=\"https:\/\/portal.unisepe.com.br\/fpbe\/wp-content\/uploads\/sites\/10008\/2023\/04\/RELA\u00c7\u00c3O-DE-APROVADOS-NO-EDITAL-2021-\u2013-2022.pdf\">RELA\u00c7\u00c3O DE APROVADOS NO EDITAL 2021<\/a><\/strong><\/li>\n<li><strong><a href=\"https:\/\/portal.unisepe.com.br\/fpbe\/wp-content\/uploads\/sites\/10008\/2023\/04\/EDITAL-PROGRAMA-DE-INICIA\u00c7\u00c3O-CIENT\u00cdFICA-FISIOTERAPIA-2021-2022.pdf\">EDITAL PROGRAMA DE INICIA\u00c7\u00c3O CIENT\u00cdFICA FISIOTERAPIA 2021-2022<\/a><\/strong><\/li>\n<\/ul>\n","protected":false},"excerpt":{"rendered":"<p>A pesquisa cient\u00edfica representa o alicerce para a evolu\u00e7\u00e3o da sociedade e da educa\u00e7\u00e3o. Por meio dela \u00e9 poss\u00edvel transformar a realidade na qual o indiv\u00edduo est\u00e1 inserido. Neste contexto, o Curso de\u00a0Fisioterapia\u00a0da\u00a0Faculdade Peru\u00edbe &#8211; FPBE\u00a0tem como meta formar profissionais pautados no rigor cient\u00edfico e na Pr\u00e1tica Fundamentada em Evid\u00eancias.<\/p>\n","protected":false},"author":6,"featured_media":0,"parent":417,"menu_order":0,"comment_status":"closed","ping_status":"closed","template":"templates\/template-pagina_menu_vertical.php","meta":{"footnotes":""},"categories":[],"tags":[],"class_list":["post-4190","page","type-page","status-publish","hentry"],"_links":{"self":[{"href":"https:\/\/portal.unisepe.com.br\/fpbe\/wp-json\/wp\/v2\/pages\/4190","targetHints":{"allow":["GET"]}}],"collection":[{"href":"https:\/\/portal.unisepe.com.br\/fpbe\/wp-json\/wp\/v2\/pages"}],"about":[{"href":"https:\/\/portal.unisepe.com.br\/fpbe\/wp-json\/wp\/v2\/types\/page"}],"author":[{"embeddable":true,"href":"https:\/\/portal.unisepe.com.br\/fpbe\/wp-json\/wp\/v2\/users\/6"}],"replies":[{"embeddable":true,"href":"https:\/\/portal.unisepe.com.br\/fpbe\/wp-json\/wp\/v2\/comments?post=4190"}],"version-history":[{"count":4,"href":"https:\/\/portal.unisepe.com.br\/fpbe\/wp-json\/wp\/v2\/pages\/4190\/revisions"}],"predecessor-version":[{"id":4243,"href":"https:\/\/portal.unisepe.com.br\/fpbe\/wp-json\/wp\/v2\/pages\/4190\/revisions\/4243"}],"up":[{"embeddable":true,"href":"https:\/\/portal.unisepe.com.br\/fpbe\/wp-json\/wp\/v2\/pages\/417"}],"wp:attachment":[{"href":"https:\/\/portal.unisepe.com.br\/fpbe\/wp-json\/wp\/v2\/media?parent=4190"}],"wp:term":[{"taxonomy":"category","embeddable":true,"href":"https:\/\/portal.unisepe.com.br\/fpbe\/wp-json\/wp\/v2\/categories?post=4190"},{"taxonomy":"post_tag","embeddable":true,"href":"https:\/\/portal.unisepe.com.br\/fpbe\/wp-json\/wp\/v2\/tags?post=4190"}],"curies":[{"name":"wp","href":"https:\/\/api.w.org\/{rel}","templated":true}]}}