{"id":4196,"date":"2023-02-27T13:32:30","date_gmt":"2023-02-27T16:32:30","guid":{"rendered":"https:\/\/portal.unisepe.com.br\/fpbe\/?page_id=4196"},"modified":"2023-02-27T13:40:48","modified_gmt":"2023-02-27T16:40:48","slug":"pesquisa","status":"publish","type":"page","link":"https:\/\/portal.unisepe.com.br\/fpbe\/educacao-fisica\/pesquisa\/","title":{"rendered":"Pesquisa"},"content":{"rendered":"<p style=\"text-align: justify\"><span>A pesquisa cient\u00edfica representa o alicerce para a evolu\u00e7\u00e3o da sociedade e da educa\u00e7\u00e3o. Por meio dela \u00e9 poss\u00edvel transformar a realidade na qual o indiv\u00edduo est\u00e1 inserido. Neste contexto, o Curso de\u00a0Educa\u00e7\u00e3o f\u00edsica da\u00a0<\/span><span>Faculdade Peru\u00edbe<\/span><span>\u00a0tem como meta formar profissionais pautados no rigor cient\u00edfico e na Pr\u00e1tica Fundamentada em Evid\u00eancias. Os alunos t\u00eam a oportunidade na participa\u00e7\u00e3o de projetos de inicia\u00e7\u00e3o cient\u00edfica em temas vinculados as \u00e1reas de pesquisa dos docentes do curso. A participa\u00e7\u00e3o \u00e9 volunt\u00e1ria e o produto final das pesquisas desenvolvidas \u00e9 divulgado por meio da publica\u00e7\u00e3o cient\u00edfica em peri\u00f3dicos nacionais, internacionais e em anais de eventos.<\/span><\/p>\n<p>&nbsp;<\/p>\n<ul>\n<li><a href=\"https:\/\/portal.unisepe.com.br\/fpbe\/wp-content\/uploads\/sites\/10008\/2023\/02\/Declara\u00e7\u00e3o-do-Aluno-de-Inicia\u00e7\u00e3o-Cient\u00edfica-Volunt\u00e1ria.pdf\">Declara\u00e7\u00e3o do Aluno de Inicia\u00e7\u00e3o Cient\u00edfica Volunt\u00e1ria<\/a><\/li>\n<li><a href=\"https:\/\/portal.unisepe.com.br\/fpbe\/wp-content\/uploads\/sites\/10008\/2023\/02\/Cadastro-Projeto-de-Inicia\u00e7\u00e3o-Cient\u00edfica.pdf\">Cadastro Projeto de Inicia\u00e7\u00e3o Cient\u00edfica<\/a><\/li>\n<li><a href=\"https:\/\/portal.unisepe.com.br\/fpbe\/wp-content\/uploads\/sites\/10008\/2023\/02\/Modelo-de-Relat\u00f3rio-Final.doc\">Modelo de Relat\u00f3rio Final<\/a><\/li>\n<li><a href=\"https:\/\/portal.unisepe.com.br\/fpbe\/wp-content\/uploads\/sites\/10008\/2023\/02\/Termo-de-Compromisso-de-Orienta\u00e7\u00e3o.doc\">Termo de Compromisso de Orienta\u00e7\u00e3o<\/a><\/li>\n<\/ul>\n<p>&nbsp;<\/p>\n","protected":false},"excerpt":{"rendered":"<p>A pesquisa cient\u00edfica representa o alicerce para a evolu\u00e7\u00e3o da sociedade e da educa\u00e7\u00e3o. Por meio dela \u00e9 poss\u00edvel transformar a realidade na qual o indiv\u00edduo est\u00e1 inserido. Neste contexto, o Curso de\u00a0Educa\u00e7\u00e3o f\u00edsica da\u00a0Faculdade Peru\u00edbe\u00a0tem como meta formar profissionais pautados no rigor cient\u00edfico e na Pr\u00e1tica Fundamentada em Evid\u00eancias.<\/p>\n","protected":false},"author":6,"featured_media":0,"parent":360,"menu_order":0,"comment_status":"closed","ping_status":"closed","template":"templates\/template-pagina_menu_vertical.php","meta":{"footnotes":""},"categories":[],"tags":[],"class_list":["post-4196","page","type-page","status-publish","hentry"],"_links":{"self":[{"href":"https:\/\/portal.unisepe.com.br\/fpbe\/wp-json\/wp\/v2\/pages\/4196","targetHints":{"allow":["GET"]}}],"collection":[{"href":"https:\/\/portal.unisepe.com.br\/fpbe\/wp-json\/wp\/v2\/pages"}],"about":[{"href":"https:\/\/portal.unisepe.com.br\/fpbe\/wp-json\/wp\/v2\/types\/page"}],"author":[{"embeddable":true,"href":"https:\/\/portal.unisepe.com.br\/fpbe\/wp-json\/wp\/v2\/users\/6"}],"replies":[{"embeddable":true,"href":"https:\/\/portal.unisepe.com.br\/fpbe\/wp-json\/wp\/v2\/comments?post=4196"}],"version-history":[{"count":1,"href":"https:\/\/portal.unisepe.com.br\/fpbe\/wp-json\/wp\/v2\/pages\/4196\/revisions"}],"predecessor-version":[{"id":4197,"href":"https:\/\/portal.unisepe.com.br\/fpbe\/wp-json\/wp\/v2\/pages\/4196\/revisions\/4197"}],"up":[{"embeddable":true,"href":"https:\/\/portal.unisepe.com.br\/fpbe\/wp-json\/wp\/v2\/pages\/360"}],"wp:attachment":[{"href":"https:\/\/portal.unisepe.com.br\/fpbe\/wp-json\/wp\/v2\/media?parent=4196"}],"wp:term":[{"taxonomy":"category","embeddable":true,"href":"https:\/\/portal.unisepe.com.br\/fpbe\/wp-json\/wp\/v2\/categories?post=4196"},{"taxonomy":"post_tag","embeddable":true,"href":"https:\/\/portal.unisepe.com.br\/fpbe\/wp-json\/wp\/v2\/tags?post=4196"}],"curies":[{"name":"wp","href":"https:\/\/api.w.org\/{rel}","templated":true}]}}