{"id":4218,"date":"2023-03-06T17:58:39","date_gmt":"2023-03-06T20:58:39","guid":{"rendered":"https:\/\/portal.unisepe.com.br\/fpbe\/?page_id=4218"},"modified":"2023-03-06T18:16:46","modified_gmt":"2023-03-06T21:16:46","slug":"convenios-internacionais","status":"publish","type":"page","link":"https:\/\/portal.unisepe.com.br\/fpbe\/convenios-internacionais\/","title":{"rendered":"Conv\u00eanios Internacionais"},"content":{"rendered":"<p>CONV\u00caNIO DE COOPERA\u00c7\u00c3O COM A MUST UNIVERSITY \u2013 FL\u00d3RIDA (EUA).<\/p>\n<p>&nbsp;<\/p>\n<p>&nbsp;<\/p>\n<p style=\"text-align: justify\">A Faculdade Peru\u00edbe (FPBE) desenvolve a\u00e7\u00f5es e iniciativas de internacionaliza\u00e7\u00e3o como uma oportunidade para trocar experi\u00eancias, gerar novas ideias, discutir problemas e identificar solu\u00e7\u00f5es comuns, al\u00e9m de estabelecer pontes com outras IES. Para tanto, a FPBE possibilita a oportunidade de viver essas experi\u00eancias por meio do conv\u00eanio com a MUST UNIVERSITY, com sede em\u00a0 Miami \u2013 Fl\u00f3rida\/EUA.<\/p>\n<p style=\"text-align: justify\">O conv\u00eanio possibilita \u00e0 qualifica\u00e7\u00e3o de funcion\u00e1rios, professores e seus dependentes com vistas ao seu crescimento pessoal e profissional, por meio de acesso a todos os programas de mestrado da MUST.<\/p>\n<p style=\"text-align: justify\">Ainda, possibilita a oferta de cursos livres para alunos, professores e funcion\u00e1rios t\u00e9cnico-administrativos, a fim de incentivar e proporcionar o desenvolvimento cient\u00edfico do egresso.<\/p>\n<p style=\"text-align: justify\">Para mais informa\u00e7\u00f5es sobre os programas de mestrado da MUST UNIVERSITY, clique aqui:<\/p>\n<p><a href=\"https:\/\/conteudo.mustedu.com\/cadastro-unisepe\">https:\/\/conteudo.mustedu.com\/cadastro-unisepe<\/a><\/p>\n","protected":false},"excerpt":{"rendered":"<p>CONV\u00caNIO DE COOPERA\u00c7\u00c3O COM A MUST UNIVERSITY \u2013 FL\u00d3RIDA (EUA). &nbsp; &nbsp; A Faculdade Peru\u00edbe (FPBE) desenvolve a\u00e7\u00f5es e iniciativas de internacionaliza\u00e7\u00e3o como uma oportunidade para trocar experi\u00eancias, gerar novas ideias, discutir problemas e identificar solu\u00e7\u00f5es comuns, al\u00e9m de estabelecer pontes com outras IES. Para tanto, a FPBE possibilita a<\/p>\n","protected":false},"author":6,"featured_media":0,"parent":0,"menu_order":0,"comment_status":"closed","ping_status":"closed","template":"","meta":{"footnotes":""},"categories":[],"tags":[],"class_list":["post-4218","page","type-page","status-publish","hentry"],"_links":{"self":[{"href":"https:\/\/portal.unisepe.com.br\/fpbe\/wp-json\/wp\/v2\/pages\/4218","targetHints":{"allow":["GET"]}}],"collection":[{"href":"https:\/\/portal.unisepe.com.br\/fpbe\/wp-json\/wp\/v2\/pages"}],"about":[{"href":"https:\/\/portal.unisepe.com.br\/fpbe\/wp-json\/wp\/v2\/types\/page"}],"author":[{"embeddable":true,"href":"https:\/\/portal.unisepe.com.br\/fpbe\/wp-json\/wp\/v2\/users\/6"}],"replies":[{"embeddable":true,"href":"https:\/\/portal.unisepe.com.br\/fpbe\/wp-json\/wp\/v2\/comments?post=4218"}],"version-history":[{"count":2,"href":"https:\/\/portal.unisepe.com.br\/fpbe\/wp-json\/wp\/v2\/pages\/4218\/revisions"}],"predecessor-version":[{"id":4221,"href":"https:\/\/portal.unisepe.com.br\/fpbe\/wp-json\/wp\/v2\/pages\/4218\/revisions\/4221"}],"wp:attachment":[{"href":"https:\/\/portal.unisepe.com.br\/fpbe\/wp-json\/wp\/v2\/media?parent=4218"}],"wp:term":[{"taxonomy":"category","embeddable":true,"href":"https:\/\/portal.unisepe.com.br\/fpbe\/wp-json\/wp\/v2\/categories?post=4218"},{"taxonomy":"post_tag","embeddable":true,"href":"https:\/\/portal.unisepe.com.br\/fpbe\/wp-json\/wp\/v2\/tags?post=4218"}],"curies":[{"name":"wp","href":"https:\/\/api.w.org\/{rel}","templated":true}]}}