{"id":4244,"date":"2023-04-12T17:34:05","date_gmt":"2023-04-12T20:34:05","guid":{"rendered":"https:\/\/portal.unisepe.com.br\/fpbe\/?page_id=4244"},"modified":"2023-04-26T17:47:36","modified_gmt":"2023-04-26T20:47:36","slug":"extensao-universitaria","status":"publish","type":"page","link":"https:\/\/portal.unisepe.com.br\/fpbe\/fisioterapia\/extensao-universitaria\/","title":{"rendered":"Extens\u00e3o Universit\u00e1ria"},"content":{"rendered":"<p>A Extens\u00e3o Universit\u00e1ria representa o elo entre a institui\u00e7\u00e3o de ensino e a sociedade. As atividades desenvolvidas possibilitam o interc\u00e2mbio de informa\u00e7\u00f5es e experi\u00eancias. Deste modo, ela \u00e9 indispens\u00e1vel para a forma\u00e7\u00e3o do estudante e para o seu reconhecimento enquanto profissional e cidad\u00e3o. Na fisioterapia os projetos de extens\u00e3o universit\u00e1ria permitem aos alunos a viv\u00eancia sobre o papel do fisioterapia na comunidade, no ensino, na assist\u00eancia em sa\u00fade e na pesquisa. Os projetos de extens\u00e3o do curso de fisioterapia da Faculdade Peru\u00edbe s\u00e3o tutoriados por docentes do curso e envolvem:<\/p>\n<p>&nbsp;<\/p>\n<ul>\n<li>Policl\u00ednica IESEP<\/li>\n<li>Campanhas de sa\u00fade<\/li>\n<li>Eventos na comunidade e institucional<\/li>\n<\/ul>\n<p>&nbsp;<\/p>\n","protected":false},"excerpt":{"rendered":"<p>A Extens\u00e3o Universit\u00e1ria representa o elo entre a institui\u00e7\u00e3o de ensino e a sociedade. As atividades desenvolvidas possibilitam o interc\u00e2mbio de informa\u00e7\u00f5es e experi\u00eancias. Deste modo, ela \u00e9 indispens\u00e1vel para a forma\u00e7\u00e3o do estudante e para o seu reconhecimento enquanto profissional e cidad\u00e3o. Na fisioterapia os projetos de extens\u00e3o universit\u00e1ria<\/p>\n","protected":false},"author":6,"featured_media":0,"parent":417,"menu_order":0,"comment_status":"closed","ping_status":"closed","template":"templates\/template-pagina_menu_vertical.php","meta":{"footnotes":""},"categories":[],"tags":[],"class_list":["post-4244","page","type-page","status-publish","hentry"],"_links":{"self":[{"href":"https:\/\/portal.unisepe.com.br\/fpbe\/wp-json\/wp\/v2\/pages\/4244","targetHints":{"allow":["GET"]}}],"collection":[{"href":"https:\/\/portal.unisepe.com.br\/fpbe\/wp-json\/wp\/v2\/pages"}],"about":[{"href":"https:\/\/portal.unisepe.com.br\/fpbe\/wp-json\/wp\/v2\/types\/page"}],"author":[{"embeddable":true,"href":"https:\/\/portal.unisepe.com.br\/fpbe\/wp-json\/wp\/v2\/users\/6"}],"replies":[{"embeddable":true,"href":"https:\/\/portal.unisepe.com.br\/fpbe\/wp-json\/wp\/v2\/comments?post=4244"}],"version-history":[{"count":2,"href":"https:\/\/portal.unisepe.com.br\/fpbe\/wp-json\/wp\/v2\/pages\/4244\/revisions"}],"predecessor-version":[{"id":4438,"href":"https:\/\/portal.unisepe.com.br\/fpbe\/wp-json\/wp\/v2\/pages\/4244\/revisions\/4438"}],"up":[{"embeddable":true,"href":"https:\/\/portal.unisepe.com.br\/fpbe\/wp-json\/wp\/v2\/pages\/417"}],"wp:attachment":[{"href":"https:\/\/portal.unisepe.com.br\/fpbe\/wp-json\/wp\/v2\/media?parent=4244"}],"wp:term":[{"taxonomy":"category","embeddable":true,"href":"https:\/\/portal.unisepe.com.br\/fpbe\/wp-json\/wp\/v2\/categories?post=4244"},{"taxonomy":"post_tag","embeddable":true,"href":"https:\/\/portal.unisepe.com.br\/fpbe\/wp-json\/wp\/v2\/tags?post=4244"}],"curies":[{"name":"wp","href":"https:\/\/api.w.org\/{rel}","templated":true}]}}