{"id":4249,"date":"2023-04-12T17:36:40","date_gmt":"2023-04-12T20:36:40","guid":{"rendered":"https:\/\/portal.unisepe.com.br\/fpbe\/?page_id=4249"},"modified":"2023-04-25T19:37:44","modified_gmt":"2023-04-25T22:37:44","slug":"cartilhas-e-orientacoes-para-a-comunidade","status":"publish","type":"page","link":"https:\/\/portal.unisepe.com.br\/fpbe\/fisioterapia\/cartilhas-e-orientacoes-para-a-comunidade\/","title":{"rendered":"Cartilhas e Orienta\u00e7\u00f5es Para a Comunidade"},"content":{"rendered":"<ul>\n<li><a href=\"https:\/\/portal.unisepe.com.br\/fpbe\/wp-content\/uploads\/sites\/10008\/2023\/04\/Orienta\u00e7\u00e3o-postura-para-dormir.pdf\">Orienta\u00e7\u00e3o postura para dormir<\/a><\/li>\n<li><a href=\"https:\/\/portal.unisepe.com.br\/fpbe\/wp-content\/uploads\/sites\/10008\/2023\/04\/Orienta\u00e7\u00e3o-postura-em-casa.pdf\">Orienta\u00e7\u00e3o postura em casa<\/a><\/li>\n<li><a href=\"https:\/\/portal.unisepe.com.br\/fpbe\/wp-content\/uploads\/sites\/10008\/2023\/04\/Orienta\u00e7\u00e3o-para-o-banheiro.pdf\">Orienta\u00e7\u00e3o para o banheiro<\/a><\/li>\n<li><a href=\"https:\/\/portal.unisepe.com.br\/fpbe\/wp-content\/uploads\/sites\/10008\/2023\/04\/Orienta\u00e7\u00e3o-postura-para-escrt\u00f3rio.pdf\">Orienta\u00e7\u00e3o postura para escrt\u00f3rio<\/a><\/li>\n<li><a href=\"https:\/\/portal.unisepe.com.br\/fpbe\/wp-content\/uploads\/sites\/10008\/2023\/04\/Cuidados-com-a-sa\u00fade-do-homem.pdf\">Cuidados com a sa\u00fade do homem<\/a><\/li>\n<li><a href=\"https:\/\/portal.unisepe.com.br\/fpbe\/wp-content\/uploads\/sites\/10008\/2023\/04\/Aromoterapia.pdf\">Aromoterapia<\/a><\/li>\n<li><a href=\"https:\/\/portal.unisepe.com.br\/fpbe\/wp-content\/uploads\/sites\/10008\/2023\/04\/Preven\u00e7\u00e3o-C\u00e2ncer-de-mama.pdf\">Preven\u00e7\u00e3o C\u00e2ncer de mama<\/a><\/li>\n<li><a href=\"https:\/\/portal.unisepe.com.br\/fpbe\/wp-content\/uploads\/sites\/10008\/2023\/04\/Medita\u00e7\u00e3o-e-Yoga.pdf\">Medita\u00e7\u00e3o e Yoga<\/a><\/li>\n<\/ul>\n<p>&nbsp;<\/p>\n<p><a href=\"https:\/\/portal.unisepe.com.br\/fpbe\/wp-content\/uploads\/sites\/10008\/2023\/04\/Saiba-mais-sobre-a-mamografia.jpeg\"><img loading=\"lazy\" decoding=\"async\" src=\"https:\/\/portal.unisepe.com.br\/fpbe\/wp-content\/uploads\/sites\/10008\/2023\/04\/Saiba-mais-sobre-a-mamografia.jpeg\" alt=\"\" width=\"652\" height=\"461\" class=\"aligncenter wp-image-4418\" srcset=\"https:\/\/portal.unisepe.com.br\/fpbe\/wp-content\/uploads\/sites\/10008\/2023\/04\/Saiba-mais-sobre-a-mamografia.jpeg 1280w, https:\/\/portal.unisepe.com.br\/fpbe\/wp-content\/uploads\/sites\/10008\/2023\/04\/Saiba-mais-sobre-a-mamografia-300x212.jpeg 300w, https:\/\/portal.unisepe.com.br\/fpbe\/wp-content\/uploads\/sites\/10008\/2023\/04\/Saiba-mais-sobre-a-mamografia-1024x723.jpeg 1024w, https:\/\/portal.unisepe.com.br\/fpbe\/wp-content\/uploads\/sites\/10008\/2023\/04\/Saiba-mais-sobre-a-mamografia-768x542.jpeg 768w\" sizes=\"auto, (max-width: 652px) 100vw, 652px\" \/><\/a><a href=\"https:\/\/portal.unisepe.com.br\/fpbe\/wp-content\/uploads\/sites\/10008\/2023\/04\/Medita\u00e7\u00e3o-e-Yoga.pdf\"><\/a><\/p>\n","protected":false},"excerpt":{"rendered":"<p>Orienta\u00e7\u00e3o postura para dormir Orienta\u00e7\u00e3o postura em casa Orienta\u00e7\u00e3o para o banheiro Orienta\u00e7\u00e3o postura para escrt\u00f3rio Cuidados com a sa\u00fade do homem Aromoterapia Preven\u00e7\u00e3o C\u00e2ncer de mama Medita\u00e7\u00e3o e Yoga &nbsp;<\/p>\n","protected":false},"author":6,"featured_media":0,"parent":417,"menu_order":12,"comment_status":"closed","ping_status":"closed","template":"templates\/template-pagina_menu_vertical.php","meta":{"footnotes":""},"categories":[],"tags":[],"class_list":["post-4249","page","type-page","status-publish","hentry"],"_links":{"self":[{"href":"https:\/\/portal.unisepe.com.br\/fpbe\/wp-json\/wp\/v2\/pages\/4249","targetHints":{"allow":["GET"]}}],"collection":[{"href":"https:\/\/portal.unisepe.com.br\/fpbe\/wp-json\/wp\/v2\/pages"}],"about":[{"href":"https:\/\/portal.unisepe.com.br\/fpbe\/wp-json\/wp\/v2\/types\/page"}],"author":[{"embeddable":true,"href":"https:\/\/portal.unisepe.com.br\/fpbe\/wp-json\/wp\/v2\/users\/6"}],"replies":[{"embeddable":true,"href":"https:\/\/portal.unisepe.com.br\/fpbe\/wp-json\/wp\/v2\/comments?post=4249"}],"version-history":[{"count":6,"href":"https:\/\/portal.unisepe.com.br\/fpbe\/wp-json\/wp\/v2\/pages\/4249\/revisions"}],"predecessor-version":[{"id":4422,"href":"https:\/\/portal.unisepe.com.br\/fpbe\/wp-json\/wp\/v2\/pages\/4249\/revisions\/4422"}],"up":[{"embeddable":true,"href":"https:\/\/portal.unisepe.com.br\/fpbe\/wp-json\/wp\/v2\/pages\/417"}],"wp:attachment":[{"href":"https:\/\/portal.unisepe.com.br\/fpbe\/wp-json\/wp\/v2\/media?parent=4249"}],"wp:term":[{"taxonomy":"category","embeddable":true,"href":"https:\/\/portal.unisepe.com.br\/fpbe\/wp-json\/wp\/v2\/categories?post=4249"},{"taxonomy":"post_tag","embeddable":true,"href":"https:\/\/portal.unisepe.com.br\/fpbe\/wp-json\/wp\/v2\/tags?post=4249"}],"curies":[{"name":"wp","href":"https:\/\/api.w.org\/{rel}","templated":true}]}}