{"id":4264,"date":"2023-04-12T17:57:56","date_gmt":"2023-04-12T20:57:56","guid":{"rendered":"https:\/\/portal.unisepe.com.br\/fpbe\/?page_id=4264"},"modified":"2023-04-12T18:07:17","modified_gmt":"2023-04-12T21:07:17","slug":"eventos","status":"publish","type":"page","link":"https:\/\/portal.unisepe.com.br\/fpbe\/fisioterapia\/eventos\/","title":{"rendered":"Eventos"},"content":{"rendered":"<p><a href=\"https:\/\/portal.unisepe.com.br\/fpbe\/wp-content\/uploads\/sites\/10008\/2023\/04\/Visita-t\u00e9cnica-Instituto-Neymar-2022.pdf\"><\/a><\/p>\n<ul>\n<li><a href=\"https:\/\/portal.unisepe.com.br\/fpbe\/wp-content\/uploads\/sites\/10008\/2023\/04\/Palestra-alimenta\u00e7\u00e3o-para-aumento-da-imunidade-2020.pdf\">Palestra alimenta\u00e7\u00e3o para aumento da imunidade &#8211; 2020<\/a><\/li>\n<li><a href=\"https:\/\/portal.unisepe.com.br\/fpbe\/wp-content\/uploads\/sites\/10008\/2023\/04\/Palestra-Controle-da-mente-na-pandemia-2020.pdf\">Palestra Controle da mente na pandemia &#8211; 2020<\/a><\/li>\n<li><a href=\"https:\/\/portal.unisepe.com.br\/fpbe\/wp-content\/uploads\/sites\/10008\/2023\/04\/Palestra-Uso-da-redes-sociais-para-qualidade-de-vida-2020.2.pdf\">Palestra Uso da redes sociais para qualidade de vida &#8211; 2020<\/a><\/li>\n<li><a href=\"https:\/\/portal.unisepe.com.br\/fpbe\/wp-content\/uploads\/sites\/10008\/2023\/04\/Palestra-Isolamento-sim-Sedentarismo-n\u00e3o-2021.pdf\">Palestra Isolamento sim, Sedentarismo n\u00e3o &#8211; 2021<\/a><\/li>\n<li><a href=\"https:\/\/portal.unisepe.com.br\/fpbe\/wp-content\/uploads\/sites\/10008\/2023\/04\/Eventos-do-Dia-da-Mulher-2021.1.pdf\">Eventos do Dia da Mulher &#8211; 2021<\/a><\/li>\n<li><a href=\"https:\/\/portal.unisepe.com.br\/fpbe\/wp-content\/uploads\/sites\/10008\/2023\/04\/Visita-t\u00e9cnica-museu-e-laborat\u00f3rio-de-anatomia-2022.1.pdf\">Visita t\u00e9cnica museu e laborat\u00f3rio de anatomia &#8211; 2022<\/a><\/li>\n<li><a href=\"https:\/\/portal.unisepe.com.br\/fpbe\/wp-content\/uploads\/sites\/10008\/2023\/04\/Visita-t\u00e9cnica-Instituto-Neymar-2022.pdf\">Visita t\u00e9cnica Instituto Neymar &#8211; 2022<\/a><\/li>\n<li><a href=\"https:\/\/portal.unisepe.com.br\/fpbe\/wp-content\/uploads\/sites\/10008\/2023\/04\/Visita-t\u00e9cnica-museu-e-laborat\u00f3rio-de-anatomia.pdf\">Visita t\u00e9cnica museu e laborat\u00f3rio de anatomia &#8211; 2022<\/a><\/li>\n<li><a href=\"https:\/\/portal.unisepe.com.br\/fpbe\/wp-content\/uploads\/sites\/10008\/2023\/04\/Campeonato-INTERESCOLAR-2022.2.pdf\">Campeonato INTERESCOLAR &#8211; 2022<\/a><\/li>\n<li><a href=\"https:\/\/portal.unisepe.com.br\/fpbe\/wp-content\/uploads\/sites\/10008\/2023\/04\/Curso-de-extens\u00e3o-de-auriculoterapia-2022.2.pdf\">Curso de extens\u00e3o de auriculoterapia &#8211; 2022<\/a><\/li>\n<li><a href=\"https:\/\/portal.unisepe.com.br\/fpbe\/wp-content\/uploads\/sites\/10008\/2023\/04\/Curso-de-primeiros-socorros-2022.2.pdf\">Curso de primeiros socorros &#8211; 2022<\/a><\/li>\n<li><a href=\"https:\/\/portal.unisepe.com.br\/fpbe\/wp-content\/uploads\/sites\/10008\/2023\/04\/Evento-Agita-Idoso-2022.2.pdf\">Evento Agita Idoso &#8211; 2022<\/a><\/li>\n<li><a href=\"https:\/\/portal.unisepe.com.br\/fpbe\/wp-content\/uploads\/sites\/10008\/2023\/04\/Evento-Dia-da-Dor-Cr\u00f4nica-e-Fibromialgia-2022.pdf\">Evento Dia da Dor Cr\u00f4nica e Fibromialgia &#8211; 2022<\/a><\/li>\n<li><a href=\"https:\/\/portal.unisepe.com.br\/fpbe\/wp-content\/uploads\/sites\/10008\/2023\/04\/Evento-Dia-do-Combate-a-obesidade-e-a-hipertens\u00e3o-2022.1.pdf\">Evento Dia do Combate a obesidade e a hipertens\u00e3o &#8211; 2022<\/a><\/li>\n<li><a href=\"https:\/\/portal.unisepe.com.br\/fpbe\/wp-content\/uploads\/sites\/10008\/2023\/04\/Evento-Dia-Mundial-da-Atividade-f\u00edsica-2022.1.pdf\">Evento Dia Mundial da Atividade f\u00edsica &#8211; 2022<\/a><\/li>\n<li><a href=\"https:\/\/portal.unisepe.com.br\/fpbe\/wp-content\/uploads\/sites\/10008\/2023\/04\/Eventos-do-Dia-da-Mulher-Palestra-empreendedorismo-2022.1.pdf\">Eventos do Dia da Mulher &#8211; Palestra empreendedorismo &#8211; 2022<\/a><\/li>\n<li><a href=\"https:\/\/portal.unisepe.com.br\/fpbe\/wp-content\/uploads\/sites\/10008\/2023\/04\/Palestra-Acessibilidade-2023.pdf\">Palestra Acessibilidade &#8211; 2023<\/a><\/li>\n<li><a href=\"https:\/\/portal.unisepe.com.br\/fpbe\/wp-content\/uploads\/sites\/10008\/2023\/04\/Palestra-dia-da-fisioterapia-2022.pdf\">Palestra dia da fisioterapia &#8211; 2022<\/a><\/li>\n<li><a href=\"https:\/\/portal.unisepe.com.br\/fpbe\/wp-content\/uploads\/sites\/10008\/2023\/04\/Palestra-Identidade-de-Genero-2022.pdf\">Palestra Identidade de Genero &#8211; 2022<\/a><\/li>\n<li><a href=\"https:\/\/portal.unisepe.com.br\/fpbe\/wp-content\/uploads\/sites\/10008\/2023\/04\/Palestra-Import\u00e2ncia-da-sa\u00fade-do-sistema-locomotor-2022.1.pdf\">Palestra Import\u00e2ncia da sa\u00fade do sistema locomotor &#8211; 2022<\/a><\/li>\n<li><a href=\"https:\/\/portal.unisepe.com.br\/fpbe\/wp-content\/uploads\/sites\/10008\/2023\/04\/Palestra-online-Prof-Dr-Uchida-2022.2.pdf\">Palestra online Prof Dr Uchida &#8211; 2022<\/a><\/li>\n<li><a href=\"https:\/\/portal.unisepe.com.br\/fpbe\/wp-content\/uploads\/sites\/10008\/2023\/04\/Palestra-sobre-Biotecnologia-2022.pdf\">Palestra sobre Biotecnologia &#8211; 2022<\/a><\/li>\n<li><a href=\"https:\/\/portal.unisepe.com.br\/fpbe\/wp-content\/uploads\/sites\/10008\/2023\/04\/Palestra-sobre-auxiliares-de-marcha-e-acessibilidade.pdf\">Palestra sobre auxiliares de marcha e acessibilidade &#8211; 2023<\/a><\/li>\n<li><a href=\"https:\/\/portal.unisepe.com.br\/fpbe\/wp-content\/uploads\/sites\/10008\/2023\/04\/Treinamento-alunos-est\u00e1gi\u00e1rios-2023.1.pdf\">Treinamento alunos est\u00e1gi\u00e1rios &#8211; 2023<\/a><\/li>\n<\/ul>\n","protected":false},"excerpt":{"rendered":"<p>Palestra alimenta\u00e7\u00e3o para aumento da imunidade &#8211; 2020 Palestra Controle da mente na pandemia &#8211; 2020 Palestra Uso da redes sociais para qualidade de vida &#8211; 2020 Palestra Isolamento sim, Sedentarismo n\u00e3o &#8211; 2021 Eventos do Dia da Mulher &#8211; 2021 Visita t\u00e9cnica museu e laborat\u00f3rio de anatomia &#8211; 2022<\/p>\n","protected":false},"author":6,"featured_media":0,"parent":417,"menu_order":11,"comment_status":"closed","ping_status":"closed","template":"templates\/template-pagina_menu_vertical.php","meta":{"footnotes":""},"categories":[],"tags":[],"class_list":["post-4264","page","type-page","status-publish","hentry"],"_links":{"self":[{"href":"https:\/\/portal.unisepe.com.br\/fpbe\/wp-json\/wp\/v2\/pages\/4264","targetHints":{"allow":["GET"]}}],"collection":[{"href":"https:\/\/portal.unisepe.com.br\/fpbe\/wp-json\/wp\/v2\/pages"}],"about":[{"href":"https:\/\/portal.unisepe.com.br\/fpbe\/wp-json\/wp\/v2\/types\/page"}],"author":[{"embeddable":true,"href":"https:\/\/portal.unisepe.com.br\/fpbe\/wp-json\/wp\/v2\/users\/6"}],"replies":[{"embeddable":true,"href":"https:\/\/portal.unisepe.com.br\/fpbe\/wp-json\/wp\/v2\/comments?post=4264"}],"version-history":[{"count":2,"href":"https:\/\/portal.unisepe.com.br\/fpbe\/wp-json\/wp\/v2\/pages\/4264\/revisions"}],"predecessor-version":[{"id":4290,"href":"https:\/\/portal.unisepe.com.br\/fpbe\/wp-json\/wp\/v2\/pages\/4264\/revisions\/4290"}],"up":[{"embeddable":true,"href":"https:\/\/portal.unisepe.com.br\/fpbe\/wp-json\/wp\/v2\/pages\/417"}],"wp:attachment":[{"href":"https:\/\/portal.unisepe.com.br\/fpbe\/wp-json\/wp\/v2\/media?parent=4264"}],"wp:term":[{"taxonomy":"category","embeddable":true,"href":"https:\/\/portal.unisepe.com.br\/fpbe\/wp-json\/wp\/v2\/categories?post=4264"},{"taxonomy":"post_tag","embeddable":true,"href":"https:\/\/portal.unisepe.com.br\/fpbe\/wp-json\/wp\/v2\/tags?post=4264"}],"curies":[{"name":"wp","href":"https:\/\/api.w.org\/{rel}","templated":true}]}}