{"id":4361,"date":"2023-04-19T20:22:35","date_gmt":"2023-04-19T23:22:35","guid":{"rendered":"https:\/\/portal.unisepe.com.br\/fpbe\/?page_id=4361"},"modified":"2023-04-19T20:22:35","modified_gmt":"2023-04-19T23:22:35","slug":"producao-academica-e-cientifica","status":"publish","type":"page","link":"https:\/\/portal.unisepe.com.br\/fpbe\/enfermagem\/producao-academica-e-cientifica\/","title":{"rendered":"Produ\u00e7\u00e3o Acad\u00eamica e Cient\u00edfica"},"content":{"rendered":"<ul>\n<li><a href=\"https:\/\/portal.unisepe.com.br\/fpbe\/wp-content\/uploads\/sites\/10008\/2023\/04\/EDITAL-2020-1.pdf\">EDITAL 2020<\/a><\/li>\n<li><a href=\"https:\/\/portal.unisepe.com.br\/fpbe\/wp-content\/uploads\/sites\/10008\/2023\/04\/EDITAL-2021-1.pdf\">EDITAL 2021<\/a><\/li>\n<li><a href=\"https:\/\/portal.unisepe.com.br\/fpbe\/wp-content\/uploads\/sites\/10008\/2023\/04\/EDITAL-2022-1.pdf\">EDITAL 2022<\/a><\/li>\n<li><a href=\"https:\/\/portal.unisepe.com.br\/fpbe\/wp-content\/uploads\/sites\/10008\/2023\/04\/Jornada-Cientifica-2021-1.pdf\">Jornada Cientifica 2021<\/a><\/li>\n<li><a href=\"https:\/\/portal.unisepe.com.br\/fpbe\/wp-content\/uploads\/sites\/10008\/2023\/04\/Jornada-Cient\u00edfica-e-Dia-da-ENFERMAGEM-2020.docx.pdf\">Jornada Cient\u00edfica e Dia da ENFERMAGEM 2020<\/a><\/li>\n<li><a href=\"https:\/\/portal.unisepe.com.br\/fpbe\/wp-content\/uploads\/sites\/10008\/2023\/04\/ANAIS_FPBE-2020.pdf\">ANAIS FPBE 2020<\/a><\/li>\n<li><a href=\"https:\/\/portal.unisepe.com.br\/fpbe\/wp-content\/uploads\/sites\/10008\/2023\/04\/Produ\u00e7\u00e3o-academica-Jornada-cientifica-2022.pdf\">Produ\u00e7\u00e3o academica Jornada-cientifica 2022<\/a><\/li>\n<\/ul>\n","protected":false},"excerpt":{"rendered":"<p>EDITAL 2020 EDITAL 2021 EDITAL 2022 Jornada Cientifica 2021 Jornada Cient\u00edfica e Dia da ENFERMAGEM 2020 ANAIS FPBE 2020 Produ\u00e7\u00e3o academica Jornada-cientifica 2022<\/p>\n","protected":false},"author":6,"featured_media":0,"parent":377,"menu_order":0,"comment_status":"closed","ping_status":"closed","template":"templates\/template-pagina_menu_vertical.php","meta":{"footnotes":""},"categories":[],"tags":[],"class_list":["post-4361","page","type-page","status-publish","hentry"],"_links":{"self":[{"href":"https:\/\/portal.unisepe.com.br\/fpbe\/wp-json\/wp\/v2\/pages\/4361","targetHints":{"allow":["GET"]}}],"collection":[{"href":"https:\/\/portal.unisepe.com.br\/fpbe\/wp-json\/wp\/v2\/pages"}],"about":[{"href":"https:\/\/portal.unisepe.com.br\/fpbe\/wp-json\/wp\/v2\/types\/page"}],"author":[{"embeddable":true,"href":"https:\/\/portal.unisepe.com.br\/fpbe\/wp-json\/wp\/v2\/users\/6"}],"replies":[{"embeddable":true,"href":"https:\/\/portal.unisepe.com.br\/fpbe\/wp-json\/wp\/v2\/comments?post=4361"}],"version-history":[{"count":1,"href":"https:\/\/portal.unisepe.com.br\/fpbe\/wp-json\/wp\/v2\/pages\/4361\/revisions"}],"predecessor-version":[{"id":4370,"href":"https:\/\/portal.unisepe.com.br\/fpbe\/wp-json\/wp\/v2\/pages\/4361\/revisions\/4370"}],"up":[{"embeddable":true,"href":"https:\/\/portal.unisepe.com.br\/fpbe\/wp-json\/wp\/v2\/pages\/377"}],"wp:attachment":[{"href":"https:\/\/portal.unisepe.com.br\/fpbe\/wp-json\/wp\/v2\/media?parent=4361"}],"wp:term":[{"taxonomy":"category","embeddable":true,"href":"https:\/\/portal.unisepe.com.br\/fpbe\/wp-json\/wp\/v2\/categories?post=4361"},{"taxonomy":"post_tag","embeddable":true,"href":"https:\/\/portal.unisepe.com.br\/fpbe\/wp-json\/wp\/v2\/tags?post=4361"}],"curies":[{"name":"wp","href":"https:\/\/api.w.org\/{rel}","templated":true}]}}