{"id":4376,"date":"2023-04-19T21:20:14","date_gmt":"2023-04-20T00:20:14","guid":{"rendered":"https:\/\/portal.unisepe.com.br\/fpbe\/?page_id=4376"},"modified":"2023-04-20T19:11:49","modified_gmt":"2023-04-20T22:11:49","slug":"projetos","status":"publish","type":"page","link":"https:\/\/portal.unisepe.com.br\/fpbe\/nrse\/projetos\/","title":{"rendered":"Projetos"},"content":{"rendered":"<ul>\n<li><a href=\"https:\/\/portal.unisepe.com.br\/fpbe\/wp-content\/uploads\/sites\/10008\/2023\/04\/PROJETO-COTA-PRE\u00c7OS-CA\u00c7ADORES-DO-PRE\u00c7O-JUSTO-2023.pdf\">PROJETO COTA PRE\u00c7OS CA\u00c7ADORES DO PRE\u00c7O JUSTO 2023<\/a><\/li>\n<\/ul>\n","protected":false},"excerpt":{"rendered":"<p>PROJETO COTA PRE\u00c7OS CA\u00c7ADORES DO PRE\u00c7O JUSTO 2023<\/p>\n","protected":false},"author":6,"featured_media":0,"parent":4030,"menu_order":0,"comment_status":"closed","ping_status":"closed","template":"templates\/template-pagina_menu_vertical.php","meta":{"footnotes":""},"categories":[],"tags":[],"class_list":["post-4376","page","type-page","status-publish","hentry"],"_links":{"self":[{"href":"https:\/\/portal.unisepe.com.br\/fpbe\/wp-json\/wp\/v2\/pages\/4376","targetHints":{"allow":["GET"]}}],"collection":[{"href":"https:\/\/portal.unisepe.com.br\/fpbe\/wp-json\/wp\/v2\/pages"}],"about":[{"href":"https:\/\/portal.unisepe.com.br\/fpbe\/wp-json\/wp\/v2\/types\/page"}],"author":[{"embeddable":true,"href":"https:\/\/portal.unisepe.com.br\/fpbe\/wp-json\/wp\/v2\/users\/6"}],"replies":[{"embeddable":true,"href":"https:\/\/portal.unisepe.com.br\/fpbe\/wp-json\/wp\/v2\/comments?post=4376"}],"version-history":[{"count":2,"href":"https:\/\/portal.unisepe.com.br\/fpbe\/wp-json\/wp\/v2\/pages\/4376\/revisions"}],"predecessor-version":[{"id":4380,"href":"https:\/\/portal.unisepe.com.br\/fpbe\/wp-json\/wp\/v2\/pages\/4376\/revisions\/4380"}],"up":[{"embeddable":true,"href":"https:\/\/portal.unisepe.com.br\/fpbe\/wp-json\/wp\/v2\/pages\/4030"}],"wp:attachment":[{"href":"https:\/\/portal.unisepe.com.br\/fpbe\/wp-json\/wp\/v2\/media?parent=4376"}],"wp:term":[{"taxonomy":"category","embeddable":true,"href":"https:\/\/portal.unisepe.com.br\/fpbe\/wp-json\/wp\/v2\/categories?post=4376"},{"taxonomy":"post_tag","embeddable":true,"href":"https:\/\/portal.unisepe.com.br\/fpbe\/wp-json\/wp\/v2\/tags?post=4376"}],"curies":[{"name":"wp","href":"https:\/\/api.w.org\/{rel}","templated":true}]}}