{"id":4428,"date":"2023-04-25T20:20:58","date_gmt":"2023-04-25T23:20:58","guid":{"rendered":"https:\/\/portal.unisepe.com.br\/fpbe\/?page_id=4428"},"modified":"2023-05-10T14:44:33","modified_gmt":"2023-05-10T17:44:33","slug":"fisioterapia-2-2","status":"publish","type":"page","link":"https:\/\/portal.unisepe.com.br\/fpbe\/links-cursos\/fisioterapia-2-2\/","title":{"rendered":"Fisioterapia"},"content":{"rendered":"<p><strong>REVISTAS DE LIVRE ACESSO FISIOTERAPIA<\/strong><\/p>\n<ul>\n<li><a href=\"https:\/\/www.scielo.br\/j\/aob\/\">Acta Ortop\u00e9dica Brasileira<\/a><\/li>\n<li><a href=\"https:\/\/www.scielo.br\/j\/cadbto\/\">Cadernos Brasileiros de Terapia Ocupacional<\/a><\/li>\n<li><a href=\"https:\/\/www.scielo.br\/j\/csp\/\">Cadernos de Sa\u00fade P\u00fablica<\/a><\/li>\n<li><a href=\"https:\/\/www.scielo.br\/j\/cadsc\/\">Cadernos Sa\u00fade Coletiva<\/a><\/li>\n<li><a href=\"https:\/\/chiromt.biomedcentral.com\/\">Chiropractic &amp; Manual Therapies<\/a><\/li>\n<li><a href=\"https:\/\/www.scielo.br\/j\/csc\/\">Ci\u00eancia &amp; Sa\u00fade Coletiva<\/a><\/li>\n<li><a href=\"http:\/\/periodicos.uem.br\/ojs\/index.php\/cienccuidsaude\/issue\/archive\">Ci\u00eancia, Cuidado &amp; Sa\u00fade<\/a><\/li>\n<li><a href=\"https:\/\/www.scielo.br\/j\/clin\/\">Clinica<\/a><\/li>\n<li><a href=\"https:\/\/www.scielo.br\/j\/eins\/\">Einstein (S\u00e3o Paulo)<\/a><\/li>\n<li><a href=\"https:\/\/seer.ufrgs.br\/index.php\/RevEnvelhecer\/about\">Estudos Interdisciplinares sobre o envelhecimento<\/a><\/li>\n<li><a href=\"https:\/\/convergenceseditorial.com.br\/index.php\/fisioterapiabrasil\/about\">Fisioterapia Brasil<\/a><\/li>\n<li><a href=\"https:\/\/www.scielo.br\/j\/fp\/\">Fisioterapia e Pesquisa<\/a><\/li>\n<li><a href=\"http:\/\/periodicos.ufc.br\/fisioterapiaesaudefuncional\/login?source=%2Ffisioterapiaesaudefuncional%2Fissue%2Fview%2F802\">Fisioterapia e Sa\u00fade Funcional<\/a><\/li>\n<li><a href=\"https:\/\/www.scielo.br\/j\/fm\/\">Fisioterapia em Movimento<\/a><\/li>\n<li><a href=\"https:\/\/www.scielo.br\/j\/ijcs\/\">International Journal of Cardiovascular Sciences<\/a><\/li>\n<li><a href=\"https:\/\/www.ijphy.org\/index.php\/journal\/about\">International Journal of Physiotherapy (IJPHY)<\/a><\/li>\n<li><a href=\"https:\/\/ijtmb.org\/index.php\/ijtmb\/index\">International Journal of Therapeutic Massage &amp; Bodywork (IJTMB) <\/a><\/li>\n<li><a href=\"https:\/\/www.ijmhr.org\/about-ijpr.html\">Jornal Internacional de Fisioterapia e Pesquisa<\/a><\/li>\n<li><a href=\"https:\/\/www.scielo.br\/j\/mioc\/\">Mem\u00f3rias do Instituto Oswaldo Cruz<\/a><\/li>\n<li><a href=\"https:\/\/periodicos.ufsc.br\/index.php\/motrivivencia\/issue\/archive\">Motriviv\u00eancia<\/a><\/li>\n<li><a href=\"https:\/\/www.revista.ueg.br\/index.php\/movimenta\">Movimenta<\/a><\/li>\n<li><a href=\"https:\/\/www.scielo.br\/j\/mov\/\">Movimento<\/a><\/li>\n<li><a href=\"http:\/\/seer.ufms.br\/index.php\/sameamb\/issue\/archive\">Resma<\/a><\/li>\n<li><a href=\"https:\/\/www.revistas.usp.br\/actafisiatrica\/about\">Revista <\/a><a href=\"https:\/\/www.revistas.usp.br\/actafisiatrica\/about\">Acta Fisi\u00e1trica<\/a><\/li>\n<li><a href=\"https:\/\/www.scielo.br\/j\/rbce\/\">Revista Brasileira de Ci\u00eancias do Esporte<\/a><\/li>\n<li><a href=\"https:\/\/www.scielo.br\/j\/rbcdh\/\">Revista Brasileira de Cineantropometria &amp; Desempenho Humano<\/a><\/li>\n<li><a href=\"https:\/\/www.scielo.br\/j\/rbort\/\">Revista Brasileira de Ortopedia<\/a><\/li>\n<li><a href=\"http:\/\/www.rbpfex.com.br\/index.php\/rbpfex\/issue\/archive\">Revista Brasileira de Prescri\u00e7\u00e3o e Fisiologia do Exerc\u00edcio<\/a><\/li>\n<li><a href=\"http:\/\/www.rbpfex.com.br\/index.php\/rbpfex\/about\">Revista Brasileira de Prescri\u00e7\u00e3o e Fisiologia do Exerc\u00ed\u00adcio (RBPFEX) <\/a><\/li>\n<li><a href=\"https:\/\/www.scielo.br\/j\/rbso\/\">Revista Brasileira de Sa\u00fade Ocupacional<\/a><\/li>\n<li><a href=\"http:\/\/revista.redeunida.org.br\/ojs\/index.php\/cadernos-educacao-saude-fisioter\/issue\/archive\">Revista Caderno de Educa\u00e7\u00e3o, Sa\u00fade e Fisioterapia<\/a><\/li>\n<li><a href=\"https:\/\/revistas.pucsp.br\/index.php\/rfcms\/issue\/archive\">Revista da Faculdade de Ci\u00eancias M\u00e9dicas de Sorocaba<\/a><\/li>\n<li><a href=\"https:\/\/www.sciencedirect.com\/journal\/journal-of-physiotherapy\">Revista de Fisioterapia<\/a><\/li>\n<li><a href=\"https:\/\/www.scielo.br\/j\/rsp\/\">Revista de Sa\u00fade P\u00fablica<\/a><\/li>\n<li><a href=\"http:\/\/revista.fct.unesp.br\/index.php\/fisiounesp\/issue\/archive\">Revista Eletr\u00f4nica de Fisioterapia da FCT &#8211; UNESP<\/a><\/li>\n<li><a href=\"http:\/\/revistams.inspirar.com.br\/\">Revista Inspirar \u2013 Movimento &amp; Sa\u00fade<\/a><\/li>\n<li><a href=\"https:\/\/www5.bahiana.edu.br\/index.php\/fisioterapia\/issue\/archive\">Revista Pesquisa em Fisioterapia<\/a><\/li>\n<li><a href=\"https:\/\/www.mtprehabjournal.com\/revista\/about\">Revista Terapia Manual<\/a><\/li>\n<li><a href=\"http:\/\/periodicos.unicesumar.edu.br\/index.php\/saudpesq\/issue\/archive\">Sa\u00fade e Pesquisa<\/a><\/li>\n<li><a href=\"http:\/\/www.uel.br\/revistas\/uel\/index.php\/seminabio\/issue\/archive\">Semina: Ci\u00eancias Biol\u00f3gicas e da Sa\u00fade<\/a><\/li>\n<li><a href=\"https:\/\/www.scielo.br\/j\/tes\/\">Trabalho, Educa\u00e7\u00e3o e Sa\u00fade<\/a><br \/>\n<hr \/>\n<\/li>\n<\/ul>\n<p><strong>ASSOCIA\u00c7\u00d5ES E \u00d3RG\u00c3OS DE CLASSE<\/strong><\/p>\n<ul>\n<li><a href=\"https:\/\/www.abrasco.org.br\/site\/\"><strong>ABRASCO<\/strong> \u2013 Associa\u00e7\u00e3o Brasileira de P\u00f3s Gradua\u00e7\u00e3o em Sa\u00fade Coletiva<\/a><\/li>\n<li><a href=\"https:\/\/assobrafir.com.br\/\"><strong>ASSOBRAFIR<\/strong> \u2013 Associa\u00e7\u00e3o Brasileira de Fisioterapia Cardiorrespirat\u00f3ria e Fisioterapia em Terapia Intensiva.<\/a><\/li>\n<li><a href=\"https:\/\/www.coffito.gov.br\/nsite\/\"><strong>COFFITO<\/strong> \u2013 Conselho Federal de Fisioterapia e Terapia Ocupacional<\/a><\/li>\n<li><a href=\"https:\/\/www.coffito.gov.br\/nsite\/?page_id=51\"><strong>CREFITO-2 <\/strong>\u2013 Conselho Regional de Fisioterapia e Terapia Ocupacional da 2\u00aa Regi\u00e3o<\/a><\/li>\n<li><a href=\"https:\/\/www.fenafito.com.br\/\"><strong>FENAFITO<\/strong> \u2013 Federa\u00e7\u00e3o Nacional dos Fisioterapeutas e Terapeutas Ocupacionais<\/a><\/li>\n<li><a href=\"https:\/\/www.coffito.gov.br\/nsite\/?page_id=2346\"><strong>C\u00d3DIGO DE \u00c9TICA<\/strong><\/a><\/li>\n<\/ul>\n","protected":false},"excerpt":{"rendered":"<p>REVISTAS DE LIVRE ACESSO FISIOTERAPIA Acta Ortop\u00e9dica Brasileira Cadernos Brasileiros de Terapia Ocupacional Cadernos de Sa\u00fade P\u00fablica Cadernos Sa\u00fade Coletiva Chiropractic &amp; Manual Therapies Ci\u00eancia &amp; Sa\u00fade Coletiva Ci\u00eancia, Cuidado &amp; Sa\u00fade Clinica Einstein (S\u00e3o Paulo) Estudos Interdisciplinares sobre o envelhecimento Fisioterapia Brasil Fisioterapia e Pesquisa Fisioterapia e Sa\u00fade Funcional<\/p>\n","protected":false},"author":6,"featured_media":0,"parent":2367,"menu_order":0,"comment_status":"closed","ping_status":"closed","template":"","meta":{"footnotes":""},"categories":[],"tags":[],"class_list":["post-4428","page","type-page","status-publish","hentry"],"_links":{"self":[{"href":"https:\/\/portal.unisepe.com.br\/fpbe\/wp-json\/wp\/v2\/pages\/4428","targetHints":{"allow":["GET"]}}],"collection":[{"href":"https:\/\/portal.unisepe.com.br\/fpbe\/wp-json\/wp\/v2\/pages"}],"about":[{"href":"https:\/\/portal.unisepe.com.br\/fpbe\/wp-json\/wp\/v2\/types\/page"}],"author":[{"embeddable":true,"href":"https:\/\/portal.unisepe.com.br\/fpbe\/wp-json\/wp\/v2\/users\/6"}],"replies":[{"embeddable":true,"href":"https:\/\/portal.unisepe.com.br\/fpbe\/wp-json\/wp\/v2\/comments?post=4428"}],"version-history":[{"count":9,"href":"https:\/\/portal.unisepe.com.br\/fpbe\/wp-json\/wp\/v2\/pages\/4428\/revisions"}],"predecessor-version":[{"id":4465,"href":"https:\/\/portal.unisepe.com.br\/fpbe\/wp-json\/wp\/v2\/pages\/4428\/revisions\/4465"}],"up":[{"embeddable":true,"href":"https:\/\/portal.unisepe.com.br\/fpbe\/wp-json\/wp\/v2\/pages\/2367"}],"wp:attachment":[{"href":"https:\/\/portal.unisepe.com.br\/fpbe\/wp-json\/wp\/v2\/media?parent=4428"}],"wp:term":[{"taxonomy":"category","embeddable":true,"href":"https:\/\/portal.unisepe.com.br\/fpbe\/wp-json\/wp\/v2\/categories?post=4428"},{"taxonomy":"post_tag","embeddable":true,"href":"https:\/\/portal.unisepe.com.br\/fpbe\/wp-json\/wp\/v2\/tags?post=4428"}],"curies":[{"name":"wp","href":"https:\/\/api.w.org\/{rel}","templated":true}]}}