{"id":4524,"date":"2023-06-14T11:11:28","date_gmt":"2023-06-14T14:11:28","guid":{"rendered":"https:\/\/portal.unisepe.com.br\/fpbe\/?page_id=4524"},"modified":"2023-06-14T11:11:28","modified_gmt":"2023-06-14T14:11:28","slug":"repositorio-de-enfermagem-2022","status":"publish","type":"page","link":"https:\/\/portal.unisepe.com.br\/fpbe\/repositorio-de-enfermagem-2022\/","title":{"rendered":"Reposit\u00f3rio De Enfermagem 2022"},"content":{"rendered":"<ul>\n<li><a href=\"https:\/\/portal.unisepe.com.br\/fpbe\/wp-content\/uploads\/sites\/10008\/2023\/06\/A-IMPORT\u00c2NCIA-DO-ENFERMEIRO-NAS-UNIDADES-DE-ESF.pdf\">A IMPORT\u00c2NCIA DO ENFERMEIRO NAS UNIDADES DE ESF<\/a><\/li>\n<li><a href=\"https:\/\/portal.unisepe.com.br\/fpbe\/wp-content\/uploads\/sites\/10008\/2023\/06\/A-INCORPORA\u00c7\u00c3O-DA-TERAPIA-ASSISTIDA-POR-ANIMAIS-\u00c0-PR\u00c1TICA-DE.pdf\">A INCORPORA\u00c7\u00c3O DA TERAPIA ASSISTIDA POR ANIMAIS \u00c0 PR\u00c1TICA DE<\/a><\/li>\n<li><a href=\"https:\/\/portal.unisepe.com.br\/fpbe\/wp-content\/uploads\/sites\/10008\/2023\/06\/AN\u00c1LISE-DA-VIV\u00caNCIA-DA-PESSOA-AUTISTA-EM-AMBIENTES-DE-SA\u00daDE.pdf\">AN\u00c1LISE DA VIV\u00caNCIA DA PESSOA AUTISTA EM AMBIENTES DE SA\u00daDE<\/a><\/li>\n<li><a href=\"https:\/\/portal.unisepe.com.br\/fpbe\/wp-content\/uploads\/sites\/10008\/2023\/06\/A-PERCEP\u00c7\u00c3O-MATERNA-DO-CONTATO-PELE-A-PELE-NA-CHAMADA-HORA.pdf\">A PERCEP\u00c7\u00c3O MATERNA DO CONTATO PELE A PELE NA CHAMADA HORA<\/a><\/li>\n<li><a href=\"https:\/\/portal.unisepe.com.br\/fpbe\/wp-content\/uploads\/sites\/10008\/2023\/06\/COVID-19-SEQUELAS-E-COMPLICA\u00c7\u00d5ES-estudo-dirigido-aos-profissionais-da.pdf\">COVID-19 SEQUELAS E COMPLICA\u00c7\u00d5ES estudo dirigido aos profissionais da<\/a><\/li>\n<li><a href=\"https:\/\/portal.unisepe.com.br\/fpbe\/wp-content\/uploads\/sites\/10008\/2023\/06\/AVALIA\u00c7\u00c3O-DE-COBERTURA-VACINAL-DA-ROTAV\u00cdRUS-EM.pdf\">AVALIA\u00c7\u00c3O DE COBERTURA VACINAL DA ROTAV\u00cdRUS EM<\/a><\/li>\n<li><a href=\"https:\/\/portal.unisepe.com.br\/fpbe\/wp-content\/uploads\/sites\/10008\/2023\/06\/GRAU-DE-CONHECIMENTO-DOS-PROFISSIONAIS-DE.pdf\">GRAU DE CONHECIMENTO DOS PROFISSIONAIS DE<\/a><\/li>\n<li><a href=\"https:\/\/portal.unisepe.com.br\/fpbe\/wp-content\/uploads\/sites\/10008\/2023\/06\/IAM-NO-P\u00d3S-MENOPAUSA.pdf\">IAM NO P\u00d3S-MENOPAUSA<\/a><\/li>\n<li><a href=\"https:\/\/portal.unisepe.com.br\/fpbe\/wp-content\/uploads\/sites\/10008\/2023\/06\/IMPACTO-DA-PANDEMIA-COVID-19-NOS-SINTOMAS-DOS-TRANSTORNOS.pdf\">IMPACTO DA PANDEMIA COVID-19 NOS SINTOMAS DOS TRANSTORNOS<\/a><\/li>\n<li><a href=\"https:\/\/portal.unisepe.com.br\/fpbe\/wp-content\/uploads\/sites\/10008\/2023\/06\/PREVAL\u00caNCIA-DAS-DOEN\u00c7AS-ERGON\u00d4MICAS-RELACIONADO-AOS-PROFISSIONAIS-DE-ENFERMAGEM-NO-MUNIC\u00cdPIO-DE-ITANHA\u00c9M.pdf\">PREVAL\u00caNCIA DAS DOEN\u00c7AS ERGON\u00d4MICAS RELACIONADO AOS PROFISSIONAIS DE ENFERMAGEM NO MUNIC\u00cdPIO DE ITANHA\u00c9M<\/a><\/li>\n<li><a href=\"https:\/\/portal.unisepe.com.br\/fpbe\/wp-content\/uploads\/sites\/10008\/2023\/06\/MATRIZ-CURRICULAR-ENFERMAGEM-20201-1.pdf\">MATRIZ CURRICULAR ENFERMAGEM 20201<\/a><\/li>\n<\/ul>\n","protected":false},"excerpt":{"rendered":"<p>A IMPORT\u00c2NCIA DO ENFERMEIRO NAS UNIDADES DE ESF A INCORPORA\u00c7\u00c3O DA TERAPIA ASSISTIDA POR ANIMAIS \u00c0 PR\u00c1TICA DE AN\u00c1LISE DA VIV\u00caNCIA DA PESSOA AUTISTA EM AMBIENTES DE SA\u00daDE A PERCEP\u00c7\u00c3O MATERNA DO CONTATO PELE A PELE NA CHAMADA HORA COVID-19 SEQUELAS E COMPLICA\u00c7\u00d5ES estudo dirigido aos profissionais da AVALIA\u00c7\u00c3O DE<\/p>\n","protected":false},"author":6,"featured_media":0,"parent":0,"menu_order":0,"comment_status":"closed","ping_status":"closed","template":"","meta":{"footnotes":""},"categories":[],"tags":[],"class_list":["post-4524","page","type-page","status-publish","hentry"],"_links":{"self":[{"href":"https:\/\/portal.unisepe.com.br\/fpbe\/wp-json\/wp\/v2\/pages\/4524","targetHints":{"allow":["GET"]}}],"collection":[{"href":"https:\/\/portal.unisepe.com.br\/fpbe\/wp-json\/wp\/v2\/pages"}],"about":[{"href":"https:\/\/portal.unisepe.com.br\/fpbe\/wp-json\/wp\/v2\/types\/page"}],"author":[{"embeddable":true,"href":"https:\/\/portal.unisepe.com.br\/fpbe\/wp-json\/wp\/v2\/users\/6"}],"replies":[{"embeddable":true,"href":"https:\/\/portal.unisepe.com.br\/fpbe\/wp-json\/wp\/v2\/comments?post=4524"}],"version-history":[{"count":1,"href":"https:\/\/portal.unisepe.com.br\/fpbe\/wp-json\/wp\/v2\/pages\/4524\/revisions"}],"predecessor-version":[{"id":4525,"href":"https:\/\/portal.unisepe.com.br\/fpbe\/wp-json\/wp\/v2\/pages\/4524\/revisions\/4525"}],"wp:attachment":[{"href":"https:\/\/portal.unisepe.com.br\/fpbe\/wp-json\/wp\/v2\/media?parent=4524"}],"wp:term":[{"taxonomy":"category","embeddable":true,"href":"https:\/\/portal.unisepe.com.br\/fpbe\/wp-json\/wp\/v2\/categories?post=4524"},{"taxonomy":"post_tag","embeddable":true,"href":"https:\/\/portal.unisepe.com.br\/fpbe\/wp-json\/wp\/v2\/tags?post=4524"}],"curies":[{"name":"wp","href":"https:\/\/api.w.org\/{rel}","templated":true}]}}