{"id":4527,"date":"2023-06-14T11:33:47","date_gmt":"2023-06-14T14:33:47","guid":{"rendered":"https:\/\/portal.unisepe.com.br\/fpbe\/?page_id=4527"},"modified":"2023-06-14T11:40:05","modified_gmt":"2023-06-14T14:40:05","slug":"repositorio-de-enfermagem-2021","status":"publish","type":"page","link":"https:\/\/portal.unisepe.com.br\/fpbe\/repositorio-de-enfermagem-2021\/","title":{"rendered":"Reposit\u00f3rio de Enfermagem 2021"},"content":{"rendered":"<ul>\n<li><a href=\"https:\/\/portal.unisepe.com.br\/fpbe\/wp-content\/uploads\/sites\/10008\/2023\/06\/COVID-19-EM-PERU\u00cdBE.pdf\">COVID-19 EM PERU\u00cdBE<\/a><\/li>\n<li><a href=\"https:\/\/portal.unisepe.com.br\/fpbe\/wp-content\/uploads\/sites\/10008\/2023\/06\/ATENDIMENTO-A-VITIMA-DE-VIOLENCIA-SEXUAL.pdf\">ATENDIMENTO A VITIMA DE VIOLENCIA SEXUAL<\/a><\/li>\n<li><a href=\"https:\/\/portal.unisepe.com.br\/fpbe\/wp-content\/uploads\/sites\/10008\/2023\/06\/BENEFICIOS-DA-MUSICOTERAPIA.pdf\">BENEFICIOS DA MUSICOTERAPIA<\/a><\/li>\n<li><a href=\"https:\/\/portal.unisepe.com.br\/fpbe\/wp-content\/uploads\/sites\/10008\/2023\/06\/A-INTERNET-O-IMPACTO-NA-SA\u00daDE-MENTAL-DOS-ADOLESCENTES.pdf\">A INTERNET &#8211; O IMPACTO NA SA\u00daDE MENTAL DOS ADOLESCENTES<\/a><\/li>\n<li><a href=\"https:\/\/portal.unisepe.com.br\/fpbe\/wp-content\/uploads\/sites\/10008\/2023\/06\/A-equipe-de-enfermagem-frente-a-dor-do-rec\u00e9m-nascido-na-UTI-neonatal-e-m\u00e9todo-n\u00e3o.pdf\">A EQUIPE DE ENFERMAGEM FRENTE A DOR DO REC\u00c9M-NASCIDO NA UTI NEONATAL<\/a><\/li>\n<li><a href=\"https:\/\/portal.unisepe.com.br\/fpbe\/wp-content\/uploads\/sites\/10008\/2023\/06\/PRATICAS-DE-HUMANIZA\u00c7\u00c3O-PARA-O-IDOSO.pdf\"><\/a><a href=\"https:\/\/portal.unisepe.com.br\/fpbe\/wp-content\/uploads\/sites\/10008\/2023\/06\/PRATICAS-DE-HUMANIZA\u00c7\u00c3O-PARA-O-IDOSO.pdf\">PRATICAS DE HUMANIZA\u00c7\u00c3O PARA O IDOSO<\/a><\/li>\n<li><a href=\"https:\/\/portal.unisepe.com.br\/fpbe\/wp-content\/uploads\/sites\/10008\/2023\/06\/PERCEP\u00c7\u00d5ES-DOS-ENFERMEIROS-NA-IMPLEMENTA\u00c7\u00c3O-DA-SAE-EM-SA\u00daDE-DA-MULHER.pdf\">PERCEP\u00c7\u00d5ES DOS ENFERMEIROS NA IMPLEMENTA\u00c7\u00c3O DA SAE EM SA\u00daDE DA MULHER<\/a><\/li>\n<li><a href=\"https:\/\/portal.unisepe.com.br\/fpbe\/wp-content\/uploads\/sites\/10008\/2023\/06\/O-PAPEL-DO-ENFERMEIRO-NAS-A\u00c7\u00d5ES-DE-PROMO\u00c7\u00c3O-\u00c0-SA\u00daDE-DO.pdf\">O PAPEL DO ENFERMEIRO NAS A\u00c7\u00d5ES DE PROMO\u00c7\u00c3O \u00c0 SA\u00daDE DO<\/a><\/li>\n<li><a href=\"https:\/\/portal.unisepe.com.br\/fpbe\/wp-content\/uploads\/sites\/10008\/2023\/06\/PERCEP\u00c7\u00c3O-DOS-PAIS-FRENTE-\u00c0-ASSIST\u00caNCIA-DE-ENFERMAGEM-AS.pdf\">PERCEP\u00c7\u00c3O DOS PAIS FRENTE \u00c0 ASSIST\u00caNCIA DE ENFERMAGEM AS<\/a><\/li>\n<li><a href=\"https:\/\/portal.unisepe.com.br\/fpbe\/wp-content\/uploads\/sites\/10008\/2023\/06\/O-Papel-do-Enfermeiro-em-Parada-Cardiorrespiratoria-Concluido-PDF.pdf\">O PAPEL DO ENFERMEIRO EM PARADA CARDIORRESPIRATORIA &#8211; CONCLUIDO PDF<\/a><\/li>\n<li><a href=\"https:\/\/portal.unisepe.com.br\/fpbe\/wp-content\/uploads\/sites\/10008\/2023\/06\/O-COMPORTAMMENTO-DOS-IDOSOS.pdf\">O COMPORTAMMENTO DOS IDOSOS<\/a><\/li>\n<li><a href=\"https:\/\/portal.unisepe.com.br\/fpbe\/wp-content\/uploads\/sites\/10008\/2023\/06\/GRAVIDEZ-NA-ADOLESCENCIA-.pdf\">GRAVIDEZ NA ADOLESCENCIA<\/a><\/li>\n<\/ul>\n","protected":false},"excerpt":{"rendered":"<p>COVID-19 EM PERU\u00cdBE ATENDIMENTO A VITIMA DE VIOLENCIA SEXUAL BENEFICIOS DA MUSICOTERAPIA A INTERNET &#8211; O IMPACTO NA SA\u00daDE MENTAL DOS ADOLESCENTES A EQUIPE DE ENFERMAGEM FRENTE A DOR DO REC\u00c9M-NASCIDO NA UTI NEONATAL PRATICAS DE HUMANIZA\u00c7\u00c3O PARA O IDOSO PERCEP\u00c7\u00d5ES DOS ENFERMEIROS NA IMPLEMENTA\u00c7\u00c3O DA SAE EM SA\u00daDE DA<\/p>\n","protected":false},"author":6,"featured_media":0,"parent":0,"menu_order":0,"comment_status":"closed","ping_status":"closed","template":"","meta":{"footnotes":""},"categories":[],"tags":[],"class_list":["post-4527","page","type-page","status-publish","hentry"],"_links":{"self":[{"href":"https:\/\/portal.unisepe.com.br\/fpbe\/wp-json\/wp\/v2\/pages\/4527","targetHints":{"allow":["GET"]}}],"collection":[{"href":"https:\/\/portal.unisepe.com.br\/fpbe\/wp-json\/wp\/v2\/pages"}],"about":[{"href":"https:\/\/portal.unisepe.com.br\/fpbe\/wp-json\/wp\/v2\/types\/page"}],"author":[{"embeddable":true,"href":"https:\/\/portal.unisepe.com.br\/fpbe\/wp-json\/wp\/v2\/users\/6"}],"replies":[{"embeddable":true,"href":"https:\/\/portal.unisepe.com.br\/fpbe\/wp-json\/wp\/v2\/comments?post=4527"}],"version-history":[{"count":3,"href":"https:\/\/portal.unisepe.com.br\/fpbe\/wp-json\/wp\/v2\/pages\/4527\/revisions"}],"predecessor-version":[{"id":4543,"href":"https:\/\/portal.unisepe.com.br\/fpbe\/wp-json\/wp\/v2\/pages\/4527\/revisions\/4543"}],"wp:attachment":[{"href":"https:\/\/portal.unisepe.com.br\/fpbe\/wp-json\/wp\/v2\/media?parent=4527"}],"wp:term":[{"taxonomy":"category","embeddable":true,"href":"https:\/\/portal.unisepe.com.br\/fpbe\/wp-json\/wp\/v2\/categories?post=4527"},{"taxonomy":"post_tag","embeddable":true,"href":"https:\/\/portal.unisepe.com.br\/fpbe\/wp-json\/wp\/v2\/tags?post=4527"}],"curies":[{"name":"wp","href":"https:\/\/api.w.org\/{rel}","templated":true}]}}