{"id":4702,"date":"2024-02-15T18:05:41","date_gmt":"2024-02-15T21:05:41","guid":{"rendered":"https:\/\/portal.unisepe.com.br\/fpbe\/?page_id=4702"},"modified":"2024-02-15T18:06:19","modified_gmt":"2024-02-15T21:06:19","slug":"repositorio-do-curso-de-educacao-fisica-2023","status":"publish","type":"page","link":"https:\/\/portal.unisepe.com.br\/fpbe\/repositorio-do-curso-de-educacao-fisica-2023\/","title":{"rendered":"Reposit\u00f3rio do curso de Educa\u00e7\u00e3o F\u00edsica 2023"},"content":{"rendered":"<ul>\n<li><a href=\"https:\/\/portal.unisepe.com.br\/fpbe\/wp-content\/uploads\/sites\/10008\/2024\/01\/QUALIDADE-DE-VIDA-DAS-MULHERES-QUE-PRATICAM-DAN%C3%87A.pdf\">QUALIDADE DE VIDA DAS MULHERES QUE PRATICAM DAN\u00c7A\u00a0 Educa\u00e7\u00e3o Fis\u00edca 2023<\/a><\/li>\n<li><a href=\"https:\/\/portal.unisepe.com.br\/fpbe\/wp-content\/uploads\/sites\/10008\/2024\/01\/CORRELA%C3%87%C3%83O-ENTRE-%C3%8DNDICES-DE-ABSENTE%C3%8DSMO-E-GIN%C3%81STICA-LABORAL-Rev.01.pdf\">CORRELA\u00c7\u00c3O ENTRE \u00cdNDICES DE ABSENTE\u00cdSMO E GIN\u00c1STICA LABORAL Educa\u00e7\u00e3o Fis\u00edca 2023<\/a><\/li>\n<\/ul>\n","protected":false},"excerpt":{"rendered":"<p>QUALIDADE DE VIDA DAS MULHERES QUE PRATICAM DAN\u00c7A\u00a0 Educa\u00e7\u00e3o Fis\u00edca 2023 CORRELA\u00c7\u00c3O ENTRE \u00cdNDICES DE ABSENTE\u00cdSMO E GIN\u00c1STICA LABORAL Educa\u00e7\u00e3o Fis\u00edca 2023<\/p>\n","protected":false},"author":6,"featured_media":0,"parent":0,"menu_order":0,"comment_status":"closed","ping_status":"closed","template":"","meta":{"footnotes":""},"categories":[],"tags":[],"class_list":["post-4702","page","type-page","status-publish","hentry"],"_links":{"self":[{"href":"https:\/\/portal.unisepe.com.br\/fpbe\/wp-json\/wp\/v2\/pages\/4702","targetHints":{"allow":["GET"]}}],"collection":[{"href":"https:\/\/portal.unisepe.com.br\/fpbe\/wp-json\/wp\/v2\/pages"}],"about":[{"href":"https:\/\/portal.unisepe.com.br\/fpbe\/wp-json\/wp\/v2\/types\/page"}],"author":[{"embeddable":true,"href":"https:\/\/portal.unisepe.com.br\/fpbe\/wp-json\/wp\/v2\/users\/6"}],"replies":[{"embeddable":true,"href":"https:\/\/portal.unisepe.com.br\/fpbe\/wp-json\/wp\/v2\/comments?post=4702"}],"version-history":[{"count":1,"href":"https:\/\/portal.unisepe.com.br\/fpbe\/wp-json\/wp\/v2\/pages\/4702\/revisions"}],"predecessor-version":[{"id":4703,"href":"https:\/\/portal.unisepe.com.br\/fpbe\/wp-json\/wp\/v2\/pages\/4702\/revisions\/4703"}],"wp:attachment":[{"href":"https:\/\/portal.unisepe.com.br\/fpbe\/wp-json\/wp\/v2\/media?parent=4702"}],"wp:term":[{"taxonomy":"category","embeddable":true,"href":"https:\/\/portal.unisepe.com.br\/fpbe\/wp-json\/wp\/v2\/categories?post=4702"},{"taxonomy":"post_tag","embeddable":true,"href":"https:\/\/portal.unisepe.com.br\/fpbe\/wp-json\/wp\/v2\/tags?post=4702"}],"curies":[{"name":"wp","href":"https:\/\/api.w.org\/{rel}","templated":true}]}}