{"id":4705,"date":"2024-02-15T18:12:44","date_gmt":"2024-02-15T21:12:44","guid":{"rendered":"https:\/\/portal.unisepe.com.br\/fpbe\/?page_id=4705"},"modified":"2024-02-15T18:12:44","modified_gmt":"2024-02-15T21:12:44","slug":"repositorio-de-fisioterapia-2023","status":"publish","type":"page","link":"https:\/\/portal.unisepe.com.br\/fpbe\/repositorio-de-fisioterapia-2023\/","title":{"rendered":"Reposit\u00f3rio De Fisioterapia 2023"},"content":{"rendered":"<ul>\n<li><a href=\"https:\/\/portal.unisepe.com.br\/fpbe\/wp-content\/uploads\/sites\/10008\/2024\/01\/ESTUDO-DE-CASO-PROCESSO-DE-REABILITA%C3%87%C3%83O-DE-UMA-PACIENTE-AMPUTADO-E-PROTETIZADO.pdf\">Estudo de caso \u2013 processo de reabilita\u00e7\u00e3o de uma paciente amputado e protetizado<\/a><\/li>\n<li><a href=\"https:\/\/portal.unisepe.com.br\/fpbe\/wp-content\/uploads\/sites\/10008\/2024\/01\/EFEITOS-DO-TRATAMENTO-FISIOTERAP%C3%8AUTICO-NAS-SEQUELAS-DO-AVE.pdf\">Efeitos do tratamento fisioterap\u00eautico nas sequelas do ave<\/a><\/li>\n<li><a href=\"https:\/\/portal.unisepe.com.br\/fpbe\/wp-content\/uploads\/sites\/10008\/2024\/01\/EFEITO-DA-DAN%C3%87A-REABILITA%C3%87%C3%83O-DE-FORMA-ONLINE-NO-TRATAMENTO-DE-MULHERES-COM-FIBROMIALGIA.pdf\">Efeito da dan\u00e7a reabilita\u00e7\u00e3o de forma online no tratamento de mulheres com fibromialgia<\/a><\/li>\n<li><a href=\"https:\/\/portal.unisepe.com.br\/fpbe\/wp-content\/uploads\/sites\/10008\/2024\/01\/A-IMPORTANCIA-DA-ERGONOMIA-ESCOLAR-E-A-CONSCIENTIZA%C3%87%C3%83O-SOBRE-A-POSTURA-CORRETA-DOS-ALUNOS.pdf\">A importancia da ergonomia escolar e a conscientiza\u00e7\u00e3o sobre a postura correta dos alunos<\/a><\/li>\n<li><a href=\"https:\/\/portal.unisepe.com.br\/fpbe\/wp-content\/uploads\/sites\/10008\/2024\/01\/TELECONSULTA-VOLTADA-PARA-A-%C3%81REA-DA-FISIOTERAPIA.pdf\">Teleconsulta voltada para a \u00e1rea da fisioterapia<\/a><\/li>\n<li><a href=\"https:\/\/portal.unisepe.com.br\/fpbe\/wp-content\/uploads\/sites\/10008\/2024\/01\/PREVAL%C3%8ANCIA-DE-DORES-NA-COLUNA-VERTEBRAL-EM-TRABALHADORES-EM-MODELO-HOME-OFFICE-DA-%C3%81REA-DE-T.I-.docx.pdf\">Preval\u00eancia de dores na coluna vertebral em trabalhadores em modelo home-office da \u00e1rea de t.I<\/a><\/li>\n<li><a href=\"https:\/\/portal.unisepe.com.br\/fpbe\/wp-content\/uploads\/sites\/10008\/2024\/01\/OS-MOTIVOS-QUE-LEVAM-O-HOMEM-A-PROCURAR-O-SISTEMA-DE-SA%C3%9ADE.pdf\">Os motivos que levam o homem a procurar o sistema de sa\u00fade<\/a><\/li>\n<li><a href=\"https:\/\/portal.unisepe.com.br\/fpbe\/wp-content\/uploads\/sites\/10008\/2024\/01\/IMPLANTA%C3%87%C3%83O-DE-UM-AMBULAT%C3%93RIO-DE-ESTIMULA%C3%87%C3%83O-PRECOCE-PARA-M%C3%9ALTIPLAS-PATOLOGIAS.docx.pdf\">Implanta\u00e7\u00e3o de um ambulat\u00f3rio de estimula\u00e7\u00e3o precoce para m\u00faltiplas patologias<\/a><\/li>\n<\/ul>\n","protected":false},"excerpt":{"rendered":"<p>Estudo de caso \u2013 processo de reabilita\u00e7\u00e3o de uma paciente amputado e protetizado Efeitos do tratamento fisioterap\u00eautico nas sequelas do ave Efeito da dan\u00e7a reabilita\u00e7\u00e3o de forma online no tratamento de mulheres com fibromialgia A importancia da ergonomia escolar e a conscientiza\u00e7\u00e3o sobre a postura correta dos alunos Teleconsulta voltada<\/p>\n","protected":false},"author":6,"featured_media":0,"parent":0,"menu_order":0,"comment_status":"closed","ping_status":"closed","template":"","meta":{"footnotes":""},"categories":[],"tags":[],"class_list":["post-4705","page","type-page","status-publish","hentry"],"_links":{"self":[{"href":"https:\/\/portal.unisepe.com.br\/fpbe\/wp-json\/wp\/v2\/pages\/4705","targetHints":{"allow":["GET"]}}],"collection":[{"href":"https:\/\/portal.unisepe.com.br\/fpbe\/wp-json\/wp\/v2\/pages"}],"about":[{"href":"https:\/\/portal.unisepe.com.br\/fpbe\/wp-json\/wp\/v2\/types\/page"}],"author":[{"embeddable":true,"href":"https:\/\/portal.unisepe.com.br\/fpbe\/wp-json\/wp\/v2\/users\/6"}],"replies":[{"embeddable":true,"href":"https:\/\/portal.unisepe.com.br\/fpbe\/wp-json\/wp\/v2\/comments?post=4705"}],"version-history":[{"count":1,"href":"https:\/\/portal.unisepe.com.br\/fpbe\/wp-json\/wp\/v2\/pages\/4705\/revisions"}],"predecessor-version":[{"id":4706,"href":"https:\/\/portal.unisepe.com.br\/fpbe\/wp-json\/wp\/v2\/pages\/4705\/revisions\/4706"}],"wp:attachment":[{"href":"https:\/\/portal.unisepe.com.br\/fpbe\/wp-json\/wp\/v2\/media?parent=4705"}],"wp:term":[{"taxonomy":"category","embeddable":true,"href":"https:\/\/portal.unisepe.com.br\/fpbe\/wp-json\/wp\/v2\/categories?post=4705"},{"taxonomy":"post_tag","embeddable":true,"href":"https:\/\/portal.unisepe.com.br\/fpbe\/wp-json\/wp\/v2\/tags?post=4705"}],"curies":[{"name":"wp","href":"https:\/\/api.w.org\/{rel}","templated":true}]}}