{"id":661,"date":"2016-07-14T00:53:28","date_gmt":"2016-07-14T00:53:28","guid":{"rendered":"http:\/\/www.fvr.edu.br\/fvr\/site\/?page_id=661"},"modified":"2025-10-13T20:26:17","modified_gmt":"2025-10-13T23:26:17","slug":"bolsas-institucionais","status":"publish","type":"page","link":"https:\/\/portal.unisepe.com.br\/fpbe\/bolsas-e-financiamento\/bolsas-institucionais\/","title":{"rendered":"Bolsas institucionais"},"content":{"rendered":"<p>O objetivo principal do Programa de Bolsas do Grupo UNISEPE \u00e9 o de contribuir para a expans\u00e3o do acesso ao ensino superior pelo financiamento da educa\u00e7\u00e3o \u00e0s pessoas que dificilmente teriam acesso ao ensino superior.<br \/>\nEste programa \u00e9 de \u00e2mbito institucional.<\/p>\n<p><strong>Bolsa de estudo<\/strong> \u2014 \u00c9 um benef\u00edcio concedido ao estudante, na forma de desconto parcial ou integral sobre os valores cobrados pela Faculdade para apoio financeiro, com vistas a custear as despesas de forma\u00e7\u00e3o e de subsist\u00eancia durante um determinado per\u00edodo letivo.<br \/>\nPodem ser:<\/p>\n<ul>\n<li><strong>Bolsa de Estudo Parcial<\/strong> &#8211; destinada a estudantes que possuam renda familiar, por pessoa, at\u00e9 tr\u00eas sal\u00e1rios-m\u00ednimos e estejam vinculados a algum Programa de Bolsa de Estudos vigente. Os descontos podem variar e s\u00e3o calculados em cima do valor integral das mensalidades. Concedidas somente para curso de gradua\u00e7\u00e3o.<\/li>\n<\/ul>\n<p>&nbsp;<\/p>\n<h4 class=\"texto_destacado\"><span style=\"text-decoration: underline\"><strong>BOM FILHO A CASA RETORNA<\/strong><\/span><\/h4>\n<p><strong>O que \u00e9 a bolsa Bom Filho a Casa Retorna?<\/strong><\/p>\n<p>\u00c9 uma bolsa concedida aos ex-alunos que tenham conclu\u00eddo curso superior.<br \/>\nA bolsa \u00e9 exclusiva para os cursos de gradua\u00e7\u00e3o.<br \/>\nOs descontos s\u00e3o concedidos na mensalidade integral dos cursos escolhidos e sempre s\u00e3o divulgados semestralmente.<\/p>\n<p>&nbsp;<\/p>\n<h4><span style=\"text-decoration: underline\"><strong>PROERS<\/strong><\/span><\/h4>\n<p>S\u00e3o descontos concedidos aos alunos que desenvolvam atividades junto aos projetos de extens\u00e3o.<br \/>\nObjetivo possibilitar a realiza\u00e7\u00e3o de curso superior de gradua\u00e7\u00e3o, a alunos que, tendo comprovada situa\u00e7\u00e3o de vulnerabilidade venha \u00e0 participar de Projeto Acad\u00eamico vinculado ao Curso de Gradua\u00e7\u00e3o pretendido aliados \u00e0s Linhas de Extens\u00e3o preconizadas pela IES.<\/p>\n<p><a href=\"https:\/\/portal.unisepe.com.br\/fpbe\/wp-content\/uploads\/sites\/10008\/2023\/09\/Regulamento_Pasta_PROERS.pdf\">Regulamento Pasta PROERS<\/a><\/p>\n<p>&nbsp;<\/p>\n<h4><span style=\"text-decoration: underline\"><strong>PROERS CONECTADO<\/strong><\/span><\/h4>\n<p><strong>Instru\u00e7\u00f5es de preenchimento<\/strong><\/p>\n<p>O aluno que participa da bolsa Conectado deve:<\/p>\n<ol>\n<li>indicar 05 (cinco) pessoas por semestre que v\u00e3o curtir e seguir as redes sociais da UNISEPE, e<\/li>\n<li>curtir e compartilhar 20 publica\u00e7\u00f5es do conte\u00fado das m\u00eddias sociais da UNISEPE.<\/li>\n<\/ol>\n<p>No relat\u00f3rio o aluno deve:<\/p>\n<ol>\n<li>colocar o nome e o endere\u00e7o virtual dos seguidores, e<\/li>\n<\/ol>\n<p>colocar o seu pr\u00f3prio nome, tamb\u00e9m inserir\u00a0 o link da arte compartilhada.<\/p>\n<p><a href=\"https:\/\/portal.unisepe.com.br\/fpbe\/wp-content\/uploads\/sites\/10008\/2025\/10\/RELATORIO-DA-BOLSA-CONECTADO-2022.docx\">RELAT\u00d3RIO DA BOLSA CONECTADO 2022<\/a><\/p>\n<p>&nbsp;<\/p>\n<h4><span style=\"text-decoration: underline\"><span style=\"color: #000000;text-decoration: underline\">BENEF\u00cdCIO CONV\u00caNIO EMPRESA<\/span><\/span><\/h4>\n<p>S\u00e3o descontos percentuais, sobre o valor integral da mensalidade,<br \/>\nconcedidos exclusivamente para alunos da UNISEPE que trabalhem em<br \/>\ninstitui\u00e7\u00f5es p\u00fablicas ou privadas previamente conveniadas.<\/p>\n<p>&nbsp;<\/p>\n<p>&nbsp;<\/p>\n","protected":false},"excerpt":{"rendered":"<p>O objetivo principal do Programa de Bolsas do Grupo UNISEPE \u00e9 o de contribuir para a expans\u00e3o do acesso ao ensino superior pelo financiamento da educa\u00e7\u00e3o \u00e0s pessoas que dificilmente teriam acesso ao ensino superior. Este programa \u00e9 de \u00e2mbito institucional. Bolsa de estudo \u2014 \u00c9 um benef\u00edcio concedido ao<\/p>\n","protected":false},"author":6,"featured_media":0,"parent":647,"menu_order":1,"comment_status":"closed","ping_status":"closed","template":"templates\/template-pagina_menu_vertical.php","meta":{"footnotes":""},"categories":[],"tags":[],"class_list":["post-661","page","type-page","status-publish","hentry"],"_links":{"self":[{"href":"https:\/\/portal.unisepe.com.br\/fpbe\/wp-json\/wp\/v2\/pages\/661","targetHints":{"allow":["GET"]}}],"collection":[{"href":"https:\/\/portal.unisepe.com.br\/fpbe\/wp-json\/wp\/v2\/pages"}],"about":[{"href":"https:\/\/portal.unisepe.com.br\/fpbe\/wp-json\/wp\/v2\/types\/page"}],"author":[{"embeddable":true,"href":"https:\/\/portal.unisepe.com.br\/fpbe\/wp-json\/wp\/v2\/users\/6"}],"replies":[{"embeddable":true,"href":"https:\/\/portal.unisepe.com.br\/fpbe\/wp-json\/wp\/v2\/comments?post=661"}],"version-history":[{"count":8,"href":"https:\/\/portal.unisepe.com.br\/fpbe\/wp-json\/wp\/v2\/pages\/661\/revisions"}],"predecessor-version":[{"id":5033,"href":"https:\/\/portal.unisepe.com.br\/fpbe\/wp-json\/wp\/v2\/pages\/661\/revisions\/5033"}],"up":[{"embeddable":true,"href":"https:\/\/portal.unisepe.com.br\/fpbe\/wp-json\/wp\/v2\/pages\/647"}],"wp:attachment":[{"href":"https:\/\/portal.unisepe.com.br\/fpbe\/wp-json\/wp\/v2\/media?parent=661"}],"wp:term":[{"taxonomy":"category","embeddable":true,"href":"https:\/\/portal.unisepe.com.br\/fpbe\/wp-json\/wp\/v2\/categories?post=661"},{"taxonomy":"post_tag","embeddable":true,"href":"https:\/\/portal.unisepe.com.br\/fpbe\/wp-json\/wp\/v2\/tags?post=661"}],"curies":[{"name":"wp","href":"https:\/\/api.w.org\/{rel}","templated":true}]}}