{"id":689,"date":"2016-07-14T19:35:31","date_gmt":"2016-07-14T19:35:31","guid":{"rendered":"http:\/\/www.fvr.edu.br\/fvr\/site\/?page_id=689"},"modified":"2024-05-24T18:00:04","modified_gmt":"2024-05-24T21:00:04","slug":"instalacoes","status":"publish","type":"page","link":"https:\/\/portal.unisepe.com.br\/fpbe\/biblioteca\/instalacoes\/","title":{"rendered":"Instala\u00e7\u00f5es"},"content":{"rendered":"<p>Tendo em vista a import\u00e2ncia da Biblioteca, suporte fundamental para o desenvolvimento das atividades de ensino, pesquisa e extens\u00e3o a Biblioteca da Faculdade Peru\u00edbe, est\u00e1 instalada numa \u00e1rea de 125,7 m\u00b2, sendo que desta, 9m\u00b2 recep\u00e7\u00e3o, 7,2m\u00b2 destinada \u00e0 leitura e pesquisa, 16,5m\u00b2 para uso individual e 93m\u00b2 do acervo geral.<\/p>\n<p>&nbsp;<\/p>\n<p>Como centro de Presta\u00e7\u00e3o de Servi\u00e7os, a Biblioteca oferece:<\/p>\n<ul>\n<li>05 \u2013 Cabines de Estudo Individual<\/li>\n<li>01 \u2013 Salas de Estudo em Grupo<\/li>\n<li>6 &#8211; Computadores para uso de internet, sendo um de acesso PcD , contendo teclado braile com software DOSVOX e fone de ouvidos. Neste ambiente todos os computadores possui internet, local onde os alunos poder\u00e3o usar para pesquisa , digita\u00e7\u00e3o de trabalhos.<\/li>\n<li>Recep\u00e7\u00e3o para atendimento dos usu\u00e1rios<\/li>\n<li>servi\u00e7os de pesquisa bibliogr\u00e1fica; empr\u00e9stimo domiciliar; consulta local; elabora\u00e7\u00e3o de refer\u00eancias bibliogr\u00e1ficas (ABNT); bases de dados<\/li>\n<\/ul>\n<div style=\"width: 350px;height: 100vh;margin: 0 auto\">\n<div id=\"carouselExampleIndicators\" class=\"carousel slide\" data-ride=\"carousel\">\n<ol class=\"carousel-indicators\">\n<li data-target=\"#carouselExampleIndicators\" data-slide-to=\"0\" class=\"active\"><\/li>\n<li data-target=\"#carouselExampleIndicators\" data-slide-to=\"1\"><\/li>\n<li data-target=\"#carouselExampleIndicators\" data-slide-to=\"2\"><\/li>\n<\/ol>\n<div class=\"carousel-inner\" style=\"width: 350px\">\n<div class=\"carousel-item active\"><img decoding=\"async\" class=\"img-fluid img-thumbnail\" src=\"https:\/\/portal.unisepe.com.br\/fpbe\/wp-content\/uploads\/sites\/10008\/2024\/05\/img1.jpg\" alt=\"biblioteca Peruibe\" \/><\/div>\n<div class=\"carousel-item\"><img decoding=\"async\" style=\"background-size: cover\" class=\"img-fluid img-thumbnail\" src=\"https:\/\/portal.unisepe.com.br\/fpbe\/wp-content\/uploads\/sites\/10008\/2024\/05\/img2.jpg\" alt=\"biblioteca Peruibe\" \/><\/div>\n<div class=\"carousel-item\"><img decoding=\"async\" style=\"background-size: cover\" class=\"img-fluid img-thumbnail\" src=\"https:\/\/portal.unisepe.com.br\/fpbe\/wp-content\/uploads\/sites\/10008\/2024\/05\/img3.jpg\" alt=\"biblioteca Peruibe\" \/><\/div>\n<div class=\"carousel-item\"><img decoding=\"async\" style=\"background-size: cover\" class=\"img-fluid img-thumbnail\" src=\"https:\/\/portal.unisepe.com.br\/fpbe\/wp-content\/uploads\/sites\/10008\/2024\/05\/img4.jpg\" alt=\"biblioteca Peruibe\" \/><\/div>\n<div class=\"carousel-item\"><img decoding=\"async\" class=\"img-fluid img-thumbnail \" src=\"https:\/\/portal.unisepe.com.br\/fpbe\/wp-content\/uploads\/sites\/10008\/2024\/05\/img5.jpg\" alt=\"biblioteca Peruibe\" \/><\/div>\n<div class=\"carousel-item\"><img decoding=\"async\" style=\"background-size: cover\" class=\"img-fluid img-thumbnail\" src=\"https:\/\/portal.unisepe.com.br\/fpbe\/wp-content\/uploads\/sites\/10008\/2024\/05\/img6.jpg\" alt=\"biblioteca Peruibe\" \/><\/div>\n<div class=\"carousel-item\"><img decoding=\"async\" style=\"background-size: cover\" class=\"img-fluid img-thumbnail\" src=\"https:\/\/portal.unisepe.com.br\/fpbe\/wp-content\/uploads\/sites\/10008\/2024\/05\/img7.jpg\" alt=\"biblioteca Peruibe\" \/><\/div>\n<div class=\"carousel-item\"><img decoding=\"async\" style=\"background-size: cover\" class=\"img-fluid img-thumbnail\" src=\"https:\/\/portal.unisepe.com.br\/fpbe\/wp-content\/uploads\/sites\/10008\/2024\/05\/img8.jpg\" alt=\"biblioteca Peruibe\" \/><\/div>\n<div class=\"carousel-item\"><img decoding=\"async\" style=\"background-size: cover\" class=\"img-fluid img-thumbnail\" src=\"https:\/\/portal.unisepe.com.br\/fpbe\/wp-content\/uploads\/sites\/10008\/2024\/05\/img9.jpg\" alt=\"biblioteca Peruibe\" \/><\/div>\n<div class=\"carousel-item\"><img decoding=\"async\" style=\"background-size: cover\" class=\"img-fluid img-thumbnail\" src=\"https:\/\/portal.unisepe.com.br\/fpbe\/wp-content\/uploads\/sites\/10008\/2024\/05\/img10.jpg\" alt=\"biblioteca Peruibe\" \/><\/div>\n<\/p><\/div>\n<p>        <a class=\"carousel-control-prev\" href=\"#carouselExampleIndicators\" role=\"button\" data-slide=\"prev\"><br \/>\n            <span class=\"carousel-control-prev-icon\" aria-hidden=\"true\"><\/span><br \/>\n            <span class=\"sr-only\">Previous<\/span><br \/>\n        <\/a><br \/>\n        <a class=\"carousel-control-next\" href=\"#carouselExampleIndicators\" role=\"button\" data-slide=\"next\"><br \/>\n            <span class=\"carousel-control-next-icon\" aria-hidden=\"true\"><\/span><br \/>\n            <span class=\"sr-only\">Next<\/span><br \/>\n        <\/a><\/p><\/div>\n<\/p><\/div>\n","protected":false},"excerpt":{"rendered":"<p>Tendo em vista a import\u00e2ncia da Biblioteca, suporte fundamental para o desenvolvimento das atividades de ensino, pesquisa e extens\u00e3o a Biblioteca da Faculdade Peru\u00edbe, est\u00e1 instalada numa \u00e1rea de 125,7 m\u00b2, sendo que desta, 9m\u00b2 recep\u00e7\u00e3o, 7,2m\u00b2 destinada \u00e0 leitura e pesquisa, 16,5m\u00b2 para uso individual e 93m\u00b2 do acervo<\/p>\n","protected":false},"author":1,"featured_media":0,"parent":285,"menu_order":0,"comment_status":"closed","ping_status":"closed","template":"templates\/template-pagina_menu_vertical.php","meta":{"footnotes":""},"categories":[],"tags":[],"class_list":["post-689","page","type-page","status-publish","hentry"],"_links":{"self":[{"href":"https:\/\/portal.unisepe.com.br\/fpbe\/wp-json\/wp\/v2\/pages\/689","targetHints":{"allow":["GET"]}}],"collection":[{"href":"https:\/\/portal.unisepe.com.br\/fpbe\/wp-json\/wp\/v2\/pages"}],"about":[{"href":"https:\/\/portal.unisepe.com.br\/fpbe\/wp-json\/wp\/v2\/types\/page"}],"author":[{"embeddable":true,"href":"https:\/\/portal.unisepe.com.br\/fpbe\/wp-json\/wp\/v2\/users\/1"}],"replies":[{"embeddable":true,"href":"https:\/\/portal.unisepe.com.br\/fpbe\/wp-json\/wp\/v2\/comments?post=689"}],"version-history":[{"count":4,"href":"https:\/\/portal.unisepe.com.br\/fpbe\/wp-json\/wp\/v2\/pages\/689\/revisions"}],"predecessor-version":[{"id":4851,"href":"https:\/\/portal.unisepe.com.br\/fpbe\/wp-json\/wp\/v2\/pages\/689\/revisions\/4851"}],"up":[{"embeddable":true,"href":"https:\/\/portal.unisepe.com.br\/fpbe\/wp-json\/wp\/v2\/pages\/285"}],"wp:attachment":[{"href":"https:\/\/portal.unisepe.com.br\/fpbe\/wp-json\/wp\/v2\/media?parent=689"}],"wp:term":[{"taxonomy":"category","embeddable":true,"href":"https:\/\/portal.unisepe.com.br\/fpbe\/wp-json\/wp\/v2\/categories?post=689"},{"taxonomy":"post_tag","embeddable":true,"href":"https:\/\/portal.unisepe.com.br\/fpbe\/wp-json\/wp\/v2\/tags?post=689"}],"curies":[{"name":"wp","href":"https:\/\/api.w.org\/{rel}","templated":true}]}}