{"id":724,"date":"2016-07-14T21:14:36","date_gmt":"2016-07-14T21:14:36","guid":{"rendered":"http:\/\/www.fvr.edu.br\/fvr\/site\/?page_id=724"},"modified":"2022-06-10T19:25:08","modified_gmt":"2022-06-10T22:25:08","slug":"ficha-catalografica","status":"publish","type":"page","link":"https:\/\/portal.unisepe.com.br\/fpbe\/biblioteca\/ficha-catalografica\/","title":{"rendered":"Ficha Catalogr\u00e1fica"},"content":{"rendered":"<p>A biblioteca FPbe disponibiliza para seus usu\u00e1rios o sistema de elabora\u00e7\u00e3o de fichas catalogr\u00e1ficas e deve ser impressa no verso da p\u00e1gina\/folha de rosto. A ficha \u00e9 elaborada por um profissional bibliotec\u00e1rio, conforme o C\u00f3digo de Cataloga\u00e7\u00e3o Anglo-Americano vigente, e deve ser solicitada pelo aluno.<\/p>\n<p><strong>\u00a0<\/strong><\/p>\n<p><strong>ATEN\u00c7\u00c3O<\/strong>: solicitar somente quando o trabalho estiver finalizado, sem mais altera\u00e7\u00f5es a fazer.<\/p>\n<p>&nbsp;<\/p>\n<p><strong>Requisitos necess\u00e1rios \u00e0 solicita\u00e7\u00e3o: <a href=\"https:\/\/portal.unisepe.com.br\/fpbe\/wp-content\/uploads\/sites\/10008\/2022\/06\/Formul\u00e1rio-para-Ficha-Catalogr\u00e1fica.doc\">FORMUL\u00c1RIO PARA FICHA CATALOGR\u00c1FICA<\/a>\u00a0<\/strong><\/p>\n<p><strong>Como solicitar: <\/strong>Enviar e-mail para a biblioteca <a href=\"https:\/\/portal.unisepe.com.br\/fpbe\/biblioteca\/pessoal-de-apoio\/\">Pessoal de Apoio<\/a>.<\/p>\n<p><strong>Prazo m\u00ednimo para solicita\u00e7\u00e3o (a ser obedecido pelo demandante):<\/strong> 72h<\/p>\n<p><strong>Responsabilidade do solicitante: <\/strong>Enviar a ficha catalogr\u00e1fica previamente preenchida com os dados b\u00e1sicos de acordo com modelo disponibilizado no site da biblioteca.<\/p>\n<p><strong>Prioridade de atendimento:<\/strong> de acordo com a ordem de recebimento por e-mail.<\/p>\n<p><strong>Procedimento em caso de altera\u00e7\u00e3o \/ cancelamento: <\/strong>Envio de e-mail para a biblioteca solicitando o cancelamento da solicita\u00e7\u00e3o.<\/p>\n<p>&nbsp;<\/p>\n","protected":false},"excerpt":{"rendered":"<p>A biblioteca FPbe disponibiliza para seus usu\u00e1rios o sistema de elabora\u00e7\u00e3o de fichas catalogr\u00e1ficas e deve ser impressa no verso da p\u00e1gina\/folha de rosto. A ficha \u00e9 elaborada por um profissional bibliotec\u00e1rio, conforme o C\u00f3digo de Cataloga\u00e7\u00e3o Anglo-Americano vigente, e deve ser solicitada pelo aluno. \u00a0 ATEN\u00c7\u00c3O: solicitar somente quando<\/p>\n","protected":false},"author":1,"featured_media":0,"parent":285,"menu_order":0,"comment_status":"closed","ping_status":"closed","template":"templates\/template-curso_menu_vertical.php","meta":{"footnotes":""},"categories":[],"tags":[],"class_list":["post-724","page","type-page","status-publish","hentry"],"_links":{"self":[{"href":"https:\/\/portal.unisepe.com.br\/fpbe\/wp-json\/wp\/v2\/pages\/724","targetHints":{"allow":["GET"]}}],"collection":[{"href":"https:\/\/portal.unisepe.com.br\/fpbe\/wp-json\/wp\/v2\/pages"}],"about":[{"href":"https:\/\/portal.unisepe.com.br\/fpbe\/wp-json\/wp\/v2\/types\/page"}],"author":[{"embeddable":true,"href":"https:\/\/portal.unisepe.com.br\/fpbe\/wp-json\/wp\/v2\/users\/1"}],"replies":[{"embeddable":true,"href":"https:\/\/portal.unisepe.com.br\/fpbe\/wp-json\/wp\/v2\/comments?post=724"}],"version-history":[{"count":8,"href":"https:\/\/portal.unisepe.com.br\/fpbe\/wp-json\/wp\/v2\/pages\/724\/revisions"}],"predecessor-version":[{"id":3795,"href":"https:\/\/portal.unisepe.com.br\/fpbe\/wp-json\/wp\/v2\/pages\/724\/revisions\/3795"}],"up":[{"embeddable":true,"href":"https:\/\/portal.unisepe.com.br\/fpbe\/wp-json\/wp\/v2\/pages\/285"}],"wp:attachment":[{"href":"https:\/\/portal.unisepe.com.br\/fpbe\/wp-json\/wp\/v2\/media?parent=724"}],"wp:term":[{"taxonomy":"category","embeddable":true,"href":"https:\/\/portal.unisepe.com.br\/fpbe\/wp-json\/wp\/v2\/categories?post=724"},{"taxonomy":"post_tag","embeddable":true,"href":"https:\/\/portal.unisepe.com.br\/fpbe\/wp-json\/wp\/v2\/tags?post=724"}],"curies":[{"name":"wp","href":"https:\/\/api.w.org\/{rel}","templated":true}]}}