{"id":745,"date":"2016-07-14T21:50:53","date_gmt":"2016-07-14T21:50:53","guid":{"rendered":"http:\/\/www.fvr.edu.br\/fvr\/site\/?page_id=745"},"modified":"2024-06-26T12:43:15","modified_gmt":"2024-06-26T15:43:15","slug":"portarias","status":"publish","type":"page","link":"https:\/\/portal.unisepe.com.br\/fpbe\/comissao-propria-de-avaliacao\/portarias\/","title":{"rendered":"Portarias"},"content":{"rendered":"<ul>\n<li><a href=\"http:\/\/portal.unisepe.com.br\/fpbe\/wp-content\/uploads\/sites\/10008\/2018\/09\/Portaria_300_de_30.pdf\">Portaria &#8211; 2006<\/a><\/li>\n<li><a href=\"http:\/\/portal.unisepe.com.br\/fpbe\/wp-content\/uploads\/sites\/10008\/2018\/09\/portaria_821_2009.pdf\">portaria &#8211; 2009<\/a><\/li>\n<li><a href=\"http:\/\/portal.unisepe.com.br\/fpbe\/wp-content\/uploads\/sites\/10008\/2018\/09\/Portaria_1081_de_2008.pdf\">Portaria &#8211; 2008<\/a><\/li>\n<li><a href=\"http:\/\/portal.unisepe.com.br\/fpbe\/wp-content\/uploads\/sites\/10008\/2018\/09\/Portaria_1264_de_2008.pdf\">Portaria &#8211; 2008<\/a><\/li>\n<li><a href=\"https:\/\/portal.unisepe.com.br\/fpbe\/wp-content\/uploads\/sites\/10008\/2023\/04\/Portaria-09-2019-designa\u00e7\u00e3o-Coord-CPA-Silvia.pdf\">Portaria designa\u00e7\u00e3o Coord CPA &#8211; 2019<\/a><\/li>\n<li><a href=\"https:\/\/portal.unisepe.com.br\/fpbe\/wp-content\/uploads\/sites\/10008\/2023\/04\/Portaria-06-2022-membros-CPA.pdf\">Portaria membros CPA &#8211; 2022<\/a><\/li>\n<li><a href=\"https:\/\/portal.unisepe.com.br\/fpbe\/wp-content\/uploads\/sites\/10008\/2023\/04\/Porttaria-01-2021-Membros-CPA.pdf\">Porttaria Membros CPA &#8211; 2021<\/a><\/li>\n<li><a href=\"https:\/\/portal.unisepe.com.br\/fpbe\/wp-content\/uploads\/sites\/10008\/2023\/06\/Portaria-Coordenadora-Michele.pdf\">Portaria Coordena\u00e7\u00e3o &#8211; 2023<\/a><\/li>\n<li><a href=\"https:\/\/portal.unisepe.com.br\/fpbe\/wp-content\/uploads\/sites\/10008\/2023\/06\/Membros-CPA-Coord-Michele.pdf\">Comiss\u00e3o CPA &#8211; 2023<\/a><\/li>\n<li><a href=\"https:\/\/portal.unisepe.com.br\/fpbe\/wp-content\/uploads\/sites\/10008\/2024\/05\/Portaria-6-2024-Membros-da-CPA-11-03-2024.pdf\">Portaria 6 Membros da CPA 2024<\/a><\/li>\n<li><a href=\"https:\/\/portal.unisepe.com.br\/fpbe\/wp-content\/uploads\/sites\/10008\/2024\/06\/Portaria-8-2024-Membros-da-CPA-13-05-2024.pdf\">Portaria 8 Membros da CPA 2024<\/a><\/li>\n<\/ul>\n","protected":false},"excerpt":{"rendered":"<p>Portaria &#8211; 2006 portaria &#8211; 2009 Portaria &#8211; 2008 Portaria &#8211; 2008 Portaria designa\u00e7\u00e3o Coord CPA &#8211; 2019 Portaria membros CPA &#8211; 2022 Porttaria Membros CPA &#8211; 2021 Portaria Coordena\u00e7\u00e3o &#8211; 2023 Comiss\u00e3o CPA &#8211; 2023 Portaria 6 Membros da CPA 2024 Portaria 8 Membros da CPA 2024<\/p>\n","protected":false},"author":1,"featured_media":0,"parent":732,"menu_order":0,"comment_status":"closed","ping_status":"closed","template":"templates\/template-pagina_menu_vertical.php","meta":{"footnotes":""},"categories":[],"tags":[],"class_list":["post-745","page","type-page","status-publish","hentry"],"_links":{"self":[{"href":"https:\/\/portal.unisepe.com.br\/fpbe\/wp-json\/wp\/v2\/pages\/745","targetHints":{"allow":["GET"]}}],"collection":[{"href":"https:\/\/portal.unisepe.com.br\/fpbe\/wp-json\/wp\/v2\/pages"}],"about":[{"href":"https:\/\/portal.unisepe.com.br\/fpbe\/wp-json\/wp\/v2\/types\/page"}],"author":[{"embeddable":true,"href":"https:\/\/portal.unisepe.com.br\/fpbe\/wp-json\/wp\/v2\/users\/1"}],"replies":[{"embeddable":true,"href":"https:\/\/portal.unisepe.com.br\/fpbe\/wp-json\/wp\/v2\/comments?post=745"}],"version-history":[{"count":9,"href":"https:\/\/portal.unisepe.com.br\/fpbe\/wp-json\/wp\/v2\/pages\/745\/revisions"}],"predecessor-version":[{"id":4886,"href":"https:\/\/portal.unisepe.com.br\/fpbe\/wp-json\/wp\/v2\/pages\/745\/revisions\/4886"}],"up":[{"embeddable":true,"href":"https:\/\/portal.unisepe.com.br\/fpbe\/wp-json\/wp\/v2\/pages\/732"}],"wp:attachment":[{"href":"https:\/\/portal.unisepe.com.br\/fpbe\/wp-json\/wp\/v2\/media?parent=745"}],"wp:term":[{"taxonomy":"category","embeddable":true,"href":"https:\/\/portal.unisepe.com.br\/fpbe\/wp-json\/wp\/v2\/categories?post=745"},{"taxonomy":"post_tag","embeddable":true,"href":"https:\/\/portal.unisepe.com.br\/fpbe\/wp-json\/wp\/v2\/tags?post=745"}],"curies":[{"name":"wp","href":"https:\/\/api.w.org\/{rel}","templated":true}]}}