{"id":751,"date":"2016-07-14T21:51:49","date_gmt":"2016-07-14T21:51:49","guid":{"rendered":"http:\/\/www.fvr.edu.br\/fvr\/site\/?page_id=751"},"modified":"2024-06-26T12:45:09","modified_gmt":"2024-06-26T15:45:09","slug":"projeto-cpa","status":"publish","type":"page","link":"https:\/\/portal.unisepe.com.br\/fpbe\/comissao-propria-de-avaliacao\/projeto-cpa\/","title":{"rendered":"Projeto CPA"},"content":{"rendered":"<p><strong>Planos<\/strong><\/p>\n<ul>\n<li><a href=\"https:\/\/portal.unisepe.com.br\/fpbe\/wp-content\/uploads\/sites\/10008\/2023\/06\/PLANO-DE-AUTO-FPBE-2023.pdf\">PLANO DE AUTOAVALIA\u00c7\u00c3O FPBE -2023<\/a><\/li>\n<li><a href=\"https:\/\/portal.unisepe.com.br\/fpbe\/wp-content\/uploads\/sites\/10008\/2024\/06\/PLANO-DE-AUTO-FPBE-2024.pdf\">PLANO DE AUTO FPBE &#8211; 2024<\/a><\/li>\n<\/ul>\n<p><strong>Projetos<\/strong><\/p>\n<ul>\n<li><a href=\"https:\/\/portal.unisepe.com.br\/fpbe\/wp-content\/uploads\/sites\/10008\/2023\/06\/PROJETO-DE-AUTOAVALIA\u00c7AO-2023.pdf\">PROJETO DE AUTOAVALIA\u00c7AO &#8211; 2023<\/a><\/li>\n<li><a href=\"https:\/\/portal.unisepe.com.br\/fpbe\/wp-content\/uploads\/sites\/10008\/2024\/06\/PROJETO-DE-AUTOAVALIA\u00c7AO-2024.pdf\">PROJETO DE AUTOAVALIA\u00c7AO &#8211; 2024<\/a><\/li>\n<\/ul>\n","protected":false},"excerpt":{"rendered":"<p>Planos PLANO DE AUTOAVALIA\u00c7\u00c3O FPBE -2023 PLANO DE AUTO FPBE &#8211; 2024 Projetos PROJETO DE AUTOAVALIA\u00c7AO &#8211; 2023 PROJETO DE AUTOAVALIA\u00c7AO &#8211; 2024<\/p>\n","protected":false},"author":1,"featured_media":0,"parent":732,"menu_order":0,"comment_status":"closed","ping_status":"closed","template":"templates\/template-pagina_menu_vertical.php","meta":{"footnotes":""},"categories":[],"tags":[],"class_list":["post-751","page","type-page","status-publish","hentry"],"_links":{"self":[{"href":"https:\/\/portal.unisepe.com.br\/fpbe\/wp-json\/wp\/v2\/pages\/751","targetHints":{"allow":["GET"]}}],"collection":[{"href":"https:\/\/portal.unisepe.com.br\/fpbe\/wp-json\/wp\/v2\/pages"}],"about":[{"href":"https:\/\/portal.unisepe.com.br\/fpbe\/wp-json\/wp\/v2\/types\/page"}],"author":[{"embeddable":true,"href":"https:\/\/portal.unisepe.com.br\/fpbe\/wp-json\/wp\/v2\/users\/1"}],"replies":[{"embeddable":true,"href":"https:\/\/portal.unisepe.com.br\/fpbe\/wp-json\/wp\/v2\/comments?post=751"}],"version-history":[{"count":9,"href":"https:\/\/portal.unisepe.com.br\/fpbe\/wp-json\/wp\/v2\/pages\/751\/revisions"}],"predecessor-version":[{"id":4889,"href":"https:\/\/portal.unisepe.com.br\/fpbe\/wp-json\/wp\/v2\/pages\/751\/revisions\/4889"}],"up":[{"embeddable":true,"href":"https:\/\/portal.unisepe.com.br\/fpbe\/wp-json\/wp\/v2\/pages\/732"}],"wp:attachment":[{"href":"https:\/\/portal.unisepe.com.br\/fpbe\/wp-json\/wp\/v2\/media?parent=751"}],"wp:term":[{"taxonomy":"category","embeddable":true,"href":"https:\/\/portal.unisepe.com.br\/fpbe\/wp-json\/wp\/v2\/categories?post=751"},{"taxonomy":"post_tag","embeddable":true,"href":"https:\/\/portal.unisepe.com.br\/fpbe\/wp-json\/wp\/v2\/tags?post=751"}],"curies":[{"name":"wp","href":"https:\/\/api.w.org\/{rel}","templated":true}]}}