{"id":754,"date":"2016-07-14T21:52:32","date_gmt":"2016-07-14T21:52:32","guid":{"rendered":"http:\/\/www.fvr.edu.br\/fvr\/site\/?page_id=754"},"modified":"2024-06-26T12:32:21","modified_gmt":"2024-06-26T15:32:21","slug":"constituicao-cpa","status":"publish","type":"page","link":"https:\/\/portal.unisepe.com.br\/fpbe\/comissao-propria-de-avaliacao\/constituicao-cpa\/","title":{"rendered":"Constitui\u00e7\u00e3o CPA"},"content":{"rendered":"<p><strong>Constitui\u00e7\u00e3o da Comiss\u00e3o Pr\u00f3pria de Avalia\u00e7\u00e3o &#8211; CPA<\/strong><\/p>\n<p>Portarias N\u00b0 06\/24 e N\u00b0 08\/24<\/p>\n<ul>\n<li>Prof\u00b0 Ma. Michele Abib Pernice &#8211; Presidente da Comiss\u00e3o;<\/li>\n<li>Prof\u00b0 Igor Gabriel De Lima &#8211; Representante de Coordena\u00e7\u00e3o;<\/li>\n<li>Prof\u00b0 Vinicius Astolpho Pereira &#8211; Representante Corpo Docente;<\/li>\n<li>Rafael de Mattos &#8211; Representante do Corpo T\u00e9cnico Administrativo;<\/li>\n<li>Karen Cristina Gewehr &#8211; Representante da Sociedade Civil;<\/li>\n<li>Silvia Bezerra Lara &#8211; representante do corpo Discente.<\/li>\n<\/ul>\n<p>&nbsp;<\/p>\n<p>Email:\u00a0<strong><a href=\"mailto:cpa.peruibe@scelisul.com.br\">cpa.peruibe@scelisul.com.br<\/a><\/strong><\/p>\n","protected":false},"excerpt":{"rendered":"<p>Constitui\u00e7\u00e3o da Comiss\u00e3o Pr\u00f3pria de Avalia\u00e7\u00e3o &#8211; CPA Portarias N\u00b0 06\/24 e N\u00b0 08\/24 Prof\u00b0 Ma. Michele Abib Pernice &#8211; Presidente da Comiss\u00e3o; Prof\u00b0 Igor Gabriel De Lima &#8211; Representante de Coordena\u00e7\u00e3o; Prof\u00b0 Vinicius Astolpho Pereira &#8211; Representante Corpo Docente; Rafael de Mattos &#8211; Representante do Corpo T\u00e9cnico Administrativo; Karen<\/p>\n","protected":false},"author":1,"featured_media":0,"parent":732,"menu_order":0,"comment_status":"closed","ping_status":"closed","template":"templates\/template-pagina_menu_vertical.php","meta":{"footnotes":""},"categories":[],"tags":[],"class_list":["post-754","page","type-page","status-publish","hentry"],"_links":{"self":[{"href":"https:\/\/portal.unisepe.com.br\/fpbe\/wp-json\/wp\/v2\/pages\/754","targetHints":{"allow":["GET"]}}],"collection":[{"href":"https:\/\/portal.unisepe.com.br\/fpbe\/wp-json\/wp\/v2\/pages"}],"about":[{"href":"https:\/\/portal.unisepe.com.br\/fpbe\/wp-json\/wp\/v2\/types\/page"}],"author":[{"embeddable":true,"href":"https:\/\/portal.unisepe.com.br\/fpbe\/wp-json\/wp\/v2\/users\/1"}],"replies":[{"embeddable":true,"href":"https:\/\/portal.unisepe.com.br\/fpbe\/wp-json\/wp\/v2\/comments?post=754"}],"version-history":[{"count":13,"href":"https:\/\/portal.unisepe.com.br\/fpbe\/wp-json\/wp\/v2\/pages\/754\/revisions"}],"predecessor-version":[{"id":4876,"href":"https:\/\/portal.unisepe.com.br\/fpbe\/wp-json\/wp\/v2\/pages\/754\/revisions\/4876"}],"up":[{"embeddable":true,"href":"https:\/\/portal.unisepe.com.br\/fpbe\/wp-json\/wp\/v2\/pages\/732"}],"wp:attachment":[{"href":"https:\/\/portal.unisepe.com.br\/fpbe\/wp-json\/wp\/v2\/media?parent=754"}],"wp:term":[{"taxonomy":"category","embeddable":true,"href":"https:\/\/portal.unisepe.com.br\/fpbe\/wp-json\/wp\/v2\/categories?post=754"},{"taxonomy":"post_tag","embeddable":true,"href":"https:\/\/portal.unisepe.com.br\/fpbe\/wp-json\/wp\/v2\/tags?post=754"}],"curies":[{"name":"wp","href":"https:\/\/api.w.org\/{rel}","templated":true}]}}