{"id":756,"date":"2016-07-14T22:00:42","date_gmt":"2016-07-14T22:00:42","guid":{"rendered":"http:\/\/www.fvr.edu.br\/fvr\/site\/?page_id=756"},"modified":"2025-04-30T12:56:18","modified_gmt":"2025-04-30T15:56:18","slug":"relatorios","status":"publish","type":"page","link":"https:\/\/portal.unisepe.com.br\/fpbe\/comissao-propria-de-avaliacao\/relatorios\/","title":{"rendered":"Relat\u00f3rios"},"content":{"rendered":"<p><strong>AVIN\u00a0<\/strong><\/p>\n<ul>\n<li><a href=\"http:\/\/portal.unisepe.com.br\/fpbe\/wp-content\/uploads\/sites\/10008\/2018\/09\/RELATORIO_AUTOAVALIACAO_2017-edi\u00e7\u00e3o-final.pdf\">RELATORIO AUTOAVALIACAO &#8211; 2017<\/a><\/li>\n<li><a href=\"http:\/\/portal.unisepe.com.br\/fpbe\/wp-content\/uploads\/sites\/10008\/2018\/09\/RELATORIO_AUTOAVALIACAO_2016.pdf\">RELATORIO AUTOAVALIACAO &#8211; 2016<\/a><\/li>\n<li><a href=\"http:\/\/portal.unisepe.com.br\/fpbe\/wp-content\/uploads\/sites\/10008\/2018\/09\/Relatorio_melhoria_infraestrutura_2013_2014.pdf\">Relatorio melhoria_infraestrutura &#8211; 2013 \/ 2014<\/a><\/li>\n<li><a href=\"http:\/\/portal.unisepe.com.br\/fpbe\/wp-content\/uploads\/sites\/10008\/2018\/09\/RESULTADOS_AVIN_2013.pdf\">RESULTADOS AVIN &#8211; 2013<\/a><\/li>\n<li><a href=\"http:\/\/portal.unisepe.com.br\/fpbe\/wp-content\/uploads\/sites\/10008\/2018\/09\/RESULTADOS_AVIN_2014.pdf\">RESULTADOS AVIN &#8211; 2014<\/a><\/li>\n<li><a href=\"http:\/\/portal.unisepe.com.br\/fpbe\/wp-content\/uploads\/sites\/10008\/2018\/09\/RESULTADOS_AVIN_2015.pdf\">RESULTADOS AVIN &#8211; 2015<\/a><\/li>\n<li><a href=\"http:\/\/portal.unisepe.com.br\/fpbe\/wp-content\/uploads\/sites\/10008\/2018\/09\/RESULTADOS_AVIN_2016.pdf\">RESULTADOS AVIN &#8211; 2016<\/a><\/li>\n<li><a href=\"http:\/\/portal.unisepe.com.br\/fpbe\/wp-content\/uploads\/sites\/10008\/2018\/09\/RELAT\u00d3RIO-AVIN-2017.pdf\">RESULTADOS AVIN &#8211; 2017<\/a><\/li>\n<li><a href=\"https:\/\/portal.unisepe.com.br\/fpbe\/wp-content\/uploads\/sites\/10008\/2022\/06\/RELAT\u00d3RIO-DA-AVALIA\u00c7\u00c3O-INSTITUCIONAL-2019-FPbe.pdf\">RELAT\u00d3RIO DE AVALIA\u00c7\u00c3O INSTITUCIONAL\u00a0&#8211; 2019<\/a><\/li>\n<li><a href=\"https:\/\/portal.unisepe.com.br\/fpbe\/wp-content\/uploads\/sites\/10008\/2022\/06\/RELAT\u00d3RIO-DE-AVALIA\u00c7\u00c3O-INSTITUCIONAL-2020.pdf\">RELAT\u00d3RIO DE AVALIA\u00c7\u00c3O INSTITUCIONAL &#8211; 2020<\/a><\/li>\n<li><a href=\"https:\/\/portal.unisepe.com.br\/fpbe\/wp-content\/uploads\/sites\/10008\/2022\/06\/FPBE_CPA_RELAT\u00d3RIO-ANUAL_2021.pdf\">RELAT\u00d3RIO DE AVALIA\u00c7\u00c3O INSTITUCIONAL &#8211; 2021<\/a><\/li>\n<li><a href=\"https:\/\/portal.unisepe.com.br\/fpbe\/wp-content\/uploads\/sites\/10008\/2023\/04\/FPBE-RELAT\u00d3RIO-ANUAL-DE-AVALIA\u00c7\u00c3O-INSTITUCIONAL2022.pdf\">FPBE RELAT\u00d3RIO ANUAL DE AVALIA\u00c7\u00c3O INSTITUCIONAL &#8211; 2022<\/a><a href=\"https:\/\/portal.unisepe.com.br\/fpbe\/wp-content\/uploads\/sites\/10008\/2023\/04\/FPBE-RELAT\u00d3RIO-ANUAL-DE-AVALIA\u00c7\u00c3O-INSTITUCIONAL2022.pdf\"><\/a><\/li>\n<li><a href=\"https:\/\/portal.unisepe.com.br\/fpbe\/wp-content\/uploads\/sites\/10008\/2024\/06\/Alunos-presenciais.pdf\">Resultados Avin Alunos &#8211; 2024<\/a><\/li>\n<li><a href=\"https:\/\/portal.unisepe.com.br\/fpbe\/wp-content\/uploads\/sites\/10008\/2024\/06\/coordenadores-cursos.pdf\">Resultados Avin Coordenadores &#8211; 2024<\/a><\/li>\n<li><a href=\"https:\/\/portal.unisepe.com.br\/fpbe\/wp-content\/uploads\/sites\/10008\/2024\/06\/professores-cursos.pdf\">Resultados Avin Professores &#8211; 2024<\/a><\/li>\n<li><a href=\"https:\/\/portal.unisepe.com.br\/fpbe\/wp-content\/uploads\/sites\/10008\/2024\/06\/administrativo.pdf\">Resultados Avin Administrativo &#8211; 2024<\/a><\/li>\n<li><a href=\"https:\/\/portal.unisepe.com.br\/fpbe\/wp-content\/uploads\/sites\/10008\/2024\/06\/Diretoria.pdf\">Resultados Avin Diretoria &#8211; 2024<\/a><\/li>\n<\/ul>\n<hr \/>\n<p><strong>Relat\u00f3rio de Melhorias<\/strong><\/p>\n<ul>\n<li><a href=\"https:\/\/portal.unisepe.com.br\/fpbe\/wp-content\/uploads\/sites\/10008\/2023\/06\/RELATORIO-CPA-PEDAGOGIA-2023.pdf\">RELATORIO CPA &#8211; PEDAGOGIA &#8211; 2023<\/a><\/li>\n<li><a href=\"https:\/\/portal.unisepe.com.br\/fpbe\/wp-content\/uploads\/sites\/10008\/2023\/06\/RELATORIO-CPA-FISIOTERAPIA-2023-1.pdf\">RELATORIO CPA &#8211; FISIOTERAPIA &#8211; 2023-1<\/a><\/li>\n<li><a href=\"https:\/\/portal.unisepe.com.br\/fpbe\/wp-content\/uploads\/sites\/10008\/2024\/06\/RELATORIO-CPA-ENFERMAGEM-2024.pdf\">RELATORIO CPA &#8211; ENFERMAGEM &#8211; 2024<\/a><\/li>\n<li><a href=\"https:\/\/portal.unisepe.com.br\/fpbe\/wp-content\/uploads\/sites\/10008\/2024\/06\/RELATORIO-CPA-FISIOTERAPIA-2024.pdf\">RELATORIO CPA &#8211; FISIOTERAPIA &#8211; 2024<\/a><\/li>\n<li><a href=\"https:\/\/portal.unisepe.com.br\/fpbe\/wp-content\/uploads\/sites\/10008\/2024\/06\/2024-1-Relat\u00f3rio-CPA-FPBE-Melhorias.pdf\">Relat\u00f3rio CPA FPBE &#8211; Melhorias &#8211; 2024<\/a><\/li>\n<li><a href=\"https:\/\/portal.unisepe.com.br\/fpbe\/wp-content\/uploads\/sites\/10008\/2024\/06\/RELAT\u00d3RIO-DE-DEVOLUTIVA_CURSOS.pdf\">RELAT\u00d3RIO DE DEVOLUTIVA_CURSOS<\/a><\/li>\n<li><a href=\"https:\/\/portal.unisepe.com.br\/fpbe\/wp-content\/uploads\/sites\/10008\/2024\/06\/2024-1-Relat\u00f3rio-CPA-FPBE-Processos-avaliativos-1.pdf\">Relat\u00f3rio CPA FPBE &#8211; Processos avaliativos &#8211; 2024<\/a><\/li>\n<li><a href=\"https:\/\/portal.unisepe.com.br\/fpbe\/wp-content\/uploads\/sites\/10008\/2025\/04\/RELATORIO_MELHORIAS_CURSO_DIREITO_FASUPI.pdf\">Relat\u00f3rio de melhorias do curso de Direito<\/a><\/li>\n<li><a href=\"https:\/\/portal.unisepe.com.br\/fpbe\/wp-content\/uploads\/sites\/10008\/2025\/04\/RELATORIO-DE-DEVOLUTIVA_CURSO-ADM.pdf\">Relat\u00f3rio de devolutiva do curso de Administra\u00e7\u00e3o<\/a><\/li>\n<li><a href=\"https:\/\/portal.unisepe.com.br\/fpbe\/wp-content\/uploads\/sites\/10008\/2025\/04\/RELATORIO-DE-MELHORIAS_CURSO_PSICO.pdf\">Relat\u00f3rio de melhorias do curso de Psicologia<\/a><\/li>\n<\/ul>\n","protected":false},"excerpt":{"rendered":"<p>AVIN\u00a0 RELATORIO AUTOAVALIACAO &#8211; 2017 RELATORIO AUTOAVALIACAO &#8211; 2016 Relatorio melhoria_infraestrutura &#8211; 2013 \/ 2014 RESULTADOS AVIN &#8211; 2013 RESULTADOS AVIN &#8211; 2014 RESULTADOS AVIN &#8211; 2015 RESULTADOS AVIN &#8211; 2016 RESULTADOS AVIN &#8211; 2017 RELAT\u00d3RIO DE AVALIA\u00c7\u00c3O INSTITUCIONAL\u00a0&#8211; 2019 RELAT\u00d3RIO DE AVALIA\u00c7\u00c3O INSTITUCIONAL &#8211; 2020 RELAT\u00d3RIO DE AVALIA\u00c7\u00c3O INSTITUCIONAL<\/p>\n","protected":false},"author":1,"featured_media":0,"parent":732,"menu_order":0,"comment_status":"closed","ping_status":"closed","template":"templates\/template-pagina_menu_vertical.php","meta":{"footnotes":""},"categories":[],"tags":[],"class_list":["post-756","page","type-page","status-publish","hentry"],"_links":{"self":[{"href":"https:\/\/portal.unisepe.com.br\/fpbe\/wp-json\/wp\/v2\/pages\/756","targetHints":{"allow":["GET"]}}],"collection":[{"href":"https:\/\/portal.unisepe.com.br\/fpbe\/wp-json\/wp\/v2\/pages"}],"about":[{"href":"https:\/\/portal.unisepe.com.br\/fpbe\/wp-json\/wp\/v2\/types\/page"}],"author":[{"embeddable":true,"href":"https:\/\/portal.unisepe.com.br\/fpbe\/wp-json\/wp\/v2\/users\/1"}],"replies":[{"embeddable":true,"href":"https:\/\/portal.unisepe.com.br\/fpbe\/wp-json\/wp\/v2\/comments?post=756"}],"version-history":[{"count":16,"href":"https:\/\/portal.unisepe.com.br\/fpbe\/wp-json\/wp\/v2\/pages\/756\/revisions"}],"predecessor-version":[{"id":5021,"href":"https:\/\/portal.unisepe.com.br\/fpbe\/wp-json\/wp\/v2\/pages\/756\/revisions\/5021"}],"up":[{"embeddable":true,"href":"https:\/\/portal.unisepe.com.br\/fpbe\/wp-json\/wp\/v2\/pages\/732"}],"wp:attachment":[{"href":"https:\/\/portal.unisepe.com.br\/fpbe\/wp-json\/wp\/v2\/media?parent=756"}],"wp:term":[{"taxonomy":"category","embeddable":true,"href":"https:\/\/portal.unisepe.com.br\/fpbe\/wp-json\/wp\/v2\/categories?post=756"},{"taxonomy":"post_tag","embeddable":true,"href":"https:\/\/portal.unisepe.com.br\/fpbe\/wp-json\/wp\/v2\/tags?post=756"}],"curies":[{"name":"wp","href":"https:\/\/api.w.org\/{rel}","templated":true}]}}