{"id":768,"date":"2016-07-14T22:03:10","date_gmt":"2016-07-14T22:03:10","guid":{"rendered":"http:\/\/www.fvr.edu.br\/fvr\/site\/?page_id=768"},"modified":"2025-03-18T20:34:44","modified_gmt":"2025-03-18T23:34:44","slug":"noticias","status":"publish","type":"page","link":"https:\/\/portal.unisepe.com.br\/fpbe\/comissao-propria-de-avaliacao\/noticias\/","title":{"rendered":"Not\u00edcias"},"content":{"rendered":"<p>&nbsp;<\/p>\n<p><strong>Encontros<\/strong><\/p>\n<hr \/>\n<ul>\n<li><a href=\"https:\/\/portal.unisepe.com.br\/fpbe\/wp-content\/uploads\/sites\/10008\/2023\/06\/CPA-Integra\u00e7\u00e3o-2023.1.pdf\">CPA &#8211; Integra\u00e7\u00e3o 2023.1<\/a><\/li>\n<li><a href=\"https:\/\/portal.unisepe.com.br\/fpbe\/wp-content\/uploads\/sites\/10008\/2023\/06\/Evidencia-Treinamento-CPA-Agosto-2022.pdf\">Treinamento CPA &#8211; Agosto 2022<\/a><\/li>\n<li><a href=\"https:\/\/portal.unisepe.com.br\/fpbe\/wp-content\/uploads\/sites\/10008\/2023\/06\/Evidencia-Bate-Papo-CPA-2022.pdf\">Bate Papo CPA &#8211; 2022<\/a><\/li>\n<li><a href=\"https:\/\/portal.unisepe.com.br\/fpbe\/wp-content\/uploads\/sites\/10008\/2023\/06\/Evidencia-Integracao-Pedagogia-Mulher-2023.pdf\">Integracao Pedagogia &#8211; Mulher &#8211; 2023<\/a><\/li>\n<li><a href=\"https:\/\/portal.unisepe.com.br\/fpbe\/wp-content\/uploads\/sites\/10008\/2024\/04\/Convite-elei\u00e7\u00e3o-docente.pdf\">Convite elei\u00e7\u00e3o docente<\/a><\/li>\n<li><a href=\"https:\/\/portal.unisepe.com.br\/fpbe\/wp-content\/uploads\/sites\/10008\/2024\/04\/Convite-elei\u00e7\u00e3o-discente.pdf\">Convite elei\u00e7\u00e3o discente<\/a><\/li>\n<li><a href=\"https:\/\/portal.unisepe.com.br\/fpbe\/wp-content\/uploads\/sites\/10008\/2024\/06\/Previa_elei\u00e7\u00e3o_discente.pdf\">Previa elei\u00e7\u00e3o discente 2024<\/a><\/li>\n<li><a href=\"https:\/\/portal.unisepe.com.br\/fpbe\/wp-content\/uploads\/sites\/10008\/2024\/06\/Divulga\u00e7ao-Discente_Maio-2024.pdf\">Divulga\u00e7\u00e3o Discente Maio 2024<\/a><\/li>\n<li><a href=\"https:\/\/portal.unisepe.com.br\/fpbe\/wp-content\/uploads\/sites\/10008\/2024\/06\/Reuniao_CPA_2024.pdf\">Reuniao CPA 2024<\/a><\/li>\n<li><a href=\"https:\/\/portal.unisepe.com.br\/fpbe\/wp-content\/uploads\/sites\/10008\/2025\/03\/CRONOGRAMA-CPA-2025-FASUPI.pdf\">CRONOGRAMA CPA 2025 FASUPI<\/a><\/li>\n<\/ul>\n<p>&nbsp;<\/p>\n<p>&nbsp;<\/p>\n<p><strong>Apresenta\u00e7\u00e3o CPA<\/strong><\/p>\n<hr \/>\n<p>&nbsp;<\/p>\n<ul>\n<li><a href=\"https:\/\/portal.unisepe.com.br\/fpbe\/wp-content\/uploads\/sites\/10008\/2023\/04\/evidencia-4-ACOLHIMENTO-BIBLIOTECA.pdf\">Acolhimento Biblioteca &#8211; 2023<\/a><\/li>\n<li><a href=\"https:\/\/portal.unisepe.com.br\/fpbe\/wp-content\/uploads\/sites\/10008\/2023\/04\/evidencias-1-ED-FISICA-FISIO.pdf\">ED Fisica Fisio &#8211; 2023<\/a><a href=\"https:\/\/portal.unisepe.com.br\/fpbe\/wp-content\/uploads\/sites\/10008\/2023\/04\/evidencia-2-ACOLHIMENTO-ALUNOS-FISIO.pdf\"><\/a><\/li>\n<li><a href=\"https:\/\/portal.unisepe.com.br\/fpbe\/wp-content\/uploads\/sites\/10008\/2023\/04\/evidencia-2-ACOLHIMENTO-ALUNOS-FISIO.pdf\">Acolhimento Alunos Fisio<\/a><\/li>\n<li><a href=\"https:\/\/portal.unisepe.com.br\/fpbe\/wp-content\/uploads\/sites\/10008\/2023\/04\/evidencia-3-SEMANA-DE-ACOLHIMENTO-E-INTEGRACAO-2023.pdf\">Semana de Acolhimento e Integra\u00e7\u00e3o &#8211; 2023<\/a><a href=\"http:\/\/portal.unisepe.com.br\/fpbe\/wp-content\/uploads\/sites\/10008\/2018\/09\/PERFIL_DOS_INGRESSANTES_2014.pdf\"><\/a><\/li>\n<li><a href=\"https:\/\/portal.unisepe.com.br\/fpbe\/wp-content\/uploads\/sites\/10008\/2023\/06\/Banner-CPA-A\u00c7OES-2022-2023.pdf\">Banner CPA &#8211; 2022-2023<\/a><\/li>\n<li><a href=\"https:\/\/portal.unisepe.com.br\/fpbe\/wp-content\/uploads\/sites\/10008\/2023\/06\/Banner-CPA-NEWS-Clinica-Escola-2023.pdf\">Banner CPA NEWS Clinica Escola &#8211; 2023<\/a><\/li>\n<li><a href=\"https:\/\/portal.unisepe.com.br\/fpbe\/wp-content\/uploads\/sites\/10008\/2023\/06\/Evidencia-Infra-estrturura-Jardim-dos-Sentidos-2023.pdf\">Infra-estrturura &#8211; Jardim dos Sentidos 2023<\/a><\/li>\n<li><a href=\"https:\/\/portal.unisepe.com.br\/fpbe\/wp-content\/uploads\/sites\/10008\/2023\/06\/Evidencia-Clinica-Escola-2023.pdf\">Evidencia Clinica Escola &#8211; 2023<\/a><\/li>\n<li><a href=\"https:\/\/portal.unisepe.com.br\/fpbe\/wp-content\/uploads\/sites\/10008\/2024\/06\/CPA-2024_Banner_JSentidos.pdf\">Banner CPA Jardim dos Sentidos 2024<\/a><\/li>\n<\/ul>\n","protected":false},"excerpt":{"rendered":"<p>&nbsp; Encontros CPA &#8211; Integra\u00e7\u00e3o 2023.1 Treinamento CPA &#8211; Agosto 2022 Bate Papo CPA &#8211; 2022 Integracao Pedagogia &#8211; Mulher &#8211; 2023 Convite elei\u00e7\u00e3o docente Convite elei\u00e7\u00e3o discente Previa elei\u00e7\u00e3o discente 2024 Divulga\u00e7\u00e3o Discente Maio 2024 Reuniao CPA 2024 CRONOGRAMA CPA 2025 FASUPI &nbsp; &nbsp; Apresenta\u00e7\u00e3o CPA &nbsp; Acolhimento Biblioteca<\/p>\n","protected":false},"author":1,"featured_media":0,"parent":732,"menu_order":0,"comment_status":"closed","ping_status":"closed","template":"templates\/template-pagina_menu_vertical.php","meta":{"footnotes":""},"categories":[],"tags":[],"class_list":["post-768","page","type-page","status-publish","hentry"],"_links":{"self":[{"href":"https:\/\/portal.unisepe.com.br\/fpbe\/wp-json\/wp\/v2\/pages\/768","targetHints":{"allow":["GET"]}}],"collection":[{"href":"https:\/\/portal.unisepe.com.br\/fpbe\/wp-json\/wp\/v2\/pages"}],"about":[{"href":"https:\/\/portal.unisepe.com.br\/fpbe\/wp-json\/wp\/v2\/types\/page"}],"author":[{"embeddable":true,"href":"https:\/\/portal.unisepe.com.br\/fpbe\/wp-json\/wp\/v2\/users\/1"}],"replies":[{"embeddable":true,"href":"https:\/\/portal.unisepe.com.br\/fpbe\/wp-json\/wp\/v2\/comments?post=768"}],"version-history":[{"count":14,"href":"https:\/\/portal.unisepe.com.br\/fpbe\/wp-json\/wp\/v2\/pages\/768\/revisions"}],"predecessor-version":[{"id":5017,"href":"https:\/\/portal.unisepe.com.br\/fpbe\/wp-json\/wp\/v2\/pages\/768\/revisions\/5017"}],"up":[{"embeddable":true,"href":"https:\/\/portal.unisepe.com.br\/fpbe\/wp-json\/wp\/v2\/pages\/732"}],"wp:attachment":[{"href":"https:\/\/portal.unisepe.com.br\/fpbe\/wp-json\/wp\/v2\/media?parent=768"}],"wp:term":[{"taxonomy":"category","embeddable":true,"href":"https:\/\/portal.unisepe.com.br\/fpbe\/wp-json\/wp\/v2\/categories?post=768"},{"taxonomy":"post_tag","embeddable":true,"href":"https:\/\/portal.unisepe.com.br\/fpbe\/wp-json\/wp\/v2\/tags?post=768"}],"curies":[{"name":"wp","href":"https:\/\/api.w.org\/{rel}","templated":true}]}}