{"id":799,"date":"2016-07-14T22:28:24","date_gmt":"2016-07-14T22:28:24","guid":{"rendered":"http:\/\/www.fvr.edu.br\/fvr\/site\/?page_id=799"},"modified":"2024-09-23T14:44:30","modified_gmt":"2024-09-23T17:44:30","slug":"manuais-institucionais","status":"publish","type":"page","link":"https:\/\/portal.unisepe.com.br\/fpbe\/manuais-editais-e-regulamentos\/manuais-institucionais\/","title":{"rendered":"Manuais Institucionais"},"content":{"rendered":"<p><strong>Manuais Institucionais<\/strong><\/p>\n<ul>\n<li style=\"list-style-type: none\">\n<ul>\n<li><a href=\"https:\/\/portal.unisepe.com.br\/wp-content\/uploads\/2024\/02\/UNISEPE-SECRETARIA-VIRUTAL-DISCENTE-.pdf\" target=\"_blank\" rel=\"noopener noreferrer\">Manual Secretaria Virtual<\/a><\/li>\n<li><a href=\"http:\/\/portal.unisepe.com.br\/fpbe\/wp-content\/uploads\/sites\/10008\/2018\/08\/Manual_Artigo_Cientifico.pdf\" target=\"_blank\" rel=\"noopener noreferrer\">Manual Artigo Cientifico<\/a><\/li>\n<li><a href=\"http:\/\/portal.unisepe.com.br\/fpbe\/wp-content\/uploads\/sites\/10008\/2018\/08\/Manual_Atividades_Complementares.pdf\" target=\"_blank\" rel=\"noopener noreferrer\">Manual Atividades Complementares<\/a><\/li>\n<li><a href=\"http:\/\/portal.unisepe.com.br\/fpbe\/wp-content\/uploads\/sites\/10008\/2018\/08\/Manual_Normas.pdf\" target=\"_blank\" rel=\"noopener noreferrer\">Manual Normas<\/a><\/li>\n<li><a href=\"http:\/\/portal.unisepe.com.br\/fpbe\/wp-content\/uploads\/sites\/10008\/2018\/08\/Manual_Relatorio_Cientifico.pdf\" target=\"_blank\" rel=\"noopener noreferrer\">Manual Relat\u00f3rio Cientifico<\/a><\/li>\n<li><a href=\"https:\/\/portal.unisepe.com.br\/fpbe\/wp-content\/uploads\/sites\/10008\/2022\/05\/ALUNO-MANUAL-REMATRICULA.pdf\" target=\"_blank\" rel=\"noopener noreferrer\">Manual Rematricula<\/a><\/li>\n<li><a href=\"https:\/\/portal.unisepe.com.br\/fpbe\/wp-content\/uploads\/sites\/10008\/2023\/01\/DESBLOQUEIO-DE-COOKIES.pdf\">Manuais de desbloqueio de cookies<\/a><a href=\"https:\/\/portal.unisepe.com.br\/fpbe\/wp-content\/uploads\/sites\/10008\/2022\/05\/ALUNO-MANUAL-REMATRICULA.pdf\" target=\"_blank\" rel=\"noopener noreferrer\"><\/a><\/li>\n<\/ul>\n<\/li>\n<\/ul>\n<p>&nbsp;<\/p>\n<p><strong>Tutoriais (videos)<\/strong><\/p>\n<ul>\n<li><a href=\"https:\/\/portal.unisepe.com.br\/fpbe\/wp-content\/uploads\/sites\/10008\/2024\/01\/tutorial-financeiro.mp4\">Tutorial financeiro aluno<\/a><\/li>\n<li><a href=\"https:\/\/portal.unisepe.com.br\/fpbe\/wp-content\/uploads\/sites\/10008\/2024\/01\/Tutorial-de-como-usar-a-secretaria-virtual.mp4\">Tutorial secretaria virtual<\/a><\/li>\n<li><a href=\"https:\/\/portal.unisepe.com.br\/fpbe\/wp-content\/uploads\/sites\/10008\/2024\/01\/biblioteca-virtual.mp4\">Tutorial biblioteca virtual<\/a><\/li>\n<li><a href=\"https:\/\/portal.unisepe.com.br\/fpbe\/wp-content\/uploads\/sites\/10008\/2024\/01\/tutorial-cadastro-portal-EAD-hibrido.mp4\">Tutorial cadastro aluno online H\u00edbrido e EAD<\/a><\/li>\n<li><a href=\"https:\/\/portal.unisepe.com.br\/fpbe\/wp-content\/uploads\/sites\/10008\/2024\/01\/tutorial-cadastro-aluno-online-unidade.mp4\">Tutorial cadastro aluno da unidade<\/a><\/li>\n<li><a href=\"https:\/\/portal.unisepe.com.br\/fpbe\/wp-content\/uploads\/sites\/10008\/2024\/02\/tutorial-financeiro-pagamento-com-cart\u00e3o-1.mp4\" target=\"_blank\" rel=\"noopener noreferrer\">Tutorial Financeiro pagamento com cart\u00e3o<\/a><\/li>\n<li><a href=\"https:\/\/portal.unisepe.com.br\/fpbe\/wp-content\/uploads\/sites\/10008\/2024\/04\/Tutorial-portal-do-aluno_1.mp4\">Tutorial Portal do aluno<\/a><\/li>\n<li><a href=\"https:\/\/portal.unisepe.com.br\/fpbe\/wp-content\/uploads\/sites\/10008\/2024\/05\/Documentos-do-aluno.mp4\">Documentos no aluno online<\/a><\/li>\n<li><a href=\"https:\/\/portal.unisepe.com.br\/fpbe\/wp-content\/uploads\/sites\/10008\/2024\/06\/Tutorial-trabalhos-acad\u00eamicos.mp4\">Acesso aos trabalhos acad\u00eamicos<\/a><\/li>\n<li><a href=\"https:\/\/www.youtube.com\/watch?v=icK__940mxs\">Plataforma de Gest\u00e3o de Aulas<\/a><\/li>\n<\/ul>\n<p><strong>Normas<\/strong><\/p>\n<ul>\n<li><a href=\"https:\/\/portal.unisepe.com.br\/fpbe\/wp-content\/uploads\/sites\/10008\/2022\/05\/UNISEPE-NORMAS-PARA-USO-DE-INTERNET.pdf\" target=\"_blank\" rel=\"noopener noreferrer\">Normas para uso de internet<\/a><\/li>\n<li><a href=\"https:\/\/portal.unisepe.com.br\/fpbe\/wp-content\/uploads\/sites\/10008\/2022\/08\/regulamento-do-laboratorio-de-informatica-fpbe.pdf\" target=\"_blank\" rel=\"noopener noreferrer\">regulamento do laboratorio de informatica &#8211; fpbe<\/a><\/li>\n<\/ul>\n<p><strong>Informativos<\/strong><\/p>\n<ul>\n<li><a href=\"http:\/\/portal.unisepe.com.br\/fpbe\/wp-content\/uploads\/sites\/10008\/2018\/12\/slide_aviso_virus_2018_Peruibe.pdf\" target=\"_blank\" rel=\"noopener noreferrer\">Informativo &#8211; Identificando Boletos Unisepe para n\u00e3o ser v\u00edtima de v\u00edrus<\/a><\/li>\n<\/ul>\n","protected":false},"excerpt":{"rendered":"<p>Manuais Institucionais Manual Secretaria Virtual Manual Artigo Cientifico Manual Atividades Complementares Manual Normas Manual Relat\u00f3rio Cientifico Manual Rematricula Manuais de desbloqueio de cookies &nbsp; Tutoriais (videos) Tutorial financeiro aluno Tutorial secretaria virtual Tutorial biblioteca virtual Tutorial cadastro aluno online H\u00edbrido e EAD Tutorial cadastro aluno da unidade Tutorial Financeiro pagamento<\/p>\n","protected":false},"author":1,"featured_media":0,"parent":788,"menu_order":0,"comment_status":"closed","ping_status":"closed","template":"templates\/template-pagina_menu_vertical.php","meta":{"footnotes":""},"categories":[],"tags":[],"class_list":["post-799","page","type-page","status-publish","hentry"],"_links":{"self":[{"href":"https:\/\/portal.unisepe.com.br\/fpbe\/wp-json\/wp\/v2\/pages\/799","targetHints":{"allow":["GET"]}}],"collection":[{"href":"https:\/\/portal.unisepe.com.br\/fpbe\/wp-json\/wp\/v2\/pages"}],"about":[{"href":"https:\/\/portal.unisepe.com.br\/fpbe\/wp-json\/wp\/v2\/types\/page"}],"author":[{"embeddable":true,"href":"https:\/\/portal.unisepe.com.br\/fpbe\/wp-json\/wp\/v2\/users\/1"}],"replies":[{"embeddable":true,"href":"https:\/\/portal.unisepe.com.br\/fpbe\/wp-json\/wp\/v2\/comments?post=799"}],"version-history":[{"count":29,"href":"https:\/\/portal.unisepe.com.br\/fpbe\/wp-json\/wp\/v2\/pages\/799\/revisions"}],"predecessor-version":[{"id":4941,"href":"https:\/\/portal.unisepe.com.br\/fpbe\/wp-json\/wp\/v2\/pages\/799\/revisions\/4941"}],"up":[{"embeddable":true,"href":"https:\/\/portal.unisepe.com.br\/fpbe\/wp-json\/wp\/v2\/pages\/788"}],"wp:attachment":[{"href":"https:\/\/portal.unisepe.com.br\/fpbe\/wp-json\/wp\/v2\/media?parent=799"}],"wp:term":[{"taxonomy":"category","embeddable":true,"href":"https:\/\/portal.unisepe.com.br\/fpbe\/wp-json\/wp\/v2\/categories?post=799"},{"taxonomy":"post_tag","embeddable":true,"href":"https:\/\/portal.unisepe.com.br\/fpbe\/wp-json\/wp\/v2\/tags?post=799"}],"curies":[{"name":"wp","href":"https:\/\/api.w.org\/{rel}","templated":true}]}}