{"id":81,"date":"2015-07-28T12:24:00","date_gmt":"2015-07-28T15:24:00","guid":{"rendered":"http:\/\/www.fasupi.com.br\/site\/?page_id=81"},"modified":"2018-09-03T16:11:29","modified_gmt":"2018-09-03T19:11:29","slug":"a-instituicao","status":"publish","type":"page","link":"https:\/\/portal.unisepe.com.br\/fpbe\/a-instituicao\/","title":{"rendered":"A Institui\u00e7\u00e3o"},"content":{"rendered":"<p><strong>Hist\u00f3rico institucional <\/strong><\/p>\n<p><strong>1.2.2. Hist\u00f3rico institucional\u00a0<\/strong><\/p>\n<p>A Sociedade de Cultura e Educa\u00e7\u00e3o do Litoral Sul Ltda. \u2013 SCELISUL \u2013 (C\u00f3d.184) foi mantenedora das Faculdades Integradas do Vale do Ribeira \u2013 FIVR \u2013 (C\u00f3d.1554) criada pela Portaria MEC n\u00ba1. 325 publicada no dia 28\/08\/2000. O credenciamento das Faculdades Integradas do Vale do Ribeira ocorreu atrav\u00e9s do Parecer CNE\/CES 699\/2000, em 8\/8\/2000, por unifica\u00e7\u00e3o da Faculdade de Filosofia, Ci\u00eancias e Letras de Registro, autorizada pelo Decreto 70.476 de 4 maio de 1972, publicado no DOU em 5 de maio de 1972 e da Faculdade de Ci\u00eancias Administrativas e Cont\u00e1beis do Vale do Ribeira, autorizada pelo Decreto 90.689 de 12 de dezembro de 1984, publicado no DOU em 13 de dezembro de 1984.<br \/>\nA Sociedade de Cultura e Educa\u00e7\u00e3o do Litoral Sul Ltda. \u2013 SCELISUL \u2013 (C\u00f3d.184) tamb\u00e9m foi mantenedora da Faculdade de Tecnologia do Vale do Ribeira \u2013 FTVR \u2013 (C\u00f3d.3676) criada pela Portaria MEC n\u00ba3.322 publicada no dia 13\/11\/2003.<br \/>\nEm 2008 a Sociedade de Cultura e Educa\u00e7\u00e3o do Litoral Sul Ltda. \u2013 SCELISUL \u2013 (C\u00f3d.184) transferiu todas as suas mantidas para a Sociedade Acad\u00eamica Amparense \u2013 SAA \u2013 (C\u00f3d. 715), que posteriormente mudou a sua raz\u00e3o social para Uni\u00e3o das Institui\u00e7\u00f5es de Servi\u00e7os, Ensino e Pesquisa Ltda. \u2013 UNISEP* (c\u00f3d 715).<br \/>\nA Sociedade de Cultura e Educa\u00e7\u00e3o do Litoral Sul Ltda. \u2013 SCELISUL \u2013 \u00e9 mantenedora das Faculdade Peru\u00edbe &#8211; FPBE criada pela Portaria MEC n\u00ba. 564 de 9 de maio de 2008, publicado no D.O.U. do dia 12\/05\/2008.<\/p>\n<p><strong>PORTARIA N\u00ba 564, DE 9 DE MAIO DE 2008<\/strong><\/p>\n<p>O MINISTRO DE ESTADO DA EDUCA\u00c7\u00c3O, no uso de suas atribui\u00e7\u00f5es, tendo em vista o disposto no Decreto no 5.773, de 09\/05\/2006, com altera\u00e7\u00f5es do Decreto no 6.303, de 12\/12\/2007, na Portaria Normativa no 40, de 12\/12\/2007 e no Parecer no 76\/2008, da C\u00e2mara de Educa\u00e7\u00e3o Superior do Conselho Nacional de Educa\u00e7\u00e3o, conforme consta do Processo no 23000.009408\/2005-65, Registro SAPIEnS no 20050005290, bem como a conformidade do Regimento da Institui\u00e7\u00e3o e de seu respectivo Plano de Desenvolvimento Institucional, com a legisla\u00e7\u00e3o aplic\u00e1vel, resolve:<\/p>\n<p>Art. 1o Credenciar a Faculdade Peru\u00edbe, mantida pela Sociedade de Cultura e Educa\u00e7\u00e3o do Litoral Sul S\/C Ltda., a ser instalada na Avenida Darcy Fonseca, n\u00ba 530, bairro Jardim dos Prados, ambas na cidade de Peru\u00edbe, no Estado de S\u00e3o Paulo, pelo prazo m\u00e1ximo de 03 (tr\u00eas) anos<\/p>\n<p>Art. 2o Nos termos do art. 10, \u00a7 7\u00ba do Decreto no 5.773\/2006, alterado pelo Decreto no 6.303, de 12\/12\/2007, os atos autorizativos s\u00e3o validos at\u00e9 o ciclo avaliativo seguinte. Par\u00e1grafo \u00fanico. Caso entre a publica\u00e7\u00e3o desta portaria e o calend\u00e1rio para a realiza\u00e7\u00e3o do ciclo avaliativo citado no caput venha a ocorrer interst\u00edcio superior a tr\u00eas anos, a institui\u00e7\u00e3o dever\u00e1 solicitar seu recredenciamento, observadas as disposi\u00e7\u00f5es processuais pertinentes, tendo em vista o prazo m\u00e1ximo do primeiro credenciamento estabelecido no art. 13, \u00a7 4o, do mesmo Decreto.<\/p>\n<p>Art. 3o Esta Portaria entra em vigor na data de sua publica\u00e7\u00e3o.<br \/>\n<strong>FERNANDO HADDAD<\/strong><\/p>\n<p>O credenciamento da Faculdade Peru\u00edbe ocorreu por meio do Parecer CES 76\/2008, publicado em 23 de abril de 2008, a partir da oferta inicial do curso de Licenciatura em Pedagogia.<\/p>\n<p>&#8220;Processo: 23000.009408\/2005-65 SAPIEnS: 20050005290 Parecer: CES 76\/2008 Relator: Milton Linhares Interessada: Sociedade de Cultura e Educa\u00e7\u00e3o do Litoral Sul S\/C Ltda. &#8211; Peru\u00edbe (SP) Assunto: Credenciamento da Faculdade Peru\u00edbe, a ser instalada na cidade de Peru\u00edbe, no Estado de S\u00e3o Paulo Voto do Relator: Favor\u00e1vel ao credenciamento da Faculdade Peru\u00edbe, a ser instalada na Avenida Darcy Fonseca, no- 530, bairro Jardim dos Prados, na cidade de Peru\u00edbe, no Estado de S\u00e3o Paulo, at\u00e9 o primeiro ciclo avaliativo do SINAES a se realizar ap\u00f3s a homologa\u00e7\u00e3o deste Parecer, nos termos do art. 10, \u00a7 7o- , do Decreto no- 5.773\/2006, observado o prazo m\u00e1ximo de 3 (tr\u00eas) anos, fixado no art. 13, \u00a7 4o- , do mesmo Decreto, a partir da oferta inicial do curso de Pedagogia, licenciatura, com 200 (duzentas) vagas totais anuais. Decis\u00e3o da C\u00e2mara: APROVADO por unanimidade.&#8221;<\/p>\n<p><strong>Transfer\u00eancia de Manten\u00e7a da Faculdade Peru\u00edbe<\/strong><\/p>\n<p>Atrav\u00e9s da Processo n\u00ba 20080001970, aberto no dia 31 de outubro de 2008, foi solicitada a Transfer\u00eancia de Manten\u00e7a da Faculdade Peru\u00edbe da Mantenedora Sociedade de Cultura e Educa\u00e7\u00e3o do Litoral Sul \u2013 SCELISUL \u2013 (c\u00f3d-184) para a Mantenedora Uni\u00e3o das Institui\u00e7\u00f5es de Servi\u00e7os, Ensino e Pesquisa Ltda. \u2013 UNISEPE (c\u00f3d 715).<\/p>\n<p><strong>* UNISEP:<\/strong>\u00a0Nome da Raz\u00e3o Social e\u00a0<strong>UNISEPE:\u00a0<\/strong>Logomarca Registrada.<\/p>\n<p><strong>Recredenciamento da Faculdade Peru\u00edbe<\/strong><br \/>\ne-MEC: 201107760 Parecer: CNE\/CES 589\/2016 Relator: Joaquim Jos\u00e9 Soares Neto Interessada: Unisepe &#8211; Uni\u00e3o das Institui\u00e7\u00f5es de Servi\u00e7o, Ensino e Pesquisa Ltda. &#8211; Amparo\/SP Assunto: Recredenciamento da Faculdade Peru\u00edbe, com sede no munic\u00edpio de Peru\u00edbe, estado de S\u00e3o Paulo Voto do relator: Voto favoravelmente ao recredenciamento da Faculdade Peruibe, situada \u00e0 Avenida Darcy Fonseca, n\u00ba 530, bairro Jardim dos Prados, munic\u00edpio de Peru\u00edbe, estado de S\u00e3o Paulo, observando-se tanto o prazo de 3 (tr\u00eas) anos, conforme disp\u00f5e a Portaria Normativa n\u00ba 2, de 4 de janeiro de 2016, como a exig\u00eancia avaliativa prevista no artigo 10, \u00a7 7\u00ba, do Decreto n\u00ba 5.773\/2006, com a reda\u00e7\u00e3o dada pelo Decreto n\u00ba 6.303\/2007 Decis\u00e3o da C\u00e2mara: APROVADO por unanimidade<\/p>\n","protected":false},"excerpt":{"rendered":"<p>Hist\u00f3rico institucional 1.2.2. Hist\u00f3rico institucional\u00a0 A Sociedade de Cultura e Educa\u00e7\u00e3o do Litoral Sul Ltda. \u2013 SCELISUL \u2013 (C\u00f3d.184) foi mantenedora das Faculdades Integradas do Vale do Ribeira \u2013 FIVR \u2013 (C\u00f3d.1554) criada pela Portaria MEC n\u00ba1. 325 publicada no dia 28\/08\/2000. O credenciamento das Faculdades Integradas do Vale do<\/p>\n","protected":false},"author":6,"featured_media":0,"parent":0,"menu_order":0,"comment_status":"open","ping_status":"closed","template":"templates\/template-pagina_menu_vertical.php","meta":{"footnotes":""},"categories":[],"tags":[],"class_list":["post-81","page","type-page","status-publish","hentry"],"_links":{"self":[{"href":"https:\/\/portal.unisepe.com.br\/fpbe\/wp-json\/wp\/v2\/pages\/81","targetHints":{"allow":["GET"]}}],"collection":[{"href":"https:\/\/portal.unisepe.com.br\/fpbe\/wp-json\/wp\/v2\/pages"}],"about":[{"href":"https:\/\/portal.unisepe.com.br\/fpbe\/wp-json\/wp\/v2\/types\/page"}],"author":[{"embeddable":true,"href":"https:\/\/portal.unisepe.com.br\/fpbe\/wp-json\/wp\/v2\/users\/6"}],"replies":[{"embeddable":true,"href":"https:\/\/portal.unisepe.com.br\/fpbe\/wp-json\/wp\/v2\/comments?post=81"}],"version-history":[{"count":2,"href":"https:\/\/portal.unisepe.com.br\/fpbe\/wp-json\/wp\/v2\/pages\/81\/revisions"}],"predecessor-version":[{"id":2343,"href":"https:\/\/portal.unisepe.com.br\/fpbe\/wp-json\/wp\/v2\/pages\/81\/revisions\/2343"}],"wp:attachment":[{"href":"https:\/\/portal.unisepe.com.br\/fpbe\/wp-json\/wp\/v2\/media?parent=81"}],"wp:term":[{"taxonomy":"category","embeddable":true,"href":"https:\/\/portal.unisepe.com.br\/fpbe\/wp-json\/wp\/v2\/categories?post=81"},{"taxonomy":"post_tag","embeddable":true,"href":"https:\/\/portal.unisepe.com.br\/fpbe\/wp-json\/wp\/v2\/tags?post=81"}],"curies":[{"name":"wp","href":"https:\/\/api.w.org\/{rel}","templated":true}]}}