{"id":91,"date":"2015-07-28T12:25:48","date_gmt":"2015-07-28T12:25:48","guid":{"rendered":"http:\/\/www.fasupi.com.br\/site\/?page_id=91"},"modified":"2018-09-03T16:09:32","modified_gmt":"2018-09-03T19:09:32","slug":"mantenedora","status":"publish","type":"page","link":"https:\/\/portal.unisepe.com.br\/fpbe\/a-instituicao\/mantenedora\/","title":{"rendered":"Mantenedora"},"content":{"rendered":"<p style=\"text-align: justify\"><strong>Entidade Mantenedora<\/strong><\/p>\n<p style=\"text-align: justify\">Uni\u00e3o das Institui\u00e7\u00f5es de Servi\u00e7os, Ensino e Pesquisa Ltda \u2013 UNISEPE \u00e9 mantenedora da Faculdade Peru\u00edbe \u2013 FPBE.<\/p>\n<p style=\"text-align: justify\">A Raz\u00e3o Social: UNISEP \u2013 Uni\u00e3o das Institui\u00e7\u00f5es de Servi\u00e7o, Ensino e Pesquisa Ltda foi Registrada na Junta Comercial do Estado de S\u00e3o Paulo \u2013 JUCESP sob o n\u00famero 462.028\/07-0 em 12\/12\/2007.<\/p>\n<p style=\"text-align: justify\">\n","protected":false},"excerpt":{"rendered":"<p>Entidade Mantenedora Uni\u00e3o das Institui\u00e7\u00f5es de Servi\u00e7os, Ensino e Pesquisa Ltda \u2013 UNISEPE \u00e9 mantenedora da Faculdade Peru\u00edbe \u2013 FPBE. A Raz\u00e3o Social: UNISEP \u2013 Uni\u00e3o das Institui\u00e7\u00f5es de Servi\u00e7o, Ensino e Pesquisa Ltda foi Registrada na Junta Comercial do Estado de S\u00e3o Paulo \u2013 JUCESP sob o n\u00famero 462.028\/07-0<\/p>\n","protected":false},"author":6,"featured_media":0,"parent":81,"menu_order":0,"comment_status":"open","ping_status":"open","template":"templates\/template-pagina_menu_vertical.php","meta":{"footnotes":""},"categories":[],"tags":[],"class_list":["post-91","page","type-page","status-publish","hentry"],"_links":{"self":[{"href":"https:\/\/portal.unisepe.com.br\/fpbe\/wp-json\/wp\/v2\/pages\/91","targetHints":{"allow":["GET"]}}],"collection":[{"href":"https:\/\/portal.unisepe.com.br\/fpbe\/wp-json\/wp\/v2\/pages"}],"about":[{"href":"https:\/\/portal.unisepe.com.br\/fpbe\/wp-json\/wp\/v2\/types\/page"}],"author":[{"embeddable":true,"href":"https:\/\/portal.unisepe.com.br\/fpbe\/wp-json\/wp\/v2\/users\/6"}],"replies":[{"embeddable":true,"href":"https:\/\/portal.unisepe.com.br\/fpbe\/wp-json\/wp\/v2\/comments?post=91"}],"version-history":[{"count":2,"href":"https:\/\/portal.unisepe.com.br\/fpbe\/wp-json\/wp\/v2\/pages\/91\/revisions"}],"predecessor-version":[{"id":2645,"href":"https:\/\/portal.unisepe.com.br\/fpbe\/wp-json\/wp\/v2\/pages\/91\/revisions\/2645"}],"up":[{"embeddable":true,"href":"https:\/\/portal.unisepe.com.br\/fpbe\/wp-json\/wp\/v2\/pages\/81"}],"wp:attachment":[{"href":"https:\/\/portal.unisepe.com.br\/fpbe\/wp-json\/wp\/v2\/media?parent=91"}],"wp:term":[{"taxonomy":"category","embeddable":true,"href":"https:\/\/portal.unisepe.com.br\/fpbe\/wp-json\/wp\/v2\/categories?post=91"},{"taxonomy":"post_tag","embeddable":true,"href":"https:\/\/portal.unisepe.com.br\/fpbe\/wp-json\/wp\/v2\/tags?post=91"}],"curies":[{"name":"wp","href":"https:\/\/api.w.org\/{rel}","templated":true}]}}