{"id":916,"date":"2016-10-03T18:57:55","date_gmt":"2016-10-03T18:57:55","guid":{"rendered":"http:\/\/www.fvr.edu.br\/fvr\/site\/?page_id=916"},"modified":"2023-04-17T17:31:15","modified_gmt":"2023-04-17T20:31:15","slug":"instituto-superior-de-educacao","status":"publish","type":"page","link":"https:\/\/portal.unisepe.com.br\/fpbe\/instituto-superior-de-educacao\/","title":{"rendered":"Instituto Superior de Educa\u00e7\u00e3o"},"content":{"rendered":"<p>O ISE \u00e9 a unidade acad\u00eamico-administrativa da Faculdade que tem como objetivos:<\/p>\n<p>I \u2013 a forma\u00e7\u00e3o, em cursos de gradua\u00e7\u00e3o presenciais ou a dist\u00e2ncia, de profissionais e especialistas de n\u00edvel superior, compromissados com a realidade e com a solu\u00e7\u00e3o dos problemas nacionais e da regi\u00e3o;<\/p>\n<p>II \u2013 a realiza\u00e7\u00e3o e o est\u00edmulo \u00e0s atividades criadoras;<\/p>\n<p>III \u2013 a amplia\u00e7\u00e3o do acesso ao ensino e \u00e0 pesquisa, mediante atividades de extens\u00e3o e de presta\u00e7\u00e3o de servi\u00e7os \u00e0 comunidade, com o objetivo de difundir o conhecimento cient\u00edfico e tecnol\u00f3gico;<\/p>\n<p>IV \u2013 adapta\u00e7\u00e3o dos alunos com necessidades educacionais especiais, atrav\u00e9s de orienta\u00e7\u00e3o aos professores da institui\u00e7\u00e3o;<\/p>\n<p>V \u2013 a promo\u00e7\u00e3o de programas e cursos de p\u00f3s-gradua\u00e7\u00e3o, de atualiza\u00e7\u00e3o, de extens\u00e3o, seq\u00fcenciais nas modalidades presencial e a dist\u00e2ncia.<\/p>\n<p>PAR\u00c1GRAFO \u00daNICO. Para a consecu\u00e7\u00e3o de seus objetivos e na conformidade de seus princ\u00edpios, o ISE constitui-se numa comunidade acad\u00eamica, integrada por Coordenadores dos Cursos, professores, alunos, pessoal t\u00e9cnico-administrativo e de apoio.<\/p>\n<p>&nbsp;<\/p>\n<p>&nbsp;<\/p>\n<p><strong><u>SERVI\u00c7OS<\/u><\/strong><\/p>\n<p>&nbsp;<\/p>\n<ul>\n<li>PAD \u2013 Programa de Apoio ao Discente<\/li>\n<\/ul>\n<p>&nbsp;<\/p>\n<ul>\n<li style=\"padding-left: 60px\">PAI \u2013 Programa de Acolhimento ao Ingressante;<\/li>\n<li style=\"padding-left: 60px\">APSI \u2013 Apoio Psicopedag\u00f3gico ao Discente;<\/li>\n<li style=\"padding-left: 60px\">PROAD \u2013 Programa de Atendimento aos Deficientes;<\/li>\n<li style=\"padding-left: 60px\">PAE \u2013 Programa de Acompanhamento ao Egresso;<\/li>\n<li style=\"padding-left: 60px\">PAADE &#8211; Programa de Apoio e Acolhimento do Discente Estrangeiro.<\/li>\n<\/ul>\n<p>&nbsp;<\/p>\n<ul>\n<li>NUPE \u2013 N\u00facleo de Apoio Pedag\u00f3gico<\/li>\n<\/ul>\n<p>&nbsp;<\/p>\n<p>&nbsp;<\/p>\n","protected":false},"excerpt":{"rendered":"<p>O ISE \u00e9 a unidade acad\u00eamico-administrativa da Faculdade que tem como objetivos: I \u2013 a forma\u00e7\u00e3o, em cursos de gradua\u00e7\u00e3o presenciais ou a dist\u00e2ncia, de profissionais e especialistas de n\u00edvel superior, compromissados com a realidade e com a solu\u00e7\u00e3o dos problemas nacionais e da regi\u00e3o; II \u2013 a realiza\u00e7\u00e3o e<\/p>\n","protected":false},"author":1,"featured_media":0,"parent":0,"menu_order":0,"comment_status":"closed","ping_status":"closed","template":"templates\/template-pagina_menu_vertical.php","meta":{"footnotes":""},"categories":[],"tags":[],"class_list":["post-916","page","type-page","status-publish","hentry"],"_links":{"self":[{"href":"https:\/\/portal.unisepe.com.br\/fpbe\/wp-json\/wp\/v2\/pages\/916","targetHints":{"allow":["GET"]}}],"collection":[{"href":"https:\/\/portal.unisepe.com.br\/fpbe\/wp-json\/wp\/v2\/pages"}],"about":[{"href":"https:\/\/portal.unisepe.com.br\/fpbe\/wp-json\/wp\/v2\/types\/page"}],"author":[{"embeddable":true,"href":"https:\/\/portal.unisepe.com.br\/fpbe\/wp-json\/wp\/v2\/users\/1"}],"replies":[{"embeddable":true,"href":"https:\/\/portal.unisepe.com.br\/fpbe\/wp-json\/wp\/v2\/comments?post=916"}],"version-history":[{"count":2,"href":"https:\/\/portal.unisepe.com.br\/fpbe\/wp-json\/wp\/v2\/pages\/916\/revisions"}],"predecessor-version":[{"id":4311,"href":"https:\/\/portal.unisepe.com.br\/fpbe\/wp-json\/wp\/v2\/pages\/916\/revisions\/4311"}],"wp:attachment":[{"href":"https:\/\/portal.unisepe.com.br\/fpbe\/wp-json\/wp\/v2\/media?parent=916"}],"wp:term":[{"taxonomy":"category","embeddable":true,"href":"https:\/\/portal.unisepe.com.br\/fpbe\/wp-json\/wp\/v2\/categories?post=916"},{"taxonomy":"post_tag","embeddable":true,"href":"https:\/\/portal.unisepe.com.br\/fpbe\/wp-json\/wp\/v2\/tags?post=916"}],"curies":[{"name":"wp","href":"https:\/\/api.w.org\/{rel}","templated":true}]}}