{"id":944,"date":"2016-10-05T17:57:25","date_gmt":"2016-10-05T17:57:25","guid":{"rendered":"http:\/\/www.fvr.edu.br\/fvr\/site\/?page_id=944"},"modified":"2024-04-22T21:04:51","modified_gmt":"2024-04-23T00:04:51","slug":"coordenacao-e-atribuicoes","status":"publish","type":"page","link":"https:\/\/portal.unisepe.com.br\/fpbe\/coordenadoria-de-producao-de-extensao\/coordenacao-e-atribuicoes\/","title":{"rendered":"Coordena\u00e7\u00e3o e atribui\u00e7\u00f5es"},"content":{"rendered":"<p><strong>Coordenador de Produ\u00e7\u00e3o e Extens\u00e3o:<\/strong><\/p>\n<p><strong>S\u00e3o atribui\u00e7\u00f5es da Coordenadoria:<\/strong><\/p>\n<ol>\n<li>Estimular, sugerir, coordenar, propor normas gerais, utilizar as atividades de produ\u00e7\u00e3o e extens\u00e3o, conforme e as pol\u00edticas da FPBE, dando \u00eanfase a problemas regionais;<\/li>\n<li>Promover as atividades de produ\u00e7\u00e3o cient\u00edfica e extens\u00e3o;<\/li>\n<li>Estabelecer crit\u00e9rios para a participa\u00e7\u00e3o de docentes e discentes em eventos t\u00e9cnicos-cient\u00edficos;<\/li>\n<li>Promover encontros das comunidades voltadas \u00e0 integra\u00e7\u00e3o e a conviv\u00eancia acad\u00eamica.<\/li>\n<\/ol>\n<p>&nbsp;<\/p>\n<p><strong>Contato<\/strong><\/p>\n<p>Tel: (13) 3456-3055 &#8211; 3456-2979<\/p>\n<p><strong>\u00a0<\/strong>E-mail: <a href=\"mailto:cpex.pe@unisepe.com.br\">cpex.pe@unisepe.com.br<\/a><\/p>\n","protected":false},"excerpt":{"rendered":"<p>Coordenador de Produ\u00e7\u00e3o e Extens\u00e3o: S\u00e3o atribui\u00e7\u00f5es da Coordenadoria: Estimular, sugerir, coordenar, propor normas gerais, utilizar as atividades de produ\u00e7\u00e3o e extens\u00e3o, conforme e as pol\u00edticas da FPBE, dando \u00eanfase a problemas regionais; Promover as atividades de produ\u00e7\u00e3o cient\u00edfica e extens\u00e3o; Estabelecer crit\u00e9rios para a participa\u00e7\u00e3o de docentes e discentes<\/p>\n","protected":false},"author":1,"featured_media":0,"parent":934,"menu_order":0,"comment_status":"closed","ping_status":"closed","template":"templates\/template-pagina_menu_vertical.php","meta":{"footnotes":""},"categories":[],"tags":[],"class_list":["post-944","page","type-page","status-publish","hentry"],"_links":{"self":[{"href":"https:\/\/portal.unisepe.com.br\/fpbe\/wp-json\/wp\/v2\/pages\/944","targetHints":{"allow":["GET"]}}],"collection":[{"href":"https:\/\/portal.unisepe.com.br\/fpbe\/wp-json\/wp\/v2\/pages"}],"about":[{"href":"https:\/\/portal.unisepe.com.br\/fpbe\/wp-json\/wp\/v2\/types\/page"}],"author":[{"embeddable":true,"href":"https:\/\/portal.unisepe.com.br\/fpbe\/wp-json\/wp\/v2\/users\/1"}],"replies":[{"embeddable":true,"href":"https:\/\/portal.unisepe.com.br\/fpbe\/wp-json\/wp\/v2\/comments?post=944"}],"version-history":[{"count":6,"href":"https:\/\/portal.unisepe.com.br\/fpbe\/wp-json\/wp\/v2\/pages\/944\/revisions"}],"predecessor-version":[{"id":4777,"href":"https:\/\/portal.unisepe.com.br\/fpbe\/wp-json\/wp\/v2\/pages\/944\/revisions\/4777"}],"up":[{"embeddable":true,"href":"https:\/\/portal.unisepe.com.br\/fpbe\/wp-json\/wp\/v2\/pages\/934"}],"wp:attachment":[{"href":"https:\/\/portal.unisepe.com.br\/fpbe\/wp-json\/wp\/v2\/media?parent=944"}],"wp:term":[{"taxonomy":"category","embeddable":true,"href":"https:\/\/portal.unisepe.com.br\/fpbe\/wp-json\/wp\/v2\/categories?post=944"},{"taxonomy":"post_tag","embeddable":true,"href":"https:\/\/portal.unisepe.com.br\/fpbe\/wp-json\/wp\/v2\/tags?post=944"}],"curies":[{"name":"wp","href":"https:\/\/api.w.org\/{rel}","templated":true}]}}