{"id":10,"date":"2021-06-28T20:53:24","date_gmt":"2021-06-28T23:53:24","guid":{"rendered":"https:\/\/portal.unisepe.com.br\/repositorio\/?page_id=10"},"modified":"2024-06-04T09:25:14","modified_gmt":"2024-06-04T12:25:14","slug":"univr","status":"publish","type":"page","link":"https:\/\/portal.unisepe.com.br\/repositorio\/unisepe\/univr\/","title":{"rendered":"Centro Universit\u00e1rio do Vale do Ribeira"},"content":{"rendered":"<h4>Apresenta\u00e7\u00e3o<\/h4>\n<hr \/>\n<p>O Reposit\u00f3rio Institucional do Centro Universit\u00e1rio do Vale do Ribeira tem por objetivo armazenar, preservar, disseminar e possibilitar o acesso aberto, como bem p\u00fablico global, \u00e0 produ\u00e7\u00e3o cient\u00edfica, acad\u00eamica, art\u00edstica, t\u00e9cnica e administrativa da Universidade.<\/p>\n<p>&nbsp;<\/p>\n<h4>Reposit\u00f3rio dos cursos<\/h4>\n<hr \/>\n<ul>\n<li><a href=\"https:\/\/portal.unisepe.com.br\/repositorio\/unisepe\/univr\/direito\/\" rel=\"noopener noreferrer\">Direito<\/a><\/li>\n<li><a href=\"https:\/\/portal.unisepe.com.br\/repositorio\/unisepe\/univr\/enfermagem\/\" rel=\"noopener noreferrer\">Enfermagem<\/a><\/li>\n<li><a href=\"https:\/\/portal.unisepe.com.br\/repositorio\/unisepe\/univr\/estetica-e-cosmetica\/\" rel=\"noopener noreferrer\">Est\u00e9tica e Cosm\u00e9tica<\/a><\/li>\n<li><a href=\"https:\/\/portal.unisepe.com.br\/repositorio\/unisepe\/univr\/fisioterapia\/\" rel=\"noopener noreferrer\">Fisioterapia<\/a><\/li>\n<li><a href=\"https:\/\/portal.unisepe.com.br\/repositorio\/unisepe\/univr\/nutricao\/\" rel=\"noopener noreferrer\">Nutri\u00e7\u00e3o<\/a><\/li>\n<li><a href=\"https:\/\/portal.unisepe.com.br\/repositorio\/unisepe\/univr\/psicologia\/\" rel=\"noopener noreferrer\">Psicologia<\/a><\/li>\n<\/ul>\n","protected":false},"excerpt":{"rendered":"<p>Apresenta\u00e7\u00e3o O Reposit\u00f3rio Institucional do Centro Universit\u00e1rio do Vale do Ribeira tem por objetivo armazenar, preservar, disseminar e possibilitar o acesso aberto, como bem p\u00fablico global, \u00e0 produ\u00e7\u00e3o cient\u00edfica, acad\u00eamica, art\u00edstica, t\u00e9cnica e administrativa da Universidade. &nbsp; Reposit\u00f3rio dos cursos Direito Enfermagem Est\u00e9tica e Cosm\u00e9tica Fisioterapia Nutri\u00e7\u00e3o Psicologia<\/p>\n","protected":false},"author":1,"featured_media":11,"parent":8,"menu_order":0,"comment_status":"closed","ping_status":"closed","template":"templates\/template-pagina_menu_vertical.php","meta":{"footnotes":""},"categories":[],"tags":[],"class_list":["post-10","page","type-page","status-publish","has-post-thumbnail","hentry"],"_links":{"self":[{"href":"https:\/\/portal.unisepe.com.br\/repositorio\/wp-json\/wp\/v2\/pages\/10","targetHints":{"allow":["GET"]}}],"collection":[{"href":"https:\/\/portal.unisepe.com.br\/repositorio\/wp-json\/wp\/v2\/pages"}],"about":[{"href":"https:\/\/portal.unisepe.com.br\/repositorio\/wp-json\/wp\/v2\/types\/page"}],"author":[{"embeddable":true,"href":"https:\/\/portal.unisepe.com.br\/repositorio\/wp-json\/wp\/v2\/users\/1"}],"replies":[{"embeddable":true,"href":"https:\/\/portal.unisepe.com.br\/repositorio\/wp-json\/wp\/v2\/comments?post=10"}],"version-history":[{"count":12,"href":"https:\/\/portal.unisepe.com.br\/repositorio\/wp-json\/wp\/v2\/pages\/10\/revisions"}],"predecessor-version":[{"id":609,"href":"https:\/\/portal.unisepe.com.br\/repositorio\/wp-json\/wp\/v2\/pages\/10\/revisions\/609"}],"up":[{"embeddable":true,"href":"https:\/\/portal.unisepe.com.br\/repositorio\/wp-json\/wp\/v2\/pages\/8"}],"wp:featuredmedia":[{"embeddable":true,"href":"https:\/\/portal.unisepe.com.br\/repositorio\/wp-json\/wp\/v2\/media\/11"}],"wp:attachment":[{"href":"https:\/\/portal.unisepe.com.br\/repositorio\/wp-json\/wp\/v2\/media?parent=10"}],"wp:term":[{"taxonomy":"category","embeddable":true,"href":"https:\/\/portal.unisepe.com.br\/repositorio\/wp-json\/wp\/v2\/categories?post=10"},{"taxonomy":"post_tag","embeddable":true,"href":"https:\/\/portal.unisepe.com.br\/repositorio\/wp-json\/wp\/v2\/tags?post=10"}],"curies":[{"name":"wp","href":"https:\/\/api.w.org\/{rel}","templated":true}]}}