{"id":236,"date":"2023-05-05T15:09:52","date_gmt":"2023-05-05T18:09:52","guid":{"rendered":"https:\/\/portal.unisepe.com.br\/repositorio\/?page_id=236"},"modified":"2024-06-06T14:32:00","modified_gmt":"2024-06-06T17:32:00","slug":"tcc-2021","status":"publish","type":"page","link":"https:\/\/portal.unisepe.com.br\/repositorio\/unisepe\/univr\/psicologia\/tcc-2021\/","title":{"rendered":"2021"},"content":{"rendered":"<h4 style=\"text-align: center\">Trabalho de Conclus\u00e3o de Curso<\/h4>\n<p>&nbsp;<\/p>\n<p style=\"text-align: center\"><a href=\"http:\/\/portal.unisepe.com.br\/repositorio\/wp-content\/uploads\/sites\/10011\/2023\/05\/A-AN\u00c1LISE-LAVELLIANA-DO-MITO-DE-NARCISO-E-O-CONCEITO-DE-AMOR-PR\u00d3PRIO.pdf\" target=\"_blank\" rel=\"noopener noreferrer\"><strong>A AN\u00c1LISE LAVELLIANA DO MITO DE NARCISO E O CONCEITO DE AMOR-PR\u00d3PRIO<\/strong> <br \/> MARCO ANT\u00d4NIO CARVALHO VENTURA<\/a><\/p>\n<hr \/>\n<p style=\"text-align: center\"><a href=\"http:\/\/portal.unisepe.com.br\/repositorio\/wp-content\/uploads\/sites\/10011\/2023\/05\/A-ATUA\u00c7\u00c3O-DO-PSIC\u00d3LOGO-HOSPITALAR-NO-CONTEXTO-DA-PANDEMIA.pdf\" target=\"_blank\" rel=\"noopener noreferrer\"><strong>A ATUA\u00c7\u00c3O DO PSIC\u00d3LOGO HOSPITALAR NO CONTEXTO DA PANDEMIA<\/strong> <br \/> D\u00c1VILLA MADALENA MARTINS RODRIGUES<\/a><\/p>\n<hr \/>\n<p style=\"text-align: center\"><a href=\"http:\/\/portal.unisepe.com.br\/repositorio\/wp-content\/uploads\/sites\/10011\/2023\/05\/A-IMPORT\u00c2NCIA-DO-V\u00cdNCULO-AFETIVO-NA-PRIMEIRA-INF\u00c2NCIA.pdf\" target=\"_blank\" rel=\"noopener noreferrer\"><strong>A IMPORT\u00c2NCIA DO V\u00cdNCULO AFETIVO NA PRIMEIRA INF\u00c2NCIA<\/strong> <br \/> GABRYELA CAVALCANTI DA SILVA FELIX PEREIRA<\/a><\/p>\n<hr \/>\n<p style=\"text-align: center\"><a href=\"http:\/\/portal.unisepe.com.br\/repositorio\/wp-content\/uploads\/sites\/10011\/2023\/05\/A-INFLU\u00caNCIA-DA-M\u00cdDIA-NOS-PADR\u00d5ES-DE-BELEZA.pdf\" target=\"_blank\" rel=\"noopener noreferrer\"><strong>A INFLU\u00caNCIA DA M\u00cdDIA NOS PADR\u00d5ES DE BELEZA<\/strong> <br \/> KARINE ANDRIELE PEDROSO AM\u00c9RICO <br \/> RHAYANA CAROLINE ANTUNES OLIVEIRA<\/a><\/p>\n<hr \/>\n<p style=\"text-align: center\"><a href=\"http:\/\/portal.unisepe.com.br\/repositorio\/wp-content\/uploads\/sites\/10011\/2023\/05\/ANG\u00daSTIA-E-PSICOTERAPIA-UMA-REVIS\u00c3O-A-PARTIR-DE-HEIDEGGER-E-JACQUES-LACAN.pdf\" target=\"_blank\" rel=\"noopener noreferrer\"><strong>ANG\u00daSTIA E PSICOTERAPIA: UMA REVIS\u00c3O A PARTIR DE HEIDEGGER E JACQUES LACAN<\/strong> <br \/> DANIEL ROSA DE LIMA<\/a><\/p>\n<hr \/>\n<p style=\"text-align: center\"><a href=\"http:\/\/portal.unisepe.com.br\/repositorio\/wp-content\/uploads\/sites\/10011\/2023\/05\/ARTE-E-SENTIDO-EXISTENCIAL.pdf\" target=\"_blank\" rel=\"noopener noreferrer\"><strong>ARTE E SENTIDO EXISTENCIAL<\/strong> <br \/> DRIELY MEANDA MUNIZ PEDROSO<\/a><\/p>\n<hr \/>\n<p style=\"text-align: center\"><a href=\"http:\/\/portal.unisepe.com.br\/repositorio\/wp-content\/uploads\/sites\/10011\/2023\/05\/A-TERAPIA-COGNITIVO-COMPORTAMENTAL-COMO-INTERVEN\u00c7\u00c3O-NO-TRANSTORNO-DO-ESTRESSE-P\u00d3S-TRAUM\u00c1TICO-DEVIDO-\u00c0-VULNERABILIDADE-SOCIAL-NA-INF\u00c2NCIA.pdf\" target=\"_blank\" rel=\"noopener noreferrer\"><strong>A TERAPIA COGNITIVO COMPORTAMENTAL COMO INTERVEN\u00c7\u00c3O NO TRANSTORNO DO ESTRESSE P\u00d3S TRAUM\u00c1TICO DEVIDO \u00c0 VULNERABILIDADE SOCIAL NA INF\u00c2NCIA<\/strong> <br \/> LAIS CRISTINA RAMOS ALEIXO <br \/> MARIA APARECIDA PAIVA VILIAMOVISENS<\/a><\/p>\n<hr \/>\n<p style=\"text-align: center\"><a href=\"http:\/\/portal.unisepe.com.br\/repositorio\/wp-content\/uploads\/sites\/10011\/2023\/05\/A-VULNERABILIDADE-SOCIAL-E-A-PSICOLOGIA-ACESSO-RESTRITO-AO-SERVI\u00c7OS-PSICOL\u00d3GICOS-E-SUAS-CONSEQU\u00caNCIAS.pdf\" target=\"_blank\" rel=\"noopener noreferrer\"><strong>A VULNERABILIDADE SOCIAL E A PSICOLOGIA: ACESSO RESTRITO AO SERVI\u00c7OS PSICOL\u00d3GICOS E SUAS CONSEQU\u00caNCIAS<\/strong> <br \/> ANELIZE PASSOS PEREIRA<\/a><\/p>\n<hr \/>\n<p style=\"text-align: center\"><a href=\"http:\/\/portal.unisepe.com.br\/repositorio\/wp-content\/uploads\/sites\/10011\/2023\/05\/LUGAR-DE-MULHER-\u00c9-ONDE-ELA-QUISER-AS-MUDAN\u00c7AS-NO-COTIDIANO-FEMININO-DECORRENTES-DA-SUA-INSER\u00c7\u00c3O-NO-MERCADO-DE-TRABALHO.pdf\" target=\"_blank\" rel=\"noopener noreferrer\"><strong>LUGAR DE MULHER \u00c9 ONDE ELA QUISER: AS MUDAN\u00c7AS NO COTIDIANO FEMININO DECORRENTES DA SUA INSER\u00c7\u00c3O NO MERCADO DE TRABALHO<\/strong> <br \/> MARILZA ELIAS CABRAL JACOB<\/a><\/p>\n<hr \/>\n<p style=\"text-align: center\"><a href=\"http:\/\/portal.unisepe.com.br\/repositorio\/wp-content\/uploads\/sites\/10011\/2023\/05\/LUTO-NA-EQUIPE-DA-SA\u00daDE.pdf\" target=\"_blank\" rel=\"noopener noreferrer\"><strong>LUTO NA EQUIPE DA SA\u00daDE<\/strong> <br \/> ODAIZA DA SILVA ASSUN\u00c7\u00c3O<\/a><\/p>\n<hr \/>\n<p style=\"text-align: center\"><a href=\"http:\/\/portal.unisepe.com.br\/repositorio\/wp-content\/uploads\/sites\/10011\/2023\/05\/MAID-UMA-AN\u00c1LISE-DOS-IMPACTOS-EMOCIONAIS-GERADOS-NA-V\u00cdTIMA-DA-VIOL\u00caNCIA-DOM\u00c9STICA-E-A-SA\u00cdDA-DO-RELACIONAMENTO-ABUSIVO-pag-843-a-852.pdf\" target=\"_blank\" rel=\"noopener noreferrer\"><strong>MAID: UMA AN\u00c1LISE DOS IMPACTOS EMOCIONAIS GERADOS NA V\u00cdTIMA DA VIOL\u00caNCIA DOM\u00c9STICA E A SA\u00cdDA DO RELACIONAMENTO ABUSIVO<\/strong> <br \/> GIOVANA LOPES DA SILVA<\/a><\/p>\n<hr \/>\n<p style=\"text-align: center\"><a href=\"http:\/\/portal.unisepe.com.br\/repositorio\/wp-content\/uploads\/sites\/10011\/2023\/05\/O-IMPACTO-DO-BULLYING-NO-DESENVOLVIMENTO-PSICOL\u00d3GICO-DO-ADULTO.pdf\" target=\"_blank\" rel=\"noopener noreferrer\"><strong>O IMPACTO DO BULLYING NO DESENVOLVIMENTO PSICOL\u00d3GICO DO ADULTO<\/strong> <br \/> CLAREANA ANAU\u00ca LORENA DE SOUZA E SILVA <br \/> GABRIELLA PEREIRA DOS SANTOS<\/a><\/p>\n<hr \/>\n<p style=\"text-align: center\"><a href=\"http:\/\/portal.unisepe.com.br\/repositorio\/wp-content\/uploads\/sites\/10011\/2023\/05\/O-IMPACTO-DOS-ANIMAIS-EM-TERAPIAS-ASSISTIDAS.pdf\" target=\"_blank\" rel=\"noopener noreferrer\"><strong>O IMPACTO DOS ANIMAIS EM TERAPIAS ASSISTIDAS: EM QUE ESFERAS DA VIDA HUMANA A TERAPIA ASSISTIDA COM ANIMAIS PODE SER BEN\u00c9FICA?<\/strong> <br \/> ANA CAROLINA CRIVELLI KIKUCHI RIBEIRO<\/a><\/p>\n<hr \/>\n<p style=\"text-align: center\"><a href=\"http:\/\/portal.unisepe.com.br\/repositorio\/wp-content\/uploads\/sites\/10011\/2023\/05\/OLHAR-PARA-O-AUTISTA-A-PERSPECTIVA-MATERNA-AP\u00d3S-DIAGN\u00d3STICO-DE-TEA.pdf\" target=\"_blank\" rel=\"noopener noreferrer\"><strong>OLHAR PARA O AUTISTA: A PERSPECTIVA MATERNA AP\u00d3S DIAGN\u00d3STICO DE TEA<\/strong> <br \/> LUMA DE SOUZA PATEKOSKI BRAGA<\/a><\/p>\n<hr \/>\n<p style=\"text-align: center\"><a href=\"http:\/\/portal.unisepe.com.br\/repositorio\/wp-content\/uploads\/sites\/10011\/2023\/05\/O-PAPEL-DO-PSIC\u00d3LOGO-ORGANIZACIONAL-DIANTE-DE-UM-CEN\u00c1RIO-DE-ESTRESSE-OCUPACIONAL-E-A-S\u00cdNDROME-DE-BURNOUT.pdf\" target=\"_blank\" rel=\"noopener noreferrer\"><strong>O PAPEL DO PSIC\u00d3LOGO ORGANIZACIONAL DIANTE DE UM CEN\u00c1RIO DE ESTRESSE OCUPACIONAL E A S\u00cdNDROME DE BURNOUT<\/strong> <br \/> LUIZA VALDOSKI DE LIMA<\/a><\/p>\n<hr \/>\n<p style=\"text-align: center\"><a href=\"http:\/\/portal.unisepe.com.br\/repositorio\/wp-content\/uploads\/sites\/10011\/2023\/05\/O-PSIC\u00d3LOGO-DA-SA\u00daDE-NO-CONTEXTO-DA-INTERDISCIPLINARIDADE.pdf\" target=\"_blank\" rel=\"noopener noreferrer\"><strong>O PSIC\u00d3LOGO DA SA\u00daDE NO CONTEXTO DA INTERDISCIPLINARIDADE<\/strong> <br \/> EBER NAKAMURA GOMES<\/a><\/p>\n<hr \/>\n<p style=\"text-align: center\"><a href=\"http:\/\/portal.unisepe.com.br\/repositorio\/wp-content\/uploads\/sites\/10011\/2023\/05\/OS-PROCESSOS-DIN\u00c2MICOS-DE-ESTRUTURA\u00c7\u00c3O-DA-PERSONALIDADE-HUMANA-\u00c0-LUZ-DA-PSICAN\u00c1LISE-FREUDIANA-p\u00e1g-923-a-943.pdf\" target=\"_blank\" rel=\"noopener noreferrer\"><strong>OS PROCESSOS DIN\u00c2MICOS DE ESTRUTURA\u00c7\u00c3O DA PERSONALIDADE HUMANA \u00c0 LUZ DA PSICAN\u00c1LISE FREUDIANA: ASPECTOS INCONSCIENTES E O FATOR SOCIAL NA CONSTITUI\u00c7\u00c3O DO SUJEITO<\/strong> <br \/> CARLOS EDUARDO BERNARDO<\/a><\/p>\n<hr \/>\n<p style=\"text-align: center\"><a href=\"http:\/\/portal.unisepe.com.br\/repositorio\/wp-content\/uploads\/sites\/10011\/2023\/05\/REVIS\u00c3O-DO-FILME-A-PEQUENA-MORTE-UM-ESTUDO-SOBRE-OS-TRANSTORNOS-PARAF\u00cdLICOS.pdf\" target=\"_blank\" rel=\"noopener noreferrer\"><strong>REVIS\u00c3O DO FILME A PEQUENA MORTE: UM ESTUDO SOBRE OS TRANSTORNOS PARAF\u00cdLICOS<\/strong> <br \/> LEONARDO DE MORAIS NEVES<\/a><\/p>\n<hr \/>\n<p style=\"text-align: center\"><a href=\"http:\/\/portal.unisepe.com.br\/repositorio\/wp-content\/uploads\/sites\/10011\/2023\/05\/TRANSTORNO-DE-ANSIEDADE-COMO-CONSEQU\u00caNCIA-PARA-AS-V\u00cdTIMAS-DA-VIOL\u00caNCIA-PSICOL\u00d3GICA.pdf\" target=\"_blank\" rel=\"noopener noreferrer\"><strong>TRANSTORNO DE ANSIEDADE COMO CONSEQU\u00caNCIA PARA AS V\u00cdTIMAS DA VIOL\u00caNCIA PSICOL\u00d3GICA<\/strong> <br \/> MARIA EDUARDA CLAUDIO CRUZ<\/a><\/p>\n<hr \/>\n<p style=\"text-align: center\"><a href=\"http:\/\/portal.unisepe.com.br\/repositorio\/wp-content\/uploads\/sites\/10011\/2023\/05\/VIOL\u00caNCIA-OBST\u00c9TRICA-E-RACISMO-INSTITUCIONAL-QUE-FEREM-MULHERES-NEGRAS.pdf\" target=\"_blank\" rel=\"noopener noreferrer\"><strong>VIOL\u00caNCIA OBST\u00c9TRICA E RACISMO INSTITUCIONAL QUE FEREM MULHERES NEGRAS<\/strong> <br \/> JANAINA DE SOUZA MARTINS<\/a><\/p>\n","protected":false},"excerpt":{"rendered":"<p>Trabalho de Conclus\u00e3o de Curso &nbsp; A AN\u00c1LISE LAVELLIANA DO MITO DE NARCISO E O CONCEITO DE AMOR-PR\u00d3PRIO MARCO ANT\u00d4NIO CARVALHO VENTURA A ATUA\u00c7\u00c3O DO PSIC\u00d3LOGO HOSPITALAR NO CONTEXTO DA PANDEMIA D\u00c1VILLA MADALENA MARTINS RODRIGUES A IMPORT\u00c2NCIA DO V\u00cdNCULO AFETIVO NA PRIMEIRA INF\u00c2NCIA GABRYELA CAVALCANTI DA SILVA FELIX PEREIRA A<\/p>\n","protected":false},"author":10,"featured_media":0,"parent":209,"menu_order":0,"comment_status":"closed","ping_status":"closed","template":"templates\/template-pagina_menu_vertical.php","meta":{"footnotes":""},"categories":[],"tags":[],"class_list":["post-236","page","type-page","status-publish","hentry"],"_links":{"self":[{"href":"https:\/\/portal.unisepe.com.br\/repositorio\/wp-json\/wp\/v2\/pages\/236","targetHints":{"allow":["GET"]}}],"collection":[{"href":"https:\/\/portal.unisepe.com.br\/repositorio\/wp-json\/wp\/v2\/pages"}],"about":[{"href":"https:\/\/portal.unisepe.com.br\/repositorio\/wp-json\/wp\/v2\/types\/page"}],"author":[{"embeddable":true,"href":"https:\/\/portal.unisepe.com.br\/repositorio\/wp-json\/wp\/v2\/users\/10"}],"replies":[{"embeddable":true,"href":"https:\/\/portal.unisepe.com.br\/repositorio\/wp-json\/wp\/v2\/comments?post=236"}],"version-history":[{"count":15,"href":"https:\/\/portal.unisepe.com.br\/repositorio\/wp-json\/wp\/v2\/pages\/236\/revisions"}],"predecessor-version":[{"id":619,"href":"https:\/\/portal.unisepe.com.br\/repositorio\/wp-json\/wp\/v2\/pages\/236\/revisions\/619"}],"up":[{"embeddable":true,"href":"https:\/\/portal.unisepe.com.br\/repositorio\/wp-json\/wp\/v2\/pages\/209"}],"wp:attachment":[{"href":"https:\/\/portal.unisepe.com.br\/repositorio\/wp-json\/wp\/v2\/media?parent=236"}],"wp:term":[{"taxonomy":"category","embeddable":true,"href":"https:\/\/portal.unisepe.com.br\/repositorio\/wp-json\/wp\/v2\/categories?post=236"},{"taxonomy":"post_tag","embeddable":true,"href":"https:\/\/portal.unisepe.com.br\/repositorio\/wp-json\/wp\/v2\/tags?post=236"}],"curies":[{"name":"wp","href":"https:\/\/api.w.org\/{rel}","templated":true}]}}