{"id":250,"date":"2023-05-05T15:55:29","date_gmt":"2023-05-05T18:55:29","guid":{"rendered":"https:\/\/portal.unisepe.com.br\/repositorio\/?page_id=250"},"modified":"2024-06-06T15:01:28","modified_gmt":"2024-06-06T18:01:28","slug":"tcc-2020","status":"publish","type":"page","link":"https:\/\/portal.unisepe.com.br\/repositorio\/unisepe\/univr\/enfermagem\/tcc-2020\/","title":{"rendered":"2020"},"content":{"rendered":"<h4 style=\"text-align: center\">Trabalho de Conclus\u00e3o de Curso<\/h4>\n<p>&nbsp;<\/p>\n<p style=\"text-align: center\"><a href=\"http:\/\/portal.unisepe.com.br\/repositorio\/wp-content\/uploads\/sites\/10011\/2021\/06\/2020-CONSUMO-ALIMENTAR-DE-CRIAN\u00c7AS-DE-ZERO-A-23-MESES-EM-UM-MUNIC\u00cdPIO-BRASILEIRO-ANA-SILVA-BEATRIZ-SILVA-JULIA-RODRIGUES-1.pdf\" target=\"_blank\" rel=\"noopener noreferrer\"><strong>CONSUMO ALIMENTAR DE CRIAN\u00c7AS DE ZERO A 23 MESES EM UM MUNIC\u00cdPIO BRASILEIRO<\/strong> <br \/> ANA SILVA <br \/> BEATRIZ SILVA <br \/> JULIA RODRIGUES<\/a><\/p>\n<hr \/>\n<p style=\"text-align: center\"><a href=\"http:\/\/portal.unisepe.com.br\/repositorio\/wp-content\/uploads\/sites\/10011\/2021\/07\/2020-CUIDADOS-DE-ENFERMAGEM-NOS-PER\u00cdODOS-P\u00d3S-OPERAT\u00d3RIOS-DE-CIRURGIA-CARD\u00cdACA-CAIO-LIMA-NATALIA-SANTOS-SILVIO-LUIZ-ROCHA-ROSA-JUNIOR.pdf\" target=\"_blank\" rel=\"noopener noreferrer\"><strong>CUIDADOS DE ENFERMAGEM NOS PER\u00cdODOS P\u00d3S-OPERAT\u00d3RIOS DE CIRURGIA CARD\u00cdACA<\/strong> <br \/> CAIO LIMA <br \/> NATALIA SANTOS <br \/> SILVIO LUIZ ROCHA ROSA JUNIOR<\/a><\/p>\n","protected":false},"excerpt":{"rendered":"<p>Trabalho de Conclus\u00e3o de Curso &nbsp; CONSUMO ALIMENTAR DE CRIAN\u00c7AS DE ZERO A 23 MESES EM UM MUNIC\u00cdPIO BRASILEIRO ANA SILVA BEATRIZ SILVA JULIA RODRIGUES CUIDADOS DE ENFERMAGEM NOS PER\u00cdODOS P\u00d3S-OPERAT\u00d3RIOS DE CIRURGIA CARD\u00cdACA CAIO LIMA NATALIA SANTOS SILVIO LUIZ ROCHA ROSA JUNIOR<\/p>\n","protected":false},"author":10,"featured_media":0,"parent":92,"menu_order":0,"comment_status":"closed","ping_status":"closed","template":"templates\/template-pagina_menu_vertical.php","meta":{"footnotes":""},"categories":[],"tags":[],"class_list":["post-250","page","type-page","status-publish","hentry"],"_links":{"self":[{"href":"https:\/\/portal.unisepe.com.br\/repositorio\/wp-json\/wp\/v2\/pages\/250","targetHints":{"allow":["GET"]}}],"collection":[{"href":"https:\/\/portal.unisepe.com.br\/repositorio\/wp-json\/wp\/v2\/pages"}],"about":[{"href":"https:\/\/portal.unisepe.com.br\/repositorio\/wp-json\/wp\/v2\/types\/page"}],"author":[{"embeddable":true,"href":"https:\/\/portal.unisepe.com.br\/repositorio\/wp-json\/wp\/v2\/users\/10"}],"replies":[{"embeddable":true,"href":"https:\/\/portal.unisepe.com.br\/repositorio\/wp-json\/wp\/v2\/comments?post=250"}],"version-history":[{"count":3,"href":"https:\/\/portal.unisepe.com.br\/repositorio\/wp-json\/wp\/v2\/pages\/250\/revisions"}],"predecessor-version":[{"id":623,"href":"https:\/\/portal.unisepe.com.br\/repositorio\/wp-json\/wp\/v2\/pages\/250\/revisions\/623"}],"up":[{"embeddable":true,"href":"https:\/\/portal.unisepe.com.br\/repositorio\/wp-json\/wp\/v2\/pages\/92"}],"wp:attachment":[{"href":"https:\/\/portal.unisepe.com.br\/repositorio\/wp-json\/wp\/v2\/media?parent=250"}],"wp:term":[{"taxonomy":"category","embeddable":true,"href":"https:\/\/portal.unisepe.com.br\/repositorio\/wp-json\/wp\/v2\/categories?post=250"},{"taxonomy":"post_tag","embeddable":true,"href":"https:\/\/portal.unisepe.com.br\/repositorio\/wp-json\/wp\/v2\/tags?post=250"}],"curies":[{"name":"wp","href":"https:\/\/api.w.org\/{rel}","templated":true}]}}