{"id":256,"date":"2023-05-06T11:16:35","date_gmt":"2023-05-06T14:16:35","guid":{"rendered":"https:\/\/portal.unisepe.com.br\/repositorio\/?page_id=256"},"modified":"2024-06-06T15:09:12","modified_gmt":"2024-06-06T18:09:12","slug":"tcc-2015","status":"publish","type":"page","link":"https:\/\/portal.unisepe.com.br\/repositorio\/unisepe\/univr\/direito\/tcc-2015\/","title":{"rendered":"2015"},"content":{"rendered":"<h4 style=\"text-align: center\">Trabalho de Conclus\u00e3o de Curso<\/h4>\n<p>&nbsp;<\/p>\n<p style=\"text-align: center\"><a href=\"https:\/\/portal.unisepe.com.br\/repositorio\/wp-content\/uploads\/sites\/10011\/2021\/06\/2015-ATUA\u00c7\u00c3O-DE-CRIAN\u00c7AS-E-ADOLESCENTES-NA-PRODU\u00c7\u00c3O-CULTURAL-O-FAZER-ART\u00cdSTICO-DO-MENOR-SOB-A-\u00c9GIDE-DO-ORDENAMENTO-JUR\u00cdDICO-P\u00c1TRIO-SIMONE-PATR\u00cdCIA-DE-CASTILHO-CUNHA.pdf\" target=\"_blank\" rel=\"noopener noreferrer\">ATUA\u00c7\u00c3O DE CRIAN\u00c7AS E ADOLESCENTES NA PRODU\u00c7\u00c3O CULTURAL O FAZER ART\u00cdSTICO DO MENOR SOB A \u00c9GIDE DO ORDENAMENTO JUR\u00cdDICO P\u00c1TRIO <br \/> SIMONE PATR\u00cdCIA DE CASTILHO CUNHA<\/a><\/p>\n<hr \/>\n<p style=\"text-align: center\"><a href=\"https:\/\/portal.unisepe.com.br\/repositorio\/wp-content\/uploads\/sites\/10011\/2021\/06\/2015-A-APLICABILIDADE-DAS-OSs-\u2013-ORGANIZA\u00c7\u00d5ES-SOCIAIS-NA-SA\u00daDE-MUNICIPAL-NAYARA-LAYS-MARIANO-XAVIER-REGO.pdf\" target=\"_blank\" rel=\"noopener noreferrer\">A APLICABILIDADE DAS OSs \u2013 ORGANIZA\u00c7\u00d5ES SOCIAIS NA SA\u00daDE MUNICIPAL <br \/> NAYARA LAYS MARIANO XAVIER REGO<\/a><\/p>\n<hr \/>\n<p style=\"text-align: center\"><a href=\"https:\/\/portal.unisepe.com.br\/repositorio\/wp-content\/uploads\/sites\/10011\/2021\/06\/2015-A-EFETIVIDADE-DO-ACESSO-\u00c0-JUSTI\u00c7A-AOS-HIPOSSUFICIENTES-RUTH-LEMOS-GUERRA-DE-ALMEIDA.pdf\" target=\"_blank\" rel=\"noopener noreferrer\">A EFETIVIDADE DO ACESSO \u00c0 JUSTI\u00c7A AOS HIPOSSUFICIENTES <br \/> RUTH LEMOS GUERRA DE ALMEIDA<\/a><\/p>\n<hr \/>\n<p style=\"text-align: center\"><a href=\"https:\/\/portal.unisepe.com.br\/repositorio\/wp-content\/uploads\/sites\/10011\/2021\/06\/2015-A-IMPORT\u00c2NCIA-DA-MEDICINA-LEGAL-NO-CRIME-DE-ESTUPRO-RAYSSA-MANUELLA-WOLF-NOGUEIRA-INACIO.pdf\" target=\"_blank\" rel=\"noopener noreferrer\">A IMPORT\u00c2NCIA DA MEDICINA LEGAL NO CRIME DE ESTUPRO <br \/> RAYSSA MANUELLA WOLF NOGUEIRA INACIO<\/a><\/p>\n<hr \/>\n<p style=\"text-align: center\"><a href=\"https:\/\/portal.unisepe.com.br\/repositorio\/wp-content\/uploads\/sites\/10011\/2021\/06\/2015-A-IMPORT\u00c2NCIA-DO-DIREITO-DESPORTIVO-VALDIR-APOLINARIO-DE-AZEVEDO-JUNIOR.pdf\" target=\"_blank\" rel=\"noopener noreferrer\">A IMPORT\u00c2NCIA DO DIREITO DESPORTIVO <br \/> VALDIR APOLINARIO DE AZEVEDO JUNIOR<\/a><\/p>\n<hr \/>\n<p style=\"text-align: center\"><a href=\"https:\/\/portal.unisepe.com.br\/repositorio\/wp-content\/uploads\/sites\/10011\/2021\/06\/2015-A-INEFICI\u00caNCIA-DO-ESTADO-NA-PR\u00c1TICA-DA-LEI-DE-EXECU\u00c7\u00c3O-PENAL-IDALICIO-MARIANO-JUNIOR.pdf\" target=\"_blank\" rel=\"noopener noreferrer\">A INEFICI\u00caNCIA DO ESTADO NA PR\u00c1TICA DA LEI DE EXECU\u00c7\u00c3O PENAL <br \/> IDALICIO MARIANO JUNIOR<\/a><\/p>\n<hr \/>\n<p style=\"text-align: center\"><a href=\"https:\/\/portal.unisepe.com.br\/repositorio\/wp-content\/uploads\/sites\/10011\/2021\/06\/2015-AN\u00c1LISE-JURISPRUDENCIAL-EM-FACE-DO-CRIT\u00c9RIO-DE-MISERABILIDADE-EXPOSTO-NA-LEI-N\u00ba-8.7421993-ROSIENY-MARIA-CAMARGO-PEREIRA.pdf\" target=\"_blank\" rel=\"noopener noreferrer\">AN\u00c1LISE JURISPRUDENCIAL EM FACE DO CRIT\u00c9RIO DE MISERABILIDADE EXPOSTO NA LEI N\u00ba 8.7421993 <br \/> ROSIENY MARIA CAMARGO PEREIRA<\/a><\/p>\n<hr \/>\n<p style=\"text-align: center\"><a href=\"https:\/\/portal.unisepe.com.br\/repositorio\/wp-content\/uploads\/sites\/10011\/2021\/06\/2015-DA-PATERNIDADE-DA-AUS\u00caNCIA-DE-REGISTRO-AO-ABANDONO-AFETIVO-MAYARA-ALESSANDRA-TUCUNDUVA-DE-MORAES-BENTO.pdf\" target=\"_blank\" rel=\"noopener noreferrer\">DA PATERNIDADE DA AUS\u00caNCIA DE REGISTRO AO ABANDONO AFETIVO <br \/> MAYARA ALESSANDRA TUCUNDUVA DE MORAES BENTO<\/a><\/p>\n<hr \/>\n<p style=\"text-align: center\"><a href=\"https:\/\/portal.unisepe.com.br\/repositorio\/wp-content\/uploads\/sites\/10011\/2021\/06\/2015-INTERDI\u00c7\u00c3O-DO-IDOSO-COM-MAL-DE-ALZHEIMER-JEFERSON-VALDEVINO-DA-SILVA.pdf\" target=\"_blank\" rel=\"noopener noreferrer\">INTERDI\u00c7\u00c3O DO IDOSO COM MAL DE ALZHEIMER <br \/> JEFERSON VALDEVINO DA SILVA<\/a><\/p>\n<hr \/>\n<p style=\"text-align: center\"><a href=\"https:\/\/portal.unisepe.com.br\/repositorio\/wp-content\/uploads\/sites\/10011\/2021\/06\/2015-INTERNA\u00c7\u00c3O-COMPULS\u00d3RIA-\u00c0-LUZ-DA-CONSTITUI\u00c7\u00c3O-FEDERAL-DE-1988-SUELI-TIEMI-TANAKA-DE-MATOS.pdf\" target=\"_blank\" rel=\"noopener noreferrer\">INTERNA\u00c7\u00c3O COMPULS\u00d3RIA \u00c0 LUZ DA CONSTITUI\u00c7\u00c3O FEDERAL DE 1988 <br \/> SUELI TIEMI TANAKA DE MATOS<\/a><\/p>\n<hr \/>\n<p style=\"text-align: center\"><a href=\"https:\/\/portal.unisepe.com.br\/repositorio\/wp-content\/uploads\/sites\/10011\/2021\/06\/2015-PRECAT\u00d3RIOS-TRABALHISTAS-COM-\u00caNFASE-NA-REQUISI\u00c7\u00c3O-DE-PEQUENO-LEOD\u00c9IA-DE-F\u00c1TIMA-RIBEIRO-BABA.pdf\" target=\"_blank\" rel=\"noopener noreferrer\">PRECAT\u00d3RIOS TRABALHISTAS &#8211; COM \u00caNFASE NA REQUISI\u00c7\u00c3O DE PEQUENO VALOR <br \/> LEOD\u00c9IA DE F\u00c1TIMA RIBEIRO BABA<\/a><\/p>\n<hr \/>\n<p style=\"text-align: center\"><a href=\"https:\/\/portal.unisepe.com.br\/repositorio\/wp-content\/uploads\/sites\/10011\/2021\/06\/2015-TEORIA-DO-CRIME-QUANTO-A-INEXIGIBILIDADE-DE-CONDUTA-DIVERSA-ADRIANO-RODRIGO-ROSA.pdf\" target=\"_blank\" rel=\"noopener noreferrer\">TEORIA DO CRIME QUANTO A INEXIGIBILIDADE DE CONDUTA DIVERSA <br \/> ADRIANO RODRIGO ROSA<\/a><\/p>\n","protected":false},"excerpt":{"rendered":"<p>Trabalho de Conclus\u00e3o de Curso &nbsp; ATUA\u00c7\u00c3O DE CRIAN\u00c7AS E ADOLESCENTES NA PRODU\u00c7\u00c3O CULTURAL O FAZER ART\u00cdSTICO DO MENOR SOB A \u00c9GIDE DO ORDENAMENTO JUR\u00cdDICO P\u00c1TRIO SIMONE PATR\u00cdCIA DE CASTILHO CUNHA A APLICABILIDADE DAS OSs \u2013 ORGANIZA\u00c7\u00d5ES SOCIAIS NA SA\u00daDE MUNICIPAL NAYARA LAYS MARIANO XAVIER REGO A EFETIVIDADE DO ACESSO<\/p>\n","protected":false},"author":10,"featured_media":0,"parent":57,"menu_order":0,"comment_status":"closed","ping_status":"closed","template":"templates\/template-pagina_menu_vertical.php","meta":{"footnotes":""},"categories":[],"tags":[],"class_list":["post-256","page","type-page","status-publish","hentry"],"_links":{"self":[{"href":"https:\/\/portal.unisepe.com.br\/repositorio\/wp-json\/wp\/v2\/pages\/256","targetHints":{"allow":["GET"]}}],"collection":[{"href":"https:\/\/portal.unisepe.com.br\/repositorio\/wp-json\/wp\/v2\/pages"}],"about":[{"href":"https:\/\/portal.unisepe.com.br\/repositorio\/wp-json\/wp\/v2\/types\/page"}],"author":[{"embeddable":true,"href":"https:\/\/portal.unisepe.com.br\/repositorio\/wp-json\/wp\/v2\/users\/10"}],"replies":[{"embeddable":true,"href":"https:\/\/portal.unisepe.com.br\/repositorio\/wp-json\/wp\/v2\/comments?post=256"}],"version-history":[{"count":5,"href":"https:\/\/portal.unisepe.com.br\/repositorio\/wp-json\/wp\/v2\/pages\/256\/revisions"}],"predecessor-version":[{"id":624,"href":"https:\/\/portal.unisepe.com.br\/repositorio\/wp-json\/wp\/v2\/pages\/256\/revisions\/624"}],"up":[{"embeddable":true,"href":"https:\/\/portal.unisepe.com.br\/repositorio\/wp-json\/wp\/v2\/pages\/57"}],"wp:attachment":[{"href":"https:\/\/portal.unisepe.com.br\/repositorio\/wp-json\/wp\/v2\/media?parent=256"}],"wp:term":[{"taxonomy":"category","embeddable":true,"href":"https:\/\/portal.unisepe.com.br\/repositorio\/wp-json\/wp\/v2\/categories?post=256"},{"taxonomy":"post_tag","embeddable":true,"href":"https:\/\/portal.unisepe.com.br\/repositorio\/wp-json\/wp\/v2\/tags?post=256"}],"curies":[{"name":"wp","href":"https:\/\/api.w.org\/{rel}","templated":true}]}}