{"id":259,"date":"2023-05-06T11:27:09","date_gmt":"2023-05-06T14:27:09","guid":{"rendered":"https:\/\/portal.unisepe.com.br\/repositorio\/?page_id=259"},"modified":"2023-05-06T11:53:31","modified_gmt":"2023-05-06T14:53:31","slug":"tcc-2016","status":"publish","type":"page","link":"https:\/\/portal.unisepe.com.br\/repositorio\/unisepe\/univr\/direito\/tcc-2016\/","title":{"rendered":"2016"},"content":{"rendered":"<h4 style=\"text-align: center\">Trabalho de Conclus\u00e3o de Curso<\/h4>\n<p>&nbsp;<\/p>\n<p style=\"text-align: center\"><a href=\"https:\/\/portal.unisepe.com.br\/repositorio\/wp-content\/uploads\/sites\/10011\/2021\/06\/2016-ADO\u00c7\u00c3O-INTUITU-PERSONAE-PRISCILA-RIBEIRO-RAMOS.pdf\" target=\"_blank\" rel=\"noopener noreferrer\">ADO\u00c7\u00c3O INTUITU PERSONAE <br \/> PRISCILA RIBEIRO RAMOS<\/a><\/p>\n<hr \/>\n<p style=\"text-align: center\"><a href=\"https:\/\/portal.unisepe.com.br\/repositorio\/wp-content\/uploads\/sites\/10011\/2021\/06\/2016-CARANDIRU-UMA-AN\u00c1LISE-DO-M\u00c9TODO-COERCITIVO-NO-SISTEMA-PRISIONAL-BRASILEIRO-HAIIMA-HAIDAN-BEN-BAUER.pdf\" target=\"_blank\" rel=\"noopener noreferrer\">CARANDIRU UMA AN\u00c1LISE DO M\u00c9TODO COERCITIVO NO SISTEMA PRISIONAL BRASILEIRO <br \/> HAIIMA HAIDAN BEN BAUER<\/a><\/p>\n<hr \/>\n<p style=\"text-align: center\"><a href=\"https:\/\/portal.unisepe.com.br\/repositorio\/wp-content\/uploads\/sites\/10011\/2021\/06\/2016-CONSEQU\u00caNCIAS-DAS-IMPLICA\u00c7\u00d5ES-ORIUNDAS-DO-CONCURSO-DE-PESSOAS-NO-INFANTIC\u00cdDIO-HOMIC\u00cdDIO-OU-INFANTIC\u00cdDIO-KATIANE-CAVALCANTE-DE-MORAES.pdf\" target=\"_blank\" rel=\"noopener noreferrer\">CONSEQU\u00caNCIAS DAS IMPLICA\u00c7\u00d5ES ORIUNDAS DO CONCURSO DE PESSOAS NO INFANTIC\u00cdDIO HOMIC\u00cdDIO OU INFANTIC\u00cdDIO <br \/> KATIANE CAVALCANTE DE MORAES<\/a><\/p>\n<hr \/>\n<p style=\"text-align: center\"><a href=\"https:\/\/portal.unisepe.com.br\/repositorio\/wp-content\/uploads\/sites\/10011\/2021\/06\/2016-CRIMES-DE-TR\u00c2NSITO-\u2013-ACIDENTE-PROVOCADO-POR-MOTORISTA-EMBRIAGADO-MARIA-JOS\u00c9-CECATO-CAJAIBA-DIAS.pdf\" target=\"_blank\" rel=\"noopener noreferrer\">CRIMES DE TR\u00c2NSITO \u2013 ACIDENTE PROVOCADO POR MOTORISTA EMBRIAGADO <br \/> MARIA JOS\u00c9 CECATO CAJAIBA DIAS<\/a><\/p>\n<hr \/>\n<p style=\"text-align: center\"><a href=\"https:\/\/portal.unisepe.com.br\/repositorio\/wp-content\/uploads\/sites\/10011\/2021\/06\/2016-O-BENEF\u00cdCIO-DO-SAL\u00c1RIO-MATERNIDADE-E-O-PRINC\u00cdPIO-DA-DIGNIDADE-HUMANA-LARISSA-SOFIA-MARQUES-DE-PONTES-SANTOS.pdf\" target=\"_blank\" rel=\"noopener noreferrer\">O BENEF\u00cdCIO DO SAL\u00c1RIO-MATERNIDADE E O PRINC\u00cdPIO DA DIGNIDADE HUMANA <br \/> LARISSA SOFIA MARQUES DE PONTES SANTOS<\/a><\/p>\n<hr \/>\n<p style=\"text-align: center\"><a href=\"https:\/\/portal.unisepe.com.br\/repositorio\/wp-content\/uploads\/sites\/10011\/2021\/06\/2016-O-TRIBUNAL-DO-J\u00daRI-E-A-ARTE-DE-CONVENCER-MARCO-ANTONIO-CARRAVIERI-OLIVA.pdf\" target=\"_blank\" rel=\"noopener noreferrer\">O TRIBUNAL DO J\u00daRI E A ARTE DE CONVENCER <br \/> MARCO ANTONIO CARRAVIERI OLIVA<\/a><\/p>\n<hr \/>\n<p style=\"text-align: center\"><a href=\"https:\/\/portal.unisepe.com.br\/repositorio\/wp-content\/uploads\/sites\/10011\/2021\/06\/2016-PREVIDENCIA-SOCIAL-APOSENTADORIA-POR-IDADE-RURAL-VANESSA-SINBO-HANASHIRO.pdf\" target=\"_blank\" rel=\"noopener noreferrer\">PREVIDENCIA SOCIAL &#8211; APOSENTADORIA POR IDADE RURAL <br \/> VANESSA SINBO HANASHIRO<\/a><\/p>\n<p>&nbsp;<\/p>\n","protected":false},"excerpt":{"rendered":"<p>Trabalho de Conclus\u00e3o de Curso &nbsp; ADO\u00c7\u00c3O INTUITU PERSONAE PRISCILA RIBEIRO RAMOS CARANDIRU UMA AN\u00c1LISE DO M\u00c9TODO COERCITIVO NO SISTEMA PRISIONAL BRASILEIRO HAIIMA HAIDAN BEN BAUER CONSEQU\u00caNCIAS DAS IMPLICA\u00c7\u00d5ES ORIUNDAS DO CONCURSO DE PESSOAS NO INFANTIC\u00cdDIO HOMIC\u00cdDIO OU INFANTIC\u00cdDIO KATIANE CAVALCANTE DE MORAES CRIMES DE TR\u00c2NSITO \u2013 ACIDENTE PROVOCADO POR<\/p>\n","protected":false},"author":10,"featured_media":0,"parent":57,"menu_order":0,"comment_status":"closed","ping_status":"closed","template":"templates\/template-pagina_menu_vertical.php","meta":{"footnotes":""},"categories":[],"tags":[],"class_list":["post-259","page","type-page","status-publish","hentry"],"_links":{"self":[{"href":"https:\/\/portal.unisepe.com.br\/repositorio\/wp-json\/wp\/v2\/pages\/259","targetHints":{"allow":["GET"]}}],"collection":[{"href":"https:\/\/portal.unisepe.com.br\/repositorio\/wp-json\/wp\/v2\/pages"}],"about":[{"href":"https:\/\/portal.unisepe.com.br\/repositorio\/wp-json\/wp\/v2\/types\/page"}],"author":[{"embeddable":true,"href":"https:\/\/portal.unisepe.com.br\/repositorio\/wp-json\/wp\/v2\/users\/10"}],"replies":[{"embeddable":true,"href":"https:\/\/portal.unisepe.com.br\/repositorio\/wp-json\/wp\/v2\/comments?post=259"}],"version-history":[{"count":4,"href":"https:\/\/portal.unisepe.com.br\/repositorio\/wp-json\/wp\/v2\/pages\/259\/revisions"}],"predecessor-version":[{"id":284,"href":"https:\/\/portal.unisepe.com.br\/repositorio\/wp-json\/wp\/v2\/pages\/259\/revisions\/284"}],"up":[{"embeddable":true,"href":"https:\/\/portal.unisepe.com.br\/repositorio\/wp-json\/wp\/v2\/pages\/57"}],"wp:attachment":[{"href":"https:\/\/portal.unisepe.com.br\/repositorio\/wp-json\/wp\/v2\/media?parent=259"}],"wp:term":[{"taxonomy":"category","embeddable":true,"href":"https:\/\/portal.unisepe.com.br\/repositorio\/wp-json\/wp\/v2\/categories?post=259"},{"taxonomy":"post_tag","embeddable":true,"href":"https:\/\/portal.unisepe.com.br\/repositorio\/wp-json\/wp\/v2\/tags?post=259"}],"curies":[{"name":"wp","href":"https:\/\/api.w.org\/{rel}","templated":true}]}}