{"id":264,"date":"2023-05-06T11:30:10","date_gmt":"2023-05-06T14:30:10","guid":{"rendered":"https:\/\/portal.unisepe.com.br\/repositorio\/?page_id=264"},"modified":"2023-05-06T11:53:48","modified_gmt":"2023-05-06T14:53:48","slug":"tcc-2017","status":"publish","type":"page","link":"https:\/\/portal.unisepe.com.br\/repositorio\/unisepe\/univr\/direito\/tcc-2017\/","title":{"rendered":"2017"},"content":{"rendered":"<h4 style=\"text-align: center\">Trabalho de Conclus\u00e3o de Curso<\/h4>\n<p>&nbsp;<\/p>\n<p style=\"text-align: center\"><a href=\"https:\/\/portal.unisepe.com.br\/repositorio\/wp-content\/uploads\/sites\/10011\/2021\/06\/2017-A-INTERVEN\u00c7\u00c3O-DE-TERCEIROS-NO-NOVO-C\u00d3DIGO-DE-PROCESSO-CIVIL-JOYCE-RAMOS-DE-OLIVEIRA.pdf\" target=\"_blank\" rel=\"noopener noreferrer\">A INTERVEN\u00c7\u00c3O DE TERCEIROS NO NOVO C\u00d3DIGO DE PROCESSO CIVIL <br \/> JOYCE RAMOS DE OLIVEIRA<\/a><\/p>\n<hr \/>\n<p style=\"text-align: center\"><a href=\"https:\/\/portal.unisepe.com.br\/repositorio\/wp-content\/uploads\/sites\/10011\/2021\/06\/2017-A-TUTELA-PROVIS\u00d3RIA-NO-ATUAL-C\u00d3DIGO-DE-PROCESSO-CIVIL-THIAGO-HENRIQUE-DE-ALMEIDA-OLIVEIRA.pdf\" target=\"_blank\" rel=\"noopener noreferrer\">A TUTELA PROVIS\u00d3RIA NO ATUAL C\u00d3DIGO DE PROCESSO CIVIL <br \/> THIAGO HENRIQUE DE ALMEIDA OLIVEIRA<\/a><\/p>\n<hr \/>\n<p style=\"text-align: center\"><a href=\"https:\/\/portal.unisepe.com.br\/repositorio\/wp-content\/uploads\/sites\/10011\/2021\/06\/2017-A-UTILIZA\u00c7\u00c3O-DA-INTERCEPTA\u00c7\u00c3O-TELEF\u00d4NICA-NOS-CRIMES-DE-ORGANIZA\u00c7\u00c3O-CRIMINOSA-CRISTIANE-BEZERRA-SALES-.pdf\" target=\"_blank\" rel=\"noopener noreferrer\">A UTILIZA\u00c7\u00c3O DA INTERCEPTA\u00c7\u00c3O TELEF\u00d4NICA NOS CRIMES DE ORGANIZA\u00c7\u00c3O CRIMINOSA <br \/> CRISTIANE BEZERRA SALES<\/a><\/p>\n<hr \/>\n<p style=\"text-align: center\"><a href=\"https:\/\/portal.unisepe.com.br\/repositorio\/wp-content\/uploads\/sites\/10011\/2021\/06\/2017-ATERCEIRIZA\u00c7\u00c3O-DA-SA\u00daDE-P\u00daBLICA-NO-BRASIL-RAFAELLA-GODKE-PEREIRA-PAVARIN.pdf\" target=\"_blank\" rel=\"noopener noreferrer\">ATERCEIRIZA\u00c7\u00c3O DA SA\u00daDE P\u00daBLICA NO BRASIL <br \/> RAFAELLA GODKE PEREIRA PAVARIN<\/a><\/p>\n<hr \/>\n<p style=\"text-align: center\"><a href=\"https:\/\/portal.unisepe.com.br\/repositorio\/wp-content\/uploads\/sites\/10011\/2021\/06\/2017-COMUNIDADE-QUILOMBOLA-DE-BOMBAS-E-O-CONFLITO-FUNDI\u00c1RIO-NO-PARQUE-ESTADUAL-TUR\u00cdSTICO-DO-ALTO-RIBEIRA-EWERTON-BENEDITO-DA-COSTA-LIB\u00d3RIO.pdf\" target=\"_blank\" rel=\"noopener noreferrer\">COMUNIDADE QUILOMBOLA DE BOMBAS E O CONFLITO FUNDI\u00c1RIO NO PARQUE ESTADUAL TUR\u00cdSTICO DO ALTO RIBEIRA <br \/> EWERTON BENEDITO DA COSTA LIB\u00d3RIO<\/a><\/p>\n<hr \/>\n<p style=\"text-align: center\"><a href=\"https:\/\/portal.unisepe.com.br\/repositorio\/wp-content\/uploads\/sites\/10011\/2021\/06\/2017-CRIMES-VIRTUAIS-E-A-EFIC\u00c1CIA-DA-LEGISLA\u00c7\u00c3O-VIGENTE-BRUNA-ANG\u00c9LICA-DA-SILVA.pdf\" target=\"_blank\" rel=\"noopener noreferrer\">CRIMES VIRTUAIS E A EFIC\u00c1CIA DA LEGISLA\u00c7\u00c3O VIGENTE <br \/> BRUNA ANG\u00c9LICA DA SILVA<\/a><\/p>\n<hr \/>\n<p style=\"text-align: center\"><a href=\"https:\/\/portal.unisepe.com.br\/repositorio\/wp-content\/uploads\/sites\/10011\/2021\/06\/2017-MISOGINIA-UMA-ABORDAGEM-ACERCA-DA-PROTE\u00c7\u00c3O-LEGAL-DA-MULHER-NO-BRASIL-E-NO-PLANO-INTERNACIONAL-OHANA-VALENTIM-ANTUNES.pdf\" target=\"_blank\" rel=\"noopener noreferrer\">MISOGINIA &#8211; UMA ABORDAGEM ACERCA DA PROTE\u00c7\u00c3O LEGAL DA MULHER NO BRASIL E NO PLANO INTERNACIONAL <br \/> OHANA VALENTIM ANTUNES<\/a><\/p>\n<hr \/>\n<p style=\"text-align: center\"><a href=\"https:\/\/portal.unisepe.com.br\/repositorio\/wp-content\/uploads\/sites\/10011\/2021\/06\/2017-O-OFICIAL-DE-JUSTI\u00c7A-COMO-EFICAZ-INTERMEDIADOR-DOS-CONFLITOS-PROCESSUAIS-POR-MEIO-DA-AUTOCOMPOSI\u00c7\u00c3O-\u00c0-LUZ-DO-NOVO-CPC-THIAGO-AUGUSTO-CARVALHO-DE-SOUSA.pdf\" target=\"_blank\" rel=\"noopener noreferrer\">O OFICIAL DE JUSTI\u00c7A COMO EFICAZ INTERMEDIADOR DOS CONFLITOS PROCESSUAIS POR MEIO DA AUTOCOMPOSI\u00c7\u00c3O \u00c0 LUZ DO NOVO CPC <br \/> THIAGO AUGUSTO CARVALHO DE SOUSA<\/a><\/p>\n<hr \/>\n<p style=\"text-align: center\"><a href=\"https:\/\/portal.unisepe.com.br\/repositorio\/wp-content\/uploads\/sites\/10011\/2021\/06\/2017-O-REGIME-PR\u00d3PRIO-DE-PREVID\u00caNCIA-SOCIAL-RPPS-NO-MUNIC\u00cdPIO-DE-REGISTRO-E-O-CONFLITO-COM-O-REGIME-GERAL-DE-PREVID\u00caNCIA-SOCIAL-RGPS-GISLENE-MORAES-DE-OLIVEIRA.pdf\" target=\"_blank\" rel=\"noopener noreferrer\">O REGIME PR\u00d3PRIO DE PREVID\u00caNCIA SOCIAL (RPPS) NO MUNIC\u00cdPIO DE REGISTRO E O CONFLITO COM O REGIME GERAL DE PREVID\u00caNCIA SOCIAL (RGPS) <br \/> GISLENE MORAES DE OLIVEIRA<\/a><\/p>\n<hr \/>\n<p style=\"text-align: center\"><a href=\"https:\/\/portal.unisepe.com.br\/repositorio\/wp-content\/uploads\/sites\/10011\/2021\/06\/2017-UM-ESTUDO-SOBRE-A-RESPONSABILIDADE-PENAL-POR-ERRO-M\u00c9DICO-NA-LEGISLA\u00c7\u00c3O-BRASILEIRA-SIRLENE-DA-ROSA-BRAND\u00c3O.pdf\" target=\"_blank\" rel=\"noopener noreferrer\">UM ESTUDO SOBRE A RESPONSABILIDADE PENAL POR ERRO M\u00c9DICO NA LEGISLA\u00c7\u00c3O BRASILEIRA <br \/> SIRLENE DA ROSA BRAND\u00c3O<\/a><\/p>\n","protected":false},"excerpt":{"rendered":"<p>Trabalho de Conclus\u00e3o de Curso &nbsp; A INTERVEN\u00c7\u00c3O DE TERCEIROS NO NOVO C\u00d3DIGO DE PROCESSO CIVIL JOYCE RAMOS DE OLIVEIRA A TUTELA PROVIS\u00d3RIA NO ATUAL C\u00d3DIGO DE PROCESSO CIVIL THIAGO HENRIQUE DE ALMEIDA OLIVEIRA A UTILIZA\u00c7\u00c3O DA INTERCEPTA\u00c7\u00c3O TELEF\u00d4NICA NOS CRIMES DE ORGANIZA\u00c7\u00c3O CRIMINOSA CRISTIANE BEZERRA SALES ATERCEIRIZA\u00c7\u00c3O DA SA\u00daDE<\/p>\n","protected":false},"author":10,"featured_media":0,"parent":57,"menu_order":0,"comment_status":"closed","ping_status":"closed","template":"templates\/template-pagina_menu_vertical.php","meta":{"footnotes":""},"categories":[],"tags":[],"class_list":["post-264","page","type-page","status-publish","hentry"],"_links":{"self":[{"href":"https:\/\/portal.unisepe.com.br\/repositorio\/wp-json\/wp\/v2\/pages\/264","targetHints":{"allow":["GET"]}}],"collection":[{"href":"https:\/\/portal.unisepe.com.br\/repositorio\/wp-json\/wp\/v2\/pages"}],"about":[{"href":"https:\/\/portal.unisepe.com.br\/repositorio\/wp-json\/wp\/v2\/types\/page"}],"author":[{"embeddable":true,"href":"https:\/\/portal.unisepe.com.br\/repositorio\/wp-json\/wp\/v2\/users\/10"}],"replies":[{"embeddable":true,"href":"https:\/\/portal.unisepe.com.br\/repositorio\/wp-json\/wp\/v2\/comments?post=264"}],"version-history":[{"count":3,"href":"https:\/\/portal.unisepe.com.br\/repositorio\/wp-json\/wp\/v2\/pages\/264\/revisions"}],"predecessor-version":[{"id":285,"href":"https:\/\/portal.unisepe.com.br\/repositorio\/wp-json\/wp\/v2\/pages\/264\/revisions\/285"}],"up":[{"embeddable":true,"href":"https:\/\/portal.unisepe.com.br\/repositorio\/wp-json\/wp\/v2\/pages\/57"}],"wp:attachment":[{"href":"https:\/\/portal.unisepe.com.br\/repositorio\/wp-json\/wp\/v2\/media?parent=264"}],"wp:term":[{"taxonomy":"category","embeddable":true,"href":"https:\/\/portal.unisepe.com.br\/repositorio\/wp-json\/wp\/v2\/categories?post=264"},{"taxonomy":"post_tag","embeddable":true,"href":"https:\/\/portal.unisepe.com.br\/repositorio\/wp-json\/wp\/v2\/tags?post=264"}],"curies":[{"name":"wp","href":"https:\/\/api.w.org\/{rel}","templated":true}]}}