{"id":267,"date":"2023-05-06T11:32:56","date_gmt":"2023-05-06T14:32:56","guid":{"rendered":"https:\/\/portal.unisepe.com.br\/repositorio\/?page_id=267"},"modified":"2023-05-06T11:54:01","modified_gmt":"2023-05-06T14:54:01","slug":"tcc-2018","status":"publish","type":"page","link":"https:\/\/portal.unisepe.com.br\/repositorio\/unisepe\/univr\/direito\/tcc-2018\/","title":{"rendered":"2018"},"content":{"rendered":"<h4 style=\"text-align: center\">Trabalho de Conclus\u00e3o de Curso<\/h4>\n<p>&nbsp;<\/p>\n<p style=\"text-align: center\"><a href=\"https:\/\/portal.unisepe.com.br\/repositorio\/wp-content\/uploads\/sites\/10011\/2021\/07\/2018-A-EDUCA\u00c7\u00c3O-E-O-NEOLIBERALISMO-EM-FACE-DA-CORRUP\u00c7\u00c3O-CULTURAL-CARLOS-HENRIQUE-FIGUEIREDO.pdf\">A EDUCA\u00c7\u00c3O E O NEOLIBERALISMO EM FACE DA CORRUP\u00c7\u00c3O CULTURAL <br \/> CARLOS HENRIQUE FIGUEIREDO<\/a><\/p>\n<hr \/>\n<p style=\"text-align: center\"><a href=\"https:\/\/portal.unisepe.com.br\/repositorio\/wp-content\/uploads\/sites\/10011\/2021\/07\/2018-A-EVOLU\u00c7\u00c3O-DO-DIREITO-DESPORTIVO-COMO-RAMO-\u00daNICO-E-A-NECESSIDADE-DE-INCLUS\u00c3O-DESTA-MAT\u00c9RIA-NA-GRADE-CURRICULAR-RODRIGO-SILVA-RAINHO.pdf\">A EVOLU\u00c7\u00c3O DO DIREITO DESPORTIVO COMO RAMO \u00daNICO E A NECESSIDADE DE INCLUS\u00c3O DESTA MAT\u00c9RIA NA GRADE CURRICULAR <br \/> RODRIGO SILVA RAINHO<\/a><\/p>\n<hr \/>\n<p style=\"text-align: center\"><a href=\"https:\/\/portal.unisepe.com.br\/repositorio\/wp-content\/uploads\/sites\/10011\/2021\/07\/2018-A-MATERNIDADE-DE-SUBSTITUI\u00c7\u00c3O-NO-ORDENAMENTO-JUR\u00cdDICO-BRASILEIRO-UM-PARALELO-SOBRE-A-AUS\u00caNCIA-LEGISLATIVA-E-O-DIREITO-COMPARADO-TAYANE-GLACE-BATISTA-OMIYA.pdf\">A MATERNIDADE DE SUBSTITUI\u00c7\u00c3O NO ORDENAMENTO JUR\u00cdDICO BRASILEIRO UM PARALELO SOBRE A AUS\u00caNCIA LEGISLATIVA E O DIREITO COMPARADO <br \/> TAYANE GLACE BATISTA OMIYA<\/a><\/p>\n<hr \/>\n<p style=\"text-align: center\"><a href=\"https:\/\/portal.unisepe.com.br\/repositorio\/wp-content\/uploads\/sites\/10011\/2021\/07\/2018-A-NOVA-ERA-DA-PRESUN\u00c7\u00c3O-DE-CULPABILIDADE-A-IMPOSSIBILIDADE-DE-RELATIVIZA\u00c7\u00c3O-DO-PRINC\u00cdPIO-DA-PRESUN\u00c7\u00c3O-DE-INOC\u00caNCIA-NA-JUR-FERNANDA-DE-OLIVEIRA-VIEIRA.pdf\">A NOVA ERA DA PRESUN\u00c7\u00c3O DE CULPABILIDADE A IMPOSSIBILIDADE DE RELATIVIZA\u00c7\u00c3O DO PRINC\u00cdPIO DA PRESUN\u00c7\u00c3O DE INOC\u00caNCIA NA JUR~ <br \/> FERNANDA DE OLIVEIRA VIEIRA<\/a><\/p>\n<hr \/>\n<p style=\"text-align: center\"><a href=\"https:\/\/portal.unisepe.com.br\/repositorio\/wp-content\/uploads\/sites\/10011\/2021\/07\/2018-A-VIABILIDADE-DA-DESJUDICIALIZA\u00c7\u00c3O-DA-USUCAPI\u00c3O-DE-BENS-IM\u00d3VEIS-E-SEUS-ASPECTOS-PROCEDIMENTAIS-RAFAELA-FAULSTICH-DOMINGUES.pdf\">A VIABILIDADE DA DESJUDICIALIZA\u00c7\u00c3O DA USUCAPI\u00c3O DE BENS IM\u00d3VEIS E SEUS ASPECTOS PROCEDIMENTAIS <br \/> RAFAELA FAULSTICH DOMINGUES<\/a><\/p>\n<hr \/>\n<p style=\"text-align: center\"><a href=\"https:\/\/portal.unisepe.com.br\/repositorio\/wp-content\/uploads\/sites\/10011\/2021\/07\/2018-A-VIOLA\u00c7\u00c3O-DO-DIREITO-FUNDAMENTAL-AO-MEIO-AMBIENTE-ANTE-A-DEGRADA\u00c7\u00c3O-POR-OMISS\u00c3O-DAS-POL\u00cdTICAS-P\u00daBLICAS-AMBIENTAIS-SAMARA-ORBELLI-MUNIZ-DE-PAULO.pdf\">A VIOLA\u00c7\u00c3O DO DIREITO FUNDAMENTAL AO MEIO AMBIENTE ANTE A DEGRADA\u00c7\u00c3O POR OMISS\u00c3O DAS POL\u00cdTICAS P\u00daBLICAS AMBIENTAIS <br \/> SAMARA ORBELLI MUNIZ DE PAULO<\/a><\/p>\n<hr \/>\n<p style=\"text-align: center\"><a href=\"https:\/\/portal.unisepe.com.br\/repositorio\/wp-content\/uploads\/sites\/10011\/2021\/07\/2018-ADO\u00c7\u00c3O-ENTRE-CASAIS-HOMOAFETIVOS-BEATRIZ-SABEL-DA-CUNHA.pdf\">ADO\u00c7\u00c3O ENTRE CASAIS HOMOAFETIVOS <br \/> BEATRIZ SABEL DA CUNHA<\/a> <\/p>\n<hr \/>\n<p style=\"text-align: center\"><a href=\"https:\/\/portal.unisepe.com.br\/repositorio\/wp-content\/uploads\/sites\/10011\/2021\/07\/2018-ADO\u00c7\u00c3O-POR-CASAIS-HOMOAFETIVOS-MILENA-PEREIRA-SANTOS.pdf\">ADO\u00c7\u00c3O POR CASAIS HOMOAFETIVOS <br \/> MILENA PEREIRA SANTOS<\/a><\/p>\n<hr \/>\n<p style=\"text-align: center\"><a href=\"https:\/\/portal.unisepe.com.br\/repositorio\/wp-content\/uploads\/sites\/10011\/2021\/07\/2018-AN\u00c1LISE-DOS-PRESSUPOSTOS-\u00c9TICOS-DA-DELA\u00c7\u00c3O-PREMIADA-FRENTE-SUA-EFETIVIDADE-VITOR-EDUARDO-RIBEIRO-REIS-DOS-SANTOS.pdf\">AN\u00c1LISE DOS PRESSUPOSTOS \u00c9TICOS DA DELA\u00c7\u00c3O PREMIADA FRENTE SUA EFETIVIDADE <br \/> VITOR EDUARDO RIBEIRO REIS DOS SANTOS<\/a><\/p>\n<hr \/>\n<p style=\"text-align: center\"><a href=\"https:\/\/portal.unisepe.com.br\/repositorio\/wp-content\/uploads\/sites\/10011\/2021\/07\/2018-AN\u00c1LISE-DOS-PROCESSOS-DE-IMPEACHMENT-DOS-EX-PRESIDENTES-DA-REP\u00daBLICA-FERNANDO-AFFONSO-COLLOR-DE-MELLO-E-DILMA-VANA-ROUSSEFF-BRUNA-BIAZZIN.pdf\">AN\u00c1LISE DOS PROCESSOS DE IMPEACHMENT DOS EX-PRESIDENTES DA REP\u00daBLICA FERNANDO AFFONSO COLLOR DE MELLO E DILMA VANA ROUSSEFF <br \/> BRUNA BIAZZIN<\/a><\/p>\n<hr \/>\n<p style=\"text-align: center\"><a href=\"https:\/\/portal.unisepe.com.br\/repositorio\/wp-content\/uploads\/sites\/10011\/2021\/07\/2018-APLICABILIDADE-DAS-NORMAS-QUE-REGEM-O-DIREITO-DE-FAM\u00cdLIA-PARA-O-MELHOR-INTERESSE-DO-ANIMAL-NA-FAM\u00cdLIA-PLURIESP\u00c9CIE-FRANCISCO-FRANCO-DA-CUNHA.pdf\">APLICABILIDADE DAS NORMAS QUE REGEM O DIREITO DE FAM\u00cdLIA PARA O MELHOR INTERESSE DO ANIMAL NA FAM\u00cdLIA PLURIESP\u00c9CIE <br \/> FRANCISCO FRANCO DA CUNHA<\/a><\/p>\n<hr \/>\n<p style=\"text-align: center\"><a href=\"https:\/\/portal.unisepe.com.br\/repositorio\/wp-content\/uploads\/sites\/10011\/2021\/07\/2018-AS-IMPLICA\u00c7\u00d5ES-JUR\u00cdDICAS-DA-UTILIZA\u00c7\u00c3O-DOS-PROCESSOS-DIGITAIS-NO-ORDENAMENTO-JUR\u00cdDICO-BRASILEIRO-EDUARDO-HENRIQUE-DOS-SANTOS.pdf\">AS IMPLICA\u00c7\u00d5ES JUR\u00cdDICAS DA UTILIZA\u00c7\u00c3O DOS PROCESSOS DIGITAIS NO ORDENAMENTO JUR\u00cdDICO BRASILEIRO <br \/> EDUARDO HENRIQUE DOS SANTOS<\/a><\/p>\n<hr \/>\n<p style=\"text-align: center\"><a href=\"https:\/\/portal.unisepe.com.br\/repositorio\/wp-content\/uploads\/sites\/10011\/2021\/07\/2018-COLABORA\u00c7\u00c3O-PREMIADA-X-INTERESSE-P\u00daBLICO-ANDRESSA-DA-SILVA-GON\u00c7ALVES.pdf\">COLABORA\u00c7\u00c3O PREMIADA X INTERESSE P\u00daBLICO <br \/> ANDRESSA DA SILVA GON\u00c7ALVES<\/a><\/p>\n<hr \/>\n<p style=\"text-align: center\"><a href=\"https:\/\/portal.unisepe.com.br\/repositorio\/wp-content\/uploads\/sites\/10011\/2021\/07\/2018-DA-PRESUN\u00c7\u00c3O-DE-INOC\u00caNCIA-DO-INDICIADO-NO-PROCESSO-ADMINISTRATIVO-DISCIPLINAR-JEFERSON-GILIARD-DE-FRAN\u00c7A.pdf\">DA PRESUN\u00c7\u00c3O DE INOC\u00caNCIA DO INDICIADO NO PROCESSO ADMINISTRATIVO DISCIPLINAR <br \/> JEFERSON GILIARD DE FRAN\u00c7A<\/a><\/p>\n<hr \/>\n<p style=\"text-align: center\"><a href=\"https:\/\/portal.unisepe.com.br\/repositorio\/wp-content\/uploads\/sites\/10011\/2021\/07\/2018-FEMINIC\u00cdDIO-E-TRANSEXUALIDADE-VANESSA-DAVIES-CAVALCANTE-DA-SILVA.pdf\">FEMINIC\u00cdDIO E TRANSEXUALIDADE <br \/> VANESSA DAVIES CAVALCANTE DA SILVA<\/a><\/p>\n<hr \/>\n<p style=\"text-align: center\"><a href=\"https:\/\/portal.unisepe.com.br\/repositorio\/wp-content\/uploads\/sites\/10011\/2021\/07\/2018-GEST\u00c3O-PUBLICA-E-CRIATIVIDADE-SOLU\u00c7\u00d5ES-INTEGRADAS-EM-SERVI\u00c7OS-P\u00daBLICOS-DE-TRANSPORTE-NO-MUNIC\u00cdPIO-DE-MIRACATU-SP-F\u00c1BIO-FRANCISCO-FONSECA.pdf\">GEST\u00c3O PUBLICA E CRIATIVIDADE SOLU\u00c7\u00d5ES INTEGRADAS EM SERVI\u00c7OS P\u00daBLICOS DE TRANSPORTE NO MUNIC\u00cdPIO DE MIRACATU-SP <br \/> F\u00c1BIO FRANCISCO FONSECA<\/a><\/p>\n<hr \/>\n<p style=\"text-align: center\"><a href=\"https:\/\/portal.unisepe.com.br\/repositorio\/wp-content\/uploads\/sites\/10011\/2021\/07\/2018-JUDICIALIZA\u00c7\u00c3O-DA-SA\u00daDE-E-O-CONTRAPONTO-DA-RESERVA-DO-POSS\u00cdVEL-E-O-M\u00cdNIMO-EXISTENCIAL-PRISCILA-ALVES-LOPES.pdf\">JUDICIALIZA\u00c7\u00c3O DA SA\u00daDE E O CONTRAPONTO DA RESERVA DO POSS\u00cdVEL E O M\u00cdNIMO EXISTENCIAL <br \/> PRISCILA ALVES LOPES<\/a><\/p>\n<hr \/>\n<p style=\"text-align: center\"><a href=\"https:\/\/portal.unisepe.com.br\/repositorio\/wp-content\/uploads\/sites\/10011\/2021\/07\/2018-O-DIREITO-A-ACESIBILIDADE-NA-CIDADE-DE-REGISTROSP-HARYANNE-KLAIN-RODRIGUES-ALVES.pdf\">O DIREITO A ACESIBILIDADE NA CIDADE DE REGISTROSP <br \/> HARYANNE KLAIN RODRIGUES ALVES<\/a><\/p>\n<hr \/>\n<p style=\"text-align: center\"><a href=\"https:\/\/portal.unisepe.com.br\/repositorio\/wp-content\/uploads\/sites\/10011\/2021\/07\/2018-O-DIREITO-DE-VISITA-DE-CRIAN\u00c7AS-E-ADOLESCENTES-AOS-PAIS-PRIVADOS-DE-LIBERDADE-BRUNA-MAIA-DOS-SANTOS.pdf\">O DIREITO DE VISITA DE CRIAN\u00c7AS E ADOLESCENTES AOS PAIS PRIVADOS DE LIBERDADE <br \/> BRUNA MAIA DOS SANTOS<\/a><\/p>\n<hr \/>\n<p style=\"text-align: center\"><a href=\"https:\/\/portal.unisepe.com.br\/repositorio\/wp-content\/uploads\/sites\/10011\/2021\/07\/2018-O-MASSACRE-DO-CARANDIRU-E-A-AFRONTA-AOS-DIREITOS-HUMANOS-HIGOR-MARTIR-ANTUNES-DUARTE.pdf\">O MASSACRE DO CARANDIRU E A AFRONTA AOS DIREITOS HUMANOS <br \/> HIGOR MARTIR ANTUNES DUARTE<\/a><\/p>\n<hr \/>\n<p style=\"text-align: center\"><a href=\"https:\/\/portal.unisepe.com.br\/repositorio\/wp-content\/uploads\/sites\/10011\/2021\/07\/2018-O-PRINC\u00cdPIO-DA-EFICI\u00caNCIA-E-AS-LICITA\u00c7\u00d5ES-P\u00daBLICAS-JEFFERSON-RODRIGUES-VELOSO.pdf\">O PRINC\u00cdPIO DA EFICI\u00caNCIA E AS LICITA\u00c7\u00d5ES P\u00daBLICAS <br \/> JEFFERSON RODRIGUES VELOSO<\/a><\/p>\n<hr \/>\n<p style=\"text-align: center\"><a href=\"https:\/\/portal.unisepe.com.br\/repositorio\/wp-content\/uploads\/sites\/10011\/2021\/07\/2018-O-REFLEXO-DO-ESTATUTO-DO-IDOSO-NA-AFERI\u00c7\u00c3O-DOS-REQUISITOS-DO-ARTIGO-20-DA-LEI-N\u00ba-8.74293-HANIELLE-FERREIRA-TELES.pdf\">O REFLEXO DO ESTATUTO DO IDOSO NA AFERI\u00c7\u00c3O DOS REQUISITOS DO ARTIGO 20 DA LEI N\u00ba 8.74293 <br \/> HANIELLE FERREIRA TELES<\/a><\/p>\n<hr \/>\n<p style=\"text-align: center\"><a href=\"https:\/\/portal.unisepe.com.br\/repositorio\/wp-content\/uploads\/sites\/10011\/2021\/07\/2018-OS-IMPACTOS-DA-REFORMA-TRABALHISTA-NA-RESCIS\u00c3O-DO-CONTRATO-DE-TRABALHO-ALEX-BALTAZAR-DE-SOUTO.pdf\">OS IMPACTOS DA REFORMA TRABALHISTA NA RESCIS\u00c3O DO CONTRATO DE TRABALHO <br \/> ALEX BALTAZAR DE SOUTO<\/a><\/p>\n<hr \/>\n<p style=\"text-align: center\"><a href=\"https:\/\/portal.unisepe.com.br\/repositorio\/wp-content\/uploads\/sites\/10011\/2021\/07\/2018-PATERNIDADES-SOCIOAFETIVA-E-BIOL\u00d3GICA-E-AS-CONSEQU\u00caNCIAS-NA-MULTIPARENTALIDADE-KELLY-FERREIRA-PONTES.pdf\">PATERNIDADES SOCIOAFETIVA E BIOL\u00d3GICA E AS CONSEQU\u00caNCIAS NA MULTIPARENTALIDADE <br \/> KELLY FERREIRA PONTES<\/a><\/p>\n<hr \/>\n<p style=\"text-align: center\"><a href=\"https:\/\/portal.unisepe.com.br\/repositorio\/wp-content\/uploads\/sites\/10011\/2021\/07\/2018-PORNOGRAFIA-DE-VINGAN\u00c7A-E-SUA-INSER\u00c7\u00c3O-NO-ORDENAMENTO-JURIDICO-BRASILEIRO-MICHELLE-OYAKAWA-DE-SOUSA.pdf\">PORNOGRAFIA DE VINGAN\u00c7A E SUA INSER\u00c7\u00c3O NO ORDENAMENTO JURIDICO BRASILEIRO <br \/> MICHELLE OYAKAWA DE SOUSA<\/a><\/p>\n<hr \/>\n<p style=\"text-align: center\"><a href=\"https:\/\/portal.unisepe.com.br\/repositorio\/wp-content\/uploads\/sites\/10011\/2021\/07\/2018-POSSE-REGULAR-DE-ARMA-DE-FOGO-DE-USO-PERMITIDO-E-LEG\u00cdTIMA-DEFESA-DA-PROPRIEDADE-NEI-FONTES-DE-AGUIAR.pdf\">POSSE REGULAR DE ARMA DE FOGO DE USO PERMITIDO E LEG\u00cdTIMA DEFESA DA PROPRIEDADE <br \/> NEI FONTES DE AGUIAR<\/a><\/p>\n<hr \/>\n<p style=\"text-align: center\"><a href=\"https:\/\/portal.unisepe.com.br\/repositorio\/wp-content\/uploads\/sites\/10011\/2021\/07\/2018-PRESSUPOSTOS-CR\u00cdTICOS-EM-AN\u00c1LISE-AO-PRINC\u00cdPIO-DA-PRESUN\u00c7\u00c3O-DE-INOC\u00caNCIA-NICKSON-PEREIRA-GUIMAR\u00c3ES-DA-SILVA.pdf\">PRESSUPOSTOS CR\u00cdTICOS EM AN\u00c1LISE AO PRINC\u00cdPIO DA PRESUN\u00c7\u00c3O DE INOC\u00caNCIA <br \/> NICKSON PEREIRA GUIMAR\u00c3ES DA SILVA<\/a><\/p>\n<hr \/>\n<p style=\"text-align: center\"><a href=\"https:\/\/portal.unisepe.com.br\/repositorio\/wp-content\/uploads\/sites\/10011\/2021\/07\/2018-SERIAL-KILLER-IMPUT\u00c1VEL-OU-INIMPUT\u00c1VEL-MICHELE-DOS-SANTOS-REDEDE-PEREIRA.pdf\">SERIAL KILLER IMPUT\u00c1VEL OU INIMPUT\u00c1VEL <br \/> MICHELE DOS SANTOS REDEDE PEREIRA<\/a><\/p>\n<hr \/>\n<p style=\"text-align: center\"><a href=\"https:\/\/portal.unisepe.com.br\/repositorio\/wp-content\/uploads\/sites\/10011\/2021\/07\/2018-TRIBUNAL-DO-J\u00daRI-A-SOBERANIA-DOS-VEREDICTOS-EM-FACE-DA-AUS\u00caNCIA-DE-FUNDAMENTA\u00c7\u00c3O-DAS-DECIS\u00d5ES-LUCAS-CORR\u00caA-DE-OLIVEIRA.pdf\">TRIBUNAL DO J\u00daRI A SOBERANIA DOS VEREDICTOS EM FACE DA AUS\u00caNCIA DE FUNDAMENTA\u00c7\u00c3O DAS DECIS\u00d5ES <br \/> LUCAS CORR\u00caA DE OLIVEIRA<\/a><\/p>\n<hr \/>\n<p style=\"text-align: center\"><a href=\"https:\/\/portal.unisepe.com.br\/repositorio\/wp-content\/uploads\/sites\/10011\/2021\/07\/2018-TUTELAS-PROVIS\u00d3RIAS-DE-URG\u00caNCIA-EM-CAR\u00c1TER-ANTECEDENTE-A-COLIS\u00c3O-ENTRE-O-INTERESSE-\u00c0-RAPIDEZ-DO-LIT\u00cdGIO-E-A-PRE-MARCOS-ANTONIO-VIEIRA.pdf\">TUTELAS PROVIS\u00d3RIAS DE URG\u00caNCIA EM CAR\u00c1TER ANTECEDENTE A COLIS\u00c3O ENTRE O INTERESSE \u00c0 RAPIDEZ DO LIT\u00cdGIO E A PRE~ <br \/> MARCOS ANTONIO VIEIRA<\/a><\/p>\n<hr \/>\n<p style=\"text-align: center\"><a href=\"https:\/\/portal.unisepe.com.br\/repositorio\/wp-content\/uploads\/sites\/10011\/2021\/07\/2018-A-POSSIBILIDADE-DE-FRAUDES-E-ATOS-DE-IMPROBIDADE-ADMINISTRATIVA-NA-MODALIDADE-DE-LICITA\u00c7\u00c3O-CONVITE-WELLINGTON-XAVIER-DE-BRITO.pdf\">A POSSIBILIDADE DE FRAUDES E ATOS DE IMPROBIDADE ADMINISTRATIVA NA MODALIDADE DE LICITA\u00c7\u00c3O CONVITE <br \/> WELLINGTON XAVIER DE BRITO<\/a><\/p>\n","protected":false},"excerpt":{"rendered":"<p>Trabalho de Conclus\u00e3o de Curso &nbsp; A EDUCA\u00c7\u00c3O E O NEOLIBERALISMO EM FACE DA CORRUP\u00c7\u00c3O CULTURAL CARLOS HENRIQUE FIGUEIREDO A EVOLU\u00c7\u00c3O DO DIREITO DESPORTIVO COMO RAMO \u00daNICO E A NECESSIDADE DE INCLUS\u00c3O DESTA MAT\u00c9RIA NA GRADE CURRICULAR RODRIGO SILVA RAINHO A MATERNIDADE DE SUBSTITUI\u00c7\u00c3O NO ORDENAMENTO JUR\u00cdDICO BRASILEIRO UM PARALELO<\/p>\n","protected":false},"author":10,"featured_media":0,"parent":57,"menu_order":0,"comment_status":"closed","ping_status":"closed","template":"templates\/template-pagina_menu_vertical.php","meta":{"footnotes":""},"categories":[],"tags":[],"class_list":["post-267","page","type-page","status-publish","hentry"],"_links":{"self":[{"href":"https:\/\/portal.unisepe.com.br\/repositorio\/wp-json\/wp\/v2\/pages\/267","targetHints":{"allow":["GET"]}}],"collection":[{"href":"https:\/\/portal.unisepe.com.br\/repositorio\/wp-json\/wp\/v2\/pages"}],"about":[{"href":"https:\/\/portal.unisepe.com.br\/repositorio\/wp-json\/wp\/v2\/types\/page"}],"author":[{"embeddable":true,"href":"https:\/\/portal.unisepe.com.br\/repositorio\/wp-json\/wp\/v2\/users\/10"}],"replies":[{"embeddable":true,"href":"https:\/\/portal.unisepe.com.br\/repositorio\/wp-json\/wp\/v2\/comments?post=267"}],"version-history":[{"count":2,"href":"https:\/\/portal.unisepe.com.br\/repositorio\/wp-json\/wp\/v2\/pages\/267\/revisions"}],"predecessor-version":[{"id":286,"href":"https:\/\/portal.unisepe.com.br\/repositorio\/wp-json\/wp\/v2\/pages\/267\/revisions\/286"}],"up":[{"embeddable":true,"href":"https:\/\/portal.unisepe.com.br\/repositorio\/wp-json\/wp\/v2\/pages\/57"}],"wp:attachment":[{"href":"https:\/\/portal.unisepe.com.br\/repositorio\/wp-json\/wp\/v2\/media?parent=267"}],"wp:term":[{"taxonomy":"category","embeddable":true,"href":"https:\/\/portal.unisepe.com.br\/repositorio\/wp-json\/wp\/v2\/categories?post=267"},{"taxonomy":"post_tag","embeddable":true,"href":"https:\/\/portal.unisepe.com.br\/repositorio\/wp-json\/wp\/v2\/tags?post=267"}],"curies":[{"name":"wp","href":"https:\/\/api.w.org\/{rel}","templated":true}]}}