{"id":269,"date":"2023-05-06T11:34:20","date_gmt":"2023-05-06T14:34:20","guid":{"rendered":"https:\/\/portal.unisepe.com.br\/repositorio\/?page_id=269"},"modified":"2023-05-06T11:54:14","modified_gmt":"2023-05-06T14:54:14","slug":"tcc-2019","status":"publish","type":"page","link":"https:\/\/portal.unisepe.com.br\/repositorio\/unisepe\/univr\/direito\/tcc-2019\/","title":{"rendered":"2019"},"content":{"rendered":"<h4 style=\"text-align: center\">Trabalho de Conclus\u00e3o de Curso<\/h4>\n<p>&nbsp;<\/p>\n<p style=\"text-align: center\"><a href=\"https:\/\/portal.unisepe.com.br\/repositorio\/wp-content\/uploads\/sites\/10011\/2021\/07\/2019-FAKE-NEWS-E-OUTRAS-FORMAS-DE-DESINFORMA\u00c7\u00d5ES-IMPLICA\u00c7\u00d5ES-E-LIMITA\u00c7\u00d5ES-NO-ORDENAMENTO-JUR\u00cdDICO-BRASILEIRO-ANDR\u00c9-LUIZ-MANZO.pdf\">FAKE NEWS E OUTRAS FORMAS DE DESINFORMA\u00c7\u00d5ES IMPLICA\u00c7\u00d5ES E LIMITA\u00c7\u00d5ES NO ORDENAMENTO JUR\u00cdDICO BRASILEIRO <br \/> ANDR\u00c9 LUIZ MANZO<\/a><\/p>\n<hr \/>\n<p style=\"text-align: center\"><a href=\"https:\/\/portal.unisepe.com.br\/repositorio\/wp-content\/uploads\/sites\/10011\/2021\/07\/2019-EVOLU\u00c7\u00c3O-DAS-PENAS-PRIVATIVAS-DE-LIBERDADE-LIA-VIANA-LEITE-DE-RAMOS-E-OLIVEIRA.pdf\">EVOLU\u00c7\u00c3O DAS PENAS PRIVATIVAS DE LIBERDADE <br \/> LIA VIANA LEITE DE RAMOS E OLIVEIRA<\/a><\/p>\n<hr \/>\n<p style=\"text-align: center\"><a href=\"https:\/\/portal.unisepe.com.br\/repositorio\/wp-content\/uploads\/sites\/10011\/2021\/07\/2019-DIREITO-SUCESS\u00d3RIO-DOS-COMPANHEIROS-NALISSA-FREITAS-ALVES.pdf\">DIREITO SUCESS\u00d3RIO DOS COMPANHEIROS <br \/> NALISSA FREITAS ALVES<\/a><\/p>\n<hr \/>\n<p style=\"text-align: center\"><a href=\"https:\/\/portal.unisepe.com.br\/repositorio\/wp-content\/uploads\/sites\/10011\/2021\/07\/2019-DIREITO-DE-FAM\u00cdLIA-MODERNO-E-SEU-REFLEXO-NO-PRINC\u00cdPIO-DO-PLURALISMO-FAMILIAR-GABRIELLA-APARECIDA-BERNARDO-ALVES.pdf\">DIREITO DE FAM\u00cdLIA MODERNO E SEU REFLEXO NO PRINC\u00cdPIO DO PLURALISMO FAMILIAR <br \/> GABRIELLA APARECIDA BERNARDO ALVES<\/a><\/p>\n<hr \/>\n<p style=\"text-align: center\"><a href=\"https:\/\/portal.unisepe.com.br\/repositorio\/wp-content\/uploads\/sites\/10011\/2021\/07\/2019-DA-APLICABILIDADE-DA-LEI-MARIA-DA-PENHA-NOS-CASOS-DE-AGRESS\u00d5ES-ENVOLVENDO-MILITARES-ESTADUAIS-NO-\u00c2MBITO-CONJUGAL-LUCIO-MARTINS-LEANDRO.pdf\">DA APLICABILIDADE DA LEI MARIA DA PENHA NOS CASOS DE AGRESS\u00d5ES ENVOLVENDO MILITARES ESTADUAIS NO \u00c2MBITO CONJUGAL <br \/> LUCIO MARTINS LEANDRO<\/a><\/p>\n<hr \/>\n<p style=\"text-align: center\"><a href=\"https:\/\/portal.unisepe.com.br\/repositorio\/wp-content\/uploads\/sites\/10011\/2021\/07\/2019-DA-A\u00c7\u00c3O-DE-DESTITUI\u00c7\u00c3O-DO-PODER-FAMILIAR-AO-PROCESSO-DE-ADO\u00c7AO-NA-CIDADE-DE-REGISTRO-DENIS-DE-SOUZA-PEREIRA.pdf\">DA A\u00c7\u00c3O DE DESTITUI\u00c7\u00c3O DO PODER FAMILIAR AO PROCESSO DE ADO\u00c7AO NA CIDADE DE REGISTRO <br \/> DENIS DE SOUZA PEREIRA<\/a><\/p>\n<hr \/>\n<p style=\"text-align: center\"><a href=\"https:\/\/portal.unisepe.com.br\/repositorio\/wp-content\/uploads\/sites\/10011\/2021\/07\/2019-ALTERNATIVAS-PARA-APERFEI\u00c7OAR-A-EFIC\u00c1CIA-DAS-MEDIDAS-PROTETIVAS-DE-URG\u00caNCIA-DA-LEI-MARIA-DA-PENHA-THEILA-CARRIEL-DA-SILVA.pdf\">ALTERNATIVAS PARA APERFEI\u00c7OAR A EFIC\u00c1CIA DAS MEDIDAS PROTETIVAS DE URG\u00caNCIA DA LEI MARIA DA PENHA <br \/> THEILA CARRIEL DA SILVA<\/a><\/p>\n<hr \/>\n<p style=\"text-align: center\"><a href=\"https:\/\/portal.unisepe.com.br\/repositorio\/wp-content\/uploads\/sites\/10011\/2021\/07\/2019-ABANDONO-AFETIVO-\u2013-A-TEORIA-DO-DESAMOR-GIOVANNA-GUARIENTO.pdf\">ABANDONO AFETIVO \u2013 A TEORIA DO DESAMOR <br \/> GIOVANNA GUARIENTO<\/a><\/p>\n<hr \/>\n<p style=\"text-align: center\"><a href=\"https:\/\/portal.unisepe.com.br\/repositorio\/wp-content\/uploads\/sites\/10011\/2021\/07\/2019-A-VULNERABILIDADE-DO-IDOSO-NAS-RELA\u00c7\u00d5ES-DE-CONSUMO-ENVOLVENDO-CR\u00c9DITO-CONSIGNADO-GEYSHA-VEIGA-PARDIM.pdf\">A VULNERABILIDADE DO IDOSO NAS RELA\u00c7\u00d5ES DE CONSUMO ENVOLVENDO CR\u00c9DITO CONSIGNADO <br \/> GEYSHA VEIGA PARDIM<\/a><\/p>\n<hr \/>\n<p style=\"text-align: center\"><a href=\"https:\/\/portal.unisepe.com.br\/repositorio\/wp-content\/uploads\/sites\/10011\/2021\/07\/2019-A-RESPONSABILIDADE-CIVIL-DOS-ADOTANTES-EM-CASOS-DE-DEVO-ANA-CAROLINA-GOMES-DE-EIROZ-ZANON.pdf\">A RESPONSABILIDADE CIVIL DOS ADOTANTES EM CASOS DE DEVO~ <br \/> ANA CAROLINA GOMES DE EIROZ ZANON<\/a><\/p>\n<hr \/>\n<p style=\"text-align: center\"><a href=\"https:\/\/portal.unisepe.com.br\/repositorio\/wp-content\/uploads\/sites\/10011\/2021\/07\/2019-A-PRESUN\u00c7\u00c3O-DE-INOC\u00caNCIA-E-A-PRIS\u00c3O-COM-A-CONDENA\u00c7\u00c3O-EM-SEGUNDA-INST\u00c2NCIA-JULIANA-MAYARA-GOMES-LINO.pdf\">A PRESUN\u00c7\u00c3O DE INOC\u00caNCIA E A PRIS\u00c3O COM A CONDENA\u00c7\u00c3O EM SEGUNDA INST\u00c2NCIA <br \/> JULIANA MAYARA GOMES LINO<\/a><\/p>\n<hr \/>\n<p style=\"text-align: center\"><a href=\"https:\/\/portal.unisepe.com.br\/repositorio\/wp-content\/uploads\/sites\/10011\/2021\/07\/2019-A-NECESSIDADE-DE-OBJETIVA\u00c7\u00c3O-DOS-CRIT\u00c9RIOS-PARA-A-QUANTIFICA\u00c7\u00c3O-DO-DANO-MORAL-BIANCA-CLARA-RODRIGUES-DE-LIMA.pdf\">A NECESSIDADE DE OBJETIVA\u00c7\u00c3O DOS CRIT\u00c9RIOS PARA A QUANTIFICA\u00c7\u00c3O DO DANO MORAL <br \/> BIANCA CLARA RODRIGUES DE LIMA<\/a><\/p>\n<hr \/>\n<p style=\"text-align: center\"><a href=\"https:\/\/portal.unisepe.com.br\/repositorio\/wp-content\/uploads\/sites\/10011\/2021\/07\/2019-A-LEI-ANTICORRUP\u00c7\u00c3O-LEI-N\u00ba-12.8462013-E-O-PROGRAMA-DE-COMPLIANCE-DOUGLAS-KIM-ITO.pdf\">A LEI ANTICORRUP\u00c7\u00c3O (LEI N\u00ba 12.8462013) E O PROGRAMA DE COMPLIANCE <br \/> DOUGLAS KIM ITO<\/a><\/p>\n<hr \/>\n<p style=\"text-align: center\"><a href=\"https:\/\/portal.unisepe.com.br\/repositorio\/wp-content\/uploads\/sites\/10011\/2021\/07\/2019-A-INEFIC\u00c1CIA-DAS-POL\u00cdTICAS-P\u00daBLICAS-PARA-A-RECUPERA\u00c7\u00c3O-DO-MENOR-INFRATOR-NELSON-GALDINO-DE-OLIVEIRA.pdf\">A INEFIC\u00c1CIA DAS POL\u00cdTICAS P\u00daBLICAS PARA A RECUPERA\u00c7\u00c3O DO MENOR INFRATOR <br \/> NELSON GALDINO DE OLIVEIRA<\/a><\/p>\n<hr \/>\n<p style=\"text-align: center\"><a href=\"https:\/\/portal.unisepe.com.br\/repositorio\/wp-content\/uploads\/sites\/10011\/2021\/07\/2019-A-INCONSTITUCIONALIDADE-DA-VEDA\u00c7\u00c3O-\u00c0-ESCOLHA-DO-REGIME-DE-BENS-AOS-MAIORES-DE-70-ANOS-LARISSA-MARTINS-NUNES-DA-SILVA.pdf\">A INCONSTITUCIONALIDADE DA VEDA\u00c7\u00c3O \u00c0 ESCOLHA DO REGIME DE BENS AOS MAIORES DE 70 ANOS <br \/> LARISSA MARTINS NUNES DA SILVA<\/a><\/p>\n<hr \/>\n<p style=\"text-align: center\"><a href=\"https:\/\/portal.unisepe.com.br\/repositorio\/wp-content\/uploads\/sites\/10011\/2021\/07\/2019-A-INCID\u00caNCIA-DE-ISS-SOBRE-OS-SERVI\u00c7OS-DE-\u201cSTREAMING\u201d-C\u00c1SSIO-MACHADO-DE-AZEVEDO.pdf\">A INCID\u00caNCIA DE ISS SOBRE OS SERVI\u00c7OS DE \u201cSTREAMING\u201d <br \/> C\u00c1SSIO MACHADO DE AZEVEDO<\/a><\/p>\n<hr \/>\n<p style=\"text-align: center\"><a href=\"https:\/\/portal.unisepe.com.br\/repositorio\/wp-content\/uploads\/sites\/10011\/2021\/07\/2019-A-EVOLU\u00c7\u00c3O-JURIDICA-DA-LIBERDADE-RELIGIOSA-E-O-PROCESSO-DE-LAICIZA\u00c7\u00c3O-DO-ESTADO-ARIENE-NAZIL-AZEVEDO-SIPRIANO-DE-MORAIS.pdf\">A EVOLU\u00c7\u00c3O JURIDICA DA LIBERDADE RELIGIOSA E O PROCESSO DE LAICIZA\u00c7\u00c3O DO ESTADO <br \/> ARIENE NAZIL AZEVEDO SIPRIANO DE MORAIS<\/a><\/p>\n<hr \/>\n<p style=\"text-align: center\"><a href=\"https:\/\/portal.unisepe.com.br\/repositorio\/wp-content\/uploads\/sites\/10011\/2021\/07\/2019-A-CONSTELA\u00c7\u00c3O-FAMILIAR-AUXILIANDO-A-JUSTI\u00c7A-DIANTE-DA-SINDROME-DE-ALIENA\u00c7\u00c3O-PARENTAL-MARIA-JOS\u00c9-DO-NASCIMENTO.pdf\">A CONSTELA\u00c7\u00c3O FAMILIAR AUXILIANDO A JUSTI\u00c7A DIANTE DA SINDROME DE ALIENA\u00c7\u00c3O PARENTAL <br \/> MARIA JOS\u00c9 DO NASCIMENTO<\/a><\/p>\n<hr \/>\n<p style=\"text-align: center\"><a href=\"https:\/\/portal.unisepe.com.br\/repositorio\/wp-content\/uploads\/sites\/10011\/2021\/07\/2019-A-COMUNICABILIDADE-DO-ESTADO-PUERPERAL-AO-CONCURSO-DE-AGENTES-NO-CRIME-DE-INFANTIC\u00cdDIO-JENIFFER-ANTUNES-BARBOSA-RIBEIRO-DE-OLIVEIRA.pdf\">A COMUNICABILIDADE DO ESTADO PUERPERAL AO CONCURSO DE AGENTES NO CRIME DE INFANTIC\u00cdDIO <br \/> JENIFFER ANTUNES BARBOSA RIBEIRO DE OLIVEIRA<\/a><\/p>\n<hr \/>\n<p style=\"text-align: center\"><a href=\"https:\/\/portal.unisepe.com.br\/repositorio\/wp-content\/uploads\/sites\/10011\/2021\/07\/2019-FEMINIC\u00cdDIO-A-FATAL-VIOL\u00caNCIA-CONTRA-A-MULHER-LILIAN-MARIA-SHIBUYA.pdf\">FEMINIC\u00cdDIO A FATAL VIOL\u00caNCIA CONTRA A MULHER <br \/> LILIAN MARIA SHIBUYA<\/a><\/p>\n<hr \/>\n<p style=\"text-align: center\"><a href=\"https:\/\/portal.unisepe.com.br\/repositorio\/wp-content\/uploads\/sites\/10011\/2021\/07\/2019-FORO-POR-PRERROGATIVA-DE-FUN\u00c7\u00c3O-E-SUA-CONTRADI\u00c7\u00c3O-FACE-AO-PRINC\u00cdPIO-DA-IGUALDADE-NO-SISTEMA-JUR\u00cdDICO-BRASILEIRO-MELISSA-RAPHAELA-DE-LIMA-E-SILVA.pdf\">FORO POR PRERROGATIVA DE FUN\u00c7\u00c3O E SUA CONTRADI\u00c7\u00c3O FACE AO PRINC\u00cdPIO DA IGUALDADE NO SISTEMA JUR\u00cdDICO BRASILEIRO <br \/> MELISSA RAPHAELA DE LIMA E SILVA<\/a><\/p>\n<hr \/>\n<p style=\"text-align: center\"><a href=\"https:\/\/portal.unisepe.com.br\/repositorio\/wp-content\/uploads\/sites\/10011\/2021\/07\/2019-O-PSICOPATA-FRENTE-AO-SISTEMA-PENAL-BRASILEIRO-AMANDA-BARBOSA-DE-CARVALHO.pdf\">O PSICOPATA FRENTE AO SISTEMA PENAL BRASILEIRO <br \/> AMANDA BARBOSA DE CARVALHO<\/a><\/p>\n<hr \/>\n<p style=\"text-align: center\"><a href=\"https:\/\/portal.unisepe.com.br\/repositorio\/wp-content\/uploads\/sites\/10011\/2021\/07\/2019-O-RECONHECIMENTO-DA-DUPLA-PATERNIDADE-NO-REGISTRO-CIVIL-E-A-APLICA\u00c7\u00c3O-DO-PRINC\u00cdPIO-DA-AFETIVIDADE-AMANDA-MONIQUE-DOS-SANTOS.pdf\">O RECONHECIMENTO DA DUPLA PATERNIDADE NO REGISTRO CIVIL E A APLICA\u00c7\u00c3O DO PRINC\u00cdPIO DA AFETIVIDADE <br \/> AMANDA MONIQUE DOS SANTOS<\/a><\/p>\n","protected":false},"excerpt":{"rendered":"<p>Trabalho de Conclus\u00e3o de Curso &nbsp; FAKE NEWS E OUTRAS FORMAS DE DESINFORMA\u00c7\u00d5ES IMPLICA\u00c7\u00d5ES E LIMITA\u00c7\u00d5ES NO ORDENAMENTO JUR\u00cdDICO BRASILEIRO ANDR\u00c9 LUIZ MANZO EVOLU\u00c7\u00c3O DAS PENAS PRIVATIVAS DE LIBERDADE LIA VIANA LEITE DE RAMOS E OLIVEIRA DIREITO SUCESS\u00d3RIO DOS COMPANHEIROS NALISSA FREITAS ALVES DIREITO DE FAM\u00cdLIA MODERNO E SEU REFLEXO<\/p>\n","protected":false},"author":10,"featured_media":0,"parent":57,"menu_order":0,"comment_status":"closed","ping_status":"closed","template":"templates\/template-pagina_menu_vertical.php","meta":{"footnotes":""},"categories":[],"tags":[],"class_list":["post-269","page","type-page","status-publish","hentry"],"_links":{"self":[{"href":"https:\/\/portal.unisepe.com.br\/repositorio\/wp-json\/wp\/v2\/pages\/269","targetHints":{"allow":["GET"]}}],"collection":[{"href":"https:\/\/portal.unisepe.com.br\/repositorio\/wp-json\/wp\/v2\/pages"}],"about":[{"href":"https:\/\/portal.unisepe.com.br\/repositorio\/wp-json\/wp\/v2\/types\/page"}],"author":[{"embeddable":true,"href":"https:\/\/portal.unisepe.com.br\/repositorio\/wp-json\/wp\/v2\/users\/10"}],"replies":[{"embeddable":true,"href":"https:\/\/portal.unisepe.com.br\/repositorio\/wp-json\/wp\/v2\/comments?post=269"}],"version-history":[{"count":3,"href":"https:\/\/portal.unisepe.com.br\/repositorio\/wp-json\/wp\/v2\/pages\/269\/revisions"}],"predecessor-version":[{"id":287,"href":"https:\/\/portal.unisepe.com.br\/repositorio\/wp-json\/wp\/v2\/pages\/269\/revisions\/287"}],"up":[{"embeddable":true,"href":"https:\/\/portal.unisepe.com.br\/repositorio\/wp-json\/wp\/v2\/pages\/57"}],"wp:attachment":[{"href":"https:\/\/portal.unisepe.com.br\/repositorio\/wp-json\/wp\/v2\/media?parent=269"}],"wp:term":[{"taxonomy":"category","embeddable":true,"href":"https:\/\/portal.unisepe.com.br\/repositorio\/wp-json\/wp\/v2\/categories?post=269"},{"taxonomy":"post_tag","embeddable":true,"href":"https:\/\/portal.unisepe.com.br\/repositorio\/wp-json\/wp\/v2\/tags?post=269"}],"curies":[{"name":"wp","href":"https:\/\/api.w.org\/{rel}","templated":true}]}}