{"id":272,"date":"2023-05-06T11:35:30","date_gmt":"2023-05-06T14:35:30","guid":{"rendered":"https:\/\/portal.unisepe.com.br\/repositorio\/?page_id=272"},"modified":"2023-05-06T11:54:29","modified_gmt":"2023-05-06T14:54:29","slug":"tcc-2020","status":"publish","type":"page","link":"https:\/\/portal.unisepe.com.br\/repositorio\/unisepe\/univr\/direito\/tcc-2020\/","title":{"rendered":"2020"},"content":{"rendered":"<h4 style=\"text-align: center\">Trabalho de Conclus\u00e3o de Curso<\/h4>\n<p>&nbsp;<\/p>\n<p style=\"text-align: center\"><a href=\"https:\/\/portal.unisepe.com.br\/repositorio\/wp-content\/uploads\/sites\/10011\/2021\/06\/2020-A-INCLUS\u00c3O-MULTIPARENTAL-NA-CERTID\u00c3O-DE-NASCIMENTO-E-SEUS-ARISSA-TANAKA-HIRABAIASHI.pdf\">A INCLUS\u00c3O MULTIPARENTAL NA CERTID\u00c3O DE NASCIMENTO E SEUS <br \/> ARISSA TANAKA HIRABAIASHI<\/a><\/p>\n<hr \/>\n<p style=\"text-align: center\"><a href=\"https:\/\/portal.unisepe.com.br\/repositorio\/wp-content\/uploads\/sites\/10011\/2021\/06\/2020-A-RESPONSABILIDADE-CIVIL-DECORRENTE-DA-ALIENA\u00c7\u00c3O-PARENTAL-ANDRE-HARUO-SHIBA.pdf\">A RESPONSABILIDADE CIVIL DECORRENTE DA ALIENA\u00c7\u00c3O PARENTAL <br \/> ANDRE HARUO SHIBA<\/a><\/p>\n<hr \/>\n<p style=\"text-align: center\"><a href=\"https:\/\/portal.unisepe.com.br\/repositorio\/wp-content\/uploads\/sites\/10011\/2021\/06\/2020-MOBBING-UMA-PATOLOGIA-PSICOSSOCIAL-EM-EMPRESAS-NO-VALE-DO-EDILANE-ALVES-DA-SILVA.pdf\">MOBBING UMA PATOLOGIA PSICOSSOCIAL EM EMPRESAS NO VALE DO RIBEIRA <br \/> EDILANE ALVES DA SILVA<\/a><\/p>\n<hr \/>\n<p style=\"text-align: center\"><a href=\"https:\/\/portal.unisepe.com.br\/repositorio\/wp-content\/uploads\/sites\/10011\/2021\/06\/2020-A-ABSTRATIVIZA\u00c7\u00c3O-DAS-DECIS\u00d5ES-PROFERIDAS-PELO-SUPREMO-TRIBUNAL-FEDERAL-EM-CONTROLE-DE-CONSTITUCIONALIDADE-DIFUS-NATALLIE-DE-PONTES-RAIMUNDO.pdf\">A ABSTRATIVIZA\u00c7\u00c3O DAS DECIS\u00d5ES PROFERIDAS PELO SUPREMO TRIBUNAL FEDERAL EM CONTROLE DE CONSTITUCIONALIDADE DIFUS~ <br \/> NATALLIE DE PONTES RAIMUNDO<\/a><\/p>\n<hr \/>\n<p style=\"text-align: center\"><a href=\"https:\/\/portal.unisepe.com.br\/repositorio\/wp-content\/uploads\/sites\/10011\/2021\/06\/2020-A-ADO\u00c7\u00c3O-DE-CRIAN\u00c7AS-POR-CASAIS-HOMOAFETIVOS-THAINARA-LOBO-GARCIA.pdf\">A ADO\u00c7\u00c3O DE CRIAN\u00c7AS POR CASAIS HOMOAFETIVOS <br \/> THAINARA LOBO GARCIA<\/a><\/p>\n<hr \/>\n<p style=\"text-align: center\"><a href=\"https:\/\/portal.unisepe.com.br\/repositorio\/wp-content\/uploads\/sites\/10011\/2021\/06\/2020-A-ALTERA\u00c7\u00c3O-DE-G\u00caNERO-E-SEUS-REFLEXOS-NA-CONCESS\u00c3O-DO-BENEF\u00cdCIO-PREVIDENCI\u00c1RIO-DE-APOSENTADORIA-POR-IDADE-MARIANNY-DOS-SANTOS-COLOMBO.pdf\">A ALTERA\u00c7\u00c3O DE G\u00caNERO E SEUS REFLEXOS NA CONCESS\u00c3O DO BENEF\u00cdCIO PREVIDENCI\u00c1RIO DE APOSENTADORIA POR IDADE <br \/> MARIANNY DOS SANTOS COLOMBO<\/a><\/p>\n<hr \/>\n<p style=\"text-align: center\"><a href=\"https:\/\/portal.unisepe.com.br\/repositorio\/wp-content\/uploads\/sites\/10011\/2021\/06\/2020-A-ATUA\u00c7\u00c3O-DA-DEFENSORIA-P\u00daBLICA-NO-ACESSO-\u00c0-JUSTI\u00c7A-DAS-COMUNIDADES-QUILOMBOLAS-DO-VALE-DO-RIBEIRA-DARHIN-DE-SOUSA-JAZE.pdf\">A ATUA\u00c7\u00c3O DA DEFENSORIA P\u00daBLICA NO ACESSO \u00c0 JUSTI\u00c7A DAS COMUNIDADES QUILOMBOLAS DO VALE DO RIBEIRA <br \/> DARHIN DE SOUSA JAZE<\/a><\/p>\n<hr \/>\n<p style=\"text-align: center\"><a href=\"https:\/\/portal.unisepe.com.br\/repositorio\/wp-content\/uploads\/sites\/10011\/2021\/06\/2020-A-CELERIDADE-JUDICIAL-TRAZIDA-PELA-MEDIA\u00c7\u00c3O-NO-TRIBUNAL-DE-JUSTI\u00c7A-DO-ESTADO-DE-S\u00c3O-PAULO-NATALI-SALLES-PONTES.pdf\">A CELERIDADE JUDICIAL TRAZIDA PELA MEDIA\u00c7\u00c3O NO TRIBUNAL DE JUSTI\u00c7A DO ESTADO DE S\u00c3O PAULO <br \/> NATALI SALLES PONTES<\/a><\/p>\n<hr \/>\n<p style=\"text-align: center\"><a href=\"https:\/\/portal.unisepe.com.br\/repositorio\/wp-content\/uploads\/sites\/10011\/2021\/06\/2020-A-DECRETA\u00c7\u00c3O-DA-FAL\u00caNCIA-NO-CEN\u00c1RIO-DA-PANDEMIA-MUNDIAL-OCASIONADA-PELO-COVID-19-CLAUDIA-LUZIA-VITALINO.pdf\">A DECRETA\u00c7\u00c3O DA FAL\u00caNCIA NO CEN\u00c1RIO DA PANDEMIA MUNDIAL OCASIONADA PELO COVID 19 <br \/> CLAUDIA LUZIA VITALINO<\/a><\/p>\n<hr \/>\n<p style=\"text-align: center\"><a href=\"https:\/\/portal.unisepe.com.br\/repositorio\/wp-content\/uploads\/sites\/10011\/2021\/06\/2020-A-EFIC\u00c1CIA-DO-CEJUSC-NAS-RESOLU\u00c7\u00d5ES-DOS-CONFLITOS-MARCELA-CARDOSO-DOS-SANTOS.pdf\">A EFIC\u00c1CIA DO CEJUSC NAS RESOLU\u00c7\u00d5ES DOS CONFLITOS <br \/> MARCELA CARDOSO DOS SANTOS<\/a><\/p>\n<hr \/>\n<p style=\"text-align: center\"><a href=\"https:\/\/portal.unisepe.com.br\/repositorio\/wp-content\/uploads\/sites\/10011\/2021\/06\/2020-A-FALSA-DEMOCRACIA-AN\u00c1LISE-DOS-QUOCIENTES-DE-VOTOS-NO-BRASIL-JUPTER-DARWIN-FURQUIM.pdf\">A FALSA DEMOCRACIA AN\u00c1LISE DOS QUOCIENTES DE VOTOS NO BRASIL <br \/> JUPTER DARWIN FURQUIM<\/a><\/p>\n<hr \/>\n<p style=\"text-align: center\"><a href=\"https:\/\/portal.unisepe.com.br\/repositorio\/wp-content\/uploads\/sites\/10011\/2021\/06\/2020-A-IMPORT\u00c2NCIA-DA-LUTA-ANTIMANICOMIAL-NO-BRASIL-\u00c0-LUZ-DO-PRINC\u00cdPIO-DA-DIGNIDADE-DA-PESSOA-HUMANA-REGIANE-TRIANOSKI-SANTOS.pdf\">A IMPORT\u00c2NCIA DA LUTA ANTIMANICOMIAL NO BRASIL \u00c0 LUZ DO PRINC\u00cdPIO DA DIGNIDADE DA PESSOA HUMANA <br \/> REGIANE TRIANOSKI SANTOS<\/a><\/p>\n<hr \/>\n<p style=\"text-align: center\"><a href=\"https:\/\/portal.unisepe.com.br\/repositorio\/wp-content\/uploads\/sites\/10011\/2021\/06\/2020-A-INAPLICABILIDADE-DO-ARTIGO-20-\u00a73\u00ba-DA-LEI-DA-ORG\u00c2NICA-DA-ASSIST\u00caNCIA-ANGELA-JAINE-DA-SILVA.pdf\">A INAPLICABILIDADE DO ARTIGO 20, \u00a73\u00ba DA LEI DA ORG\u00c2NICA DA ASSIST\u00caNCIA <br \/> ANGELA JAINE DA SILVA<\/a><\/p>\n<hr \/>\n<p style=\"text-align: center\"><a href=\"https:\/\/portal.unisepe.com.br\/repositorio\/wp-content\/uploads\/sites\/10011\/2021\/06\/2020-A-INCLUS\u00c3O-DA-PESSOA-COM-DEFICI\u00caNCIA-NO-MERCADO-DE-TRABALHO-NO-ESTADO-DE-S\u00c3O-PAULO-PAULA-CAROLINA-RIBEIRO-DE-LIMA.pdf\">A INCLUS\u00c3O DA PESSOA COM DEFICI\u00caNCIA NO MERCADO DE TRABALHO NO ESTADO DE S\u00c3O PAULO <br \/> PAULA CAROLINA RIBEIRO DE LIMA<\/a><\/p>\n<hr \/>\n<p style=\"text-align: center\"><a href=\"https:\/\/portal.unisepe.com.br\/repositorio\/wp-content\/uploads\/sites\/10011\/2021\/06\/2020-A-INEFIC\u00c1CIA-DO-SISTEMA-PRISIONAL-NA-RESSOCIALIZA\u00c7\u00c3O-DO-PRESO-NA-SOCIEDADE-BRASILEIRA-BEATRIZ-RODRIGUES-DA-SILVA.pdf\">A INEFIC\u00c1CIA DO SISTEMA PRISIONAL NA RESSOCIALIZA\u00c7\u00c3O DO PRESO NA SOCIEDADE BRASILEIRA <br \/> BEATRIZ RODRIGUES DA SILVA<\/a><\/p>\n<hr \/>\n<p style=\"text-align: center\"><a href=\"https:\/\/portal.unisepe.com.br\/repositorio\/wp-content\/uploads\/sites\/10011\/2021\/06\/2020-A-INVIOLABILIDADE-DOMICILIAR-E-SUAS-EXCE\u00c7\u00d5ES-PREVISTAS-NO-ORDENAMENTO-JUR\u00cdDICO-BRASILEIRO-MURILO-PAULO-DE-CAMARGO.pdf\">A INVIOLABILIDADE DOMICILIAR E SUAS EXCE\u00c7\u00d5ES PREVISTAS NO ORDENAMENTO JUR\u00cdDICO BRASILEIRO <br \/> MURILO PAULO DE CAMARGO<\/a><\/p>\n<hr \/>\n<p style=\"text-align: center\"><a href=\"https:\/\/portal.unisepe.com.br\/repositorio\/wp-content\/uploads\/sites\/10011\/2021\/06\/2020-A-PERSONALIDADE-JUR\u00cdDICA-DO-NASCITURO-A-CONTROV\u00c9RSIA-SOBRE-SEUS-DIREITOS-POLLYANA-DE-ALMEIDA-SANTOS-SILVA.pdf\">A PERSONALIDADE JUR\u00cdDICA DO NASCITURO A CONTROV\u00c9RSIA SOBRE SEUS DIREITOS <br \/> POLLYANA DE ALMEIDA SANTOS SILVA<\/a><\/p>\n<hr \/>\n<p style=\"text-align: center\"><a href=\"https:\/\/portal.unisepe.com.br\/repositorio\/wp-content\/uploads\/sites\/10011\/2021\/06\/2020-A-PROPORCIONALIDADE-FRENTE-A-COLIS\u00c3O-DOS-DIREITOS-FUNDAMENTAIS-ALICE-DE-F\u00c1TIMA-RODRIGUES-NEGR\u00c3O.pdf\">A PROPORCIONALIDADE FRENTE A COLIS\u00c3O DOS DIREITOS FUNDAMENTAIS <br \/> ALICE DE F\u00c1TIMA RODRIGUES NEGR\u00c3O<\/a><\/p>\n<hr \/>\n<p style=\"text-align: center\"><a href=\"https:\/\/portal.unisepe.com.br\/repositorio\/wp-content\/uploads\/sites\/10011\/2021\/06\/2020-A-RESPONSABILIDADE-CIVIL-E-A-REPARA\u00c7\u00c3O-DE-DANOS-MORAIS-AO-MENOR-ABANDONADO-PELOS-PAIS-GIOVANNI-IGOR-ALVES-DE-SOUZA.pdf\">A RESPONSABILIDADE CIVIL E A REPARA\u00c7\u00c3O DE DANOS MORAIS AO MENOR ABANDONADO PELOS PAIS <br \/> GIOVANNI IGOR ALVES DE SOUZA<\/a><\/p>\n<hr \/>\n<p style=\"text-align: center\"><a href=\"https:\/\/portal.unisepe.com.br\/repositorio\/wp-content\/uploads\/sites\/10011\/2021\/06\/2020-A-RESPONSABILIDADE-DO-ADMINISTRADOR-NA-RECUPERA\u00c7\u00c3O-JUDICIAL-DA-RESPONSABILIDADE-CRIMINAL-LETICIA-MENDES-SHYU.pdf\">A RESPONSABILIDADE DO ADMINISTRADOR NA RECUPERA\u00c7\u00c3O JUDICIAL DA RESPONSABILIDADE CRIMINAL <br \/> LETICIA MENDES SHYU<\/a><\/p>\n<hr \/>\n<p style=\"text-align: center\"><a href=\"https:\/\/portal.unisepe.com.br\/repositorio\/wp-content\/uploads\/sites\/10011\/2021\/06\/2020-A-VIABILIDADE-DA-PROGRESS\u00c3O-PER-SALTUM-SIMONE-EUCLIDES-DE-SOUSA.pdf\">A VIABILIDADE DA PROGRESS\u00c3O PER SALTUM <br \/> SIMONE EUCLIDES DE SOUSA<\/a><\/p>\n<hr \/>\n<p style=\"text-align: center\"><a href=\"https:\/\/portal.unisepe.com.br\/repositorio\/wp-content\/uploads\/sites\/10011\/2021\/06\/2020-ADO\u00c7\u00c3O-\u00c0-BRASILEIRA-CRIME-OU-ATO-DE-AMOR-ALANIS-SILVI-MASSULO-RIBEIRO.pdf\">ADO\u00c7\u00c3O \u00c0 BRASILEIRA CRIME OU ATO DE AMOR <br \/> ALANIS SILVI MASSULO RIBEIRO<\/a><\/p>\n<hr \/>\n<p style=\"text-align: center\"><a href=\"https:\/\/portal.unisepe.com.br\/repositorio\/wp-content\/uploads\/sites\/10011\/2021\/06\/2020-AN\u00c1LISE-DA-COMUNICA\u00c7\u00c3O-DE-GESTORES-P\u00daBLICOS-NAS-REDES-SOCIAIS-GESSICA-MIRANDA-DARWIN-FURQUIM.pdf\">AN\u00c1LISE DA COMUNICA\u00c7\u00c3O DE GESTORES P\u00daBLICOS NAS REDES SOCIAIS <br \/> GESSICA MIRANDA DARWIN FURQUIM<\/a><\/p>\n<hr \/>\n<p style=\"text-align: center\"><a href=\"https:\/\/portal.unisepe.com.br\/repositorio\/wp-content\/uploads\/sites\/10011\/2021\/06\/2020-APOSENTADORIA-PROGRAMADA-E-AS-ALTERA\u00c7\u00d5ES-INTRODUZIDAS-PELA-ALEX-DE-LIMA-PONTES.pdf\">APOSENTADORIA PROGRAMADA E AS ALTERA\u00c7\u00d5ES INTRODUZIDAS PELA <br \/> ALEX DE LIMA PONTES<\/a><\/p>\n<hr \/>\n<p style=\"text-align: center\"><a href=\"https:\/\/portal.unisepe.com.br\/repositorio\/wp-content\/uploads\/sites\/10011\/2021\/06\/2020-ASS\u00c9DIO-MORAL-NO-AMBIENTE-LABORAL-NATASHA-SAVANA-VICTORIA-FLORINDO-GUIMARAES.pdf\">ASS\u00c9DIO MORAL NO AMBIENTE LABORAL <br \/> NATASHA SAVANA VICTORIA FLORINDO GUIMARAES<\/a><\/p>\n<hr \/>\n<p style=\"text-align: center\"><a href=\"https:\/\/portal.unisepe.com.br\/repositorio\/wp-content\/uploads\/sites\/10011\/2021\/06\/2020-COMBATE-AO-TRABALHO-INFANTIL-NO-\u00c2MBITO-DA-JUSTI\u00c7A-DO-TRABALHO-DIRCE-SATIKO-OKADA-USUKI.pdf\">COMBATE AO TRABALHO INFANTIL NO \u00c2MBITO DA JUSTI\u00c7A DO TRABALHO <br \/> DIRCE SATIKO OKADA USUKI<\/a><\/p>\n<hr \/>\n<p style=\"text-align: center\"><a href=\"https:\/\/portal.unisepe.com.br\/repositorio\/wp-content\/uploads\/sites\/10011\/2021\/06\/2020-COMPRA-DIRETA-\u2013INEXIGIBILIDADE-DE-LICITA\u00c7\u00c3O-SABRINA-BURKOWSKI-ALVES.pdf\">COMPRA DIRETA \u2013 INEXIGIBILIDADE DE LICITA\u00c7\u00c3O <br \/> SABRINA BURKOWSKI ALVES<\/a><\/p>\n<hr \/>\n<p style=\"text-align: center\"><a href=\"https:\/\/portal.unisepe.com.br\/repositorio\/wp-content\/uploads\/sites\/10011\/2021\/06\/2020-DA-PROGRESS\u00c3O-PER-SALTUM-\u2013-APLICABILIDADE-E-EFETIVIDADE-ANTE-A-AUS\u00caNCIA-DE-VAGAS-NOS-ESTABELECIMENTOS-PRISIONAIS-BRASILEIROS-SOFIA-PAIVA-FORTES.pdf\">DA PROGRESS\u00c3O PER SALTUM \u2013 APLICABILIDADE E EFETIVIDADE ANTE A AUS\u00caNCIA DE VAGAS NOS ESTABELECIMENTOS PRISIONAIS BRASILEIROS <br \/> SOFIA PAIVA FORTES<\/a><\/p>\n<hr \/>\n<p style=\"text-align: center\"><a href=\"https:\/\/portal.unisepe.com.br\/repositorio\/wp-content\/uploads\/sites\/10011\/2021\/06\/2020-DA-TERCEIRIZA\u00c7\u00c3O-NA-ADMINISTRA\u00c7\u00c3O-P\u00daBLICA-UMA-AN\u00c1LISE-SOBRE-O-POSS\u00cdVEL-REDIMENSIONAMENTO-DO-APARATO-ESTATAL-EM-FUN\u00c7\u00c3O-DESTA-PERSPECTIVA-YASMIM-MUNIZ-IGLECIAS.pdf\">DA TERCEIRIZA\u00c7\u00c3O NA ADMINISTRA\u00c7\u00c3O P\u00daBLICA UMA AN\u00c1LISE SOBRE O POSS\u00cdVEL REDIMENSIONAMENTO DO APARATO ESTATAL EM FUN\u00c7\u00c3O DESTA PERSPECTIVA <br \/> YASMIM MUNIZ IGLECIAS<\/a><\/p>\n<hr \/>\n<p style=\"text-align: center\"><a href=\"https:\/\/portal.unisepe.com.br\/repositorio\/wp-content\/uploads\/sites\/10011\/2021\/06\/2020-DISSOLU\u00c7\u00c3O-DA-SOCIEDADE-CONJUGAL-E-O-ABANDONO-AFETIVO-DOS-FILHOS-FABIANE-SIEDLARCZYK-RIBEIRO.pdf\">DISSOLU\u00c7\u00c3O DA SOCIEDADE CONJUGAL E O ABANDONO AFETIVO DOS FILHOS <br \/> FABIANE SIEDLARCZYK RIBEIRO<\/a><\/p>\n<hr \/>\n<p style=\"text-align: center\"><a href=\"https:\/\/portal.unisepe.com.br\/repositorio\/wp-content\/uploads\/sites\/10011\/2021\/06\/2020-IMUNIDADE-PARLAMENTAR-ASPECTOS-IMPLICA\u00c7\u00d5ES-E-LIMITES-DO-AGENTE-POL\u00cdTICO-DO-LEGISLATIVO-MUNICIPAL-MAURO-ALEXANDRE-ROCHA.pdf\">IMUNIDADE PARLAMENTAR ASPECTOS, IMPLICA\u00c7\u00d5ES E LIMITES DO AGENTE POL\u00cdTICO DO LEGISLATIVO MUNICIPAL <br \/> MAURO ALEXANDRE ROCHA<\/a><\/p>\n<hr \/>\n<p style=\"text-align: center\"><a href=\"https:\/\/portal.unisepe.com.br\/repositorio\/wp-content\/uploads\/sites\/10011\/2021\/06\/2020-MEDIDAS-CAUTELARES-PESSOAIS-NO-PROCESSO-PENAL-BRASILEIRO-COMENT\u00c1RIOS-\u00c0-LUZ-DA-LEI-12.4032011-DENILSOM-DE-LARA.pdf\">MEDIDAS CAUTELARES PESSOAIS NO PROCESSO PENAL BRASILEIRO COMENT\u00c1RIOS \u00c0 LUZ DA LEI 12.4032011 <br \/> DENILSOM DE LARA<\/a><\/p>\n<hr \/>\n<p style=\"text-align: center\"><a href=\"https:\/\/portal.unisepe.com.br\/repositorio\/wp-content\/uploads\/sites\/10011\/2021\/06\/2020-O-DIREITO-DO-ARREPENDIMENTO-NO-COM\u00c9RCIO-ELETR\u00d4NICO-FABIO-MITSUO-INOUE.pdf\">O DIREITO DO ARREPENDIMENTO NO COM\u00c9RCIO ELETR\u00d4NICO <br \/> FABIO MITSUO INOUE<\/a><\/p>\n<hr \/>\n<p style=\"text-align: center\"><a href=\"https:\/\/portal.unisepe.com.br\/repositorio\/wp-content\/uploads\/sites\/10011\/2021\/06\/2020-O-EXAME-CRIMINOL\u00d3GICO-NO-SISTEMA-PENAL-BRASILEIRO-THIAGO-BARBOSA-DOMINGUES.pdf\">O EXAME CRIMINOL\u00d3GICO NO SISTEMA PENAL BRASILEIRO <br \/> THIAGO BARBOSA DOMINGUES<\/a><\/p>\n<hr \/>\n<p style=\"text-align: center\"><a href=\"https:\/\/portal.unisepe.com.br\/repositorio\/wp-content\/uploads\/sites\/10011\/2021\/06\/2020-O-FEMINIC\u00cdDIO-UMA-NORMA-SIMB\u00d3LICA-CLARA-LOUYZE-VAZ-ROSA-SUZUKI-.pdf\">O FEMINIC\u00cdDIO UMA NORMA SIMB\u00d3LICA <br \/> CLARA LOUYZE VAZ ROSA SUZUKI<\/a><\/p>\n<hr \/>\n<p style=\"text-align: center\"><a href=\"https:\/\/portal.unisepe.com.br\/repositorio\/wp-content\/uploads\/sites\/10011\/2021\/06\/2020-O-PREPARO-RECURSAL-NO-SISTEMA-DO-JUIZADO-ESPECIAL-C\u00cdVEL-CONSEQU\u00caNCIAS-JUR\u00cdDICO-PROCESSUAIS-DA-INCORRE\u00c7\u00c3O-NO-RECOLHI-MAURICIO-PUPO-FERREIRA.pdf\">O PREPARO RECURSAL NO SISTEMA DO JUIZADO ESPECIAL C\u00cdVEL CONSEQU\u00caNCIAS JUR\u00cdDICO-PROCESSUAIS DA INCORRE\u00c7\u00c3O NO RECOLHI~ <br \/> MAURICIO PUPO FERREIRA<\/a><\/p>\n<hr \/>\n<p style=\"text-align: center\"><a href=\"https:\/\/portal.unisepe.com.br\/repositorio\/wp-content\/uploads\/sites\/10011\/2021\/06\/2020-O-SISTEMA-PRISIONAL-BRASILEIRO-E-OS-DESAFIOS-NA-RESSOCIALIZA\u00c7\u00c3O-DO-PRESO-CLAYSON-GATO-DE-OLIVEIRA-TRUDES.pdf\">O SISTEMA PRISIONAL BRASILEIRO E OS DESAFIOS NA RESSOCIALIZA\u00c7\u00c3O DO PRESO <br \/> CLAYSON GATO DE OLIVEIRA TRUDES<\/a><\/p>\n<hr \/>\n<p style=\"text-align: center\"><a href=\"https:\/\/portal.unisepe.com.br\/repositorio\/wp-content\/uploads\/sites\/10011\/2021\/06\/2020-PRIVATIZA\u00c7\u00c3O-DOS-PRES\u00cdDIOS-UMA-AN\u00c1LISE-CR\u00cdTICA-DAS-POSS\u00cdVEIS-ALTERNATIVAS-PARA-A-CRISE-CARCER\u00c1RIA-BRASILEIRA-THIAGO-SOUZA-MACIEL.pdf\">PRIVATIZA\u00c7\u00c3O DOS PRES\u00cdDIOS UMA AN\u00c1LISE CR\u00cdTICA DAS POSS\u00cdVEIS ALTERNATIVAS PARA A CRISE CARCER\u00c1RIA BRASILEIRA <br \/> THIAGO SOUZA MACIEL<\/a><\/p>\n<hr \/>\n<p style=\"text-align: center\"><a href=\"https:\/\/portal.unisepe.com.br\/repositorio\/wp-content\/uploads\/sites\/10011\/2021\/06\/2020-PSICOPATIA-PERP\u00c9TUA-E-OBRIGATORIEDADE-DE-LIBERA\u00c7\u00c3O-AN\u00c1LISE-DO-CASO-CHAMPINHA-KEILLA-ALCANTARA-MELO-DA-SILVA.pdf\">PSICOPATIA PERP\u00c9TUA E OBRIGATORIEDADE DE LIBERA\u00c7\u00c3O AN\u00c1LISE DO CASO CHAMPINHA <br \/> KEILLA ALCANTARA MELO DA SILVA<\/a><\/p>\n<hr \/>\n<p style=\"text-align: center\"><a href=\"https:\/\/portal.unisepe.com.br\/repositorio\/wp-content\/uploads\/sites\/10011\/2021\/06\/2020-SISTEMA-PRISIONAL-FEMININO-UMA-AN\u00c1LISE-ACERCA-DA-PRIS\u00c3O-FEMININA-E-O-EXERC\u00cdCIO-DA-MATERNIDADE-NO-C\u00c1RCERE-MANOELA-CAROLINA-DE-FREITAS-CIPRIA.pdf\">SISTEMA PRISIONAL FEMININO UMA AN\u00c1LISE ACERCA DA PRIS\u00c3O FEMININA E O EXERC\u00cdCIO DA MATERNIDADE NO C\u00c1RCERE <br \/> MANOELA CAROLINA DE FREITAS CIPRIA<\/a><\/p>\n","protected":false},"excerpt":{"rendered":"<p>Trabalho de Conclus\u00e3o de Curso &nbsp; A INCLUS\u00c3O MULTIPARENTAL NA CERTID\u00c3O DE NASCIMENTO E SEUS ARISSA TANAKA HIRABAIASHI A RESPONSABILIDADE CIVIL DECORRENTE DA ALIENA\u00c7\u00c3O PARENTAL ANDRE HARUO SHIBA MOBBING UMA PATOLOGIA PSICOSSOCIAL EM EMPRESAS NO VALE DO RIBEIRA EDILANE ALVES DA SILVA A ABSTRATIVIZA\u00c7\u00c3O DAS DECIS\u00d5ES PROFERIDAS PELO SUPREMO TRIBUNAL<\/p>\n","protected":false},"author":10,"featured_media":0,"parent":57,"menu_order":0,"comment_status":"closed","ping_status":"closed","template":"templates\/template-pagina_menu_vertical.php","meta":{"footnotes":""},"categories":[],"tags":[],"class_list":["post-272","page","type-page","status-publish","hentry"],"_links":{"self":[{"href":"https:\/\/portal.unisepe.com.br\/repositorio\/wp-json\/wp\/v2\/pages\/272","targetHints":{"allow":["GET"]}}],"collection":[{"href":"https:\/\/portal.unisepe.com.br\/repositorio\/wp-json\/wp\/v2\/pages"}],"about":[{"href":"https:\/\/portal.unisepe.com.br\/repositorio\/wp-json\/wp\/v2\/types\/page"}],"author":[{"embeddable":true,"href":"https:\/\/portal.unisepe.com.br\/repositorio\/wp-json\/wp\/v2\/users\/10"}],"replies":[{"embeddable":true,"href":"https:\/\/portal.unisepe.com.br\/repositorio\/wp-json\/wp\/v2\/comments?post=272"}],"version-history":[{"count":2,"href":"https:\/\/portal.unisepe.com.br\/repositorio\/wp-json\/wp\/v2\/pages\/272\/revisions"}],"predecessor-version":[{"id":288,"href":"https:\/\/portal.unisepe.com.br\/repositorio\/wp-json\/wp\/v2\/pages\/272\/revisions\/288"}],"up":[{"embeddable":true,"href":"https:\/\/portal.unisepe.com.br\/repositorio\/wp-json\/wp\/v2\/pages\/57"}],"wp:attachment":[{"href":"https:\/\/portal.unisepe.com.br\/repositorio\/wp-json\/wp\/v2\/media?parent=272"}],"wp:term":[{"taxonomy":"category","embeddable":true,"href":"https:\/\/portal.unisepe.com.br\/repositorio\/wp-json\/wp\/v2\/categories?post=272"},{"taxonomy":"post_tag","embeddable":true,"href":"https:\/\/portal.unisepe.com.br\/repositorio\/wp-json\/wp\/v2\/tags?post=272"}],"curies":[{"name":"wp","href":"https:\/\/api.w.org\/{rel}","templated":true}]}}