{"id":292,"date":"2023-05-11T15:42:51","date_gmt":"2023-05-11T18:42:51","guid":{"rendered":"https:\/\/portal.unisepe.com.br\/repositorio\/?page_id=292"},"modified":"2024-06-06T14:53:10","modified_gmt":"2024-06-06T17:53:10","slug":"tcc-2022","status":"publish","type":"page","link":"https:\/\/portal.unisepe.com.br\/repositorio\/unisepe\/univr\/fisioterapia\/tcc-2022\/","title":{"rendered":"2022"},"content":{"rendered":"<h4 style=\"text-align: center\">Trabalho de Conclus\u00e3o de Curso<\/h4>\n<p>&nbsp;<\/p>\n<p style=\"text-align: center\"><a href=\"http:\/\/portal.unisepe.com.br\/repositorio\/wp-content\/uploads\/sites\/10011\/2023\/05\/ERGONOMIA-NA-AGRICULTURA-CANAVIEIRA.pdf\" target=\"_blank\" rel=\"noopener noreferrer\"><strong>ERGONOMIA NA AGRICULTURA CANAVIEIRA: UMA REVIS\u00c3O SISTEM\u00c1TICA DA LITERATURA.<\/strong> <br \/> BIANCA DOMINGUES MONTEIRO <br \/> CLARA MATOS NASCIMENTO <br \/> LET\u00cdCIA TEIXEIRA SILVA <br \/> MAYARA SHIMODA RODRIGUES <br \/> RENATA SHIMODA RODRIGUES<\/a><\/p>\n<hr \/>\n<p style=\"text-align: center\"><a href=\"http:\/\/portal.unisepe.com.br\/repositorio\/wp-content\/uploads\/sites\/10011\/2023\/05\/FISIOTERAPIA-NAS-LES\u00d5ES-DO-ESPORTE-UMA-REVIS\u00c3O-LITER\u00c1RIA.pdf\" target=\"_blank\" rel=\"noopener noreferrer\"><strong>FISIOTERAPIA NAS LES\u00d5ES DO ESPORTE: UMA REVIS\u00c3O LITER\u00c1RIA<\/strong> <br \/> ADRIELI MORATO NARCISO <br \/> LARISSA GROTHE HOLD GUIMAR\u00c3ES <br \/> THAINARA DA SILVA PINTO<\/a><\/p>\n<hr \/>\n<p style=\"text-align: center\"><a href=\"http:\/\/portal.unisepe.com.br\/repositorio\/wp-content\/uploads\/sites\/10011\/2023\/05\/INFLU\u00caNCIA-DA-UTILIZA\u00c7\u00c3O-DA-REALIDADE-VIRTUAL-COMO....pdf\" target=\"_blank\" rel=\"noopener noreferrer\"><strong>INFLU\u00caNCIA DA UTILIZA\u00c7\u00c3O DA REALIDADE VIRTUAL COMO FERRAMENTA DE REABILITA\u00c7\u00c3O DE PACIENTES COM MALFORMA\u00c7\u00c3O DE ARNOLD-CHIARI TIPO I.<\/strong> <br \/> JULIANA EDUARDA DA MOTA DOS SANTOS <br \/>  RICARDO CESAR DE NORONHA COSTA <br \/> POLYANA RENATA DE CAMARGO MENDES<\/a><\/p>\n","protected":false},"excerpt":{"rendered":"<p>Trabalho de Conclus\u00e3o de Curso &nbsp; ERGONOMIA NA AGRICULTURA CANAVIEIRA: UMA REVIS\u00c3O SISTEM\u00c1TICA DA LITERATURA. BIANCA DOMINGUES MONTEIRO CLARA MATOS NASCIMENTO LET\u00cdCIA TEIXEIRA SILVA MAYARA SHIMODA RODRIGUES RENATA SHIMODA RODRIGUES FISIOTERAPIA NAS LES\u00d5ES DO ESPORTE: UMA REVIS\u00c3O LITER\u00c1RIA ADRIELI MORATO NARCISO LARISSA GROTHE HOLD GUIMAR\u00c3ES THAINARA DA SILVA PINTO INFLU\u00caNCIA<\/p>\n","protected":false},"author":10,"featured_media":0,"parent":290,"menu_order":0,"comment_status":"closed","ping_status":"closed","template":"templates\/template-pagina_menu_vertical.php","meta":{"footnotes":""},"categories":[],"tags":[],"class_list":["post-292","page","type-page","status-publish","hentry"],"_links":{"self":[{"href":"https:\/\/portal.unisepe.com.br\/repositorio\/wp-json\/wp\/v2\/pages\/292","targetHints":{"allow":["GET"]}}],"collection":[{"href":"https:\/\/portal.unisepe.com.br\/repositorio\/wp-json\/wp\/v2\/pages"}],"about":[{"href":"https:\/\/portal.unisepe.com.br\/repositorio\/wp-json\/wp\/v2\/types\/page"}],"author":[{"embeddable":true,"href":"https:\/\/portal.unisepe.com.br\/repositorio\/wp-json\/wp\/v2\/users\/10"}],"replies":[{"embeddable":true,"href":"https:\/\/portal.unisepe.com.br\/repositorio\/wp-json\/wp\/v2\/comments?post=292"}],"version-history":[{"count":2,"href":"https:\/\/portal.unisepe.com.br\/repositorio\/wp-json\/wp\/v2\/pages\/292\/revisions"}],"predecessor-version":[{"id":622,"href":"https:\/\/portal.unisepe.com.br\/repositorio\/wp-json\/wp\/v2\/pages\/292\/revisions\/622"}],"up":[{"embeddable":true,"href":"https:\/\/portal.unisepe.com.br\/repositorio\/wp-json\/wp\/v2\/pages\/290"}],"wp:attachment":[{"href":"https:\/\/portal.unisepe.com.br\/repositorio\/wp-json\/wp\/v2\/media?parent=292"}],"wp:term":[{"taxonomy":"category","embeddable":true,"href":"https:\/\/portal.unisepe.com.br\/repositorio\/wp-json\/wp\/v2\/categories?post=292"},{"taxonomy":"post_tag","embeddable":true,"href":"https:\/\/portal.unisepe.com.br\/repositorio\/wp-json\/wp\/v2\/tags?post=292"}],"curies":[{"name":"wp","href":"https:\/\/api.w.org\/{rel}","templated":true}]}}