{"id":299,"date":"2023-05-12T19:20:25","date_gmt":"2023-05-12T22:20:25","guid":{"rendered":"https:\/\/portal.unisepe.com.br\/repositorio\/?page_id=299"},"modified":"2024-06-06T14:47:28","modified_gmt":"2024-06-06T17:47:28","slug":"tcc-2022","status":"publish","type":"page","link":"https:\/\/portal.unisepe.com.br\/repositorio\/unisepe\/univr\/psicologia\/tcc-2022\/","title":{"rendered":"2022"},"content":{"rendered":"<h4 style=\"text-align: center\">Trabalho de Conclus\u00e3o de Curso<\/h4>\n<p>&nbsp;<\/p>\n<p style=\"text-align: center\"><a href=\"http:\/\/portal.unisepe.com.br\/repositorio\/wp-content\/uploads\/sites\/10011\/2023\/05\/A-ESSENCIALIDADE-DO-SENTIDO-DA-VIDA-PARA-A-EXIST\u00caNCIA-HUMANA-NA-CONCEP\u00c7\u00c3O-DE-VIKTOR-FRANK.pdf\" target=\"_blank\" rel=\"noopener noreferrer\"><strong>A ESSENCIALIDADE DO SENTIDO DA VIDA PARA A EXIST\u00caNCIA HUMANA NA CONCEP\u00c7\u00c3O DE VIKTOR FRANKL<\/strong><br \/>CAROLINA RODRIGUES DOS SANTOS<br \/>NAYARA RIBEIRO DE LIMA DANIEL<\/a><\/p>\n<hr \/>\n<p style=\"text-align: center\"><a href=\"http:\/\/portal.unisepe.com.br\/repositorio\/wp-content\/uploads\/sites\/10011\/2023\/05\/ABANDONO-AFETIVO-PATERNO\u00ac_AS-CONSEQU\u00caNCIAS-DO-PAI-AUSENTE-NA-INF\u00c2NCIA.pdf\" target=\"_blank\" rel=\"noopener noreferrer\"><strong>ABANDONO AFETIVO PATERNO: AS CONSEQU\u00caNCIAS DO PAI AUSENTE NA INF\u00c2NCIA<\/strong><br \/>BARBARA APARECIDA GOMES CAMPO<\/a><\/p>\n<hr \/>\n<p style=\"text-align: center\"><a href=\"http:\/\/portal.unisepe.com.br\/repositorio\/wp-content\/uploads\/sites\/10011\/2023\/05\/AMY-WINEHOUSE-UMA-ESTRELA-AFETADA-PELO-TRANSTORNO-ALIMENTAR.pdf\" target=\"_blank\" rel=\"noopener noreferrer\"><strong>AMY WINEHOUSE: UMA ESTRELA AFETADA PELO TRANSTORNO ALIMENTAR.<\/strong><br \/>ANA LUCIA DE MORAES TANGARY<br \/>GUSTAVO DE SOUZA ROMERO<br \/>ISABELLE DA SILVA OLIVEIRA<\/a><\/p>\n<hr \/>\n<p style=\"text-align: center\"><a href=\"http:\/\/portal.unisepe.com.br\/repositorio\/wp-content\/uploads\/sites\/10011\/2023\/05\/ANSIEDADE-DIANTE-A-VOLTA-\u00c0S-AULAS-PRESENCIAIS-EM-ADOLESCENTES-DE-12-A-14-ANOS-DAS-ESCOLAS-P\u00daBLICAS-BRASILEIRAS-P\u00d3S-PANDEMIA-DE-COVID-19.pdf\" target=\"_blank\" rel=\"noopener noreferrer\"><strong>ANSIEDADE DIANTE A VOLTA \u00c0S AULAS PRESENCIAIS EM ADOLESCENTES DE 12 A 14 ANOS DAS ESCOLAS P\u00daBLICAS BRASILEIRAS P\u00d3S-PANDEMIA DE COVID-19<\/strong><br \/>CARLA KAROLAINE PEREIRA DANTAS<\/a><\/p>\n<hr \/>\n<p style=\"text-align: center\"><a href=\"http:\/\/portal.unisepe.com.br\/repositorio\/wp-content\/uploads\/sites\/10011\/2023\/05\/COMPORTAMENTOS-MASCULINIZADOS.pdf\" target=\"_blank\" rel=\"noopener noreferrer\"><strong>COMPORTAMENTOS MASCULINIZADOS: LIDERAN\u00c7A FEMININA NO AMBIENTE ORGANIZACIONAL<\/strong><br \/>MARIELLI GOMES DE OLIVEIRA<br \/>VIT\u00d3RIA BITENCOURT SEGATTE<br \/>LET\u00cdCIA MIRIELLY DOS SANTOS OLIVEIRA<br \/>YASMINNE CAROLINE MACHADO PEREIRA<\/a><\/p>\n<hr \/>\n<p style=\"text-align: center\"><a href=\"http:\/\/portal.unisepe.com.br\/repositorio\/wp-content\/uploads\/sites\/10011\/2023\/05\/CONCEP\u00c7\u00d5ES-DE-G\u00caNERO-E-DE-SEXUALIDADE-NA-ATUA\u00c7\u00c3O-PROFISSIONAL-DE-PSIC\u00d3LOGOS-DO-VALE-DO-RIBEIRA.pdf\" target=\"_blank\" rel=\"noopener noreferrer\"><strong>CONCEP\u00c7\u00d5ES DE G\u00caNERO E DE SEXUALIDADE NA ATUA\u00c7\u00c3O PROFISSIONAL DE PSIC\u00d3LOGOS DO VALE DO RIBEIRA<\/strong><br \/>MICHELY STUDEMOTH SAMPAIO<\/a><\/p>\n<hr \/>\n<p style=\"text-align: center\"><a href=\"http:\/\/portal.unisepe.com.br\/repositorio\/wp-content\/uploads\/sites\/10011\/2023\/05\/DILEMAS-DA-INCLUS\u00c3O-SOCIAL-E-SOBRECARGA-FAMILIAR-DE....pdf\" target=\"_blank\" rel=\"noopener noreferrer\"><strong>DILEMAS DA INCLUS\u00c3O SOCIAL E SOBRECARGA FAMILIAR DE CRIAN\u00c7AS COM TEA: UMA REVIS\u00c3O NARRATIVA<\/strong><br \/>ALICE LA\u00cdS DE OLIVEIRA<br \/>GABRIELY PEREIRA DA SILVA<\/a><\/p>\n<hr \/>\n<p style=\"text-align: center\"><a href=\"http:\/\/portal.unisepe.com.br\/repositorio\/wp-content\/uploads\/sites\/10011\/2023\/05\/ESQUIZOFRENIA-HIP\u00d3TESE-DOPAMIN\u00c9RGICA-E-CAPACIDADE-COGNITIVA.pdf\" target=\"_blank\" rel=\"noopener noreferrer\"><strong>ESQUIZOFRENIA, HIP\u00d3TESE DOPAMIN\u00c9RGICA E CAPACIDADE COGNITIVA: ENTENDENDO OS DESAFIOS ATUAIS DO TRATAMENTO E OS IMPACTOS DOS PREJUIZOS COGNITIVOS NA VIDA DOS PACIENTES<\/strong><br \/>LUCINEIA LIMA DE ALMEIDA<\/a><\/p>\n<hr \/>\n<p style=\"text-align: center\"><a href=\"http:\/\/portal.unisepe.com.br\/repositorio\/wp-content\/uploads\/sites\/10011\/2023\/05\/MUSICOTERAPIA-UM-RECURSO-TERAP\u00caUTICO-PARA-IDOSOS-COM-COMPROMETIMENTO-COGNITIVO.pdf\" target=\"_blank\" rel=\"noopener noreferrer\"><strong>MUSICOTERAPIA, UM RECURSO TERAP\u00caUTICO PARA IDOSOS COM COMPROMETIMENTO COGNITIVO<\/strong><br \/>CECILIA CARDOSO<\/a><\/p>\n<hr \/>\n<p style=\"text-align: center\"><a href=\"http:\/\/portal.unisepe.com.br\/repositorio\/wp-content\/uploads\/sites\/10011\/2023\/05\/O-AUX\u00cdLIO-PSICOL\u00d3GICO-NA-INTERNA\u00c7\u00c3O-COMPULS\u00d3RIA-PARA-O-TRATAMENTO-DO-DEPENDENTE-QU\u00cdMICO.pdf\" target=\"_blank\" rel=\"noopener noreferrer\"><strong>O AUX\u00cdLIO PSICOL\u00d3GICO NA INTERNA\u00c7\u00c3O COMPULS\u00d3RIA PARA O TRATAMENTO DO DEPENDENTE QU\u00cdMICO<\/strong><br \/>ANNY CAROLINY RIBEIRO FELICIANO<br \/>ERNANI DE SOUZA NUNES<br \/>KELLY PEREIRA DE MORAIS<\/a><\/p>\n<hr \/>\n<p style=\"text-align: center\"><a href=\"http:\/\/portal.unisepe.com.br\/repositorio\/wp-content\/uploads\/sites\/10011\/2023\/05\/O-LUTO-ANTECIPAT\u00d3RIO-FRENTE-A-PROXIMIDADE-DA-FINITUDE.pdf\" target=\"_blank\" rel=\"noopener noreferrer\"><strong>O LUTO ANTECIPAT\u00d3RIO FRENTE A PROXIMIDADE DA FINITUDE: Uma Revis\u00e3o Narrativa<\/strong><br \/>CLARA HOLD ABU-YAGHI<br \/>RAFAELA GUIMAR\u00c3ES MARQUES<\/a><\/p>\n<hr \/>\n<p style=\"text-align: center\"><a href=\"http:\/\/portal.unisepe.com.br\/repositorio\/wp-content\/uploads\/sites\/10011\/2023\/05\/O-USO-DE-PSICOATIVOS-COMO-ESTRAT\u00c9GIA-COMPENSAT\u00d3RIA.pdf\" target=\"_blank\" rel=\"noopener noreferrer\"><strong>O USO DE PSICOATIVOS COMO ESTRAT\u00c9GIA COMPENSAT\u00d3RIA<\/strong><br \/>DAIANA COSTA DE ALMEIDA<br \/>KATIA PASSOS DE PONTES<br \/>LUANA SAITO<\/a><\/p>\n<hr \/>\n<p style=\"text-align: center\"><a href=\"http:\/\/portal.unisepe.com.br\/repositorio\/wp-content\/uploads\/sites\/10011\/2023\/05\/OS-DESAFIOS-PARA-UMA-EXPERI\u00caNCIA-TRANSEXUAL-SAUD\u00c1VEL-NO-BRASIL.pdf\" target=\"_blank\" rel=\"noopener noreferrer\"><strong>OS DESAFIOS PARA UMA EXPERI\u00caNCIA TRANSEXUAL SAUD\u00c1VEL NO BRASIL: UMA REVIS\u00c3O NARRATIVA<\/strong><br \/>CELSO EDEMUNDO XAVIER JUNIOR<\/a><\/p>\n<hr \/>\n<p style=\"text-align: center\"><a href=\"http:\/\/portal.unisepe.com.br\/repositorio\/wp-content\/uploads\/sites\/10011\/2023\/05\/SA\u00daDE-MENTAL-DE-CRIAN\u00c7AS-INGRESSANTES-NO-1\u00ba-ANO-DO-ENSINO-FUNDAMENTAL.pdf\" target=\"_blank\" rel=\"noopener noreferrer\"><strong>SA\u00daDE MENTAL DE CRIAN\u00c7AS INGRESSANTES NO 1\u00ba ANO DO ENSINO FUNDAMENTAL: UMA REFLEX\u00c3O P\u00d3S PANDEMIA<\/strong><br \/>ANA PAULA MARTINS NUNES DOS SANTOS<br \/>JANAINA CRISTIANE DA SILVA BARBOSA<br \/>MAIT\u00ca DAS NEVES GOMES<\/a><\/p>\n<hr \/>\n<p style=\"text-align: center\"><a href=\"http:\/\/portal.unisepe.com.br\/repositorio\/wp-content\/uploads\/sites\/10011\/2023\/05\/SISTEMAS-DE-INTERPRETA\u00c7\u00c3O-DE-MUNDO-E-TEORIAS-DE-VIDA-EM-UMA-COMUNIDADE-QUILOMBOLA-NO-VALE-DO-RIBEIRA.pdf\" target=\"_blank\" rel=\"noopener noreferrer\"><strong>SISTEMAS DE INTERPRETA\u00c7\u00c3O DE MUNDO E TEORIAS DE VIDA EM UMA COMUNIDADE QUILOMBOLA NO VALE DO RIBEIRA<\/strong><br \/>LUCAS ALVES PACHECO<\/a><\/p>\n","protected":false},"excerpt":{"rendered":"<p>Trabalho de Conclus\u00e3o de Curso &nbsp; A ESSENCIALIDADE DO SENTIDO DA VIDA PARA A EXIST\u00caNCIA HUMANA NA CONCEP\u00c7\u00c3O DE VIKTOR FRANKLCAROLINA RODRIGUES DOS SANTOSNAYARA RIBEIRO DE LIMA DANIEL ABANDONO AFETIVO PATERNO: AS CONSEQU\u00caNCIAS DO PAI AUSENTE NA INF\u00c2NCIABARBARA APARECIDA GOMES CAMPO AMY WINEHOUSE: UMA ESTRELA AFETADA PELO TRANSTORNO ALIMENTAR.ANA LUCIA<\/p>\n","protected":false},"author":10,"featured_media":0,"parent":209,"menu_order":0,"comment_status":"closed","ping_status":"closed","template":"templates\/template-pagina_menu_vertical.php","meta":{"footnotes":""},"categories":[],"tags":[],"class_list":["post-299","page","type-page","status-publish","hentry"],"_links":{"self":[{"href":"https:\/\/portal.unisepe.com.br\/repositorio\/wp-json\/wp\/v2\/pages\/299","targetHints":{"allow":["GET"]}}],"collection":[{"href":"https:\/\/portal.unisepe.com.br\/repositorio\/wp-json\/wp\/v2\/pages"}],"about":[{"href":"https:\/\/portal.unisepe.com.br\/repositorio\/wp-json\/wp\/v2\/types\/page"}],"author":[{"embeddable":true,"href":"https:\/\/portal.unisepe.com.br\/repositorio\/wp-json\/wp\/v2\/users\/10"}],"replies":[{"embeddable":true,"href":"https:\/\/portal.unisepe.com.br\/repositorio\/wp-json\/wp\/v2\/comments?post=299"}],"version-history":[{"count":4,"href":"https:\/\/portal.unisepe.com.br\/repositorio\/wp-json\/wp\/v2\/pages\/299\/revisions"}],"predecessor-version":[{"id":620,"href":"https:\/\/portal.unisepe.com.br\/repositorio\/wp-json\/wp\/v2\/pages\/299\/revisions\/620"}],"up":[{"embeddable":true,"href":"https:\/\/portal.unisepe.com.br\/repositorio\/wp-json\/wp\/v2\/pages\/209"}],"wp:attachment":[{"href":"https:\/\/portal.unisepe.com.br\/repositorio\/wp-json\/wp\/v2\/media?parent=299"}],"wp:term":[{"taxonomy":"category","embeddable":true,"href":"https:\/\/portal.unisepe.com.br\/repositorio\/wp-json\/wp\/v2\/categories?post=299"},{"taxonomy":"post_tag","embeddable":true,"href":"https:\/\/portal.unisepe.com.br\/repositorio\/wp-json\/wp\/v2\/tags?post=299"}],"curies":[{"name":"wp","href":"https:\/\/api.w.org\/{rel}","templated":true}]}}