{"id":586,"date":"2024-05-29T16:05:57","date_gmt":"2024-05-29T19:05:57","guid":{"rendered":"https:\/\/portal.unisepe.com.br\/repositorio\/?page_id=586"},"modified":"2024-05-29T16:10:20","modified_gmt":"2024-05-29T19:10:20","slug":"nutricao","status":"publish","type":"page","link":"https:\/\/portal.unisepe.com.br\/repositorio\/unisepe\/univr\/nutricao\/","title":{"rendered":"Nutri\u00e7\u00e3o"},"content":{"rendered":"<h4>Reposit\u00f3rio do curso de Nutri\u00e7\u00e3o<\/h4>\n<p>&nbsp;<\/p>\n<ul>\n<li><a href=\"https:\/\/portal.unisepe.com.br\/repositorio\/unisepe\/univr\/nutricao\/tcc-2023\/\" rel=\"noopener noreferrer\">2023<\/a><\/li>\n<\/ul>\n","protected":false},"excerpt":{"rendered":"<p>Reposit\u00f3rio do curso de Nutri\u00e7\u00e3o &nbsp; 2023<\/p>\n","protected":false},"author":10,"featured_media":0,"parent":10,"menu_order":0,"comment_status":"closed","ping_status":"closed","template":"templates\/template-pagina_menu_vertical.php","meta":{"footnotes":""},"categories":[],"tags":[],"class_list":["post-586","page","type-page","status-publish","hentry"],"_links":{"self":[{"href":"https:\/\/portal.unisepe.com.br\/repositorio\/wp-json\/wp\/v2\/pages\/586","targetHints":{"allow":["GET"]}}],"collection":[{"href":"https:\/\/portal.unisepe.com.br\/repositorio\/wp-json\/wp\/v2\/pages"}],"about":[{"href":"https:\/\/portal.unisepe.com.br\/repositorio\/wp-json\/wp\/v2\/types\/page"}],"author":[{"embeddable":true,"href":"https:\/\/portal.unisepe.com.br\/repositorio\/wp-json\/wp\/v2\/users\/10"}],"replies":[{"embeddable":true,"href":"https:\/\/portal.unisepe.com.br\/repositorio\/wp-json\/wp\/v2\/comments?post=586"}],"version-history":[{"count":1,"href":"https:\/\/portal.unisepe.com.br\/repositorio\/wp-json\/wp\/v2\/pages\/586\/revisions"}],"predecessor-version":[{"id":587,"href":"https:\/\/portal.unisepe.com.br\/repositorio\/wp-json\/wp\/v2\/pages\/586\/revisions\/587"}],"up":[{"embeddable":true,"href":"https:\/\/portal.unisepe.com.br\/repositorio\/wp-json\/wp\/v2\/pages\/10"}],"wp:attachment":[{"href":"https:\/\/portal.unisepe.com.br\/repositorio\/wp-json\/wp\/v2\/media?parent=586"}],"wp:term":[{"taxonomy":"category","embeddable":true,"href":"https:\/\/portal.unisepe.com.br\/repositorio\/wp-json\/wp\/v2\/categories?post=586"},{"taxonomy":"post_tag","embeddable":true,"href":"https:\/\/portal.unisepe.com.br\/repositorio\/wp-json\/wp\/v2\/tags?post=586"}],"curies":[{"name":"wp","href":"https:\/\/api.w.org\/{rel}","templated":true}]}}