{"id":589,"date":"2024-05-29T16:07:13","date_gmt":"2024-05-29T19:07:13","guid":{"rendered":"https:\/\/portal.unisepe.com.br\/repositorio\/?page_id=589"},"modified":"2024-06-06T14:51:44","modified_gmt":"2024-06-06T17:51:44","slug":"tcc-2023","status":"publish","type":"page","link":"https:\/\/portal.unisepe.com.br\/repositorio\/unisepe\/univr\/nutricao\/tcc-2023\/","title":{"rendered":"2023"},"content":{"rendered":"<h4 style=\"text-align: center\">Trabalho de Conclus\u00e3o de Curso<\/h4>\n<p>&nbsp;<\/p>\n<p style=\"text-align: center\"><a href=\"http:\/\/portal.unisepe.com.br\/repositorio\/wp-content\/uploads\/sites\/10011\/2024\/05\/O-IMPACTO-DA-M\u00c1-ALIMENTA\u00c7\u00c3O-NO-DESENVOLVIMENTO-NA-PRIMEIRA-INF\u00c2NCIA.pdf\" target=\"_blank\" rel=\"noopener noreferrer\"><strong>O IMPACTO DA M\u00c1 ALIMENTA\u00c7\u00c3O NO DESENVOLVIMENTO NA PRIMEIRA INF\u00c2NCIA<\/strong><br \/>NATHANY HELEN S\u00c9RIO DA SILVEIRA GIROLDO<\/p>\n","protected":false},"excerpt":{"rendered":"<p>Trabalho de Conclus\u00e3o de Curso &nbsp; O IMPACTO DA M\u00c1 ALIMENTA\u00c7\u00c3O NO DESENVOLVIMENTO NA PRIMEIRA INF\u00c2NCIANATHANY HELEN S\u00c9RIO DA SILVEIRA GIROLDO<\/p>\n","protected":false},"author":10,"featured_media":0,"parent":586,"menu_order":0,"comment_status":"closed","ping_status":"closed","template":"templates\/template-pagina_menu_vertical.php","meta":{"footnotes":""},"categories":[],"tags":[],"class_list":["post-589","page","type-page","status-publish","hentry"],"_links":{"self":[{"href":"https:\/\/portal.unisepe.com.br\/repositorio\/wp-json\/wp\/v2\/pages\/589","targetHints":{"allow":["GET"]}}],"collection":[{"href":"https:\/\/portal.unisepe.com.br\/repositorio\/wp-json\/wp\/v2\/pages"}],"about":[{"href":"https:\/\/portal.unisepe.com.br\/repositorio\/wp-json\/wp\/v2\/types\/page"}],"author":[{"embeddable":true,"href":"https:\/\/portal.unisepe.com.br\/repositorio\/wp-json\/wp\/v2\/users\/10"}],"replies":[{"embeddable":true,"href":"https:\/\/portal.unisepe.com.br\/repositorio\/wp-json\/wp\/v2\/comments?post=589"}],"version-history":[{"count":4,"href":"https:\/\/portal.unisepe.com.br\/repositorio\/wp-json\/wp\/v2\/pages\/589\/revisions"}],"predecessor-version":[{"id":621,"href":"https:\/\/portal.unisepe.com.br\/repositorio\/wp-json\/wp\/v2\/pages\/589\/revisions\/621"}],"up":[{"embeddable":true,"href":"https:\/\/portal.unisepe.com.br\/repositorio\/wp-json\/wp\/v2\/pages\/586"}],"wp:attachment":[{"href":"https:\/\/portal.unisepe.com.br\/repositorio\/wp-json\/wp\/v2\/media?parent=589"}],"wp:term":[{"taxonomy":"category","embeddable":true,"href":"https:\/\/portal.unisepe.com.br\/repositorio\/wp-json\/wp\/v2\/categories?post=589"},{"taxonomy":"post_tag","embeddable":true,"href":"https:\/\/portal.unisepe.com.br\/repositorio\/wp-json\/wp\/v2\/tags?post=589"}],"curies":[{"name":"wp","href":"https:\/\/api.w.org\/{rel}","templated":true}]}}