{"id":596,"date":"2024-06-04T08:53:55","date_gmt":"2024-06-04T11:53:55","guid":{"rendered":"https:\/\/portal.unisepe.com.br\/repositorio\/?page_id=596"},"modified":"2024-06-04T09:06:20","modified_gmt":"2024-06-04T12:06:20","slug":"estetica-e-cosmetica","status":"publish","type":"page","link":"https:\/\/portal.unisepe.com.br\/repositorio\/unisepe\/univr\/estetica-e-cosmetica\/","title":{"rendered":"Est\u00e9tica e Cosm\u00e9tica"},"content":{"rendered":"<h4>Reposit\u00f3rio do curso de Est\u00e9tica e Cosm\u00e9tica<\/h4>\n<p>&nbsp;<\/p>\n<ul>\n<li><a href=\"https:\/\/portal.unisepe.com.br\/repositorio\/unisepe\/univr\/estetica-e-cosmetica\/tcc-2024\/\" rel=\"noopener noreferrer\">2024<\/a><\/li>\n<li><a href=\"https:\/\/portal.unisepe.com.br\/repositorio\/unisepe\/univr\/estetica-e-cosmetica\/tcc-2023\/\" rel=\"noopener noreferrer\">2023<\/a><\/li>\n<\/ul>\n","protected":false},"excerpt":{"rendered":"<p>Reposit\u00f3rio do curso de Est\u00e9tica e Cosm\u00e9tica &nbsp; 2024 2023<\/p>\n","protected":false},"author":10,"featured_media":0,"parent":10,"menu_order":0,"comment_status":"closed","ping_status":"closed","template":"templates\/template-pagina_menu_vertical.php","meta":{"footnotes":""},"categories":[],"tags":[],"class_list":["post-596","page","type-page","status-publish","hentry"],"_links":{"self":[{"href":"https:\/\/portal.unisepe.com.br\/repositorio\/wp-json\/wp\/v2\/pages\/596","targetHints":{"allow":["GET"]}}],"collection":[{"href":"https:\/\/portal.unisepe.com.br\/repositorio\/wp-json\/wp\/v2\/pages"}],"about":[{"href":"https:\/\/portal.unisepe.com.br\/repositorio\/wp-json\/wp\/v2\/types\/page"}],"author":[{"embeddable":true,"href":"https:\/\/portal.unisepe.com.br\/repositorio\/wp-json\/wp\/v2\/users\/10"}],"replies":[{"embeddable":true,"href":"https:\/\/portal.unisepe.com.br\/repositorio\/wp-json\/wp\/v2\/comments?post=596"}],"version-history":[{"count":3,"href":"https:\/\/portal.unisepe.com.br\/repositorio\/wp-json\/wp\/v2\/pages\/596\/revisions"}],"predecessor-version":[{"id":600,"href":"https:\/\/portal.unisepe.com.br\/repositorio\/wp-json\/wp\/v2\/pages\/596\/revisions\/600"}],"up":[{"embeddable":true,"href":"https:\/\/portal.unisepe.com.br\/repositorio\/wp-json\/wp\/v2\/pages\/10"}],"wp:attachment":[{"href":"https:\/\/portal.unisepe.com.br\/repositorio\/wp-json\/wp\/v2\/media?parent=596"}],"wp:term":[{"taxonomy":"category","embeddable":true,"href":"https:\/\/portal.unisepe.com.br\/repositorio\/wp-json\/wp\/v2\/categories?post=596"},{"taxonomy":"post_tag","embeddable":true,"href":"https:\/\/portal.unisepe.com.br\/repositorio\/wp-json\/wp\/v2\/tags?post=596"}],"curies":[{"name":"wp","href":"https:\/\/api.w.org\/{rel}","templated":true}]}}