{"id":606,"date":"2024-06-04T09:08:21","date_gmt":"2024-06-04T12:08:21","guid":{"rendered":"https:\/\/portal.unisepe.com.br\/repositorio\/?page_id=606"},"modified":"2024-06-04T10:57:18","modified_gmt":"2024-06-04T13:57:18","slug":"tcc-2023","status":"publish","type":"page","link":"https:\/\/portal.unisepe.com.br\/repositorio\/unisepe\/univr\/estetica-e-cosmetica\/tcc-2023\/","title":{"rendered":"2023"},"content":{"rendered":"<h4 style=\"text-align: center\">Trabalho de Conclus\u00e3o de Curso<\/h4>\n<p>&nbsp;<\/p>\n<p style=\"text-align: center\"><a href=\"https:\/\/portal.unisepe.com.br\/repositorio\/wp-content\/uploads\/sites\/10011\/2024\/06\/AVALIA\u00c7\u00c3O-DO-POTENCIAL-INIBIT\u00d3RIO-DE-EXTRATOS-IC-Nicole-Kairys.pdf\" target=\"_blank\" rel=\"noopener noreferrer\"><strong>AVALIA\u00c7\u00c3O DO POTENCIAL INIBIT\u00d3RIO DE EXTRATOS VEGETAIS (<i>Rosmarinus officinalis e Cordia Verben\u00e1cea<\/i>) frente a bact\u00e9ria <i>Escherichia coli<\/i> (<i>E.Coli<\/i>)<\/strong><br \/>NICOLE RAFAELA NOVAES KAIRYS<\/a><\/p>\n<hr \/>\n<p style=\"text-align: center\"><a href=\"https:\/\/portal.unisepe.com.br\/repositorio\/wp-content\/uploads\/sites\/10011\/2024\/06\/RADIOFREQU\u00caNCIA-EM-TRATAMENTO-DE-FLACIDEZ-TISSULAR.pdf\" target=\"_blank\" rel=\"noopener noreferrer\"><strong>RADIOFREQU\u00caNCIA EM TRATAMENTO DE FLACIDEZ TISSULAR FACIAL<\/strong><br \/>ADRIELY VIT\u00d3RIA RIBEIRO DE PONTES<br \/>KASSIANA DE OLIVEIRA LARA<br \/>RAMILE CRISTINA DE SOUZA MACHADO<br \/>SAMARA ALVES LIMA DELGADO<br \/>VIVIANE GON\u00c7ALVES PAZ<\/a><\/p>\n","protected":false},"excerpt":{"rendered":"<p>Trabalho de Conclus\u00e3o de Curso &nbsp; AVALIA\u00c7\u00c3O DO POTENCIAL INIBIT\u00d3RIO DE EXTRATOS VEGETAIS (Rosmarinus officinalis e Cordia Verben\u00e1cea) frente a bact\u00e9ria Escherichia coli (E.Coli)NICOLE RAFAELA NOVAES KAIRYS RADIOFREQU\u00caNCIA EM TRATAMENTO DE FLACIDEZ TISSULAR FACIALADRIELY VIT\u00d3RIA RIBEIRO DE PONTESKASSIANA DE OLIVEIRA LARARAMILE CRISTINA DE SOUZA MACHADOSAMARA ALVES LIMA DELGADOVIVIANE GON\u00c7ALVES PAZ<\/p>\n","protected":false},"author":10,"featured_media":0,"parent":596,"menu_order":0,"comment_status":"closed","ping_status":"closed","template":"templates\/template-pagina_menu_vertical.php","meta":{"footnotes":""},"categories":[],"tags":[],"class_list":["post-606","page","type-page","status-publish","hentry"],"_links":{"self":[{"href":"https:\/\/portal.unisepe.com.br\/repositorio\/wp-json\/wp\/v2\/pages\/606","targetHints":{"allow":["GET"]}}],"collection":[{"href":"https:\/\/portal.unisepe.com.br\/repositorio\/wp-json\/wp\/v2\/pages"}],"about":[{"href":"https:\/\/portal.unisepe.com.br\/repositorio\/wp-json\/wp\/v2\/types\/page"}],"author":[{"embeddable":true,"href":"https:\/\/portal.unisepe.com.br\/repositorio\/wp-json\/wp\/v2\/users\/10"}],"replies":[{"embeddable":true,"href":"https:\/\/portal.unisepe.com.br\/repositorio\/wp-json\/wp\/v2\/comments?post=606"}],"version-history":[{"count":5,"href":"https:\/\/portal.unisepe.com.br\/repositorio\/wp-json\/wp\/v2\/pages\/606\/revisions"}],"predecessor-version":[{"id":616,"href":"https:\/\/portal.unisepe.com.br\/repositorio\/wp-json\/wp\/v2\/pages\/606\/revisions\/616"}],"up":[{"embeddable":true,"href":"https:\/\/portal.unisepe.com.br\/repositorio\/wp-json\/wp\/v2\/pages\/596"}],"wp:attachment":[{"href":"https:\/\/portal.unisepe.com.br\/repositorio\/wp-json\/wp\/v2\/media?parent=606"}],"wp:term":[{"taxonomy":"category","embeddable":true,"href":"https:\/\/portal.unisepe.com.br\/repositorio\/wp-json\/wp\/v2\/categories?post=606"},{"taxonomy":"post_tag","embeddable":true,"href":"https:\/\/portal.unisepe.com.br\/repositorio\/wp-json\/wp\/v2\/tags?post=606"}],"curies":[{"name":"wp","href":"https:\/\/api.w.org\/{rel}","templated":true}]}}